{"id":8904,"date":"2025-03-01T19:57:56","date_gmt":"2025-03-01T17:57:56","guid":{"rendered":"https:\/\/bitessiulai.lt\/?post_type=product&#038;p=8904"},"modified":"2026-03-12T13:52:23","modified_gmt":"2026-03-12T11:52:23","slug":"tulip-etimo-red-nerimo-vaseliu-rinkinys","status":"publish","type":"product","link":"https:\/\/bitessiulai.lt\/et\/toode\/tulip-etimo-red-nerimo-vaseliu-rinkinys\/","title":{"rendered":"Tulip Etimo Red heegeln\u00f5elte komplekt"},"content":{"rendered":"<div class=\"value\"><strong>Tulip Etimo Red heegeln\u00f5elte komplekt<\/strong>Tulip Etimo Red heegeln\u00f5elte komplekt koosneb 8 kaunist erkpunasest heegeln\u00f5elast. Tulip on Jaapani br\u00e4nd, mis pakub laia valikut tippkvaliteediga tooteid. Etimo Red heegeln\u00f5elad istuvad t\u00e4nu ergonoomilisele disainile ja pehmele haardele mugavalt k\u00e4es. Matid punased toonid tagavad, et valgus ei peegeldu ja on silmadele \u00f5rnad.<\/div>\n<div><\/div>\n<div class=\"value\">See komplekt sisaldab suurusi 1,80, 2,00, 2,20, 2,50, 3,00, 3,50, 4,00 ja 5,00 mm. Komplekt sisaldab joonlauda ja 2 gobel\u00e4\u00e4nin\u00f5ela ning on pakendatud l\u00f5busasse kangakarpi.<\/div>\n<div><\/div>\n<div><img fetchpriority=\"high\" decoding=\"async\" class=\"alignnone size-medium wp-image-8908\" src=\"http:\/\/bitessiulai.lt\/wp-content\/uploads\/2025\/03\/ted-001e-8-300x300.webp\" alt=\"\" width=\"300\" height=\"300\" srcset=\"https:\/\/bitessiulai.lt\/wp-content\/uploads\/2025\/03\/ted-001e-8-300x300.webp 300w, https:\/\/bitessiulai.lt\/wp-content\/uploads\/2025\/03\/ted-001e-8-150x150.webp 150w, https:\/\/bitessiulai.lt\/wp-content\/uploads\/2025\/03\/ted-001e-8-12x12.webp 12w, https:\/\/bitessiulai.lt\/wp-content\/uploads\/2025\/03\/ted-001e-8-600x600.webp 600w, https:\/\/bitessiulai.lt\/wp-content\/uploads\/2025\/03\/ted-001e-8-96x96.webp 96w, https:\/\/bitessiulai.lt\/wp-content\/uploads\/2025\/03\/ted-001e-8.webp 700w\" sizes=\"(max-width: 300px) 100vw, 300px\" \/> <img decoding=\"async\" class=\"alignnone size-medium wp-image-8910\" src=\"http:\/\/bitessiulai.lt\/wp-content\/uploads\/2025\/03\/ted-001e-3-1-300x300.webp\" alt=\"\" width=\"300\" height=\"300\" srcset=\"https:\/\/bitessiulai.lt\/wp-content\/uploads\/2025\/03\/ted-001e-3-1-300x300.webp 300w, https:\/\/bitessiulai.lt\/wp-content\/uploads\/2025\/03\/ted-001e-3-1-150x150.webp 150w, https:\/\/bitessiulai.lt\/wp-content\/uploads\/2025\/03\/ted-001e-3-1-12x12.webp 12w, https:\/\/bitessiulai.lt\/wp-content\/uploads\/2025\/03\/ted-001e-3-1-600x600.webp 600w, https:\/\/bitessiulai.lt\/wp-content\/uploads\/2025\/03\/ted-001e-3-1-96x96.webp 96w, https:\/\/bitessiulai.lt\/wp-content\/uploads\/2025\/03\/ted-001e-3-1.webp 700w\" sizes=\"(max-width: 300px) 100vw, 300px\" \/> <img decoding=\"async\" class=\"alignnone size-medium wp-image-8907\" src=\"http:\/\/bitessiulai.lt\/wp-content\/uploads\/2025\/03\/ted-001e-1-1-300x300.webp\" alt=\"\" width=\"300\" height=\"300\" srcset=\"https:\/\/bitessiulai.lt\/wp-content\/uploads\/2025\/03\/ted-001e-1-1-300x300.webp 300w, https:\/\/bitessiulai.lt\/wp-content\/uploads\/2025\/03\/ted-001e-1-1-150x150.webp 150w, https:\/\/bitessiulai.lt\/wp-content\/uploads\/2025\/03\/ted-001e-1-1-12x12.webp 12w, https:\/\/bitessiulai.lt\/wp-content\/uploads\/2025\/03\/ted-001e-1-1-600x600.webp 600w, https:\/\/bitessiulai.lt\/wp-content\/uploads\/2025\/03\/ted-001e-1-1-96x96.webp 96w, https:\/\/bitessiulai.lt\/wp-content\/uploads\/2025\/03\/ted-001e-1-1.webp 700w\" sizes=\"(max-width: 300px) 100vw, 300px\" \/><\/div>\n<div>*Ekraanil n\u00e4htavad v\u00e4rvid v\u00f5ivad tegelikkusest veidi erineda.<\/div>\n<div><\/div>","protected":false},"excerpt":{"rendered":"<p>Tulip Etimo Red n\u0117rimo v\u0105\u0161eli\u0173 rinkinys. \u201eTulip Etimo Red\u201c n\u0117rimo kabliuk\u0173 rinkin\u012f sudaro 8 gra\u017e\u016bs, ry\u0161kiai raudoni n\u0117rimo v\u0105\u0161eliai. Tulip yra japon\u0173 prek\u0117s \u017eenklas, si\u016blantis plat\u0173 auk\u0161\u010diausios kokyb\u0117s produkt\u0173 asortiment\u0105. \u201eEtimo Red\u201c n\u0117rimo v\u0105\u0161eliai patogiai guli rankoje d\u0117l savo ergonomi\u0161ko dizaino ir mink\u0161tos rankenos. Matiniai raudoni tonai u\u017etikrina, kad \u0161viesa neatsispind\u0117s ir yra \u0161velni akims. \u0160\u012f rinkin\u012f sudaro 1,80, 2,00, 2,20, 2,50, 3,00, 3,50, 4,00 ir 5,00 mm dyd\u017eiai. \u012e komplekt\u0105 \u012feina liniuot\u0117 ir 2 gobeleno adatos, pateikiamas smagiame audinio d\u0117kle. *Ekrane matomos spalvos gali \u0161iek tiek skirtis nuo tikrosios spalvos.<\/p>","protected":false},"featured_media":8905,"comment_status":"open","ping_status":"closed","template":"","meta":[],"product_brand":[],"product_cat":[180,190,191],"product_tag":[],"giftcard-category":[],"class_list":{"0":"post-8904","1":"product","2":"type-product","3":"status-publish","4":"has-post-thumbnail","6":"product_cat-mezgimo-priemones","7":"product_cat-nerimo-vaseliai","8":"product_cat-vaseliu-rinkiniai","10":"first","11":"instock","12":"taxable","13":"shipping-taxable","14":"purchasable","15":"product-type-simple"},"_links":{"self":[{"href":"https:\/\/bitessiulai.lt\/et\/wp-json\/wp\/v2\/product\/8904","targetHints":{"allow":["GET"]}}],"collection":[{"href":"https:\/\/bitessiulai.lt\/et\/wp-json\/wp\/v2\/product"}],"about":[{"href":"https:\/\/bitessiulai.lt\/et\/wp-json\/wp\/v2\/types\/product"}],"replies":[{"embeddable":true,"href":"https:\/\/bitessiulai.lt\/et\/wp-json\/wp\/v2\/comments?post=8904"}],"version-history":[{"count":1,"href":"https:\/\/bitessiulai.lt\/et\/wp-json\/wp\/v2\/product\/8904\/revisions"}],"predecessor-version":[{"id":23746,"href":"https:\/\/bitessiulai.lt\/et\/wp-json\/wp\/v2\/product\/8904\/revisions\/23746"}],"wp:featuredmedia":[{"embeddable":true,"href":"https:\/\/bitessiulai.lt\/et\/wp-json\/wp\/v2\/media\/8905"}],"wp:attachment":[{"href":"https:\/\/bitessiulai.lt\/et\/wp-json\/wp\/v2\/media?parent=8904"}],"wp:term":[{"taxonomy":"product_brand","embeddable":true,"href":"https:\/\/bitessiulai.lt\/et\/wp-json\/wp\/v2\/product_brand?post=8904"},{"taxonomy":"product_cat","embeddable":true,"href":"https:\/\/bitessiulai.lt\/et\/wp-json\/wp\/v2\/product_cat?post=8904"},{"taxonomy":"product_tag","embeddable":true,"href":"https:\/\/bitessiulai.lt\/et\/wp-json\/wp\/v2\/product_tag?post=8904"},{"taxonomy":"giftcard-category","embeddable":true,"href":"https:\/\/bitessiulai.lt\/et\/wp-json\/wp\/v2\/giftcard-category?post=8904"}],"curies":[{"name":"wp","href":"https:\/\/api.w.org\/{rel}","templated":true}]}}