{"id":8886,"date":"2025-03-01T19:08:58","date_gmt":"2025-03-01T17:08:58","guid":{"rendered":"https:\/\/bitessiulai.lt\/?post_type=product&#038;p=8886"},"modified":"2026-04-10T08:52:25","modified_gmt":"2026-04-10T05:52:25","slug":"tulip-etimo-red-nerimo-vaselis-su-minksta-rankena","status":"publish","type":"product","link":"https:\/\/bitessiulai.lt\/et\/toode\/tulip-etimo-red-nerimo-vaselis-su-minksta-rankena\/","title":{"rendered":"Heegeln\u00f5el Tulip Etimo Red pehme k\u00e4epidemega"},"content":{"rendered":"<p><span style=\"letter-spacing: 0px;\">Tulip Etimo Red heegeln\u00f5el pehme haardega. Tulip Etimo Red heegeln\u00f5elte valikus on ideaalne tasakaal stiili ja mugavuse vahel. Nautige v\u00e4simusvaba heegeldamist. Iga heegeln\u00f5ela ots on t\u00e4pselt valmistatud ja sileda viimistlusega, nii et teie l\u00f5ng libiseb pinnal ideaalselt.\u00a0<\/span><\/p>\n<p><img fetchpriority=\"high\" decoding=\"async\" class=\"alignnone size-medium wp-image-8889\" src=\"http:\/\/bitessiulai.lt\/wp-content\/uploads\/2025\/03\/TED-105e-4-300x300.webp\" alt=\"\" width=\"300\" height=\"300\" srcset=\"https:\/\/bitessiulai.lt\/wp-content\/uploads\/2025\/03\/TED-105e-4-300x300.webp 300w, https:\/\/bitessiulai.lt\/wp-content\/uploads\/2025\/03\/TED-105e-4-150x150.webp 150w, https:\/\/bitessiulai.lt\/wp-content\/uploads\/2025\/03\/TED-105e-4-12x12.webp 12w, https:\/\/bitessiulai.lt\/wp-content\/uploads\/2025\/03\/TED-105e-4-96x96.webp 96w, https:\/\/bitessiulai.lt\/wp-content\/uploads\/2025\/03\/TED-105e-4.webp 583w\" sizes=\"(max-width: 300px) 100vw, 300px\" \/> <img decoding=\"async\" class=\"alignnone size-medium wp-image-8888\" src=\"http:\/\/bitessiulai.lt\/wp-content\/uploads\/2025\/03\/TED-105e-2-300x300.webp\" alt=\"\" width=\"300\" height=\"300\" srcset=\"https:\/\/bitessiulai.lt\/wp-content\/uploads\/2025\/03\/TED-105e-2-300x300.webp 300w, https:\/\/bitessiulai.lt\/wp-content\/uploads\/2025\/03\/TED-105e-2-150x150.webp 150w, https:\/\/bitessiulai.lt\/wp-content\/uploads\/2025\/03\/TED-105e-2-12x12.webp 12w, https:\/\/bitessiulai.lt\/wp-content\/uploads\/2025\/03\/TED-105e-2-96x96.webp 96w, https:\/\/bitessiulai.lt\/wp-content\/uploads\/2025\/03\/TED-105e-2.webp 583w\" sizes=\"(max-width: 300px) 100vw, 300px\" \/><\/p>\n<p>*Ekraanil n\u00e4htavad v\u00e4rvid v\u00f5ivad tegelikkusest veidi erineda.<\/p>\n<p>&nbsp;<\/p>\n<div class=\"value\">\n<p>&nbsp;<\/p>\n<\/div>","protected":false},"excerpt":{"rendered":"<p>Tulip Etimo Red n\u0117rimo v\u0105\u0161elis su mink\u0161ta rankena. \u201eTulip Etimo Red\u201c n\u0117rimo v\u0105\u0161eli\u0173 asortimentas turi ideal\u0173 stiliaus ir patogumo balans\u0105. M\u0117gaukit\u0117s n\u0117rimu be nuovargio. Kiekvienas n\u0117rimo kabliuko antgalis yra tiksliai pagamintas su lygia apdaila, tod\u0117l j\u016bs\u0173 si\u016blai puikiai slys pavir\u0161iu.\u00a0 *Ekrane matomos spalvos gali \u0161iek tiek skirtis nuo tikrosios spalvos. &nbsp; &nbsp;<\/p>","protected":false},"featured_media":8887,"comment_status":"open","ping_status":"closed","template":"","meta":[],"product_brand":[],"product_cat":[180,190],"product_tag":[],"giftcard-category":[],"class_list":{"0":"post-8886","1":"product","2":"type-product","3":"status-publish","4":"has-post-thumbnail","6":"product_cat-mezgimo-priemones","7":"product_cat-nerimo-vaseliai","9":"first","10":"instock","11":"taxable","12":"shipping-taxable","13":"purchasable","14":"product-type-variable"},"_links":{"self":[{"href":"https:\/\/bitessiulai.lt\/et\/wp-json\/wp\/v2\/product\/8886","targetHints":{"allow":["GET"]}}],"collection":[{"href":"https:\/\/bitessiulai.lt\/et\/wp-json\/wp\/v2\/product"}],"about":[{"href":"https:\/\/bitessiulai.lt\/et\/wp-json\/wp\/v2\/types\/product"}],"replies":[{"embeddable":true,"href":"https:\/\/bitessiulai.lt\/et\/wp-json\/wp\/v2\/comments?post=8886"}],"version-history":[{"count":1,"href":"https:\/\/bitessiulai.lt\/et\/wp-json\/wp\/v2\/product\/8886\/revisions"}],"predecessor-version":[{"id":21686,"href":"https:\/\/bitessiulai.lt\/et\/wp-json\/wp\/v2\/product\/8886\/revisions\/21686"}],"wp:featuredmedia":[{"embeddable":true,"href":"https:\/\/bitessiulai.lt\/et\/wp-json\/wp\/v2\/media\/8887"}],"wp:attachment":[{"href":"https:\/\/bitessiulai.lt\/et\/wp-json\/wp\/v2\/media?parent=8886"}],"wp:term":[{"taxonomy":"product_brand","embeddable":true,"href":"https:\/\/bitessiulai.lt\/et\/wp-json\/wp\/v2\/product_brand?post=8886"},{"taxonomy":"product_cat","embeddable":true,"href":"https:\/\/bitessiulai.lt\/et\/wp-json\/wp\/v2\/product_cat?post=8886"},{"taxonomy":"product_tag","embeddable":true,"href":"https:\/\/bitessiulai.lt\/et\/wp-json\/wp\/v2\/product_tag?post=8886"},{"taxonomy":"giftcard-category","embeddable":true,"href":"https:\/\/bitessiulai.lt\/et\/wp-json\/wp\/v2\/giftcard-category?post=8886"}],"curies":[{"name":"wp","href":"https:\/\/api.w.org\/{rel}","templated":true}]}}