{"id":8882,"date":"2025-03-01T18:43:37","date_gmt":"2025-03-01T16:43:37","guid":{"rendered":"https:\/\/bitessiulai.lt\/?post_type=product&#038;p=8882"},"modified":"2026-02-14T15:11:29","modified_gmt":"2026-02-14T13:11:29","slug":"sew-tasty-matavimo-juosta-150cm","status":"publish","type":"product","link":"https:\/\/bitessiulai.lt\/et\/toode\/sew-tasty-matavimo-juosta-150cm\/","title":{"rendered":"\u00d5mble maitsev m\u00f5\u00f5dulint 150cm"},"content":{"rendered":"<p><b style=\"letter-spacing: 0px;\">See Sew Tasty m\u00f5\u00f5dulint 150cm<\/b><span style=\"letter-spacing: 0px;\"> Mahub igasse (projekti)kotti v\u00f5i -\u00fcmbrisesse. T\u00e4nu roosast PU-tekstiilist valmistatud kandilisele korpusele n\u00e4eb see \u0161ikk v\u00e4lja. K\u00fcljele vajutades rullub lint automaatselt kokku ja hoiab \u00e4ra sassiminemise. M\u00f5\u00f5dulindil on ka samast materjalist riputusaas, mille abil saab lindi h\u00f5lpsalt v\u00e4lja t\u00f5mmata. \u00dchel k\u00fcljel on tollides ja teisel sentimeetrites m\u00e4rgistused, m\u00f5\u00f5dulindi pikkus 150 cm.\u00a0<\/span><\/p>\n<p>*Ekraanil n\u00e4htavad v\u00e4rvid v\u00f5ivad tegelikkusest veidi erineda.<\/p>","protected":false},"excerpt":{"rendered":"<p>\u0160i Sew Tasty matavimo juosta 150cm tilps bet kuriame (projektiniame) krep\u0161yje ar d\u0117kle. Ji atrodo pra\u0161matniai d\u0117l kvadratinio korpuso, pagaminto i\u0161 ro\u017ein\u0117s spalvos PU tekstil\u0117s. Paspaudus \u0161on\u0105, juosta automati\u0161kai susivynioja ir neleid\u017eia susipainioti. \u0160ioje matavimo juostoje taip pat yra kabykla, pagaminta i\u0161 tos pa\u010dios med\u017eiagos kaip ir korpusas, su kuria lengvai i\u0161trauksite juost\u0105. Vienoje jo pus\u0117je yra nuorodos coliais, o kitoje \u2013 centimetrais,150 cm ilgio.\u00a0 *Ekrane matomos spalvos gali \u0161iek tiek skirtis nuo tikrosios spalvos.<\/p>","protected":false},"featured_media":8883,"comment_status":"open","ping_status":"closed","template":"","meta":[],"product_brand":[],"product_cat":[202,192],"product_tag":[],"giftcard-category":[],"class_list":{"0":"post-8882","1":"product","2":"type-product","3":"status-publish","4":"has-post-thumbnail","6":"product_cat-matavimo-priemones","7":"product_cat-priedai-mezgimui","9":"first","10":"instock","11":"taxable","12":"shipping-taxable","13":"purchasable","14":"product-type-simple"},"_links":{"self":[{"href":"https:\/\/bitessiulai.lt\/et\/wp-json\/wp\/v2\/product\/8882","targetHints":{"allow":["GET"]}}],"collection":[{"href":"https:\/\/bitessiulai.lt\/et\/wp-json\/wp\/v2\/product"}],"about":[{"href":"https:\/\/bitessiulai.lt\/et\/wp-json\/wp\/v2\/types\/product"}],"replies":[{"embeddable":true,"href":"https:\/\/bitessiulai.lt\/et\/wp-json\/wp\/v2\/comments?post=8882"}],"version-history":[{"count":0,"href":"https:\/\/bitessiulai.lt\/et\/wp-json\/wp\/v2\/product\/8882\/revisions"}],"wp:featuredmedia":[{"embeddable":true,"href":"https:\/\/bitessiulai.lt\/et\/wp-json\/wp\/v2\/media\/8883"}],"wp:attachment":[{"href":"https:\/\/bitessiulai.lt\/et\/wp-json\/wp\/v2\/media?parent=8882"}],"wp:term":[{"taxonomy":"product_brand","embeddable":true,"href":"https:\/\/bitessiulai.lt\/et\/wp-json\/wp\/v2\/product_brand?post=8882"},{"taxonomy":"product_cat","embeddable":true,"href":"https:\/\/bitessiulai.lt\/et\/wp-json\/wp\/v2\/product_cat?post=8882"},{"taxonomy":"product_tag","embeddable":true,"href":"https:\/\/bitessiulai.lt\/et\/wp-json\/wp\/v2\/product_tag?post=8882"},{"taxonomy":"giftcard-category","embeddable":true,"href":"https:\/\/bitessiulai.lt\/et\/wp-json\/wp\/v2\/giftcard-category?post=8882"}],"curies":[{"name":"wp","href":"https:\/\/api.w.org\/{rel}","templated":true}]}}