{"id":8757,"date":"2025-02-28T12:33:02","date_gmt":"2025-02-28T10:33:02","guid":{"rendered":"https:\/\/bitessiulai.lt\/?post_type=product&#038;p=8757"},"modified":"2026-02-12T12:54:57","modified_gmt":"2026-02-12T10:54:57","slug":"clover-adatu-rinkinys-2","status":"publish","type":"product","link":"https:\/\/bitessiulai.lt\/et\/toode\/clover-adatu-rinkinys-2\/","title":{"rendered":"Ristiku n\u00f5elte komplekt"},"content":{"rendered":"<p><span style=\"letter-spacing: 0px;\">Cloveri n\u00f5elakomplektidega on teil k\u00f5ik vajalik \u00fcksikute kudumis- v\u00f5i heegeldetailide kokku\u00f5mblemiseks. Keeratava korgiga plastkarp sobib ideaalselt ohutuks hoiustamiseks.<\/span><\/p>\n<h5>Ristiku n\u00f5elte komplekt:<\/h5>\n<ul>\n<li>3 tk n\u00f5elu (suurused nr 13, 17, 20)<\/li>\n<li>mugav lukustatav karp n\u00f5elte hoidmiseks<\/li>\n<\/ul>\n<p>Suur n\u00f5elapea \u2013 paksu villase niidi pistes on lihtne<\/p>\n<p>Sobib \u00f5hemate niitide jaoks<\/p>","protected":false},"excerpt":{"rendered":"<p>Naudodami Clover adat\u0173 rinkinius tur\u0117site visk\u0105, ko reikia, kad gal\u0117tum\u0117te susi\u016bti atskiras mezgimo ar n\u0117rimo dalis. Plastikinis d\u0117klas su u\u017esukamu dangteliu idealiai tinka saugiam laikymui. Clover adat\u0173 rinkinys: 3 vnt adat\u0173 (dydis\u00a0 Nr. 13, 17, 20) patogi u\u017edaroma d\u0117\u017eut\u0117 adatoms laikyti Didel\u0117 adatos \u201cgalvut\u0117\u201d\u00a0 \u2013 be vargo \u012fversite stor\u0105 vilnos si\u016bl\u0105 Tinka plonesniems si\u016blams<\/p>","protected":false},"featured_media":8758,"comment_status":"open","ping_status":"closed","template":"","meta":[],"product_brand":[],"product_cat":[193,192],"product_tag":[],"giftcard-category":[],"class_list":{"0":"post-8757","1":"product","2":"type-product","3":"status-publish","4":"has-post-thumbnail","6":"product_cat-adatos","7":"product_cat-priedai-mezgimui","9":"first","10":"instock","11":"taxable","12":"shipping-taxable","13":"purchasable","14":"product-type-simple"},"_links":{"self":[{"href":"https:\/\/bitessiulai.lt\/et\/wp-json\/wp\/v2\/product\/8757","targetHints":{"allow":["GET"]}}],"collection":[{"href":"https:\/\/bitessiulai.lt\/et\/wp-json\/wp\/v2\/product"}],"about":[{"href":"https:\/\/bitessiulai.lt\/et\/wp-json\/wp\/v2\/types\/product"}],"replies":[{"embeddable":true,"href":"https:\/\/bitessiulai.lt\/et\/wp-json\/wp\/v2\/comments?post=8757"}],"version-history":[{"count":1,"href":"https:\/\/bitessiulai.lt\/et\/wp-json\/wp\/v2\/product\/8757\/revisions"}],"predecessor-version":[{"id":20998,"href":"https:\/\/bitessiulai.lt\/et\/wp-json\/wp\/v2\/product\/8757\/revisions\/20998"}],"wp:featuredmedia":[{"embeddable":true,"href":"https:\/\/bitessiulai.lt\/et\/wp-json\/wp\/v2\/media\/8758"}],"wp:attachment":[{"href":"https:\/\/bitessiulai.lt\/et\/wp-json\/wp\/v2\/media?parent=8757"}],"wp:term":[{"taxonomy":"product_brand","embeddable":true,"href":"https:\/\/bitessiulai.lt\/et\/wp-json\/wp\/v2\/product_brand?post=8757"},{"taxonomy":"product_cat","embeddable":true,"href":"https:\/\/bitessiulai.lt\/et\/wp-json\/wp\/v2\/product_cat?post=8757"},{"taxonomy":"product_tag","embeddable":true,"href":"https:\/\/bitessiulai.lt\/et\/wp-json\/wp\/v2\/product_tag?post=8757"},{"taxonomy":"giftcard-category","embeddable":true,"href":"https:\/\/bitessiulai.lt\/et\/wp-json\/wp\/v2\/giftcard-category?post=8757"}],"curies":[{"name":"wp","href":"https:\/\/api.w.org\/{rel}","templated":true}]}}