{"id":8481,"date":"2025-02-23T16:07:07","date_gmt":"2025-02-23T14:07:07","guid":{"rendered":"https:\/\/bitessiulai.lt\/?post_type=product&#038;p=8481"},"modified":"2026-03-13T00:07:45","modified_gmt":"2026-03-12T22:07:45","slug":"chiaogoo-swiv360-valas-prisukamiems-virbalams","status":"publish","type":"product","link":"https:\/\/bitessiulai.lt\/et\/toode\/chiaogoo-swiv360-valas-prisukamiems-virbalams\/","title":{"rendered":"ChiaoGoo SWIV360 n\u00f6\u00f6r keeratavate varraste jaoks"},"content":{"rendered":"<p><span style=\"letter-spacing: 0px;\">ChiaoGoo SWIV360 tamiil keerdvarrastele - muudab kudumise ringselt lihtsamaks ja sujuvamaks. SWIV360 s\u00fcsteem v\u00f5imaldab kudumisvarraste otstel vabalt p\u00f6\u00f6relda, mis hoiab \u00e4ra tamiili keerdumist. Terasn\u00f6\u00f6r on kaetud h\u00f5bedase nailonkattega. See materjal muudab tamiili tugevaks, kuid libiseb siiski kergelt l\u00e4bi silmuste. Tamiilid saab t\u00e4nu ideaalselt sobivale tamiiliv\u00f5tmele n\u00f5elaotstele kinnitada. Tamiiliv\u00f5tme auke saab kasutada ka p\u00e4\u00e4stek\u00f6iena, n\u00e4iteks maha kukkunud silmuste v\u00e4ljat\u00f5mbamiseks.\u00a0<\/span><\/p>\n<p><img fetchpriority=\"high\" decoding=\"async\" class=\"alignnone size-medium wp-image-8482\" src=\"http:\/\/bitessiulai.lt\/wp-content\/uploads\/2025\/02\/chiaogoo-swiv-360-silver-interchangeable-cords-226x300.jpg\" alt=\"\" width=\"226\" height=\"300\" srcset=\"https:\/\/bitessiulai.lt\/wp-content\/uploads\/2025\/02\/chiaogoo-swiv-360-silver-interchangeable-cords-226x300.jpg 226w, https:\/\/bitessiulai.lt\/wp-content\/uploads\/2025\/02\/chiaogoo-swiv-360-silver-interchangeable-cords-9x12.jpg 9w, https:\/\/bitessiulai.lt\/wp-content\/uploads\/2025\/02\/chiaogoo-swiv-360-silver-interchangeable-cords-113x150.jpg 113w, https:\/\/bitessiulai.lt\/wp-content\/uploads\/2025\/02\/chiaogoo-swiv-360-silver-interchangeable-cords.jpg 600w\" sizes=\"(max-width: 226px) 100vw, 226px\" \/><\/p>","protected":false},"excerpt":{"rendered":"<p>ChiaoGoo SWIV360 tamiil keerdvarrastele - muudab kudumise ringselt lihtsamaks ja sujuvamaks. SWIV360 s\u00fcsteem v\u00f5imaldab kudumisvarraste otstel vabalt p\u00f6\u00f6relda, mis hoiab \u00e4ra tamiili keerdumist. Terasn\u00f6\u00f6r on kaetud h\u00f5bedase nailonkattega. See materjal muudab tamiili tugevaks, kuid libiseb siiski kergelt l\u00e4bi silmuste. Tamiilid saab t\u00e4nu ideaalselt sobivale tamiiliv\u00f5tmele n\u00f5elaotstele kinnitada. Tamiiliv\u00f5tme auke saab kasutada ka p\u00e4\u00e4stek\u00f6iena, n\u00e4iteks maha kukkunud silmuste v\u00e4ljat\u00f5mbamiseks.\u00a0<\/p>","protected":false},"featured_media":8483,"comment_status":"open","ping_status":"closed","template":"","meta":[],"product_brand":[],"product_cat":[2419,180,185],"product_tag":[],"giftcard-category":[],"class_list":{"0":"post-8481","1":"product","2":"type-product","3":"status-publish","4":"has-post-thumbnail","6":"product_cat-chiaogoo","7":"product_cat-mezgimo-priemones","8":"product_cat-valai-virbalams","10":"first","11":"instock","12":"taxable","13":"shipping-taxable","14":"purchasable","15":"product-type-variable"},"_links":{"self":[{"href":"https:\/\/bitessiulai.lt\/et\/wp-json\/wp\/v2\/product\/8481","targetHints":{"allow":["GET"]}}],"collection":[{"href":"https:\/\/bitessiulai.lt\/et\/wp-json\/wp\/v2\/product"}],"about":[{"href":"https:\/\/bitessiulai.lt\/et\/wp-json\/wp\/v2\/types\/product"}],"replies":[{"embeddable":true,"href":"https:\/\/bitessiulai.lt\/et\/wp-json\/wp\/v2\/comments?post=8481"}],"version-history":[{"count":1,"href":"https:\/\/bitessiulai.lt\/et\/wp-json\/wp\/v2\/product\/8481\/revisions"}],"predecessor-version":[{"id":20987,"href":"https:\/\/bitessiulai.lt\/et\/wp-json\/wp\/v2\/product\/8481\/revisions\/20987"}],"wp:featuredmedia":[{"embeddable":true,"href":"https:\/\/bitessiulai.lt\/et\/wp-json\/wp\/v2\/media\/8483"}],"wp:attachment":[{"href":"https:\/\/bitessiulai.lt\/et\/wp-json\/wp\/v2\/media?parent=8481"}],"wp:term":[{"taxonomy":"product_brand","embeddable":true,"href":"https:\/\/bitessiulai.lt\/et\/wp-json\/wp\/v2\/product_brand?post=8481"},{"taxonomy":"product_cat","embeddable":true,"href":"https:\/\/bitessiulai.lt\/et\/wp-json\/wp\/v2\/product_cat?post=8481"},{"taxonomy":"product_tag","embeddable":true,"href":"https:\/\/bitessiulai.lt\/et\/wp-json\/wp\/v2\/product_tag?post=8481"},{"taxonomy":"giftcard-category","embeddable":true,"href":"https:\/\/bitessiulai.lt\/et\/wp-json\/wp\/v2\/giftcard-category?post=8481"}],"curies":[{"name":"wp","href":"https:\/\/api.w.org\/{rel}","templated":true}]}}