{"id":8390,"date":"2025-02-23T16:13:11","date_gmt":"2025-02-23T14:13:11","guid":{"rendered":"https:\/\/bitessiulai.lt\/?post_type=product&#038;p=8390"},"modified":"2025-05-17T12:20:03","modified_gmt":"2025-05-17T09:20:03","slug":"chiaogoo-spin-bambuko-virbalu-rinkinys-13cm-550-100mm","status":"publish","type":"product","link":"https:\/\/bitessiulai.lt\/et\/toode\/chiaogoo-spin-bambuko-virbalu-rinkinys-13cm-550-100mm\/","title":{"rendered":"ChiaoGoo bambusest varraste komplekt Spin 13cm (5.50-10.0mm)"},"content":{"rendered":"<p><strong>ChiaoGoo bambusest varraste komplekt Spin 13cm<\/strong> \u2013 Vahetatavate ringkudumisvarraste komplekt on iga kudumishuvilise jaoks ideaalne valik! T\u00e4nu mitmesugustele vardaotstele, erineva pikkusega kudumisn\u00f6\u00f6ridele ja mitmesugustele kudumisvahenditele saate iga projekti loomisel nautida erakordset paindlikkust. SPIN-seerias on otsa ja n\u00f6\u00f6ri vahel p\u00f6\u00f6rlev \u00fchendus, mis v\u00f5imaldab vardadel vabalt p\u00f6\u00f6relda, hoides \u00e4ra n\u00f6\u00f6ri painutamise v\u00f5i keerdumise. R\u00e4\u00e4kimata k\u00e4sit\u00f6\u00f6na valminud tippkvaliteediga Moso bambusest otsikutest, tagavad need kerged ja poleeritud n\u00f5elad tundideks nauditava kudumise ilma k\u00e4si v\u00e4sitamata.<\/p>\n<p>Komplekt sisaldab:<\/p>\n<p>(tarnitakse praktilises kilekotis :)<\/p>\n<ul>\n<li>\u2013 6 paari 13 cm pikkuseid kudumisvardaid (suurused 5,50\u201310,00 mm)<\/li>\n<li>\u2013 3 x joont (35 cm, 55 cm ja 75 cm)<\/li>\n<li>\u2013 2 x otsakorki\/korki<\/li>\n<li>\u2013 2 x momentv\u00f5tit<\/li>\n<li>\u2013 1 x liinipistik<\/li>\n<li>\u2013 12 silmusem\u00e4rkijat<\/li>\n<li>\u2013 1 x n\u00f5elam\u00f5\u00f5tur<\/li>\n<\/ul>\n<p><img fetchpriority=\"high\" decoding=\"async\" class=\"alignnone size-medium wp-image-8387\" src=\"http:\/\/bitessiulai.lt\/wp-content\/uploads\/2025\/02\/cg2500-c-2-300x300.webp\" alt=\"\" width=\"300\" height=\"300\" srcset=\"https:\/\/bitessiulai.lt\/wp-content\/uploads\/2025\/02\/cg2500-c-2-300x300.webp 300w, https:\/\/bitessiulai.lt\/wp-content\/uploads\/2025\/02\/cg2500-c-2-150x150.webp 150w, https:\/\/bitessiulai.lt\/wp-content\/uploads\/2025\/02\/cg2500-c-2-12x12.webp 12w, https:\/\/bitessiulai.lt\/wp-content\/uploads\/2025\/02\/cg2500-c-2-96x96.webp 96w, https:\/\/bitessiulai.lt\/wp-content\/uploads\/2025\/02\/cg2500-c-2.webp 583w\" sizes=\"(max-width: 300px) 100vw, 300px\" \/> <img decoding=\"async\" class=\"alignnone size-medium wp-image-8386\" src=\"http:\/\/bitessiulai.lt\/wp-content\/uploads\/2025\/02\/cg2500-c-3-300x300.webp\" alt=\"\" width=\"300\" height=\"300\" srcset=\"https:\/\/bitessiulai.lt\/wp-content\/uploads\/2025\/02\/cg2500-c-3-300x300.webp 300w, https:\/\/bitessiulai.lt\/wp-content\/uploads\/2025\/02\/cg2500-c-3-150x150.webp 150w, https:\/\/bitessiulai.lt\/wp-content\/uploads\/2025\/02\/cg2500-c-3-12x12.webp 12w, https:\/\/bitessiulai.lt\/wp-content\/uploads\/2025\/02\/cg2500-c-3-96x96.webp 96w, https:\/\/bitessiulai.lt\/wp-content\/uploads\/2025\/02\/cg2500-c-3.webp 583w\" sizes=\"(max-width: 300px) 100vw, 300px\" \/><\/p>\n<p>*Ekraanil n\u00e4htavad v\u00e4rvid ja toote tegelik v\u00e4rv v\u00f5ivad veidi erineda.<\/p>","protected":false},"excerpt":{"rendered":"<p>ChiaoGoo Spin bambuko virbal\u0173 rinkinys 13cm &#8211; kei\u010diam\u0173 \u017eiedini\u0173 mezgimo virbal\u0173 rinkinys yra viskas vienoje vietoje kiekvienam mezgimo entuziastui! Tur\u0117dami \u012fvairi\u0173 dyd\u017ei\u0173 virbal\u0173 antgalius, \u012fvairaus ilgio valus ir daugyb\u0119 b\u016btiniausi\u0173 mezgimo reikmen\u0173, m\u0117gaukit\u0117s i\u0161skirtiniu lankstumu kurdami kiekvien\u0105 projekt\u0105. SPIN serijoje yra pasukama jungtis tarp antgalio ir valo, leid\u017eianti j\u016bs\u0173 virbalams laisvai suktis, i\u0161vengiant valo \u012flinkim\u0173 ar susisukim\u0173. Jau nekalbant apie rank\u0173 darbo antgalius, pagamintus i\u0161 auk\u0161\u010diausios kokyb\u0117s Moso bambuko, \u0161ie lengvi, nupoliruoti virbalai u\u017etikrins malon\u0173 mezgim\u0105 valand\u0173 valandas, nenuvargindami rank\u0173. Vis\u0105 komplekt\u0105 sudaro: (pateiktas prakti\u0161kame mai\u0161elyje su u\u017etrauktuku:) &#8211; 6 poros 13 cm ilgio virbalai (dyd\u017eiai 5,50-10,00 mm) &#8211; 3 x valai (35 cm, 55 cm ir 75 cm ) &#8211; 2 x galiniai dangteliai \/ kam\u0161\u010diai &#8211; 2 x priver\u017eiami rakteliai &#8211; 1 x valo jungtis &#8211; 12 x dygsnio \u017eymekliai &#8211; 1 x adatos matuoklis *Ekrane matomos spalvos ir tikroji prek\u0117s spalva gali \u0161iek tiek skirtis<\/p>","protected":false},"featured_media":8392,"comment_status":"open","ping_status":"closed","template":"","meta":[],"product_brand":[],"product_cat":[2419,180,181],"product_tag":[],"giftcard-category":[],"class_list":{"0":"post-8390","1":"product","2":"type-product","3":"status-publish","4":"has-post-thumbnail","6":"product_cat-chiaogoo","7":"product_cat-mezgimo-priemones","8":"product_cat-virbalu-rinkiniai","10":"first","11":"instock","12":"taxable","13":"shipping-taxable","14":"purchasable","15":"product-type-simple"},"_links":{"self":[{"href":"https:\/\/bitessiulai.lt\/et\/wp-json\/wp\/v2\/product\/8390","targetHints":{"allow":["GET"]}}],"collection":[{"href":"https:\/\/bitessiulai.lt\/et\/wp-json\/wp\/v2\/product"}],"about":[{"href":"https:\/\/bitessiulai.lt\/et\/wp-json\/wp\/v2\/types\/product"}],"replies":[{"embeddable":true,"href":"https:\/\/bitessiulai.lt\/et\/wp-json\/wp\/v2\/comments?post=8390"}],"version-history":[{"count":0,"href":"https:\/\/bitessiulai.lt\/et\/wp-json\/wp\/v2\/product\/8390\/revisions"}],"wp:featuredmedia":[{"embeddable":true,"href":"https:\/\/bitessiulai.lt\/et\/wp-json\/wp\/v2\/media\/8392"}],"wp:attachment":[{"href":"https:\/\/bitessiulai.lt\/et\/wp-json\/wp\/v2\/media?parent=8390"}],"wp:term":[{"taxonomy":"product_brand","embeddable":true,"href":"https:\/\/bitessiulai.lt\/et\/wp-json\/wp\/v2\/product_brand?post=8390"},{"taxonomy":"product_cat","embeddable":true,"href":"https:\/\/bitessiulai.lt\/et\/wp-json\/wp\/v2\/product_cat?post=8390"},{"taxonomy":"product_tag","embeddable":true,"href":"https:\/\/bitessiulai.lt\/et\/wp-json\/wp\/v2\/product_tag?post=8390"},{"taxonomy":"giftcard-category","embeddable":true,"href":"https:\/\/bitessiulai.lt\/et\/wp-json\/wp\/v2\/giftcard-category?post=8390"}],"curies":[{"name":"wp","href":"https:\/\/api.w.org\/{rel}","templated":true}]}}