{"id":8338,"date":"2025-02-19T09:52:10","date_gmt":"2025-02-19T07:52:10","guid":{"rendered":"https:\/\/bitessiulai.lt\/?post_type=product&#038;p=8338"},"modified":"2025-04-28T14:33:00","modified_gmt":"2025-04-28T11:33:00","slug":"knitpro-dreamz-deluxe-13cm-virbalu-rinkinys","status":"publish","type":"product","link":"https:\/\/bitessiulai.lt\/et\/toode\/knitpro-dreamz-deluxe-13cm-virbalu-rinkinys\/","title":{"rendered":"KnitPro Dreamz Deluxe 13 cm varraste komplekt"},"content":{"rendered":"<p>KnitPro Dreamz Deluxe 13 cm kudumisvardade komplekt on kaunis kollektsioon kasepuust n\u00f5elu ja heegeldamisvahendeid, mis on v\u00e4rvitud erksates v\u00e4rvides. Naturaalne materjal tundub k\u00e4es sile ja imeliselt soe, olles samas kerge ja \u00e4\u00e4rmiselt vastupidav.<\/p>\n<p>KnitPro Dreamz Deluxe vahetatavate otsikute komplekt sisaldab vahetatavaid kudumisotsi, -n\u00f6\u00f6re ja -tarvikuid.<\/p>\n<p>Komplekt koosneb j\u00e4rgmistest elementidest:<\/p>\n<ul>\n<li>9 x 13 cm pikkust n\u00f5elapaari (3.00, 3.50, 4.00, 4.50, 5.00, 5.50, 6.00, 7.00 ja 8.00 mm)<\/li>\n<li>4 x joont: (1 x 60, 2 x 80 ja 1 x 100 cm)<\/li>\n<li>8 x vardaotsa<\/li>\n<li>4 x mutriv\u00f5tit n\u00f6\u00f6ri pingutamiseks<\/li>\n<li>1 x liinipistik<\/li>\n<\/ul>\n<p><img fetchpriority=\"high\" decoding=\"async\" class=\"alignnone size-medium wp-image-8341\" src=\"http:\/\/bitessiulai.lt\/wp-content\/uploads\/2025\/02\/K200633-4-300x300.webp\" alt=\"\" width=\"300\" height=\"300\" srcset=\"https:\/\/bitessiulai.lt\/wp-content\/uploads\/2025\/02\/K200633-4-300x300.webp 300w, https:\/\/bitessiulai.lt\/wp-content\/uploads\/2025\/02\/K200633-4-150x150.webp 150w, https:\/\/bitessiulai.lt\/wp-content\/uploads\/2025\/02\/K200633-4-12x12.webp 12w, https:\/\/bitessiulai.lt\/wp-content\/uploads\/2025\/02\/K200633-4-96x96.webp 96w, https:\/\/bitessiulai.lt\/wp-content\/uploads\/2025\/02\/K200633-4.webp 583w\" sizes=\"(max-width: 300px) 100vw, 300px\" \/> <img decoding=\"async\" class=\"alignnone size-medium wp-image-8342\" src=\"http:\/\/bitessiulai.lt\/wp-content\/uploads\/2025\/02\/K200633-3-300x300.webp\" alt=\"\" width=\"300\" height=\"300\" srcset=\"https:\/\/bitessiulai.lt\/wp-content\/uploads\/2025\/02\/K200633-3-300x300.webp 300w, https:\/\/bitessiulai.lt\/wp-content\/uploads\/2025\/02\/K200633-3-150x150.webp 150w, https:\/\/bitessiulai.lt\/wp-content\/uploads\/2025\/02\/K200633-3-12x12.webp 12w, https:\/\/bitessiulai.lt\/wp-content\/uploads\/2025\/02\/K200633-3-96x96.webp 96w, https:\/\/bitessiulai.lt\/wp-content\/uploads\/2025\/02\/K200633-3.webp 583w\" sizes=\"(max-width: 300px) 100vw, 300px\" \/><\/p>\n<p>KnitPro Dreamzi vahetatavad kudumisvardad on mitmek\u00fclgsed n\u00f5elad, mis koos pooliga v\u00f5imaldavad kududa nii sirgete kui ka ringjate liigutustega. N\u00f5eltel on j\u00e4rk-j\u00e4rgult koonduvad otsad, mis tagavad kauni pistete m\u00e4\u00e4ratluse igas projektis. Lisaks takistavad otsad l\u00f5nga hargnemist ja sobivad igat t\u00fc\u00fcpi l\u00f5ngadele. Innovatiivselt disainitud \u00fchendus tagab sujuva \u00fclemineku kudumisvardalt poolile ilma l\u00f5nga segamata. Roostevabast terasest kaablid on kaetud nailonkattega. See muudab kaabli tugevaks, kuid v\u00f5imaldab sellel siiski silmuste vahel h\u00f5lpsalt libiseda.<\/p>\n<p>KnitPro Dreamz Deluxe vahetatavate kudumisnippide komplekt on pakendatud stiilsesse burgundipunasest kangast lukuga kotti.<\/p>\n<p>*Ekraanil n\u00e4htavad v\u00e4rvid ja toote tegelik v\u00e4rv v\u00f5ivad veidi erineda.<\/p>","protected":false},"excerpt":{"rendered":"<p>KnitPro Dreamz Deluxe 13cm virbal\u0173 rinkinys\u00a0\u2013 tai nuostabi ber\u017eo virbal\u0173 ir n\u0117rimo priemoni\u0173 kolekcija, nuda\u017eyta ry\u0161kiomis spalvomis. Nat\u016brali med\u017eiaga jau\u010diasi lygi ir nuostabiai \u0161ilta j\u016bs\u0173 rankose, ta\u010diau vis tiek yra lengva ir ypa\u010d tvirta. \u201eKnitPro Dreamz\u201c kei\u010diam\u0173 antgali\u0173 Deluxe rinkin\u012f sudaro kei\u010diami mezgimo antgaliai, valai ir priedai. Rinkin\u012f sudaro \u0161ie elementai: 9 x poros virbal\u0173 13 cm ilgio (3,00, 3,50, 4,00, 4,50, 5,00, 5,50, 6,00, 7,00 ir 8,00 mm) 4 x valai: (1 x 60, 2 x 80 ir 1 x 100 cm) 8 x virbal\u0173 galiukai 4 x raktai valui priver\u017eti 1 x jungtis valui Kei\u010diami KnitPro Dreamz mezgimo antgaliai yra universal\u016bs virbalai, kurie kartu su valu leid\u017eia megzti tiek tiesiai, tiek apvaliai. Virbalai turi laipsni\u0161kai siaur\u0117jan\u010dius antgalius, o tai u\u017etikrina gra\u017e\u0173 dygsnio apibr\u0117\u017eim\u0105 bet kuriame projekte. Be to, antgaliai neleid\u017eia skilti verpalams ir tinka vis\u0173 tip\u0173 si\u016blams. Naujovi\u0161kai suprojektuota jungtis u\u017etikrina skland\u0173 per\u0117jim\u0105 tarp mezgimo antgalio ir valo, netrukdant si\u016blams. Ner\u016bdijan\u010dio plieno kabeliai padengti nailono danga. D\u0117l to kabelis yra tvirtas, ta\u010diau jis vis tiek leid\u017eia lengvai slysti per si\u016bles. \u201eKnitPro Dreamz\u201c kei\u010diam\u0173 mezgimo antgali\u0173 \u201eDeluxe\u201c rinkinys supakuotas \u012f dail\u0173 u\u017etrauktuku u\u017esegam\u0105 mai\u0161el\u012f, pagamint\u0105 i\u0161 bordo raudonos spalvos audinio. *Ekrane matomos spalvos ir tikroji prek\u0117s spalva gali \u0161iek tiek skirtis<\/p>","protected":false},"featured_media":8339,"comment_status":"open","ping_status":"closed","template":"","meta":[],"product_brand":[],"product_cat":[2440,180,181],"product_tag":[],"giftcard-category":[],"class_list":{"0":"post-8338","1":"product","2":"type-product","3":"status-publish","4":"has-post-thumbnail","6":"product_cat-knitpro","7":"product_cat-mezgimo-priemones","8":"product_cat-virbalu-rinkiniai","10":"first","11":"instock","12":"taxable","13":"shipping-taxable","14":"purchasable","15":"product-type-simple"},"_links":{"self":[{"href":"https:\/\/bitessiulai.lt\/et\/wp-json\/wp\/v2\/product\/8338","targetHints":{"allow":["GET"]}}],"collection":[{"href":"https:\/\/bitessiulai.lt\/et\/wp-json\/wp\/v2\/product"}],"about":[{"href":"https:\/\/bitessiulai.lt\/et\/wp-json\/wp\/v2\/types\/product"}],"replies":[{"embeddable":true,"href":"https:\/\/bitessiulai.lt\/et\/wp-json\/wp\/v2\/comments?post=8338"}],"version-history":[{"count":0,"href":"https:\/\/bitessiulai.lt\/et\/wp-json\/wp\/v2\/product\/8338\/revisions"}],"wp:featuredmedia":[{"embeddable":true,"href":"https:\/\/bitessiulai.lt\/et\/wp-json\/wp\/v2\/media\/8339"}],"wp:attachment":[{"href":"https:\/\/bitessiulai.lt\/et\/wp-json\/wp\/v2\/media?parent=8338"}],"wp:term":[{"taxonomy":"product_brand","embeddable":true,"href":"https:\/\/bitessiulai.lt\/et\/wp-json\/wp\/v2\/product_brand?post=8338"},{"taxonomy":"product_cat","embeddable":true,"href":"https:\/\/bitessiulai.lt\/et\/wp-json\/wp\/v2\/product_cat?post=8338"},{"taxonomy":"product_tag","embeddable":true,"href":"https:\/\/bitessiulai.lt\/et\/wp-json\/wp\/v2\/product_tag?post=8338"},{"taxonomy":"giftcard-category","embeddable":true,"href":"https:\/\/bitessiulai.lt\/et\/wp-json\/wp\/v2\/giftcard-category?post=8338"}],"curies":[{"name":"wp","href":"https:\/\/api.w.org\/{rel}","templated":true}]}}