{"id":8326,"date":"2025-02-18T18:23:08","date_gmt":"2025-02-18T16:23:08","guid":{"rendered":"https:\/\/bitessiulai.lt\/?post_type=product&#038;p=8326"},"modified":"2025-12-08T11:32:02","modified_gmt":"2025-12-08T09:32:02","slug":"knitpro-mezginio-akiu-zymeklis-7vnt-2","status":"publish","type":"product","link":"https:\/\/bitessiulai.lt\/et\/toode\/knitpro-mezginio-akiu-zymeklis-7vnt-2\/","title":{"rendered":"KnitPro kudumissilmmarker 7 tk"},"content":{"rendered":"<p>KnitPro kudumissilm-marker 7 tk \u2013 v\u00e4ga mugav kasutada igasuguste mustrite kudumisel. Markerid on m\u00f5eldud uute ridade m\u00e4rkimiseks ringselt kududes, uue mustri alguse v\u00f5i l\u00f5pu m\u00e4rkimiseks.<\/p>\n<p>*Ekraanil n\u00e4htavad v\u00e4rvid ja esemete tegelik v\u00e4rv v\u00f5ivad veidi erineda.<\/p>","protected":false},"excerpt":{"rendered":"<p>KnitPro Mezginio aki\u0173 \u017eymeklis 7vnt\u00a0&#8211; labai patogu naudoti mezgant bet kokius ra\u0161tus. \u017dymekliai skirti pasi\u017eym\u0117ti naujas eiles mezgant ratu, naujo ra\u0161to prad\u017ei\u0105 ar pabaig\u0105. *Ekrane matomos spalvos ir tikroji preki\u0173 spalva gali \u0161iek tiek skirtis.<\/p>","protected":false},"featured_media":8327,"comment_status":"open","ping_status":"closed","template":"","meta":[],"product_brand":[],"product_cat":[194,192],"product_tag":[],"giftcard-category":[],"class_list":{"0":"post-8326","1":"product","2":"type-product","3":"status-publish","4":"has-post-thumbnail","6":"product_cat-akiu-zymekliai","7":"product_cat-priedai-mezgimui","9":"first","10":"instock","11":"taxable","12":"shipping-taxable","13":"purchasable","14":"product-type-simple"},"_links":{"self":[{"href":"https:\/\/bitessiulai.lt\/et\/wp-json\/wp\/v2\/product\/8326","targetHints":{"allow":["GET"]}}],"collection":[{"href":"https:\/\/bitessiulai.lt\/et\/wp-json\/wp\/v2\/product"}],"about":[{"href":"https:\/\/bitessiulai.lt\/et\/wp-json\/wp\/v2\/types\/product"}],"replies":[{"embeddable":true,"href":"https:\/\/bitessiulai.lt\/et\/wp-json\/wp\/v2\/comments?post=8326"}],"version-history":[{"count":1,"href":"https:\/\/bitessiulai.lt\/et\/wp-json\/wp\/v2\/product\/8326\/revisions"}],"predecessor-version":[{"id":20402,"href":"https:\/\/bitessiulai.lt\/et\/wp-json\/wp\/v2\/product\/8326\/revisions\/20402"}],"wp:featuredmedia":[{"embeddable":true,"href":"https:\/\/bitessiulai.lt\/et\/wp-json\/wp\/v2\/media\/8327"}],"wp:attachment":[{"href":"https:\/\/bitessiulai.lt\/et\/wp-json\/wp\/v2\/media?parent=8326"}],"wp:term":[{"taxonomy":"product_brand","embeddable":true,"href":"https:\/\/bitessiulai.lt\/et\/wp-json\/wp\/v2\/product_brand?post=8326"},{"taxonomy":"product_cat","embeddable":true,"href":"https:\/\/bitessiulai.lt\/et\/wp-json\/wp\/v2\/product_cat?post=8326"},{"taxonomy":"product_tag","embeddable":true,"href":"https:\/\/bitessiulai.lt\/et\/wp-json\/wp\/v2\/product_tag?post=8326"},{"taxonomy":"giftcard-category","embeddable":true,"href":"https:\/\/bitessiulai.lt\/et\/wp-json\/wp\/v2\/giftcard-category?post=8326"}],"curies":[{"name":"wp","href":"https:\/\/api.w.org\/{rel}","templated":true}]}}