{"id":8162,"date":"2025-02-18T11:59:10","date_gmt":"2025-02-18T09:59:10","guid":{"rendered":"https:\/\/bitessiulai.lt\/?post_type=product&#038;p=8162"},"modified":"2026-03-12T14:22:38","modified_gmt":"2026-03-12T12:22:38","slug":"knitpro-zing-virbalu-rinkinys-melodies-of-life","status":"publish","type":"product","link":"https:\/\/bitessiulai.lt\/et\/toode\/knitpro-zing-virbalu-rinkinys-melodies-of-life\/","title":{"rendered":"KnitPro Zing kudumisvardade komplekt &quot;Elu meloodiad&quot;"},"content":{"rendered":"<p><strong>KnitPro Zing kudumisvardade komplekt &quot;Elu meloodiad&quot;<\/strong>\u00a0Vahetatavate kudumisvardade komplekt on suurep\u00e4rane kingitus endale v\u00f5i kellelegi teisele. Elegantne karp sisaldab kogu komplekti koos vahetatavate kudumisvardade otste, joonte ja k\u00f5igi muude tarvikutega. KnitPro Zingi vahetatavad kudumisvardad on valmistatud kvaliteetsest kergest alumiiniumist ja l\u00e4ikivad kaunites metallikv\u00e4rvides. Igal vardasuurusel on oma erksav\u00e4rv ning suurus on ka n\u00f5ela otsa selgelt laseriga s\u00f6\u00f6vitatud, nii et see on alati selgelt n\u00e4htav. Vardad sobivad mugavalt k\u00e4tte ja neil on koonilised h\u00f5bedased otsad. Sile pind v\u00f5imaldab l\u00f5ngal h\u00f5lpsalt vardale libiseda. Tugev nailonkattega roostevabast terasest tamiil on v\u00e4ga tugev ja samal ajal painduv. Tamiil ei paindu ega keerdu kudumise ajal.<\/p>\n<p>KnitPro Zing Melodies of Life vahetatavate n\u00f5elte komplekt sisaldab j\u00e4rgmisi esemeid:<\/p>\n<ul>\n<li>8 paari vahetatavaid n\u00f5elaotsikuid suurustes 3,50, 4,00, 4,50, 5,00, 5,50, 6,00, 7,00 ja 8,00 mm<\/li>\n<li>4 joont (1 x 60 cm, 2 x 80 cm ja 1 x 100 cm)<\/li>\n<li>8 x vardaotsa<\/li>\n<li>4 x n\u00f6\u00f6ri pingutamiseks<\/li>\n<li>1 x pistikute komplekt<\/li>\n<li>1 x villan\u00f5elte komplekt (3 tk)<\/li>\n<li>1 x kudumissilmuste hoidikute komplekt (3 tk)<\/li>\n<li>1 x h\u00f5bedane kandik<\/li>\n<\/ul>\n<p>Iga komplekt on pakendatud kaunisse ja vastupidavasse l\u00e4ikiva mustriga kinkekarpi.<\/p>\n<p><img fetchpriority=\"high\" decoding=\"async\" class=\"alignnone size-medium wp-image-8165\" src=\"http:\/\/bitessiulai.lt\/wp-content\/uploads\/2025\/02\/K47412-4-300x300.webp\" alt=\"\" width=\"300\" height=\"300\" srcset=\"https:\/\/bitessiulai.lt\/wp-content\/uploads\/2025\/02\/K47412-4-300x300.webp 300w, https:\/\/bitessiulai.lt\/wp-content\/uploads\/2025\/02\/K47412-4-150x150.webp 150w, https:\/\/bitessiulai.lt\/wp-content\/uploads\/2025\/02\/K47412-4-12x12.webp 12w, https:\/\/bitessiulai.lt\/wp-content\/uploads\/2025\/02\/K47412-4-600x600.webp 600w, https:\/\/bitessiulai.lt\/wp-content\/uploads\/2025\/02\/K47412-4-96x96.webp 96w, https:\/\/bitessiulai.lt\/wp-content\/uploads\/2025\/02\/K47412-4.webp 700w\" sizes=\"(max-width: 300px) 100vw, 300px\" \/> <img decoding=\"async\" class=\"alignnone size-medium wp-image-8166\" src=\"http:\/\/bitessiulai.lt\/wp-content\/uploads\/2025\/02\/K47412-3-300x300.webp\" alt=\"\" width=\"300\" height=\"300\" srcset=\"https:\/\/bitessiulai.lt\/wp-content\/uploads\/2025\/02\/K47412-3-300x300.webp 300w, https:\/\/bitessiulai.lt\/wp-content\/uploads\/2025\/02\/K47412-3-150x150.webp 150w, https:\/\/bitessiulai.lt\/wp-content\/uploads\/2025\/02\/K47412-3-12x12.webp 12w, https:\/\/bitessiulai.lt\/wp-content\/uploads\/2025\/02\/K47412-3-600x600.webp 600w, https:\/\/bitessiulai.lt\/wp-content\/uploads\/2025\/02\/K47412-3-96x96.webp 96w, https:\/\/bitessiulai.lt\/wp-content\/uploads\/2025\/02\/K47412-3.webp 700w\" sizes=\"(max-width: 300px) 100vw, 300px\" \/><\/p>\n<p>*Ekraanil kuvatavad v\u00e4rvid v\u00f5ivad tegelikust niidiv\u00e4rvist veidi erineda.<\/p>","protected":false},"excerpt":{"rendered":"<p>KnitPro Zing virbal\u0173 rinkinys Melodies of Life\u00a0kei\u010diam\u0173 virbal\u0173 rinkinys yra puiki dovana sau ar kam nors kitam. Eleganti\u0161koje d\u0117\u017eut\u0117je yra visas komplektas su kei\u010diamais virbal\u0173 antgaliais, valais ir visais kitais priedais. Kei\u010diami KnitPro Zing mezgimo antgaliai yra pagaminti i\u0161 auk\u0161tos kokyb\u0117s lengvo aliuminio ir spindi gra\u017eiais metaliniais atspalviais. Kiekvienas virbalo dydis turi savo ry\u0161ki\u0105 spalv\u0105, o dydis taip pat ai\u0161kiai lazeriu nubr\u0117\u017etas ant virbalo galiuko, kad jis visada b\u016bt\u0173 ai\u0161kiai matomas. Virbalai patogiai telpa rankoje ir turi siaur\u0117jan\u010dius sidabro spalvos galiukus. Lygus pavir\u0161ius leid\u017eia si\u016blams lengvai slysti ant adatos.\u00a0 Tvirtas ner\u016bdijan\u010dio plieno valas su nailono danga yra labai stiprus ir lankstus tuo pa\u010diu metu. Mezgimo metu valas nesusilankstys ir nesisuks. Kei\u010diam\u0173 virbal\u0173 rinkin\u012f \u201eKnitPro Zing Melodies of Life\u201c sudaro \u0161ie elementai: 8 x poros kei\u010diam\u0173 3,50, 4,00, 4,50, 5,00, 5,50, 6,00, 7,00 ir 8,00 mm dyd\u017ei\u0173 virbal\u0173 antgali\u0173 4 x valai (1 x 60 cm, 2 x 80 cm ir 1 x 100 cm ) 8 x virbal\u0173 galiukai 4 x valo priver\u017eimui 1 x komplektas jung\u010di\u0173 1 x komplektas adat\u0173 vilnai (3vnt.) 1 x komplektas mezginio aki\u0173 laikikli\u0173 (3vnt.) 1 x sidabro d\u0117klas Kiekvienas rinkinys yra gra\u017eioje, tvirtoje dovan\u0173 d\u0117\u017eut\u0117je su blizgan\u010diu ra\u0161tu. *Ekrane matomos spalvos gali \u0161iek tiek skirtis nuo tikrosios si\u016bl\u0173 spalvos.<\/p>","protected":false},"featured_media":8163,"comment_status":"open","ping_status":"closed","template":"","meta":[],"product_brand":[],"product_cat":[2440,180,181],"product_tag":[],"giftcard-category":[],"class_list":{"0":"post-8162","1":"product","2":"type-product","3":"status-publish","4":"has-post-thumbnail","6":"product_cat-knitpro","7":"product_cat-mezgimo-priemones","8":"product_cat-virbalu-rinkiniai","10":"first","11":"instock","12":"taxable","13":"shipping-taxable","14":"purchasable","15":"product-type-simple"},"_links":{"self":[{"href":"https:\/\/bitessiulai.lt\/et\/wp-json\/wp\/v2\/product\/8162","targetHints":{"allow":["GET"]}}],"collection":[{"href":"https:\/\/bitessiulai.lt\/et\/wp-json\/wp\/v2\/product"}],"about":[{"href":"https:\/\/bitessiulai.lt\/et\/wp-json\/wp\/v2\/types\/product"}],"replies":[{"embeddable":true,"href":"https:\/\/bitessiulai.lt\/et\/wp-json\/wp\/v2\/comments?post=8162"}],"version-history":[{"count":1,"href":"https:\/\/bitessiulai.lt\/et\/wp-json\/wp\/v2\/product\/8162\/revisions"}],"predecessor-version":[{"id":23764,"href":"https:\/\/bitessiulai.lt\/et\/wp-json\/wp\/v2\/product\/8162\/revisions\/23764"}],"wp:featuredmedia":[{"embeddable":true,"href":"https:\/\/bitessiulai.lt\/et\/wp-json\/wp\/v2\/media\/8163"}],"wp:attachment":[{"href":"https:\/\/bitessiulai.lt\/et\/wp-json\/wp\/v2\/media?parent=8162"}],"wp:term":[{"taxonomy":"product_brand","embeddable":true,"href":"https:\/\/bitessiulai.lt\/et\/wp-json\/wp\/v2\/product_brand?post=8162"},{"taxonomy":"product_cat","embeddable":true,"href":"https:\/\/bitessiulai.lt\/et\/wp-json\/wp\/v2\/product_cat?post=8162"},{"taxonomy":"product_tag","embeddable":true,"href":"https:\/\/bitessiulai.lt\/et\/wp-json\/wp\/v2\/product_tag?post=8162"},{"taxonomy":"giftcard-category","embeddable":true,"href":"https:\/\/bitessiulai.lt\/et\/wp-json\/wp\/v2\/giftcard-category?post=8162"}],"curies":[{"name":"wp","href":"https:\/\/api.w.org\/{rel}","templated":true}]}}