{"id":8031,"date":"2025-02-16T10:26:49","date_gmt":"2025-02-16T08:26:49","guid":{"rendered":"https:\/\/bitessiulai.lt\/?post_type=product&#038;p=8031"},"modified":"2026-04-16T17:58:24","modified_gmt":"2026-04-16T14:58:24","slug":"lanoso-prenses-color-s-m","status":"publish","type":"product","link":"https:\/\/bitessiulai.lt\/et\/toode\/lanoso-prenses-color-s-m\/","title":{"rendered":"Lanos Princess Color"},"content":{"rendered":"<p>*Ekraanil n\u00e4htavad Lanoso Prenses Colori v\u00e4rvid v\u00f5ivad l\u00f5nga tegelikust v\u00e4rvist veidi erineda.<\/p>","protected":false},"excerpt":{"rendered":"<p>Sud\u0117tis: 40% mohera, 52% akrilas, 8% metalizuotas si\u016blas<\/p>\n<p>Kaal\/pikkus: 100 g = umbes 550 m.<\/p>\n<p>Soovitatav varda suurus: 4 mm.<\/p>","protected":false},"featured_media":8032,"comment_status":"open","ping_status":"closed","template":"","meta":[],"product_brand":[],"product_cat":[326,1725,4411,177,362,173,174,175],"product_tag":[],"giftcard-category":[],"class_list":{"0":"post-8031","1":"product","2":"type-product","3":"status-publish","4":"has-post-thumbnail","6":"product_cat-akrilas","7":"product_cat-lanoso","8":"product_cat-metalizuotas-siulas","9":"product_cat-mezgimo-siulai","10":"product_cat-mohera","11":"product_cat-siulai","12":"product_cat-siulu-gamintojai","13":"product_cat-siulu-pluostai","15":"first","16":"instock","17":"taxable","18":"shipping-taxable","19":"purchasable","20":"product-type-variable"},"_links":{"self":[{"href":"https:\/\/bitessiulai.lt\/et\/wp-json\/wp\/v2\/product\/8031","targetHints":{"allow":["GET"]}}],"collection":[{"href":"https:\/\/bitessiulai.lt\/et\/wp-json\/wp\/v2\/product"}],"about":[{"href":"https:\/\/bitessiulai.lt\/et\/wp-json\/wp\/v2\/types\/product"}],"replies":[{"embeddable":true,"href":"https:\/\/bitessiulai.lt\/et\/wp-json\/wp\/v2\/comments?post=8031"}],"version-history":[{"count":1,"href":"https:\/\/bitessiulai.lt\/et\/wp-json\/wp\/v2\/product\/8031\/revisions"}],"predecessor-version":[{"id":23631,"href":"https:\/\/bitessiulai.lt\/et\/wp-json\/wp\/v2\/product\/8031\/revisions\/23631"}],"wp:featuredmedia":[{"embeddable":true,"href":"https:\/\/bitessiulai.lt\/et\/wp-json\/wp\/v2\/media\/8032"}],"wp:attachment":[{"href":"https:\/\/bitessiulai.lt\/et\/wp-json\/wp\/v2\/media?parent=8031"}],"wp:term":[{"taxonomy":"product_brand","embeddable":true,"href":"https:\/\/bitessiulai.lt\/et\/wp-json\/wp\/v2\/product_brand?post=8031"},{"taxonomy":"product_cat","embeddable":true,"href":"https:\/\/bitessiulai.lt\/et\/wp-json\/wp\/v2\/product_cat?post=8031"},{"taxonomy":"product_tag","embeddable":true,"href":"https:\/\/bitessiulai.lt\/et\/wp-json\/wp\/v2\/product_tag?post=8031"},{"taxonomy":"giftcard-category","embeddable":true,"href":"https:\/\/bitessiulai.lt\/et\/wp-json\/wp\/v2\/giftcard-category?post=8031"}],"curies":[{"name":"wp","href":"https:\/\/api.w.org\/{rel}","templated":true}]}}