{"id":7913,"date":"2025-02-15T18:37:38","date_gmt":"2025-02-15T16:37:38","guid":{"rendered":"https:\/\/bitessiulai.lt\/?post_type=product&#038;p=7913"},"modified":"2026-04-09T13:20:02","modified_gmt":"2026-04-09T10:20:02","slug":"stenli-orient-express","status":"publish","type":"product","link":"https:\/\/bitessiulai.lt\/et\/toode\/stenli-orient-express\/","title":{"rendered":"Stanley Orient Express"},"content":{"rendered":"<p>Stanley Orient Expressi tekstuurl\u00f5ngad on kudumisviisilt v\u00e4ga pretensioonitud, kuid neist saab kergesti valmistada efektseid ja kauneid kudumeid.<\/p>\n<p><img fetchpriority=\"high\" decoding=\"async\" class=\"alignnone size-medium wp-image-10240\" src=\"http:\/\/bitessiulai.lt\/wp-content\/uploads\/2025\/02\/37958676_2039221092757375_1502646183120601088_n-20200426133243-713-300x300.jpg\" alt=\"\" width=\"300\" height=\"300\" srcset=\"https:\/\/bitessiulai.lt\/wp-content\/uploads\/2025\/02\/37958676_2039221092757375_1502646183120601088_n-20200426133243-713-300x300.jpg 300w, https:\/\/bitessiulai.lt\/wp-content\/uploads\/2025\/02\/37958676_2039221092757375_1502646183120601088_n-20200426133243-713-150x150.jpg 150w, https:\/\/bitessiulai.lt\/wp-content\/uploads\/2025\/02\/37958676_2039221092757375_1502646183120601088_n-20200426133243-713-768x768.jpg 768w, https:\/\/bitessiulai.lt\/wp-content\/uploads\/2025\/02\/37958676_2039221092757375_1502646183120601088_n-20200426133243-713-12x12.jpg 12w, https:\/\/bitessiulai.lt\/wp-content\/uploads\/2025\/02\/37958676_2039221092757375_1502646183120601088_n-20200426133243-713-600x600.jpg 600w, https:\/\/bitessiulai.lt\/wp-content\/uploads\/2025\/02\/37958676_2039221092757375_1502646183120601088_n-20200426133243-713-96x96.jpg 96w, https:\/\/bitessiulai.lt\/wp-content\/uploads\/2025\/02\/37958676_2039221092757375_1502646183120601088_n-20200426133243-713.jpg 960w\" sizes=\"(max-width: 300px) 100vw, 300px\" \/> <img decoding=\"async\" class=\"alignnone size-medium wp-image-10239\" src=\"http:\/\/bitessiulai.lt\/wp-content\/uploads\/2025\/02\/IMG_8979-20220413085806-857-300x200.jpg\" alt=\"\" width=\"300\" height=\"200\" srcset=\"https:\/\/bitessiulai.lt\/wp-content\/uploads\/2025\/02\/IMG_8979-20220413085806-857-300x200.jpg 300w, https:\/\/bitessiulai.lt\/wp-content\/uploads\/2025\/02\/IMG_8979-20220413085806-857-1024x683.jpg 1024w, https:\/\/bitessiulai.lt\/wp-content\/uploads\/2025\/02\/IMG_8979-20220413085806-857-768x512.jpg 768w, https:\/\/bitessiulai.lt\/wp-content\/uploads\/2025\/02\/IMG_8979-20220413085806-857-18x12.jpg 18w, https:\/\/bitessiulai.lt\/wp-content\/uploads\/2025\/02\/IMG_8979-20220413085806-857-600x400.jpg 600w, https:\/\/bitessiulai.lt\/wp-content\/uploads\/2025\/02\/IMG_8979-20220413085806-857-150x100.jpg 150w, https:\/\/bitessiulai.lt\/wp-content\/uploads\/2025\/02\/IMG_8979-20220413085806-857.jpg 1200w\" sizes=\"(max-width: 300px) 100vw, 300px\" \/><\/p>\n<p>*Ekraanil kuvatavad v\u00e4rvid v\u00f5ivad tegelikust niidiv\u00e4rvist veidi erineda.<\/p>","protected":false},"excerpt":{"rendered":"<p>Koostis: 50% viskoos, 50% pol\u00fcester<\/p>\n<p>Kaal\/pikkus: 100 g = umbes 300 m.<\/p>\n<p>Soovitatav varda suurus: 5\u20137 mm.<\/p>\n<p>Soovitatav helmeste suurus: 5\u20137 mm.<\/p>","protected":false},"featured_media":10242,"comment_status":"open","ping_status":"closed","template":"","meta":[],"product_brand":[],"product_cat":[177,178,3285,328,173,174,175,1641,337],"product_tag":[],"giftcard-category":[],"class_list":{"0":"post-7913","1":"product","2":"type-product","3":"status-publish","4":"has-post-thumbnail","6":"product_cat-mezgimo-siulai","7":"product_cat-nerimo-siulai","8":"product_cat-orient-express","9":"product_cat-poliesteris","10":"product_cat-siulai","11":"product_cat-siulu-gamintojai","12":"product_cat-siulu-pluostai","13":"product_cat-stenli","14":"product_cat-viskoze","16":"first","17":"instock","18":"taxable","19":"shipping-taxable","20":"purchasable","21":"product-type-variable"},"_links":{"self":[{"href":"https:\/\/bitessiulai.lt\/et\/wp-json\/wp\/v2\/product\/7913","targetHints":{"allow":["GET"]}}],"collection":[{"href":"https:\/\/bitessiulai.lt\/et\/wp-json\/wp\/v2\/product"}],"about":[{"href":"https:\/\/bitessiulai.lt\/et\/wp-json\/wp\/v2\/types\/product"}],"replies":[{"embeddable":true,"href":"https:\/\/bitessiulai.lt\/et\/wp-json\/wp\/v2\/comments?post=7913"}],"version-history":[{"count":1,"href":"https:\/\/bitessiulai.lt\/et\/wp-json\/wp\/v2\/product\/7913\/revisions"}],"predecessor-version":[{"id":22026,"href":"https:\/\/bitessiulai.lt\/et\/wp-json\/wp\/v2\/product\/7913\/revisions\/22026"}],"wp:featuredmedia":[{"embeddable":true,"href":"https:\/\/bitessiulai.lt\/et\/wp-json\/wp\/v2\/media\/10242"}],"wp:attachment":[{"href":"https:\/\/bitessiulai.lt\/et\/wp-json\/wp\/v2\/media?parent=7913"}],"wp:term":[{"taxonomy":"product_brand","embeddable":true,"href":"https:\/\/bitessiulai.lt\/et\/wp-json\/wp\/v2\/product_brand?post=7913"},{"taxonomy":"product_cat","embeddable":true,"href":"https:\/\/bitessiulai.lt\/et\/wp-json\/wp\/v2\/product_cat?post=7913"},{"taxonomy":"product_tag","embeddable":true,"href":"https:\/\/bitessiulai.lt\/et\/wp-json\/wp\/v2\/product_tag?post=7913"},{"taxonomy":"giftcard-category","embeddable":true,"href":"https:\/\/bitessiulai.lt\/et\/wp-json\/wp\/v2\/giftcard-category?post=7913"}],"curies":[{"name":"wp","href":"https:\/\/api.w.org\/{rel}","templated":true}]}}