{"id":7713,"date":"2025-02-15T15:28:31","date_gmt":"2025-02-15T13:28:31","guid":{"rendered":"https:\/\/bitessiulai.lt\/?post_type=product&#038;p=7713"},"modified":"2025-08-13T17:31:50","modified_gmt":"2025-08-13T14:31:50","slug":"stenli-andante","status":"publish","type":"product","link":"https:\/\/bitessiulai.lt\/et\/toode\/stenli-andante\/","title":{"rendered":"Stanley Andante"},"content":{"rendered":"<p><strong>Stanley Andante<\/strong> L\u00f5ng on kombinatsioon peenelt pehmest moh\u00e4\u00e4rist, pehmest meriinovillast, vastupidavast akr\u00fc\u00fclist ja \u00f5rnast lurexi vihjest. Ainulaadse ilme saavutamiseks kasutage luksuslikke l\u00f5ngu muljetavaldavate ja stiilsete r\u00f5ivaste ning aksessuaaride jaoks. Nendega saab kududa veste, kampsuneid, m\u00fctse ja salle. Andante l\u00f5ngad on vastupandamatult pehmed ja pakuvad v\u00f5rratut mugavust.<\/p>\n<p><img fetchpriority=\"high\" decoding=\"async\" class=\"alignnone size-medium wp-image-7715\" src=\"https:\/\/bitessiulai.lt\/wp-content\/uploads\/2025\/02\/c-dsc-4304-20221110152821-680-500x500-1-300x300.jpeg\" alt=\"\" width=\"300\" height=\"300\" srcset=\"https:\/\/bitessiulai.lt\/wp-content\/uploads\/2025\/02\/c-dsc-4304-20221110152821-680-500x500-1-300x300.jpeg 300w, https:\/\/bitessiulai.lt\/wp-content\/uploads\/2025\/02\/c-dsc-4304-20221110152821-680-500x500-1-150x150.jpeg 150w, https:\/\/bitessiulai.lt\/wp-content\/uploads\/2025\/02\/c-dsc-4304-20221110152821-680-500x500-1-12x12.jpeg 12w, https:\/\/bitessiulai.lt\/wp-content\/uploads\/2025\/02\/c-dsc-4304-20221110152821-680-500x500-1-96x96.jpeg 96w, https:\/\/bitessiulai.lt\/wp-content\/uploads\/2025\/02\/c-dsc-4304-20221110152821-680-500x500-1.jpeg 500w\" sizes=\"(max-width: 300px) 100vw, 300px\" \/> <img decoding=\"async\" class=\"alignnone size-medium wp-image-7716\" src=\"https:\/\/bitessiulai.lt\/wp-content\/uploads\/2025\/02\/c-102-20221110152711-217-500x500-1-300x300.jpeg\" alt=\"\" width=\"300\" height=\"300\" srcset=\"https:\/\/bitessiulai.lt\/wp-content\/uploads\/2025\/02\/c-102-20221110152711-217-500x500-1-300x300.jpeg 300w, https:\/\/bitessiulai.lt\/wp-content\/uploads\/2025\/02\/c-102-20221110152711-217-500x500-1-150x150.jpeg 150w, https:\/\/bitessiulai.lt\/wp-content\/uploads\/2025\/02\/c-102-20221110152711-217-500x500-1-12x12.jpeg 12w, https:\/\/bitessiulai.lt\/wp-content\/uploads\/2025\/02\/c-102-20221110152711-217-500x500-1-96x96.jpeg 96w, https:\/\/bitessiulai.lt\/wp-content\/uploads\/2025\/02\/c-102-20221110152711-217-500x500-1.jpeg 500w\" sizes=\"(max-width: 300px) 100vw, 300px\" \/><\/p>\n<p>*Ekraanil kuvatavad v\u00e4rvid v\u00f5ivad tegelikust niidiv\u00e4rvist veidi erineda.<\/p>","protected":false},"excerpt":{"rendered":"<p>Koostis: 7% moh\u00e4\u00e4r, 25% meriinovill, 25% akr\u00fc\u00fcl, 25% pol\u00fcamiid, 10% pol\u00fcester, 8% lurex<\/p>\n<p>Kaal\/pikkus: 100 g = umbes 140 m.<\/p>\n<p>Soovitatav varda suurus: 6\u20138 mm.<\/p>\n<p>&nbsp;<\/p>","protected":false},"featured_media":7714,"comment_status":"open","ping_status":"closed","template":"","meta":[],"product_brand":[],"product_cat":[326,3296,1703,948,177,362,324,328,173,174,175,1641],"product_tag":[],"giftcard-category":[],"class_list":{"0":"post-7713","1":"product","2":"type-product","3":"status-publish","4":"has-post-thumbnail","6":"product_cat-akrilas","7":"product_cat-andante","8":"product_cat-liureksas","9":"product_cat-merino-vilna","10":"product_cat-mezgimo-siulai","11":"product_cat-mohera","12":"product_cat-poliamidas","13":"product_cat-poliesteris","14":"product_cat-siulai","15":"product_cat-siulu-gamintojai","16":"product_cat-siulu-pluostai","17":"product_cat-stenli","19":"first","20":"instock","21":"taxable","22":"shipping-taxable","23":"purchasable","24":"product-type-variable"},"_links":{"self":[{"href":"https:\/\/bitessiulai.lt\/et\/wp-json\/wp\/v2\/product\/7713","targetHints":{"allow":["GET"]}}],"collection":[{"href":"https:\/\/bitessiulai.lt\/et\/wp-json\/wp\/v2\/product"}],"about":[{"href":"https:\/\/bitessiulai.lt\/et\/wp-json\/wp\/v2\/types\/product"}],"replies":[{"embeddable":true,"href":"https:\/\/bitessiulai.lt\/et\/wp-json\/wp\/v2\/comments?post=7713"}],"version-history":[{"count":0,"href":"https:\/\/bitessiulai.lt\/et\/wp-json\/wp\/v2\/product\/7713\/revisions"}],"wp:featuredmedia":[{"embeddable":true,"href":"https:\/\/bitessiulai.lt\/et\/wp-json\/wp\/v2\/media\/7714"}],"wp:attachment":[{"href":"https:\/\/bitessiulai.lt\/et\/wp-json\/wp\/v2\/media?parent=7713"}],"wp:term":[{"taxonomy":"product_brand","embeddable":true,"href":"https:\/\/bitessiulai.lt\/et\/wp-json\/wp\/v2\/product_brand?post=7713"},{"taxonomy":"product_cat","embeddable":true,"href":"https:\/\/bitessiulai.lt\/et\/wp-json\/wp\/v2\/product_cat?post=7713"},{"taxonomy":"product_tag","embeddable":true,"href":"https:\/\/bitessiulai.lt\/et\/wp-json\/wp\/v2\/product_tag?post=7713"},{"taxonomy":"giftcard-category","embeddable":true,"href":"https:\/\/bitessiulai.lt\/et\/wp-json\/wp\/v2\/giftcard-category?post=7713"}],"curies":[{"name":"wp","href":"https:\/\/api.w.org\/{rel}","templated":true}]}}