{"id":7629,"date":"2025-02-15T15:53:31","date_gmt":"2025-02-15T13:53:31","guid":{"rendered":"https:\/\/bitessiulai.lt\/?post_type=product&#038;p=7629"},"modified":"2026-04-09T13:19:59","modified_gmt":"2026-04-09T10:19:59","slug":"stenli-ballerina","status":"publish","type":"product","link":"https:\/\/bitessiulai.lt\/et\/toode\/stenli-ballerina\/","title":{"rendered":"Stanley baleriin"},"content":{"rendered":"<p><strong>Stanley baleriin<\/strong> \u2013 l\u00f5ngad on valmistatud patenteeritud Bulgaaria tehnoloogia abil. L\u00f5ngal on spetsiaalselt disainitud aasad, mis annavad igale kootud esemele kerguse ja v\u00e4\u00e4rikuse. T\u00e4nu villa ja akr\u00fc\u00fclkiudude kombinatsioonile iseloomustab l\u00f5ngu erakordne tugevus, pehmus ja soojus. Suurep\u00e4rane valik kampsunite, vestide, m\u00fctside valmistamiseks. Kauni kudumi saamiseks kasutage soovitatud suurusega v\u00f5i suuremaid vardaid, v\u00e4ikese suurusega vardad seda t\u00fc\u00fcpi l\u00f5nga jaoks ei sobi.<\/p>\n<p>*Ekraanil kuvatavad v\u00e4rvid v\u00f5ivad tegelikust niidiv\u00e4rvist veidi erineda.<\/p>","protected":false},"excerpt":{"rendered":"<p>Koostis: 35% vill, 35% akr\u00fc\u00fcl, 10% viskoos, 10% pol\u00fcester, 10% pol\u00fcamiid.<\/p>\n<p>Kaal\/pikkus: 50 g = ligikaudu 185 m.<\/p>\n<p>Soovitatav varda suurus: 3\u20135 mm.<\/p>\n<p>&nbsp;<\/p>","protected":false},"featured_media":7630,"comment_status":"open","ping_status":"closed","template":"","meta":[],"product_brand":[],"product_cat":[326,3294,177,324,328,173,174,175,1641,410,337],"product_tag":[],"giftcard-category":[],"class_list":{"0":"post-7629","1":"product","2":"type-product","3":"status-publish","4":"has-post-thumbnail","6":"product_cat-akrilas","7":"product_cat-ballerina","8":"product_cat-mezgimo-siulai","9":"product_cat-poliamidas","10":"product_cat-poliesteris","11":"product_cat-siulai","12":"product_cat-siulu-gamintojai","13":"product_cat-siulu-pluostai","14":"product_cat-stenli","15":"product_cat-vilna","16":"product_cat-viskoze","18":"first","19":"instock","20":"taxable","21":"shipping-taxable","22":"purchasable","23":"product-type-variable"},"_links":{"self":[{"href":"https:\/\/bitessiulai.lt\/et\/wp-json\/wp\/v2\/product\/7629","targetHints":{"allow":["GET"]}}],"collection":[{"href":"https:\/\/bitessiulai.lt\/et\/wp-json\/wp\/v2\/product"}],"about":[{"href":"https:\/\/bitessiulai.lt\/et\/wp-json\/wp\/v2\/types\/product"}],"replies":[{"embeddable":true,"href":"https:\/\/bitessiulai.lt\/et\/wp-json\/wp\/v2\/comments?post=7629"}],"version-history":[{"count":0,"href":"https:\/\/bitessiulai.lt\/et\/wp-json\/wp\/v2\/product\/7629\/revisions"}],"wp:featuredmedia":[{"embeddable":true,"href":"https:\/\/bitessiulai.lt\/et\/wp-json\/wp\/v2\/media\/7630"}],"wp:attachment":[{"href":"https:\/\/bitessiulai.lt\/et\/wp-json\/wp\/v2\/media?parent=7629"}],"wp:term":[{"taxonomy":"product_brand","embeddable":true,"href":"https:\/\/bitessiulai.lt\/et\/wp-json\/wp\/v2\/product_brand?post=7629"},{"taxonomy":"product_cat","embeddable":true,"href":"https:\/\/bitessiulai.lt\/et\/wp-json\/wp\/v2\/product_cat?post=7629"},{"taxonomy":"product_tag","embeddable":true,"href":"https:\/\/bitessiulai.lt\/et\/wp-json\/wp\/v2\/product_tag?post=7629"},{"taxonomy":"giftcard-category","embeddable":true,"href":"https:\/\/bitessiulai.lt\/et\/wp-json\/wp\/v2\/giftcard-category?post=7629"}],"curies":[{"name":"wp","href":"https:\/\/api.w.org\/{rel}","templated":true}]}}