{"id":7345,"date":"2025-02-12T15:35:37","date_gmt":"2025-02-12T13:35:37","guid":{"rendered":"https:\/\/bitessiulai.lt\/?post_type=product&#038;p=7345"},"modified":"2025-12-19T16:51:10","modified_gmt":"2025-12-19T14:51:10","slug":"seeknit-mezginio-akiu-zymekliai-stori","status":"publish","type":"product","link":"https:\/\/bitessiulai.lt\/et\/toode\/seeknit-mezginio-akiu-zymekliai-stori\/","title":{"rendered":"Seeknit kootud silmamarkerid paksud"},"content":{"rendered":"<p><strong>Seeknit kootud silmamarkerid paksud\u00a0<\/strong>on praktiline ja t\u00f5hus t\u00f6\u00f6riist! See spetsiaalne silmusemarkerite valik on varustatud lukustusfunktsiooniga, mis v\u00f5imaldab neid heegelprojektides kasutada, libistades need lihtsalt \u00fcle silmuse, mida soovite m\u00e4rkida, ja sulgedes need kinnitamiseks. Seej\u00e4rel saab neid igal ajal h\u00f5lpsalt eemaldada! Kasutage neid motiivi v\u00f5i reajada alguse m\u00e4rkimiseks. Igas pakis on 20 silmusemarkerit mustvalges v\u00f5i kollases ja sinises v\u00e4rvikombinatsioonis.<\/p>\n<p>Pakend sisaldab 20 markerit.<\/p>","protected":false},"excerpt":{"rendered":"<p>Seeknit mezginio aki\u0173 \u017eymekliai stori\u00a0yra prakti\u0161kas ir efektyvus \u012frankis! \u0160is ypatingas dygsnio \u017eymekli\u0173 pasirinkimas pasi\u017eymi fiksavimo funkcija, leid\u017eian\u010dia juos naudoti n\u0117rimo projektuose, tiesiog perbraukiant juos per dygsn\u012f, kur\u012f norite pa\u017eym\u0117ti, ir u\u017edarant, kad b\u016bt\u0173 apsaugotas. Tada juos bet kada galima lengvai pa\u0161alinti! Naudokite juos motyvo ar eilu\u010di\u0173 sekos prad\u017eiai pa\u017eym\u0117ti. Kiekvienoje pakuot\u0117je yra 20 dygsnio \u017eymekli\u0173, kuri\u0173 spalv\u0173 deriniai yra juodi ir balti arba geltoni ir m\u0117lyni. Pakuot\u0117je rasite 20vnt. \u017eymekli\u0173.<\/p>","protected":false},"featured_media":7340,"comment_status":"open","ping_status":"closed","template":"","meta":[],"product_brand":[],"product_cat":[194,192],"product_tag":[],"giftcard-category":[],"class_list":{"0":"post-7345","1":"product","2":"type-product","3":"status-publish","4":"has-post-thumbnail","6":"product_cat-akiu-zymekliai","7":"product_cat-priedai-mezgimui","9":"first","10":"instock","11":"taxable","12":"shipping-taxable","13":"purchasable","14":"product-type-variable"},"_links":{"self":[{"href":"https:\/\/bitessiulai.lt\/et\/wp-json\/wp\/v2\/product\/7345","targetHints":{"allow":["GET"]}}],"collection":[{"href":"https:\/\/bitessiulai.lt\/et\/wp-json\/wp\/v2\/product"}],"about":[{"href":"https:\/\/bitessiulai.lt\/et\/wp-json\/wp\/v2\/types\/product"}],"replies":[{"embeddable":true,"href":"https:\/\/bitessiulai.lt\/et\/wp-json\/wp\/v2\/comments?post=7345"}],"version-history":[{"count":1,"href":"https:\/\/bitessiulai.lt\/et\/wp-json\/wp\/v2\/product\/7345\/revisions"}],"predecessor-version":[{"id":20395,"href":"https:\/\/bitessiulai.lt\/et\/wp-json\/wp\/v2\/product\/7345\/revisions\/20395"}],"wp:featuredmedia":[{"embeddable":true,"href":"https:\/\/bitessiulai.lt\/et\/wp-json\/wp\/v2\/media\/7340"}],"wp:attachment":[{"href":"https:\/\/bitessiulai.lt\/et\/wp-json\/wp\/v2\/media?parent=7345"}],"wp:term":[{"taxonomy":"product_brand","embeddable":true,"href":"https:\/\/bitessiulai.lt\/et\/wp-json\/wp\/v2\/product_brand?post=7345"},{"taxonomy":"product_cat","embeddable":true,"href":"https:\/\/bitessiulai.lt\/et\/wp-json\/wp\/v2\/product_cat?post=7345"},{"taxonomy":"product_tag","embeddable":true,"href":"https:\/\/bitessiulai.lt\/et\/wp-json\/wp\/v2\/product_tag?post=7345"},{"taxonomy":"giftcard-category","embeddable":true,"href":"https:\/\/bitessiulai.lt\/et\/wp-json\/wp\/v2\/giftcard-category?post=7345"}],"curies":[{"name":"wp","href":"https:\/\/api.w.org\/{rel}","templated":true}]}}