{"id":7242,"date":"2025-02-11T18:30:42","date_gmt":"2025-02-11T16:30:42","guid":{"rendered":"https:\/\/bitessiulai.lt\/?post_type=product&#038;p=7242"},"modified":"2026-03-08T15:36:09","modified_gmt":"2026-03-08T13:36:09","slug":"stenli-paris-nights","status":"publish","type":"product","link":"https:\/\/bitessiulai.lt\/et\/toode\/stenli-paris-nights\/","title":{"rendered":"Stanley Pariisi \u00f6\u00f6d"},"content":{"rendered":"<p id=\"tw-target-text\" class=\"tw-data-text tw-text-large tw-ta\" dir=\"ltr\" data-placeholder=\"Vertimas\" data-ved=\"2ahUKEwiW8qjQ_buLAxWjSfEDHZ4zORsQ3ewLegQIChAV\" aria-label=\"T\u00f5lgitud tekst: Stanley Paris Nights l\u00f5ng t\u00f5otab ideaalselt siidist embust, peegeldades \u00f6ise linna tulesid. Suurejooneline niit l\u00e4heb sujuvalt \u00fcle siledatest viskoososadest kergelt l\u00e4bim\u00e4rjaks lureksipiiskadeks. Saadud kudum n\u00e4eb v\u00e4lja nagu pits, imelise tekstuuriga. Niit kutsub teid looma stiilseid ja elegantseid \u00f5hturiideid ja aksessuaare, mis toovad esile teie vastupandamatu v\u00e4limuse. Stanley Paris Nights sobib lihtsate aasade koomiseks suurte heegeln\u00f5elte otsas. Dekoratiivse salli jaoks on vaja 2 tk, suurejoonelise v\u00f5rkpluusi jaoks 6\u20138 tk, tuunika jaoks 8\u201310 tk. Niiti saab kududa koos teiste niitidega v\u00f5i kasutada aktsendina.\"><span class=\"Y2IQFc\" lang=\"lt\"><strong>Stanley Pariisi \u00f6\u00f6d<\/strong> L\u00f5ng t\u00f5otab t\u00e4iuslikku siidist embust, peegeldades \u00f6iseid linnatulesid. Saadud kudum n\u00e4eb v\u00e4lja nagu pits, imelise tekstuuriga. L\u00f5ng kutsub sind looma stiilseid ja elegantseid \u00f5hturiideid ja aksessuaare, mis toovad esile sinu vastupandamatu v\u00e4limuse. L\u00f5nga saab kombineerida teiste l\u00f5ngadega v\u00f5i kasutada aktsendina.<\/span><\/p>\n<p dir=\"ltr\" data-placeholder=\"Vertimas\" data-ved=\"2ahUKEwiW8qjQ_buLAxWjSfEDHZ4zORsQ3ewLegQIChAV\" aria-label=\"T\u00f5lgitud tekst: Stanley Paris Nights l\u00f5ng t\u00f5otab ideaalselt siidist embust, peegeldades \u00f6ise linna tulesid. Suurejooneline niit l\u00e4heb sujuvalt \u00fcle siledatest viskoososadest kergelt l\u00e4bim\u00e4rjaks lureksipiiskadeks. Saadud kudum n\u00e4eb v\u00e4lja nagu pits, imelise tekstuuriga. Niit kutsub teid looma stiilseid ja elegantseid \u00f5hturiideid ja aksessuaare, mis toovad esile teie vastupandamatu v\u00e4limuse. Stanley Paris Nights sobib lihtsate aasade koomiseks suurte heegeln\u00f5elte otsas. Dekoratiivse salli jaoks on vaja 2 tk, suurejoonelise v\u00f5rkpluusi jaoks 6\u20138 tk, tuunika jaoks 8\u201310 tk. Niiti saab kududa koos teiste niitidega v\u00f5i kasutada aktsendina.\"><img fetchpriority=\"high\" decoding=\"async\" class=\"alignnone size-medium wp-image-7243\" src=\"https:\/\/bitessiulai.lt\/wp-content\/uploads\/2025\/02\/dsc-5012-20230301114404-110-500x500-1-300x300.jpeg\" alt=\"\" width=\"300\" height=\"300\" srcset=\"https:\/\/bitessiulai.lt\/wp-content\/uploads\/2025\/02\/dsc-5012-20230301114404-110-500x500-1-300x300.jpeg 300w, https:\/\/bitessiulai.lt\/wp-content\/uploads\/2025\/02\/dsc-5012-20230301114404-110-500x500-1-150x150.jpeg 150w, https:\/\/bitessiulai.lt\/wp-content\/uploads\/2025\/02\/dsc-5012-20230301114404-110-500x500-1-12x12.jpeg 12w, https:\/\/bitessiulai.lt\/wp-content\/uploads\/2025\/02\/dsc-5012-20230301114404-110-500x500-1-96x96.jpeg 96w, https:\/\/bitessiulai.lt\/wp-content\/uploads\/2025\/02\/dsc-5012-20230301114404-110-500x500-1.jpeg 500w\" sizes=\"(max-width: 300px) 100vw, 300px\" \/> <img decoding=\"async\" class=\"alignnone size-medium wp-image-7244\" src=\"https:\/\/bitessiulai.lt\/wp-content\/uploads\/2025\/02\/dsc-5016-20230301114405-928-500x500-1-300x300.jpeg\" alt=\"\" width=\"300\" height=\"300\" srcset=\"https:\/\/bitessiulai.lt\/wp-content\/uploads\/2025\/02\/dsc-5016-20230301114405-928-500x500-1-300x300.jpeg 300w, https:\/\/bitessiulai.lt\/wp-content\/uploads\/2025\/02\/dsc-5016-20230301114405-928-500x500-1-150x150.jpeg 150w, https:\/\/bitessiulai.lt\/wp-content\/uploads\/2025\/02\/dsc-5016-20230301114405-928-500x500-1-12x12.jpeg 12w, https:\/\/bitessiulai.lt\/wp-content\/uploads\/2025\/02\/dsc-5016-20230301114405-928-500x500-1-96x96.jpeg 96w, https:\/\/bitessiulai.lt\/wp-content\/uploads\/2025\/02\/dsc-5016-20230301114405-928-500x500-1.jpeg 500w\" sizes=\"(max-width: 300px) 100vw, 300px\" \/><\/p>\n<p dir=\"ltr\" data-placeholder=\"Vertimas\" data-ved=\"2ahUKEwiW8qjQ_buLAxWjSfEDHZ4zORsQ3ewLegQIChAV\" aria-label=\"T\u00f5lgitud tekst: Stanley Paris Nights l\u00f5ng t\u00f5otab ideaalselt siidist embust, peegeldades \u00f6ise linna tulesid. Suurejooneline niit l\u00e4heb sujuvalt \u00fcle siledatest viskoososadest kergelt l\u00e4bim\u00e4rjaks lureksipiiskadeks. Saadud kudum n\u00e4eb v\u00e4lja nagu pits, imelise tekstuuriga. Niit kutsub teid looma stiilseid ja elegantseid \u00f5hturiideid ja aksessuaare, mis toovad esile teie vastupandamatu v\u00e4limuse. Stanley Paris Nights sobib lihtsate aasade koomiseks suurte heegeln\u00f5elte otsas. Dekoratiivse salli jaoks on vaja 2 tk, suurejoonelise v\u00f5rkpluusi jaoks 6\u20138 tk, tuunika jaoks 8\u201310 tk. Niiti saab kududa koos teiste niitidega v\u00f5i kasutada aktsendina.\">*Ekraanil kuvatavad v\u00e4rvid v\u00f5ivad tegelikust niidiv\u00e4rvist veidi erineda.<\/p>\n<p dir=\"ltr\" data-placeholder=\"Vertimas\" data-ved=\"2ahUKEwiW8qjQ_buLAxWjSfEDHZ4zORsQ3ewLegQIChAV\" aria-label=\"T\u00f5lgitud tekst: Stanley Paris Nights l\u00f5ng t\u00f5otab ideaalselt siidist embust, peegeldades \u00f6ise linna tulesid. Suurejooneline niit l\u00e4heb sujuvalt \u00fcle siledatest viskoososadest kergelt l\u00e4bim\u00e4rjaks lureksipiiskadeks. Saadud kudum n\u00e4eb v\u00e4lja nagu pits, imelise tekstuuriga. Niit kutsub teid looma stiilseid ja elegantseid \u00f5hturiideid ja aksessuaare, mis toovad esile teie vastupandamatu v\u00e4limuse. Stanley Paris Nights sobib lihtsate aasade koomiseks suurte heegeln\u00f5elte otsas. Dekoratiivse salli jaoks on vaja 2 tk, suurejoonelise v\u00f5rkpluusi jaoks 6\u20138 tk, tuunika jaoks 8\u201310 tk. Niiti saab kududa koos teiste niitidega v\u00f5i kasutada aktsendina.\">","protected":false},"excerpt":{"rendered":"<p>Koostis: 65% viskoos, 30% lurex, 5% pol\u00fcamiid<\/p>\n<p>Kaal\/pikkus: 50 g = umbes 135 m.<\/p>\n<p>Soovitatav varda suurus: 6\u20138 mm.<\/p>","protected":false},"featured_media":7245,"comment_status":"open","ping_status":"closed","template":"","meta":[],"product_brand":[],"product_cat":[915,1703,177,3283,324,173,174,175,1641,337],"product_tag":[],"giftcard-category":[],"class_list":{"0":"post-7242","1":"product","2":"type-product","3":"status-publish","4":"has-post-thumbnail","6":"product_cat-dekoratyviniai-siulai","7":"product_cat-liureksas","8":"product_cat-mezgimo-siulai","9":"product_cat-paris-nights","10":"product_cat-poliamidas","11":"product_cat-siulai","12":"product_cat-siulu-gamintojai","13":"product_cat-siulu-pluostai","14":"product_cat-stenli","15":"product_cat-viskoze","17":"first","18":"instock","19":"taxable","20":"shipping-taxable","21":"purchasable","22":"product-type-variable"},"_links":{"self":[{"href":"https:\/\/bitessiulai.lt\/et\/wp-json\/wp\/v2\/product\/7242","targetHints":{"allow":["GET"]}}],"collection":[{"href":"https:\/\/bitessiulai.lt\/et\/wp-json\/wp\/v2\/product"}],"about":[{"href":"https:\/\/bitessiulai.lt\/et\/wp-json\/wp\/v2\/types\/product"}],"replies":[{"embeddable":true,"href":"https:\/\/bitessiulai.lt\/et\/wp-json\/wp\/v2\/comments?post=7242"}],"version-history":[{"count":0,"href":"https:\/\/bitessiulai.lt\/et\/wp-json\/wp\/v2\/product\/7242\/revisions"}],"wp:featuredmedia":[{"embeddable":true,"href":"https:\/\/bitessiulai.lt\/et\/wp-json\/wp\/v2\/media\/7245"}],"wp:attachment":[{"href":"https:\/\/bitessiulai.lt\/et\/wp-json\/wp\/v2\/media?parent=7242"}],"wp:term":[{"taxonomy":"product_brand","embeddable":true,"href":"https:\/\/bitessiulai.lt\/et\/wp-json\/wp\/v2\/product_brand?post=7242"},{"taxonomy":"product_cat","embeddable":true,"href":"https:\/\/bitessiulai.lt\/et\/wp-json\/wp\/v2\/product_cat?post=7242"},{"taxonomy":"product_tag","embeddable":true,"href":"https:\/\/bitessiulai.lt\/et\/wp-json\/wp\/v2\/product_tag?post=7242"},{"taxonomy":"giftcard-category","embeddable":true,"href":"https:\/\/bitessiulai.lt\/et\/wp-json\/wp\/v2\/giftcard-category?post=7242"}],"curies":[{"name":"wp","href":"https:\/\/api.w.org\/{rel}","templated":true}]}}