{"id":7124,"date":"2025-02-11T08:36:11","date_gmt":"2025-02-11T06:36:11","guid":{"rendered":"https:\/\/bitessiulai.lt\/?post_type=product&#038;p=7124"},"modified":"2026-02-18T21:18:19","modified_gmt":"2026-02-18T19:18:19","slug":"stenli-muffin-dots","status":"publish","type":"product","link":"https:\/\/bitessiulai.lt\/et\/toode\/stenli-muffin-dots\/","title":{"rendered":"Stanley muffini t\u00e4pid"},"content":{"rendered":"<p id=\"tw-target-text\" class=\"tw-data-text tw-text-large tw-ta\" dir=\"ltr\" data-placeholder=\"Vertimas\" data-ved=\"2ahUKEwjH05q2_LqLAxU4SPEDHcPmF2UQ3ewLegQIChAV\" aria-label=\"T\u00f5lgitud tekst: Muffin Dots on Muffini ja Baby Muffini variatsioon, mis koosneb v\u00e4ikestest pehmetest mahulisest kangapallidest. Alus on pehme kolmekihiline voolavate v\u00e4rvidega akr\u00fc\u00fcl, mis on paigutatud suurte vahedega ja pallid on puistatud nagu kommipulgad koogile. Ideaalne moodsaks kudumiseks kahel keskmise paksusega kudumisvardal. \u00dcks kook sisaldab 1160 m mitmekiulist l\u00f5nga kaaluga v\u00e4hemalt 550 g \/ 550\u2013600 g \/, millest piisab suure kampsuni, pluusi, laste teki, suure salli, keepi v\u00f5i teki kudumiseks. Soovitame kududa ripskoes v\u00f5i kududa l\u00e4bipaistmatute silmustega \u00fclekaalus, kui kudum on \u00f5huline, paistavad pallid sileda aluse taustal kergesti ja kaunilt silma. T\u00e4nu oma \u00e4\u00e4rmiselt pehmele struktuurile, \u00f5rnale puudutusele ja valmistoodete suurep\u00e4rastele soojusisolatsiooniomadustele on Muffin Dots suurep\u00e4rane valik moodsaks kudumiseks, pakkudes v\u00e4rvikat tulemust ja vastupidavust.\"><span class=\"Y2IQFc\" lang=\"lt\"><strong>Stanley muffini t\u00e4pid <\/strong>L\u00f5ng v\u00e4ikeste pehmete kangapallidega. Alus on pehme kolmekihiline voolavates v\u00e4rvides akr\u00fc\u00fcl, mis on paigutatud suurte vahedega ja puistatud pallidega nagu suhkrumullid koogil. Ideaalne moodsaks kudumiseks. Sobib kampsuni, pluusi, laste teki, suure salli, keepi, teki kudumiseks. T\u00e4nu oma \u00e4\u00e4rmiselt pehmele struktuurile, \u00f5rnale puudutusele ja suurep\u00e4rastele isoleerivatele omadustele. <strong>Muffin Dots<\/strong> on suurep\u00e4rane valik moodsaks kudumiseks, pakkudes v\u00e4rvikat tulemust ja vastupidavust.<\/span><\/p>","protected":false},"excerpt":{"rendered":"<p>Koostis: 70% akr\u00fc\u00fcl, 30% pol\u00fcester<\/p>\n<p>Kaal\/pikkus: 550 g = ligikaudu 1160 m.<\/p>\n<p>Soovitatav varda suurus: 5\u20137 mm.<\/p>","protected":false},"featured_media":7125,"comment_status":"open","ping_status":"closed","template":"","meta":[],"product_brand":[],"product_cat":[326,915,177,3558,328,173,174,175,1641],"product_tag":[],"giftcard-category":[],"class_list":{"0":"post-7124","1":"product","2":"type-product","3":"status-publish","4":"has-post-thumbnail","6":"product_cat-akrilas","7":"product_cat-dekoratyviniai-siulai","8":"product_cat-mezgimo-siulai","9":"product_cat-muffin-dots-stenli","10":"product_cat-poliesteris","11":"product_cat-siulai","12":"product_cat-siulu-gamintojai","13":"product_cat-siulu-pluostai","14":"product_cat-stenli","16":"first","17":"instock","18":"taxable","19":"shipping-taxable","20":"purchasable","21":"product-type-variable"},"_links":{"self":[{"href":"https:\/\/bitessiulai.lt\/et\/wp-json\/wp\/v2\/product\/7124","targetHints":{"allow":["GET"]}}],"collection":[{"href":"https:\/\/bitessiulai.lt\/et\/wp-json\/wp\/v2\/product"}],"about":[{"href":"https:\/\/bitessiulai.lt\/et\/wp-json\/wp\/v2\/types\/product"}],"replies":[{"embeddable":true,"href":"https:\/\/bitessiulai.lt\/et\/wp-json\/wp\/v2\/comments?post=7124"}],"version-history":[{"count":0,"href":"https:\/\/bitessiulai.lt\/et\/wp-json\/wp\/v2\/product\/7124\/revisions"}],"wp:featuredmedia":[{"embeddable":true,"href":"https:\/\/bitessiulai.lt\/et\/wp-json\/wp\/v2\/media\/7125"}],"wp:attachment":[{"href":"https:\/\/bitessiulai.lt\/et\/wp-json\/wp\/v2\/media?parent=7124"}],"wp:term":[{"taxonomy":"product_brand","embeddable":true,"href":"https:\/\/bitessiulai.lt\/et\/wp-json\/wp\/v2\/product_brand?post=7124"},{"taxonomy":"product_cat","embeddable":true,"href":"https:\/\/bitessiulai.lt\/et\/wp-json\/wp\/v2\/product_cat?post=7124"},{"taxonomy":"product_tag","embeddable":true,"href":"https:\/\/bitessiulai.lt\/et\/wp-json\/wp\/v2\/product_tag?post=7124"},{"taxonomy":"giftcard-category","embeddable":true,"href":"https:\/\/bitessiulai.lt\/et\/wp-json\/wp\/v2\/giftcard-category?post=7124"}],"curies":[{"name":"wp","href":"https:\/\/api.w.org\/{rel}","templated":true}]}}