{"id":7074,"date":"2025-02-10T18:10:26","date_gmt":"2025-02-10T16:10:26","guid":{"rendered":"https:\/\/bitessiulai.lt\/?post_type=product&#038;p=7074"},"modified":"2026-04-21T12:22:48","modified_gmt":"2026-04-21T09:22:48","slug":"stenli-rosi","status":"publish","type":"product","link":"https:\/\/bitessiulai.lt\/et\/toode\/stenli-rosi\/","title":{"rendered":"Stanley Rossi"},"content":{"rendered":"<p id=\"tw-target-text\" class=\"tw-data-text tw-text-large tw-ta\" dir=\"ltr\" data-placeholder=\"Vertimas\" data-ved=\"2ahUKEwjXjLT4ubmLAxWVVvEDHVH4JqUQ3ewLegQIChAV\" aria-label=\"T\u00f5lgitud tekst: ROSI l\u00f5ng on v\u00e4ga pehme ja \u00f5huke segu peenest villast moh\u00e4\u00e4rist ja pehmetest siidit\u00fckkidest, mis on valmistatud klassikalise Bulgaaria patenteeritud tehnoloogia abil, mis annab toodetele kerguse ja suurep\u00e4rased isoleerivad omadused. Soovitatav naiste- ja laster\u00f5ivaste, sallide, m\u00fctside, aksessuaaride ja kodutekstiilide kudumiseks. Parima tulemuse saavutamiseks kasutage sobiva suurusega kudumisvardad ja kuduge peamiselt tagurpidi pistetega. Nautige kudumist!\"><span class=\"Y2IQFc\" lang=\"lt\"> Stanley Rosi - l\u00f5ng on v\u00e4ga pehme ja \u00f5huke segu villast, moh\u00e4\u00e4rist ja pehmetest siidit\u00fckkidest. Bukleel\u00f5ng. Valmistatud Bulgaaria klassikalise patenteeritud tehnoloogia abil, mis annab toodetele kerguse. Soovitatav naiste- ja laster\u00f5ivaste, sallide, m\u00fctside, aksessuaaride ja kodutekstiilide kudumiseks. Parima tulemuse saavutamiseks kasutage \u00f5ige suurusega kudumisvardad ja valdavalt pahempidise silmusega kudumit. Head kudumist!<\/span><\/p>\n<p dir=\"ltr\" data-placeholder=\"Vertimas\" data-ved=\"2ahUKEwjXjLT4ubmLAxWVVvEDHVH4JqUQ3ewLegQIChAV\" aria-label=\"T\u00f5lgitud tekst: ROSI l\u00f5ng on v\u00e4ga pehme ja \u00f5huke segu peenest villast moh\u00e4\u00e4rist ja pehmetest siidit\u00fckkidest, mis on valmistatud klassikalise Bulgaaria patenteeritud tehnoloogia abil, mis annab toodetele kerguse ja suurep\u00e4rased isoleerivad omadused. Soovitatav naiste- ja laster\u00f5ivaste, sallide, m\u00fctside, aksessuaaride ja kodutekstiilide kudumiseks. Parima tulemuse saavutamiseks kasutage sobiva suurusega kudumisvardad ja kuduge peamiselt tagurpidi pistetega. Nautige kudumist!\">*Ekraanil kuvatavad v\u00e4rvid v\u00f5ivad tegelikust niidiv\u00e4rvist veidi erineda.<\/p>","protected":false},"excerpt":{"rendered":"<p>Koostis: 35% vill, 20% viskoos, 10% puuvill, 10% pol\u00fcester, 25% akr\u00fc\u00fcl<\/p>\n<p>Kaal\/pikkus: 100 g = umbes 350 m.<\/p>\n<p>Soovitatav varda suurus: 3\u20135 mm.<\/p>\n<p>&nbsp;<\/p>","protected":false},"featured_media":22200,"comment_status":"open","ping_status":"closed","template":"","meta":[],"product_brand":[],"product_cat":[326,652,177,328,3281,173,174,175,1641,410,337],"product_tag":[],"giftcard-category":[],"class_list":{"0":"post-7074","1":"product","2":"type-product","3":"status-publish","4":"has-post-thumbnail","6":"product_cat-akrilas","7":"product_cat-medvilne","8":"product_cat-mezgimo-siulai","9":"product_cat-poliesteris","10":"product_cat-rosi","11":"product_cat-siulai","12":"product_cat-siulu-gamintojai","13":"product_cat-siulu-pluostai","14":"product_cat-stenli","15":"product_cat-vilna","16":"product_cat-viskoze","18":"first","19":"instock","20":"taxable","21":"shipping-taxable","22":"purchasable","23":"product-type-variable"},"_links":{"self":[{"href":"https:\/\/bitessiulai.lt\/et\/wp-json\/wp\/v2\/product\/7074","targetHints":{"allow":["GET"]}}],"collection":[{"href":"https:\/\/bitessiulai.lt\/et\/wp-json\/wp\/v2\/product"}],"about":[{"href":"https:\/\/bitessiulai.lt\/et\/wp-json\/wp\/v2\/types\/product"}],"replies":[{"embeddable":true,"href":"https:\/\/bitessiulai.lt\/et\/wp-json\/wp\/v2\/comments?post=7074"}],"version-history":[{"count":2,"href":"https:\/\/bitessiulai.lt\/et\/wp-json\/wp\/v2\/product\/7074\/revisions"}],"predecessor-version":[{"id":25576,"href":"https:\/\/bitessiulai.lt\/et\/wp-json\/wp\/v2\/product\/7074\/revisions\/25576"}],"wp:featuredmedia":[{"embeddable":true,"href":"https:\/\/bitessiulai.lt\/et\/wp-json\/wp\/v2\/media\/22200"}],"wp:attachment":[{"href":"https:\/\/bitessiulai.lt\/et\/wp-json\/wp\/v2\/media?parent=7074"}],"wp:term":[{"taxonomy":"product_brand","embeddable":true,"href":"https:\/\/bitessiulai.lt\/et\/wp-json\/wp\/v2\/product_brand?post=7074"},{"taxonomy":"product_cat","embeddable":true,"href":"https:\/\/bitessiulai.lt\/et\/wp-json\/wp\/v2\/product_cat?post=7074"},{"taxonomy":"product_tag","embeddable":true,"href":"https:\/\/bitessiulai.lt\/et\/wp-json\/wp\/v2\/product_tag?post=7074"},{"taxonomy":"giftcard-category","embeddable":true,"href":"https:\/\/bitessiulai.lt\/et\/wp-json\/wp\/v2\/giftcard-category?post=7074"}],"curies":[{"name":"wp","href":"https:\/\/api.w.org\/{rel}","templated":true}]}}