{"id":7032,"date":"2025-02-09T16:58:17","date_gmt":"2025-02-09T14:58:17","guid":{"rendered":"https:\/\/bitessiulai.lt\/?post_type=product&#038;p=7032"},"modified":"2026-03-12T14:21:22","modified_gmt":"2026-03-12T12:21:22","slug":"knitpro-mindful-mezgimo-eiliu-skaiciuotuvas","status":"publish","type":"product","link":"https:\/\/bitessiulai.lt\/et\/toode\/knitpro-mindful-mezgimo-eiliu-skaiciuotuvas\/","title":{"rendered":"KnitPro Mindfulnessi kudumisrea kalkulaator"},"content":{"rendered":"<h6>KnitPro Mindfulnessi kudumisrea kalkulaator<\/h6>\n<p>&nbsp;<\/p>\n<ul>\n<li>Selgelt n\u00e4htavad numbrid<\/li>\n<li>\n<p id=\"tw-target-text\" class=\"tw-data-text tw-text-large tw-ta\" dir=\"ltr\" data-placeholder=\"Vertimas\" data-ved=\"2ahUKEwiF5Las6raLAxUenf0HHe5SBnYQ3ewLegQIBxAV\" aria-label=\"T\u00f5lgitud tekst: Selle KnitPro Clicky realoenduriga saate h\u00f5lpsalt j\u00e4lgida oma heegel- v\u00f5i kudumisprojekti ridu v\u00f5i silmuseid! Kahe k\u00fcljel oleva ketasnupu abil saab kahte loendurit eraldi seadistada. Kui t\u00f6\u00f6tate \u00fche rea kallal, kl\u00f5psake lihtsalt \u00fclaosas asuvat nuppu, et j\u00e4lgida t\u00f6\u00f6tatud ridu. KnitPro Clicky realoendur on roosa valgete t\u00e4ppidega ja selle m\u00f5\u00f5tmed on 40 x 37,5 mm. Tarnitakse 1 tk pakendis.\"><span class=\"Y2IQFc\" lang=\"lt\">Saate h\u00f5lpsalt j\u00e4lgida oma heegel- v\u00f5i kudumisprojekti ridu v\u00f5i silmuseid<\/span><\/p>\n<\/li>\n<li>Esitatakse puuvillases kotis<\/li>\n<\/ul>\n<p><img fetchpriority=\"high\" decoding=\"async\" class=\"alignnone size-medium wp-image-7036\" src=\"https:\/\/bitessiulai.lt\/wp-content\/uploads\/2025\/02\/k36648-6-300x300.webp\" alt=\"\" width=\"300\" height=\"300\" srcset=\"https:\/\/bitessiulai.lt\/wp-content\/uploads\/2025\/02\/k36648-6-300x300.webp 300w, https:\/\/bitessiulai.lt\/wp-content\/uploads\/2025\/02\/k36648-6-150x150.webp 150w, https:\/\/bitessiulai.lt\/wp-content\/uploads\/2025\/02\/k36648-6-12x12.webp 12w, https:\/\/bitessiulai.lt\/wp-content\/uploads\/2025\/02\/k36648-6-600x600.webp 600w, https:\/\/bitessiulai.lt\/wp-content\/uploads\/2025\/02\/k36648-6-96x96.webp 96w, https:\/\/bitessiulai.lt\/wp-content\/uploads\/2025\/02\/k36648-6.webp 700w\" sizes=\"(max-width: 300px) 100vw, 300px\" \/><\/p>\n<p>*Ekraanil n\u00e4htavad v\u00e4rvid v\u00f5ivad tegelikkusest veidi erineda.<\/p>","protected":false},"excerpt":{"rendered":"<p>KnitPro Mindful mezgimo eili\u0173 skai\u010diuotuvas &nbsp; Ai\u0161kiai matomi skai\u010diai Gal\u0117site lengvai sekti savo n\u0117rimo ar mezgimo projekto eilutes ar si\u016bles Pateiktas medvilniniame mai\u0161elyje *Ekrane matomos spalvos gali \u0161iek tiek skirtis nuo tikrosios spalvos.<\/p>","protected":false},"featured_media":7033,"comment_status":"open","ping_status":"closed","template":"","meta":[],"product_brand":[],"product_cat":[192,213],"product_tag":[],"giftcard-category":[],"class_list":{"0":"post-7032","1":"product","2":"type-product","3":"status-publish","4":"has-post-thumbnail","6":"product_cat-priedai-mezgimui","7":"product_cat-skaiciuotuvai","9":"first","10":"instock","11":"taxable","12":"shipping-taxable","13":"purchasable","14":"product-type-simple"},"_links":{"self":[{"href":"https:\/\/bitessiulai.lt\/et\/wp-json\/wp\/v2\/product\/7032","targetHints":{"allow":["GET"]}}],"collection":[{"href":"https:\/\/bitessiulai.lt\/et\/wp-json\/wp\/v2\/product"}],"about":[{"href":"https:\/\/bitessiulai.lt\/et\/wp-json\/wp\/v2\/types\/product"}],"replies":[{"embeddable":true,"href":"https:\/\/bitessiulai.lt\/et\/wp-json\/wp\/v2\/comments?post=7032"}],"version-history":[{"count":1,"href":"https:\/\/bitessiulai.lt\/et\/wp-json\/wp\/v2\/product\/7032\/revisions"}],"predecessor-version":[{"id":20406,"href":"https:\/\/bitessiulai.lt\/et\/wp-json\/wp\/v2\/product\/7032\/revisions\/20406"}],"wp:featuredmedia":[{"embeddable":true,"href":"https:\/\/bitessiulai.lt\/et\/wp-json\/wp\/v2\/media\/7033"}],"wp:attachment":[{"href":"https:\/\/bitessiulai.lt\/et\/wp-json\/wp\/v2\/media?parent=7032"}],"wp:term":[{"taxonomy":"product_brand","embeddable":true,"href":"https:\/\/bitessiulai.lt\/et\/wp-json\/wp\/v2\/product_brand?post=7032"},{"taxonomy":"product_cat","embeddable":true,"href":"https:\/\/bitessiulai.lt\/et\/wp-json\/wp\/v2\/product_cat?post=7032"},{"taxonomy":"product_tag","embeddable":true,"href":"https:\/\/bitessiulai.lt\/et\/wp-json\/wp\/v2\/product_tag?post=7032"},{"taxonomy":"giftcard-category","embeddable":true,"href":"https:\/\/bitessiulai.lt\/et\/wp-json\/wp\/v2\/giftcard-category?post=7032"}],"curies":[{"name":"wp","href":"https:\/\/api.w.org\/{rel}","templated":true}]}}