{"id":6892,"date":"2025-03-03T08:38:18","date_gmt":"2025-03-03T06:38:18","guid":{"rendered":"https:\/\/bitessiulai.lt\/?post_type=product&#038;p=6892"},"modified":"2026-04-27T13:33:54","modified_gmt":"2026-04-27T10:33:54","slug":"yarnart-summer-dream","status":"publish","type":"product","link":"https:\/\/bitessiulai.lt\/et\/toode\/yarnart-summer-dream\/","title":{"rendered":"YarnArt Suvine Unistus"},"content":{"rendered":"<p><strong>YarnArt Suvine Unistus<\/strong> \u2013 puuvilla ja viskoosniitide kombinatsioon, suurep\u00e4rane valik suvisteks projektideks. Tekstuur on puuvillasisalduse t\u00f5ttu \u00e4\u00e4rmiselt pehme, sobides nii kudumiseks kui ka heegeldamiseks, n\u00e4iteks kleitide, pluuside, seelikute, sallide ja aksessuaaride valmistamiseks. Ja viskoossisalduse t\u00f5ttu omandab niit kerge l\u00e4ike. Niitide kirjud v\u00e4rvid lisavad teie projektidele ainulaadsust.<\/p>\n<p><img fetchpriority=\"high\" decoding=\"async\" class=\"alignnone size-medium wp-image-6911\" src=\"https:\/\/bitessiulai.lt\/wp-content\/uploads\/2025\/01\/SUMMER_DREAM_1-300x300.jpg\" alt=\"\" width=\"300\" height=\"300\" srcset=\"https:\/\/bitessiulai.lt\/wp-content\/uploads\/2025\/01\/SUMMER_DREAM_1-300x300.jpg 300w, https:\/\/bitessiulai.lt\/wp-content\/uploads\/2025\/01\/SUMMER_DREAM_1-1024x1024.jpg 1024w, https:\/\/bitessiulai.lt\/wp-content\/uploads\/2025\/01\/SUMMER_DREAM_1-150x150.jpg 150w, https:\/\/bitessiulai.lt\/wp-content\/uploads\/2025\/01\/SUMMER_DREAM_1-768x768.jpg 768w, https:\/\/bitessiulai.lt\/wp-content\/uploads\/2025\/01\/SUMMER_DREAM_1-1536x1536.jpg 1536w, https:\/\/bitessiulai.lt\/wp-content\/uploads\/2025\/01\/SUMMER_DREAM_1-12x12.jpg 12w, https:\/\/bitessiulai.lt\/wp-content\/uploads\/2025\/01\/SUMMER_DREAM_1-600x600.jpg 600w, https:\/\/bitessiulai.lt\/wp-content\/uploads\/2025\/01\/SUMMER_DREAM_1-96x96.jpg 96w, https:\/\/bitessiulai.lt\/wp-content\/uploads\/2025\/01\/SUMMER_DREAM_1.jpg 2000w\" sizes=\"(max-width: 300px) 100vw, 300px\" \/> <img decoding=\"async\" class=\"alignnone size-medium wp-image-6912\" src=\"https:\/\/bitessiulai.lt\/wp-content\/uploads\/2025\/01\/SUMMER_DREAM_4308_orgu-600x600-1-300x300.jpg\" alt=\"\" width=\"300\" height=\"300\" srcset=\"https:\/\/bitessiulai.lt\/wp-content\/uploads\/2025\/01\/SUMMER_DREAM_4308_orgu-600x600-1-300x300.jpg 300w, https:\/\/bitessiulai.lt\/wp-content\/uploads\/2025\/01\/SUMMER_DREAM_4308_orgu-600x600-1-150x150.jpg 150w, https:\/\/bitessiulai.lt\/wp-content\/uploads\/2025\/01\/SUMMER_DREAM_4308_orgu-600x600-1-12x12.jpg 12w, https:\/\/bitessiulai.lt\/wp-content\/uploads\/2025\/01\/SUMMER_DREAM_4308_orgu-600x600-1-96x96.jpg 96w, https:\/\/bitessiulai.lt\/wp-content\/uploads\/2025\/01\/SUMMER_DREAM_4308_orgu-600x600-1.jpg 600w\" sizes=\"(max-width: 300px) 100vw, 300px\" \/><\/p>\n<p>*Ekraanil kuvatavad v\u00e4rvid v\u00f5ivad tegelikust niidiv\u00e4rvist veidi erineda.<\/p>","protected":false},"excerpt":{"rendered":"<p>Koostis: 70% puuvill, 30% viskoos<\/p>\n<p>Kaal\/pikkus: 100 g = umbes 350 m.<\/p>\n<p>Soovitatav varda suurus: 3,5 mm.<\/p>\n<p>Soovitatav varda suurus: 3 mm.<\/p>","protected":false},"featured_media":9142,"comment_status":"open","ping_status":"closed","template":"","meta":[],"product_brand":[],"product_cat":[652,177,178,173,174,175,3302,337,255],"product_tag":[],"giftcard-category":[],"class_list":{"0":"post-6892","1":"product","2":"type-product","3":"status-publish","4":"has-post-thumbnail","6":"product_cat-medvilne","7":"product_cat-mezgimo-siulai","8":"product_cat-nerimo-siulai","9":"product_cat-siulai","10":"product_cat-siulu-gamintojai","11":"product_cat-siulu-pluostai","12":"product_cat-summer-dream","13":"product_cat-viskoze","14":"product_cat-yarnart","16":"first","17":"instock","18":"taxable","19":"shipping-taxable","20":"purchasable","21":"product-type-variable"},"_links":{"self":[{"href":"https:\/\/bitessiulai.lt\/et\/wp-json\/wp\/v2\/product\/6892","targetHints":{"allow":["GET"]}}],"collection":[{"href":"https:\/\/bitessiulai.lt\/et\/wp-json\/wp\/v2\/product"}],"about":[{"href":"https:\/\/bitessiulai.lt\/et\/wp-json\/wp\/v2\/types\/product"}],"replies":[{"embeddable":true,"href":"https:\/\/bitessiulai.lt\/et\/wp-json\/wp\/v2\/comments?post=6892"}],"version-history":[{"count":1,"href":"https:\/\/bitessiulai.lt\/et\/wp-json\/wp\/v2\/product\/6892\/revisions"}],"predecessor-version":[{"id":20386,"href":"https:\/\/bitessiulai.lt\/et\/wp-json\/wp\/v2\/product\/6892\/revisions\/20386"}],"wp:featuredmedia":[{"embeddable":true,"href":"https:\/\/bitessiulai.lt\/et\/wp-json\/wp\/v2\/media\/9142"}],"wp:attachment":[{"href":"https:\/\/bitessiulai.lt\/et\/wp-json\/wp\/v2\/media?parent=6892"}],"wp:term":[{"taxonomy":"product_brand","embeddable":true,"href":"https:\/\/bitessiulai.lt\/et\/wp-json\/wp\/v2\/product_brand?post=6892"},{"taxonomy":"product_cat","embeddable":true,"href":"https:\/\/bitessiulai.lt\/et\/wp-json\/wp\/v2\/product_cat?post=6892"},{"taxonomy":"product_tag","embeddable":true,"href":"https:\/\/bitessiulai.lt\/et\/wp-json\/wp\/v2\/product_tag?post=6892"},{"taxonomy":"giftcard-category","embeddable":true,"href":"https:\/\/bitessiulai.lt\/et\/wp-json\/wp\/v2\/giftcard-category?post=6892"}],"curies":[{"name":"wp","href":"https:\/\/api.w.org\/{rel}","templated":true}]}}