{"id":6522,"date":"2025-03-03T08:39:55","date_gmt":"2025-03-03T06:39:55","guid":{"rendered":"https:\/\/bitessiulai.lt\/?post_type=product&#038;p=6522"},"modified":"2026-04-13T20:55:41","modified_gmt":"2026-04-13T17:55:41","slug":"yarnart-baby-cotton-multicorol","status":"publish","type":"product","link":"https:\/\/bitessiulai.lt\/et\/toode\/yarnart-baby-cotton-multicorol\/","title":{"rendered":"YarnArt Baby Cotton mitmev\u00e4rviline"},"content":{"rendered":"<p id=\"tw-target-text\" class=\"tw-data-text tw-text-large tw-ta\" dir=\"ltr\" data-placeholder=\"Vertimas\" data-ved=\"2ahUKEwiHjZC-rJuLAxVwBNsEHfxWIM4Q3ewLegQICBAV\" aria-label=\"T\u00f5lgitud tekst: Tutvuge YarnArt Baby Cotton Multicoloriga, kauni akr\u00fc\u00fcl-\/puuvillase neljakordse l\u00f5ngaga, mis \u00fchendab endas puuvilla pehmuse ja akr\u00fc\u00fcli vastupidavuse. See imeilus l\u00f5ng on hoolikalt valmistatud, et olla teie pisikeste vastu \u00f5rn, mist\u00f5ttu sobib see ideaalselt hubaste beebikudumite ja armsate amigurumi m\u00e4nguasjade jaoks.\"><span class=\"Y2IQFc\" lang=\"lt\"><strong>YarnArt Baby Cotton mitmev\u00e4rviline<\/strong>\u00a0\u2013 imeline akr\u00fc\u00fcli ja puuvilla segu, mis \u00fchendab endas puuvilla pehmuse ja akr\u00fc\u00fcli vastupidavuse. See l\u00f5ng sobib ideaalselt hubaste beebikudumite ja armsate m\u00e4nguasjade jaoks.<\/span><\/p>\n<p id=\"tw-target-text\" class=\"tw-data-text tw-text-large tw-ta\" dir=\"ltr\" data-placeholder=\"Vertimas\" data-ved=\"2ahUKEwiHjZC-rJuLAxVwBNsEHfxWIM4Q3ewLegQICBAV\" aria-label=\"T\u00f5lgitud tekst: See l\u00f5ng on valmistatud 50 % akr\u00fc\u00fcli ja 50 % puuvilla harmoonilisest segust, pakkudes parimat m\u00f5lemast maailmast. Akr\u00fc\u00fcl tagab vastupidavuse ja elastsuse, puuvill aga annab teie k\u00e4sit\u00f6\u00f6na valminud loomingule loomuliku ja hingava tunde. Tulemuseks on l\u00f5ng, mis mitte ainult ei n\u00e4e vapustav v\u00e4lja, vaid on ka naha vastas uskumatult pehme.\"><span class=\"Y2IQFc\" lang=\"lt\">See l\u00f5ng on valmistatud 50 % akr\u00fc\u00fcli ja 50 % puuvilla harmoonilisest segust. Akr\u00fc\u00fcl annab vastupidavuse ja elastsuse, puuvill aga annab teie k\u00e4sit\u00f6\u00f6na valminud t\u00f6\u00f6dele loomuliku ja hingava tunde. Niidid, mis mitte ainult ei n\u00e4e vapustavad v\u00e4lja, vaid on ka naha vastas uskumatult pehmed.<\/span><\/p>\n<p dir=\"ltr\" data-placeholder=\"Vertimas\" data-ved=\"2ahUKEwiHjZC-rJuLAxVwBNsEHfxWIM4Q3ewLegQICBAV\" aria-label=\"T\u00f5lgitud tekst: See l\u00f5ng on valmistatud 50 % akr\u00fc\u00fcli ja 50 % puuvilla harmoonilisest segust, pakkudes parimat m\u00f5lemast maailmast. Akr\u00fc\u00fcl tagab vastupidavuse ja elastsuse, puuvill aga annab teie k\u00e4sit\u00f6\u00f6na valminud loomingule loomuliku ja hingava tunde. Tulemuseks on l\u00f5ng, mis mitte ainult ei n\u00e4e vapustav v\u00e4lja, vaid on ka naha vastas uskumatult pehme.\"><img fetchpriority=\"high\" decoding=\"async\" class=\"alignnone size-medium wp-image-6524\" src=\"https:\/\/bitessiulai.lt\/wp-content\/uploads\/2025\/01\/BABYCOTTON_MULTICOLOR-300x300.jpg\" alt=\"\" width=\"300\" height=\"300\" srcset=\"https:\/\/bitessiulai.lt\/wp-content\/uploads\/2025\/01\/BABYCOTTON_MULTICOLOR-300x300.jpg 300w, https:\/\/bitessiulai.lt\/wp-content\/uploads\/2025\/01\/BABYCOTTON_MULTICOLOR-150x150.jpg 150w, https:\/\/bitessiulai.lt\/wp-content\/uploads\/2025\/01\/BABYCOTTON_MULTICOLOR-768x768.jpg 768w, https:\/\/bitessiulai.lt\/wp-content\/uploads\/2025\/01\/BABYCOTTON_MULTICOLOR-12x12.jpg 12w, https:\/\/bitessiulai.lt\/wp-content\/uploads\/2025\/01\/BABYCOTTON_MULTICOLOR-600x600.jpg 600w, https:\/\/bitessiulai.lt\/wp-content\/uploads\/2025\/01\/BABYCOTTON_MULTICOLOR-96x96.jpg 96w, https:\/\/bitessiulai.lt\/wp-content\/uploads\/2025\/01\/BABYCOTTON_MULTICOLOR.jpg 1000w\" sizes=\"(max-width: 300px) 100vw, 300px\" \/> <img decoding=\"async\" class=\"alignnone size-medium wp-image-6525\" src=\"https:\/\/bitessiulai.lt\/wp-content\/uploads\/2025\/01\/BABYCOTTONMULTI_Yarnart6042_SITE-600x600-1-300x300.jpg\" alt=\"\" width=\"300\" height=\"300\" srcset=\"https:\/\/bitessiulai.lt\/wp-content\/uploads\/2025\/01\/BABYCOTTONMULTI_Yarnart6042_SITE-600x600-1-300x300.jpg 300w, https:\/\/bitessiulai.lt\/wp-content\/uploads\/2025\/01\/BABYCOTTONMULTI_Yarnart6042_SITE-600x600-1-150x150.jpg 150w, https:\/\/bitessiulai.lt\/wp-content\/uploads\/2025\/01\/BABYCOTTONMULTI_Yarnart6042_SITE-600x600-1-12x12.jpg 12w, https:\/\/bitessiulai.lt\/wp-content\/uploads\/2025\/01\/BABYCOTTONMULTI_Yarnart6042_SITE-600x600-1-96x96.jpg 96w, https:\/\/bitessiulai.lt\/wp-content\/uploads\/2025\/01\/BABYCOTTONMULTI_Yarnart6042_SITE-600x600-1.jpg 600w\" sizes=\"(max-width: 300px) 100vw, 300px\" \/><\/p>\n<p dir=\"ltr\" data-placeholder=\"Vertimas\" data-ved=\"2ahUKEwiHjZC-rJuLAxVwBNsEHfxWIM4Q3ewLegQICBAV\" aria-label=\"T\u00f5lgitud tekst: See l\u00f5ng on valmistatud 50 % akr\u00fc\u00fcli ja 50 % puuvilla harmoonilisest segust, pakkudes parimat m\u00f5lemast maailmast. Akr\u00fc\u00fcl tagab vastupidavuse ja elastsuse, puuvill aga annab teie k\u00e4sit\u00f6\u00f6na valminud loomingule loomuliku ja hingava tunde. Tulemuseks on l\u00f5ng, mis mitte ainult ei n\u00e4e vapustav v\u00e4lja, vaid on ka naha vastas uskumatult pehme.\">*Ekraanil kuvatavad v\u00e4rvid v\u00f5ivad tegelikust niidiv\u00e4rvist veidi erineda.<\/p>","protected":false},"excerpt":{"rendered":"<p>Koostis: 50% akr\u00fc\u00fcl, 50% puuvill<\/p>\n<p>Kaal\/pikkus: 50 g = umbes 165 m.<\/p>\n<p>Soovitatav varda suurus: 3 mm.<\/p>\n<p>Soovitatav varda suurus: 3 mm.<\/p>","protected":false},"featured_media":6523,"comment_status":"open","ping_status":"closed","template":"","meta":[],"product_brand":[],"product_cat":[326,3330,652,177,178,173,174,175,255],"product_tag":[],"giftcard-category":[],"class_list":{"0":"post-6522","1":"product","2":"type-product","3":"status-publish","4":"has-post-thumbnail","6":"product_cat-akrilas","7":"product_cat-baby-cotton-multicorol","8":"product_cat-medvilne","9":"product_cat-mezgimo-siulai","10":"product_cat-nerimo-siulai","11":"product_cat-siulai","12":"product_cat-siulu-gamintojai","13":"product_cat-siulu-pluostai","14":"product_cat-yarnart","16":"first","17":"instock","18":"taxable","19":"shipping-taxable","20":"purchasable","21":"product-type-variable"},"_links":{"self":[{"href":"https:\/\/bitessiulai.lt\/et\/wp-json\/wp\/v2\/product\/6522","targetHints":{"allow":["GET"]}}],"collection":[{"href":"https:\/\/bitessiulai.lt\/et\/wp-json\/wp\/v2\/product"}],"about":[{"href":"https:\/\/bitessiulai.lt\/et\/wp-json\/wp\/v2\/types\/product"}],"replies":[{"embeddable":true,"href":"https:\/\/bitessiulai.lt\/et\/wp-json\/wp\/v2\/comments?post=6522"}],"version-history":[{"count":1,"href":"https:\/\/bitessiulai.lt\/et\/wp-json\/wp\/v2\/product\/6522\/revisions"}],"predecessor-version":[{"id":23868,"href":"https:\/\/bitessiulai.lt\/et\/wp-json\/wp\/v2\/product\/6522\/revisions\/23868"}],"wp:featuredmedia":[{"embeddable":true,"href":"https:\/\/bitessiulai.lt\/et\/wp-json\/wp\/v2\/media\/6523"}],"wp:attachment":[{"href":"https:\/\/bitessiulai.lt\/et\/wp-json\/wp\/v2\/media?parent=6522"}],"wp:term":[{"taxonomy":"product_brand","embeddable":true,"href":"https:\/\/bitessiulai.lt\/et\/wp-json\/wp\/v2\/product_brand?post=6522"},{"taxonomy":"product_cat","embeddable":true,"href":"https:\/\/bitessiulai.lt\/et\/wp-json\/wp\/v2\/product_cat?post=6522"},{"taxonomy":"product_tag","embeddable":true,"href":"https:\/\/bitessiulai.lt\/et\/wp-json\/wp\/v2\/product_tag?post=6522"},{"taxonomy":"giftcard-category","embeddable":true,"href":"https:\/\/bitessiulai.lt\/et\/wp-json\/wp\/v2\/giftcard-category?post=6522"}],"curies":[{"name":"wp","href":"https:\/\/api.w.org\/{rel}","templated":true}]}}