{"id":6428,"date":"2025-03-03T08:47:17","date_gmt":"2025-03-03T06:47:17","guid":{"rendered":"https:\/\/bitessiulai.lt\/?post_type=product&#038;p=6428"},"modified":"2026-05-11T17:07:51","modified_gmt":"2026-05-11T14:07:51","slug":"yarnart-jeans","status":"publish","type":"product","link":"https:\/\/bitessiulai.lt\/et\/toode\/yarnart-jeans\/","title":{"rendered":"YarnArt teksad"},"content":{"rendered":"<p id=\"tw-target-text\" class=\"tw-data-text tw-text-large tw-ta\" dir=\"ltr\" data-placeholder=\"Vertimas\" data-ved=\"2ahUKEwiHjZC-rJuLAxVwBNsEHfxWIM4Q3ewLegQICBAV\" aria-label=\"T\u00f5lgitud tekst: YarnArt Jeans on \u00fcks populaarsemaid l\u00f5ngu k\u00f5igi k\u00e4sit\u00f6\u00f6liste seas, millel on lai v\u00e4rvivalik, mis pakub samaaegselt nii pastelseid kui ka erksaid toone. T\u00e4nu oma tekstuurile ja puuvillasisaldusele sobib see k\u00f5ikidele beebiriietele ja amigurumi kudumiseks. Jeansil on sile struktuur, nii et sellega saab kududa suurep\u00e4raseid suvetooteid. See sobib ka tikkimiseks augustajaga.\"><span class=\"Y2IQFc\" lang=\"lt\"><strong>YarnArt teksad<\/strong> \u2013 \u00fcks k\u00e4sit\u00f6\u00f6liste armastatumaid l\u00f5ngu, millel on lai v\u00e4rvivalik pastelltoonidest kuni erksaimate toonideni. T\u00e4nu oma tekstuurile ja puuvillasisaldusele sobib see k\u00f5ikidele beebiriietele. Sellel on sile struktuur, nii et saate kududa suurep\u00e4raseid suviseid tooteid.\u00a0<\/span><\/p>\n<p dir=\"ltr\" data-placeholder=\"Vertimas\" data-ved=\"2ahUKEwiHjZC-rJuLAxVwBNsEHfxWIM4Q3ewLegQICBAV\" aria-label=\"T\u00f5lgitud tekst: YarnArt Jeans on \u00fcks populaarsemaid l\u00f5ngu k\u00f5igi k\u00e4sit\u00f6\u00f6liste seas, millel on lai v\u00e4rvivalik, mis pakub samaaegselt nii pastelseid kui ka erksaid toone. T\u00e4nu oma tekstuurile ja puuvillasisaldusele sobib see k\u00f5ikidele beebiriietele ja amigurumi kudumiseks. Jeansil on sile struktuur, nii et sellega saab kududa suurep\u00e4raseid suvetooteid. See sobib ka tikkimiseks augustajaga.\"><img fetchpriority=\"high\" decoding=\"async\" class=\"alignnone size-medium wp-image-6430\" src=\"https:\/\/bitessiulai.lt\/wp-content\/uploads\/2025\/01\/Jeans_20233321-300x300.jpg\" alt=\"\" width=\"300\" height=\"300\" srcset=\"https:\/\/bitessiulai.lt\/wp-content\/uploads\/2025\/01\/Jeans_20233321-300x300.jpg 300w, https:\/\/bitessiulai.lt\/wp-content\/uploads\/2025\/01\/Jeans_20233321-1024x1024.jpg 1024w, https:\/\/bitessiulai.lt\/wp-content\/uploads\/2025\/01\/Jeans_20233321-150x150.jpg 150w, https:\/\/bitessiulai.lt\/wp-content\/uploads\/2025\/01\/Jeans_20233321-768x768.jpg 768w, https:\/\/bitessiulai.lt\/wp-content\/uploads\/2025\/01\/Jeans_20233321-1536x1536.jpg 1536w, https:\/\/bitessiulai.lt\/wp-content\/uploads\/2025\/01\/Jeans_20233321-12x12.jpg 12w, https:\/\/bitessiulai.lt\/wp-content\/uploads\/2025\/01\/Jeans_20233321-600x600.jpg 600w, https:\/\/bitessiulai.lt\/wp-content\/uploads\/2025\/01\/Jeans_20233321-96x96.jpg 96w, https:\/\/bitessiulai.lt\/wp-content\/uploads\/2025\/01\/Jeans_20233321.jpg 2000w\" sizes=\"(max-width: 300px) 100vw, 300px\" \/> <img decoding=\"async\" class=\"alignnone size-medium wp-image-6431\" src=\"https:\/\/bitessiulai.lt\/wp-content\/uploads\/2025\/01\/Jeans_20233662-300x300.jpg\" alt=\"\" width=\"300\" height=\"300\" srcset=\"https:\/\/bitessiulai.lt\/wp-content\/uploads\/2025\/01\/Jeans_20233662-300x300.jpg 300w, https:\/\/bitessiulai.lt\/wp-content\/uploads\/2025\/01\/Jeans_20233662-1024x1024.jpg 1024w, https:\/\/bitessiulai.lt\/wp-content\/uploads\/2025\/01\/Jeans_20233662-150x150.jpg 150w, https:\/\/bitessiulai.lt\/wp-content\/uploads\/2025\/01\/Jeans_20233662-768x768.jpg 768w, https:\/\/bitessiulai.lt\/wp-content\/uploads\/2025\/01\/Jeans_20233662-1536x1536.jpg 1536w, https:\/\/bitessiulai.lt\/wp-content\/uploads\/2025\/01\/Jeans_20233662-12x12.jpg 12w, https:\/\/bitessiulai.lt\/wp-content\/uploads\/2025\/01\/Jeans_20233662-600x600.jpg 600w, https:\/\/bitessiulai.lt\/wp-content\/uploads\/2025\/01\/Jeans_20233662-96x96.jpg 96w, https:\/\/bitessiulai.lt\/wp-content\/uploads\/2025\/01\/Jeans_20233662.jpg 2000w\" sizes=\"(max-width: 300px) 100vw, 300px\" \/> <img decoding=\"async\" class=\"alignnone size-medium wp-image-6432\" src=\"https:\/\/bitessiulai.lt\/wp-content\/uploads\/2025\/01\/Jeans_Yarnart_242584-300x300.jpg\" alt=\"\" width=\"300\" height=\"300\" srcset=\"https:\/\/bitessiulai.lt\/wp-content\/uploads\/2025\/01\/Jeans_Yarnart_242584-300x300.jpg 300w, https:\/\/bitessiulai.lt\/wp-content\/uploads\/2025\/01\/Jeans_Yarnart_242584-1024x1024.jpg 1024w, https:\/\/bitessiulai.lt\/wp-content\/uploads\/2025\/01\/Jeans_Yarnart_242584-150x150.jpg 150w, https:\/\/bitessiulai.lt\/wp-content\/uploads\/2025\/01\/Jeans_Yarnart_242584-768x768.jpg 768w, https:\/\/bitessiulai.lt\/wp-content\/uploads\/2025\/01\/Jeans_Yarnart_242584-1536x1536.jpg 1536w, https:\/\/bitessiulai.lt\/wp-content\/uploads\/2025\/01\/Jeans_Yarnart_242584-12x12.jpg 12w, https:\/\/bitessiulai.lt\/wp-content\/uploads\/2025\/01\/Jeans_Yarnart_242584-600x600.jpg 600w, https:\/\/bitessiulai.lt\/wp-content\/uploads\/2025\/01\/Jeans_Yarnart_242584-96x96.jpg 96w, https:\/\/bitessiulai.lt\/wp-content\/uploads\/2025\/01\/Jeans_Yarnart_242584.jpg 2000w\" sizes=\"(max-width: 300px) 100vw, 300px\" \/> <img loading=\"lazy\" decoding=\"async\" class=\"alignnone size-medium wp-image-6433\" src=\"https:\/\/bitessiulai.lt\/wp-content\/uploads\/2025\/01\/Jeans_Yarnart_243015-300x300.jpg\" alt=\"\" width=\"300\" height=\"300\" srcset=\"https:\/\/bitessiulai.lt\/wp-content\/uploads\/2025\/01\/Jeans_Yarnart_243015-300x300.jpg 300w, https:\/\/bitessiulai.lt\/wp-content\/uploads\/2025\/01\/Jeans_Yarnart_243015-1024x1024.jpg 1024w, https:\/\/bitessiulai.lt\/wp-content\/uploads\/2025\/01\/Jeans_Yarnart_243015-150x150.jpg 150w, https:\/\/bitessiulai.lt\/wp-content\/uploads\/2025\/01\/Jeans_Yarnart_243015-768x768.jpg 768w, https:\/\/bitessiulai.lt\/wp-content\/uploads\/2025\/01\/Jeans_Yarnart_243015-1536x1536.jpg 1536w, https:\/\/bitessiulai.lt\/wp-content\/uploads\/2025\/01\/Jeans_Yarnart_243015-12x12.jpg 12w, https:\/\/bitessiulai.lt\/wp-content\/uploads\/2025\/01\/Jeans_Yarnart_243015-600x600.jpg 600w, https:\/\/bitessiulai.lt\/wp-content\/uploads\/2025\/01\/Jeans_Yarnart_243015-96x96.jpg 96w, https:\/\/bitessiulai.lt\/wp-content\/uploads\/2025\/01\/Jeans_Yarnart_243015.jpg 2000w\" sizes=\"(max-width: 300px) 100vw, 300px\" \/> <img loading=\"lazy\" decoding=\"async\" class=\"alignnone size-medium wp-image-6434\" src=\"https:\/\/bitessiulai.lt\/wp-content\/uploads\/2025\/01\/Jeans_Yarnart_243354-600x600-1-300x300.jpg\" alt=\"\" width=\"300\" height=\"300\" srcset=\"https:\/\/bitessiulai.lt\/wp-content\/uploads\/2025\/01\/Jeans_Yarnart_243354-600x600-1-300x300.jpg 300w, https:\/\/bitessiulai.lt\/wp-content\/uploads\/2025\/01\/Jeans_Yarnart_243354-600x600-1-150x150.jpg 150w, https:\/\/bitessiulai.lt\/wp-content\/uploads\/2025\/01\/Jeans_Yarnart_243354-600x600-1-12x12.jpg 12w, https:\/\/bitessiulai.lt\/wp-content\/uploads\/2025\/01\/Jeans_Yarnart_243354-600x600-1-96x96.jpg 96w, https:\/\/bitessiulai.lt\/wp-content\/uploads\/2025\/01\/Jeans_Yarnart_243354-600x600-1.jpg 600w\" sizes=\"(max-width: 300px) 100vw, 300px\" \/> <img loading=\"lazy\" decoding=\"async\" class=\"alignnone size-medium wp-image-6435\" src=\"https:\/\/bitessiulai.lt\/wp-content\/uploads\/2025\/01\/JEANS_Yarnart5813_SITE-300x300.jpg\" alt=\"\" width=\"300\" height=\"300\" srcset=\"https:\/\/bitessiulai.lt\/wp-content\/uploads\/2025\/01\/JEANS_Yarnart5813_SITE-300x300.jpg 300w, https:\/\/bitessiulai.lt\/wp-content\/uploads\/2025\/01\/JEANS_Yarnart5813_SITE-1024x1024.jpg 1024w, https:\/\/bitessiulai.lt\/wp-content\/uploads\/2025\/01\/JEANS_Yarnart5813_SITE-150x150.jpg 150w, https:\/\/bitessiulai.lt\/wp-content\/uploads\/2025\/01\/JEANS_Yarnart5813_SITE-768x768.jpg 768w, https:\/\/bitessiulai.lt\/wp-content\/uploads\/2025\/01\/JEANS_Yarnart5813_SITE-1536x1536.jpg 1536w, https:\/\/bitessiulai.lt\/wp-content\/uploads\/2025\/01\/JEANS_Yarnart5813_SITE-12x12.jpg 12w, https:\/\/bitessiulai.lt\/wp-content\/uploads\/2025\/01\/JEANS_Yarnart5813_SITE-600x600.jpg 600w, https:\/\/bitessiulai.lt\/wp-content\/uploads\/2025\/01\/JEANS_Yarnart5813_SITE-96x96.jpg 96w, https:\/\/bitessiulai.lt\/wp-content\/uploads\/2025\/01\/JEANS_Yarnart5813_SITE.jpg 2000w\" sizes=\"(max-width: 300px) 100vw, 300px\" \/><\/p>\n<p dir=\"ltr\" data-placeholder=\"Vertimas\" data-ved=\"2ahUKEwiHjZC-rJuLAxVwBNsEHfxWIM4Q3ewLegQICBAV\" aria-label=\"T\u00f5lgitud tekst: YarnArt Jeans on \u00fcks populaarsemaid l\u00f5ngu k\u00f5igi k\u00e4sit\u00f6\u00f6liste seas, millel on lai v\u00e4rvivalik, mis pakub samaaegselt nii pastelseid kui ka erksaid toone. T\u00e4nu oma tekstuurile ja puuvillasisaldusele sobib see k\u00f5ikidele beebiriietele ja amigurumi kudumiseks. Jeansil on sile struktuur, nii et sellega saab kududa suurep\u00e4raseid suvetooteid. See sobib ka tikkimiseks augustajaga.\">*Ekraanil kuvatavad v\u00e4rvid v\u00f5ivad tegelikust niidiv\u00e4rvist veidi erineda.<\/p>","protected":false},"excerpt":{"rendered":"<p>Sud\u0117tis: 55% medviln\u0117, 45% akrilas<\/p>\n<p>Kaal\/pikkus: 50 g = umbes 160 m.<\/p>\n<p>Soovitatav varda suurus: 3,5 mm.<\/p>\n<p>Soovitatav varda suurus: 3,5 mm.<\/p>","protected":false},"featured_media":9091,"comment_status":"open","ping_status":"closed","template":"","meta":[],"product_brand":[],"product_cat":[15,326,3315,652,177,178,173,174,175,255],"product_tag":[],"giftcard-category":[],"class_list":{"0":"post-6428","1":"product","2":"type-product","3":"status-publish","4":"has-post-thumbnail","6":"product_cat-be-kategorijos","7":"product_cat-akrilas","8":"product_cat-jeans","9":"product_cat-medvilne","10":"product_cat-mezgimo-siulai","11":"product_cat-nerimo-siulai","12":"product_cat-siulai","13":"product_cat-siulu-gamintojai","14":"product_cat-siulu-pluostai","15":"product_cat-yarnart","17":"first","18":"instock","19":"taxable","20":"shipping-taxable","21":"purchasable","22":"product-type-variable"},"_links":{"self":[{"href":"https:\/\/bitessiulai.lt\/et\/wp-json\/wp\/v2\/product\/6428","targetHints":{"allow":["GET"]}}],"collection":[{"href":"https:\/\/bitessiulai.lt\/et\/wp-json\/wp\/v2\/product"}],"about":[{"href":"https:\/\/bitessiulai.lt\/et\/wp-json\/wp\/v2\/types\/product"}],"replies":[{"embeddable":true,"href":"https:\/\/bitessiulai.lt\/et\/wp-json\/wp\/v2\/comments?post=6428"}],"version-history":[{"count":1,"href":"https:\/\/bitessiulai.lt\/et\/wp-json\/wp\/v2\/product\/6428\/revisions"}],"predecessor-version":[{"id":23706,"href":"https:\/\/bitessiulai.lt\/et\/wp-json\/wp\/v2\/product\/6428\/revisions\/23706"}],"wp:featuredmedia":[{"embeddable":true,"href":"https:\/\/bitessiulai.lt\/et\/wp-json\/wp\/v2\/media\/9091"}],"wp:attachment":[{"href":"https:\/\/bitessiulai.lt\/et\/wp-json\/wp\/v2\/media?parent=6428"}],"wp:term":[{"taxonomy":"product_brand","embeddable":true,"href":"https:\/\/bitessiulai.lt\/et\/wp-json\/wp\/v2\/product_brand?post=6428"},{"taxonomy":"product_cat","embeddable":true,"href":"https:\/\/bitessiulai.lt\/et\/wp-json\/wp\/v2\/product_cat?post=6428"},{"taxonomy":"product_tag","embeddable":true,"href":"https:\/\/bitessiulai.lt\/et\/wp-json\/wp\/v2\/product_tag?post=6428"},{"taxonomy":"giftcard-category","embeddable":true,"href":"https:\/\/bitessiulai.lt\/et\/wp-json\/wp\/v2\/giftcard-category?post=6428"}],"curies":[{"name":"wp","href":"https:\/\/api.w.org\/{rel}","templated":true}]}}