{"id":6077,"date":"2025-02-16T08:59:36","date_gmt":"2025-02-16T06:59:36","guid":{"rendered":"https:\/\/bitessiulai.lt\/?post_type=product&#038;p=6077"},"modified":"2026-03-20T18:37:10","modified_gmt":"2026-03-20T16:37:10","slug":"drops-alpaca-boucle","status":"publish","type":"product","link":"https:\/\/bitessiulai.lt\/et\/toode\/drops-alpaca-boucle\/","title":{"rendered":"Drops Alpaca Boucle l\u00f5ng"},"content":{"rendered":"<p><strong>DROPS Alpaca Boucl\u00e9 l\u00f5ng<\/strong> See on kaunis l\u00f5ng, mis on kedratud k\u00f5rgeima kvaliteediga alpakavillast. L\u00f5ng on kedratud kahest v\u00e4ga \u00f5hukesest alpakavillast, mille s\u00fcdamik koosneb villast ja pol\u00fcamiidist, mis annab l\u00f5ngale tugevuse. Selle looduslikud kiud on t\u00f6\u00f6tlemata, mis t\u00e4hendab, et neid enne v\u00e4rvimist ainult pestakse ja ei t\u00f6\u00f6delda keemiliselt. See toob esile kiu looduslikud omadused ning annab sellele parema kuju ja tekstuuri.<\/p>\n<p><strong>&quot;Boucl\u00e9&quot;<\/strong> on prantsuse keeles aas ja viitab puhta alpaka v\u00e4ikestele aasadele, mis annavad l\u00f5ngale iseloomuliku v\u00e4limuse ja suurendavad kiu pehmust. DROPS Alpaca Boucl\u00e9 l\u00f5ngast kootud esemed on kerged ja v\u00e4ga kohevad.<\/p>\n<p><img fetchpriority=\"high\" decoding=\"async\" class=\"alignnone size-medium wp-image-6088\" src=\"https:\/\/bitessiulai.lt\/wp-content\/uploads\/2025\/01\/474868195_588004587366408_2504525864015570515_n-246x300.jpg\" alt=\"\" width=\"246\" height=\"300\" srcset=\"https:\/\/bitessiulai.lt\/wp-content\/uploads\/2025\/01\/474868195_588004587366408_2504525864015570515_n-246x300.jpg 246w, https:\/\/bitessiulai.lt\/wp-content\/uploads\/2025\/01\/474868195_588004587366408_2504525864015570515_n-841x1024.jpg 841w, https:\/\/bitessiulai.lt\/wp-content\/uploads\/2025\/01\/474868195_588004587366408_2504525864015570515_n-768x935.jpg 768w, https:\/\/bitessiulai.lt\/wp-content\/uploads\/2025\/01\/474868195_588004587366408_2504525864015570515_n-1262x1536.jpg 1262w, https:\/\/bitessiulai.lt\/wp-content\/uploads\/2025\/01\/474868195_588004587366408_2504525864015570515_n-10x12.jpg 10w, https:\/\/bitessiulai.lt\/wp-content\/uploads\/2025\/01\/474868195_588004587366408_2504525864015570515_n-600x730.jpg 600w, https:\/\/bitessiulai.lt\/wp-content\/uploads\/2025\/01\/474868195_588004587366408_2504525864015570515_n-123x150.jpg 123w, https:\/\/bitessiulai.lt\/wp-content\/uploads\/2025\/01\/474868195_588004587366408_2504525864015570515_n.jpg 1284w\" sizes=\"(max-width: 246px) 100vw, 246px\" \/> <img decoding=\"async\" class=\"alignnone size-medium wp-image-6089\" src=\"https:\/\/bitessiulai.lt\/wp-content\/uploads\/2025\/01\/474988879_962466992571579_8121748990874487712_n-300x295.jpg\" alt=\"\" width=\"300\" height=\"295\" srcset=\"https:\/\/bitessiulai.lt\/wp-content\/uploads\/2025\/01\/474988879_962466992571579_8121748990874487712_n-300x295.jpg 300w, https:\/\/bitessiulai.lt\/wp-content\/uploads\/2025\/01\/474988879_962466992571579_8121748990874487712_n-1024x1006.jpg 1024w, https:\/\/bitessiulai.lt\/wp-content\/uploads\/2025\/01\/474988879_962466992571579_8121748990874487712_n-768x755.jpg 768w, https:\/\/bitessiulai.lt\/wp-content\/uploads\/2025\/01\/474988879_962466992571579_8121748990874487712_n-12x12.jpg 12w, https:\/\/bitessiulai.lt\/wp-content\/uploads\/2025\/01\/474988879_962466992571579_8121748990874487712_n-600x590.jpg 600w, https:\/\/bitessiulai.lt\/wp-content\/uploads\/2025\/01\/474988879_962466992571579_8121748990874487712_n-150x147.jpg 150w, https:\/\/bitessiulai.lt\/wp-content\/uploads\/2025\/01\/474988879_962466992571579_8121748990874487712_n.jpg 1284w\" sizes=\"(max-width: 300px) 100vw, 300px\" \/> <img decoding=\"async\" class=\"alignnone size-medium wp-image-6090\" src=\"https:\/\/bitessiulai.lt\/wp-content\/uploads\/2025\/01\/474100748_4522198934673005_8856802588122420887_n-273x300.jpg\" alt=\"\" width=\"273\" height=\"300\" srcset=\"https:\/\/bitessiulai.lt\/wp-content\/uploads\/2025\/01\/474100748_4522198934673005_8856802588122420887_n-273x300.jpg 273w, https:\/\/bitessiulai.lt\/wp-content\/uploads\/2025\/01\/474100748_4522198934673005_8856802588122420887_n-932x1024.jpg 932w, https:\/\/bitessiulai.lt\/wp-content\/uploads\/2025\/01\/474100748_4522198934673005_8856802588122420887_n-768x843.jpg 768w, https:\/\/bitessiulai.lt\/wp-content\/uploads\/2025\/01\/474100748_4522198934673005_8856802588122420887_n-11x12.jpg 11w, https:\/\/bitessiulai.lt\/wp-content\/uploads\/2025\/01\/474100748_4522198934673005_8856802588122420887_n-600x659.jpg 600w, https:\/\/bitessiulai.lt\/wp-content\/uploads\/2025\/01\/474100748_4522198934673005_8856802588122420887_n-137x150.jpg 137w, https:\/\/bitessiulai.lt\/wp-content\/uploads\/2025\/01\/474100748_4522198934673005_8856802588122420887_n.jpg 1284w\" sizes=\"(max-width: 273px) 100vw, 273px\" \/><\/p>\n<div class=\"embed-responsive embed-responsive-16by9\"><iframe title=\"DROPS Alpaca Boucle - Pehme, kerge ja aasadega!\" width=\"540\" height=\"960\" src=\"https:\/\/www.youtube.com\/embed\/UEb3_VHqCso?feature=oembed\" frameborder=\"0\" allow=\"accelerometer; autoplay; clipboard-write; encrypted-media; gyroscope; picture-in-picture; web-share\" referrerpolicy=\"strict-origin-when-cross-origin\" allowfullscreen><\/iframe><\/div>\n<p>*Ekraanil kuvatavad v\u00e4rvid v\u00f5ivad tegelikust niidiv\u00e4rvist veidi erineda.<\/p>","protected":false},"excerpt":{"rendered":"<p>Koostis: 80% alpakavill, 5% pol\u00fcamiid, 15% vill<\/p>\n<p>Kaal\/pikkus: 50 g = umbes 140 m.<\/p>\n<p>Soovitatav varda suurus: 5 mm.<\/p>","protected":false},"featured_media":6078,"comment_status":"open","ping_status":"closed","template":"","meta":[],"product_brand":[],"product_cat":[3169,327,256,217,177,324,173,174,175,410],"product_tag":[],"giftcard-category":[],"class_list":{"0":"post-6077","1":"product","2":"type-product","3":"status-publish","4":"has-post-thumbnail","6":"product_cat-alpaca-boucle","7":"product_cat-alpaka","8":"product_cat-drops","9":"product_cat-isparduotuve","10":"product_cat-mezgimo-siulai","11":"product_cat-poliamidas","12":"product_cat-siulai","13":"product_cat-siulu-gamintojai","14":"product_cat-siulu-pluostai","15":"product_cat-vilna","17":"first","18":"instock","19":"sale","20":"taxable","21":"shipping-taxable","22":"purchasable","23":"product-type-variable"},"_links":{"self":[{"href":"https:\/\/bitessiulai.lt\/et\/wp-json\/wp\/v2\/product\/6077","targetHints":{"allow":["GET"]}}],"collection":[{"href":"https:\/\/bitessiulai.lt\/et\/wp-json\/wp\/v2\/product"}],"about":[{"href":"https:\/\/bitessiulai.lt\/et\/wp-json\/wp\/v2\/types\/product"}],"replies":[{"embeddable":true,"href":"https:\/\/bitessiulai.lt\/et\/wp-json\/wp\/v2\/comments?post=6077"}],"version-history":[{"count":1,"href":"https:\/\/bitessiulai.lt\/et\/wp-json\/wp\/v2\/product\/6077\/revisions"}],"predecessor-version":[{"id":20673,"href":"https:\/\/bitessiulai.lt\/et\/wp-json\/wp\/v2\/product\/6077\/revisions\/20673"}],"wp:featuredmedia":[{"embeddable":true,"href":"https:\/\/bitessiulai.lt\/et\/wp-json\/wp\/v2\/media\/6078"}],"wp:attachment":[{"href":"https:\/\/bitessiulai.lt\/et\/wp-json\/wp\/v2\/media?parent=6077"}],"wp:term":[{"taxonomy":"product_brand","embeddable":true,"href":"https:\/\/bitessiulai.lt\/et\/wp-json\/wp\/v2\/product_brand?post=6077"},{"taxonomy":"product_cat","embeddable":true,"href":"https:\/\/bitessiulai.lt\/et\/wp-json\/wp\/v2\/product_cat?post=6077"},{"taxonomy":"product_tag","embeddable":true,"href":"https:\/\/bitessiulai.lt\/et\/wp-json\/wp\/v2\/product_tag?post=6077"},{"taxonomy":"giftcard-category","embeddable":true,"href":"https:\/\/bitessiulai.lt\/et\/wp-json\/wp\/v2\/giftcard-category?post=6077"}],"curies":[{"name":"wp","href":"https:\/\/api.w.org\/{rel}","templated":true}]}}