{"id":5339,"date":"2025-02-13T15:09:40","date_gmt":"2025-02-13T13:09:40","guid":{"rendered":"https:\/\/bitessiulai.lt\/?post_type=product&#038;p=5339"},"modified":"2026-04-22T11:45:59","modified_gmt":"2026-04-22T08:45:59","slug":"gazzal-barbie","status":"publish","type":"product","link":"https:\/\/bitessiulai.lt\/et\/toode\/gazzal-barbie\/","title":{"rendered":"Gazelle Barbie"},"content":{"rendered":"<p><strong>Gazelle Barbie<\/strong> \u2013 pol\u00fcamiidi ja viskoosi kombinatsioon, mis sobib ideaalselt kergete ja pehmete kudumite ning muljetavaldavate m\u00e4nguasjade jaoks.<\/p>\n<p><span class=\"tlid-translation translation\" lang=\"lt\"><span class=\"\" title=\"\">Saad valida paljude erinevate v\u00e4rvide vahel, mida saad omavahel ideaalselt kombineerida.<\/span><\/span><\/p>\n<p><img fetchpriority=\"high\" decoding=\"async\" class=\"size-medium wp-image-5342\" src=\"https:\/\/bitessiulai.lt\/wp-content\/uploads\/2025\/01\/image0-2-245x300.jpeg\" alt=\"\" width=\"245\" height=\"300\" srcset=\"https:\/\/bitessiulai.lt\/wp-content\/uploads\/2025\/01\/image0-2-245x300.jpeg 245w, https:\/\/bitessiulai.lt\/wp-content\/uploads\/2025\/01\/image0-2-836x1024.jpeg 836w, https:\/\/bitessiulai.lt\/wp-content\/uploads\/2025\/01\/image0-2-768x940.jpeg 768w, https:\/\/bitessiulai.lt\/wp-content\/uploads\/2025\/01\/image0-2-1255x1536.jpeg 1255w, https:\/\/bitessiulai.lt\/wp-content\/uploads\/2025\/01\/image0-2-10x12.jpeg 10w, https:\/\/bitessiulai.lt\/wp-content\/uploads\/2025\/01\/image0-2-600x735.jpeg 600w, https:\/\/bitessiulai.lt\/wp-content\/uploads\/2025\/01\/image0-2-123x150.jpeg 123w, https:\/\/bitessiulai.lt\/wp-content\/uploads\/2025\/01\/image0-2.jpeg 1284w\" sizes=\"(max-width: 245px) 100vw, 245px\" \/><\/p>\n<p><img decoding=\"async\" class=\"size-medium wp-image-5343\" src=\"https:\/\/bitessiulai.lt\/wp-content\/uploads\/2025\/01\/image5-300x295.jpeg\" alt=\"\" width=\"300\" height=\"295\" srcset=\"https:\/\/bitessiulai.lt\/wp-content\/uploads\/2025\/01\/image5-300x295.jpeg 300w, https:\/\/bitessiulai.lt\/wp-content\/uploads\/2025\/01\/image5-1024x1006.jpeg 1024w, https:\/\/bitessiulai.lt\/wp-content\/uploads\/2025\/01\/image5-768x754.jpeg 768w, https:\/\/bitessiulai.lt\/wp-content\/uploads\/2025\/01\/image5-12x12.jpeg 12w, https:\/\/bitessiulai.lt\/wp-content\/uploads\/2025\/01\/image5-600x589.jpeg 600w, https:\/\/bitessiulai.lt\/wp-content\/uploads\/2025\/01\/image5-150x147.jpeg 150w, https:\/\/bitessiulai.lt\/wp-content\/uploads\/2025\/01\/image5.jpeg 1284w\" sizes=\"(max-width: 300px) 100vw, 300px\" \/><\/p>\n<p><img decoding=\"async\" class=\"size-medium wp-image-5345\" src=\"https:\/\/bitessiulai.lt\/wp-content\/uploads\/2025\/01\/image8-300x293.jpeg\" alt=\"\" width=\"300\" height=\"293\" srcset=\"https:\/\/bitessiulai.lt\/wp-content\/uploads\/2025\/01\/image8-300x293.jpeg 300w, https:\/\/bitessiulai.lt\/wp-content\/uploads\/2025\/01\/image8-1024x1001.jpeg 1024w, https:\/\/bitessiulai.lt\/wp-content\/uploads\/2025\/01\/image8-768x751.jpeg 768w, https:\/\/bitessiulai.lt\/wp-content\/uploads\/2025\/01\/image8-12x12.jpeg 12w, https:\/\/bitessiulai.lt\/wp-content\/uploads\/2025\/01\/image8-600x586.jpeg 600w, https:\/\/bitessiulai.lt\/wp-content\/uploads\/2025\/01\/image8-150x147.jpeg 150w, https:\/\/bitessiulai.lt\/wp-content\/uploads\/2025\/01\/image8.jpeg 1284w\" sizes=\"(max-width: 300px) 100vw, 300px\" \/><\/p>\n<p><img loading=\"lazy\" decoding=\"async\" class=\"size-medium wp-image-5346\" src=\"https:\/\/bitessiulai.lt\/wp-content\/uploads\/2025\/01\/image2-1-300x243.jpeg\" alt=\"\" width=\"300\" height=\"243\" srcset=\"https:\/\/bitessiulai.lt\/wp-content\/uploads\/2025\/01\/image2-1-300x243.jpeg 300w, https:\/\/bitessiulai.lt\/wp-content\/uploads\/2025\/01\/image2-1-1024x828.jpeg 1024w, https:\/\/bitessiulai.lt\/wp-content\/uploads\/2025\/01\/image2-1-768x621.jpeg 768w, https:\/\/bitessiulai.lt\/wp-content\/uploads\/2025\/01\/image2-1-15x12.jpeg 15w, https:\/\/bitessiulai.lt\/wp-content\/uploads\/2025\/01\/image2-1-600x485.jpeg 600w, https:\/\/bitessiulai.lt\/wp-content\/uploads\/2025\/01\/image2-1-150x121.jpeg 150w, https:\/\/bitessiulai.lt\/wp-content\/uploads\/2025\/01\/image2-1.jpeg 1284w\" sizes=\"(max-width: 300px) 100vw, 300px\" \/><\/p>\n<p><img loading=\"lazy\" decoding=\"async\" class=\"size-medium wp-image-5348\" src=\"https:\/\/bitessiulai.lt\/wp-content\/uploads\/2025\/01\/image1-2-1-248x300.jpeg\" alt=\"\" width=\"248\" height=\"300\" srcset=\"https:\/\/bitessiulai.lt\/wp-content\/uploads\/2025\/01\/image1-2-1-248x300.jpeg 248w, https:\/\/bitessiulai.lt\/wp-content\/uploads\/2025\/01\/image1-2-1-846x1024.jpeg 846w, https:\/\/bitessiulai.lt\/wp-content\/uploads\/2025\/01\/image1-2-1-768x930.jpeg 768w, https:\/\/bitessiulai.lt\/wp-content\/uploads\/2025\/01\/image1-2-1-1268x1536.jpeg 1268w, https:\/\/bitessiulai.lt\/wp-content\/uploads\/2025\/01\/image1-2-1-10x12.jpeg 10w, https:\/\/bitessiulai.lt\/wp-content\/uploads\/2025\/01\/image1-2-1-600x727.jpeg 600w, https:\/\/bitessiulai.lt\/wp-content\/uploads\/2025\/01\/image1-2-1-124x150.jpeg 124w, https:\/\/bitessiulai.lt\/wp-content\/uploads\/2025\/01\/image1-2-1.jpeg 1284w\" sizes=\"(max-width: 248px) 100vw, 248px\" \/><\/p>\n<p><img loading=\"lazy\" decoding=\"async\" class=\"size-medium wp-image-5344\" src=\"https:\/\/bitessiulai.lt\/wp-content\/uploads\/2025\/01\/image6-300x283.jpeg\" alt=\"\" width=\"300\" height=\"283\" srcset=\"https:\/\/bitessiulai.lt\/wp-content\/uploads\/2025\/01\/image6-300x283.jpeg 300w, https:\/\/bitessiulai.lt\/wp-content\/uploads\/2025\/01\/image6-1024x967.jpeg 1024w, https:\/\/bitessiulai.lt\/wp-content\/uploads\/2025\/01\/image6-768x726.jpeg 768w, https:\/\/bitessiulai.lt\/wp-content\/uploads\/2025\/01\/image6-13x12.jpeg 13w, https:\/\/bitessiulai.lt\/wp-content\/uploads\/2025\/01\/image6-600x567.jpeg 600w, https:\/\/bitessiulai.lt\/wp-content\/uploads\/2025\/01\/image6-150x142.jpeg 150w, https:\/\/bitessiulai.lt\/wp-content\/uploads\/2025\/01\/image6.jpeg 1284w\" sizes=\"(max-width: 300px) 100vw, 300px\" \/><\/p>\n<p>*Ekraanil kuvatavad v\u00e4rvid v\u00f5ivad tegelikust niidiv\u00e4rvist veidi erineda.<\/p>","protected":false},"excerpt":{"rendered":"<p>Koostis: 90% viskoos, 10% pol\u00fcamiid<\/p>\n<p>Kaal\/pikkus: 50 g = umbes 150 m.<\/p>\n<p>Soovitatav varda suurus: 3 mm.<\/p>\n<p>Rekomenduojamas v\u0105\u0161elio dydis: 2 mm.<\/p>","protected":false},"featured_media":5340,"comment_status":"open","ping_status":"closed","template":"","meta":[],"product_brand":[],"product_cat":[3174,947,177,178,324,173,174,175,337],"product_tag":[],"giftcard-category":[],"class_list":{"0":"post-5339","1":"product","2":"type-product","3":"status-publish","4":"has-post-thumbnail","6":"product_cat-barbie","7":"product_cat-gazzal","8":"product_cat-mezgimo-siulai","9":"product_cat-nerimo-siulai","10":"product_cat-poliamidas","11":"product_cat-siulai","12":"product_cat-siulu-gamintojai","13":"product_cat-siulu-pluostai","14":"product_cat-viskoze","16":"first","17":"instock","18":"taxable","19":"shipping-taxable","20":"purchasable","21":"product-type-variable"},"_links":{"self":[{"href":"https:\/\/bitessiulai.lt\/et\/wp-json\/wp\/v2\/product\/5339","targetHints":{"allow":["GET"]}}],"collection":[{"href":"https:\/\/bitessiulai.lt\/et\/wp-json\/wp\/v2\/product"}],"about":[{"href":"https:\/\/bitessiulai.lt\/et\/wp-json\/wp\/v2\/types\/product"}],"replies":[{"embeddable":true,"href":"https:\/\/bitessiulai.lt\/et\/wp-json\/wp\/v2\/comments?post=5339"}],"version-history":[{"count":1,"href":"https:\/\/bitessiulai.lt\/et\/wp-json\/wp\/v2\/product\/5339\/revisions"}],"predecessor-version":[{"id":25645,"href":"https:\/\/bitessiulai.lt\/et\/wp-json\/wp\/v2\/product\/5339\/revisions\/25645"}],"wp:featuredmedia":[{"embeddable":true,"href":"https:\/\/bitessiulai.lt\/et\/wp-json\/wp\/v2\/media\/5340"}],"wp:attachment":[{"href":"https:\/\/bitessiulai.lt\/et\/wp-json\/wp\/v2\/media?parent=5339"}],"wp:term":[{"taxonomy":"product_brand","embeddable":true,"href":"https:\/\/bitessiulai.lt\/et\/wp-json\/wp\/v2\/product_brand?post=5339"},{"taxonomy":"product_cat","embeddable":true,"href":"https:\/\/bitessiulai.lt\/et\/wp-json\/wp\/v2\/product_cat?post=5339"},{"taxonomy":"product_tag","embeddable":true,"href":"https:\/\/bitessiulai.lt\/et\/wp-json\/wp\/v2\/product_tag?post=5339"},{"taxonomy":"giftcard-category","embeddable":true,"href":"https:\/\/bitessiulai.lt\/et\/wp-json\/wp\/v2\/giftcard-category?post=5339"}],"curies":[{"name":"wp","href":"https:\/\/api.w.org\/{rel}","templated":true}]}}