{"id":5171,"date":"2025-01-31T14:32:54","date_gmt":"2025-01-31T12:32:54","guid":{"rendered":"https:\/\/bitessiulai.lt\/?post_type=product&#038;p=5171"},"modified":"2026-04-27T09:42:03","modified_gmt":"2026-04-27T06:42:03","slug":"mezgejos-keramikinis-puodelis-500ml","status":"publish","type":"product","link":"https:\/\/bitessiulai.lt\/et\/toode\/mezgejos-keramikinis-puodelis-500ml\/","title":{"rendered":"Kuduja keraamiline kruus 500ml"},"content":{"rendered":"<h6>See imeline kudumiskeraamiline kruus 500ml sobib igale kudujale! Samuti suurep\u00e4rane kingiidee \ud83d\ude42 Kruus on valmistatud kvaliteetsest keraamikast ja kaunistatud v\u00e4rviliste l\u00f5ngakeradega.<\/h6>\n<p><strong>Suurus:<\/strong> 500 ml<\/p>\n<p><strong>Materjal:<\/strong> keraamika<\/p>\n<ul>\n<li>Ekraanil n\u00e4htavad v\u00e4rvid ja esemete tegelik v\u00e4rv v\u00f5ivad veidi erineda.<\/li>\n<\/ul>","protected":false},"excerpt":{"rendered":"<p>\u0160is nuostabus mezg\u0117jos keramikinis puodelis 500ml tiks kiekvienai mezg\u0117jai! Taip pat puiki id\u0117ja dovanai \ud83d\ude42 Puodelis pagamintas i\u0161 auk\u0161tos kokyb\u0117s keramikos ir papuo\u0161tas spalvingais si\u016bl\u0173 ritin\u0117liais. Dydis: 500ml Med\u017eiaga: keramika Ekrane matomos spalvos ir tikroji preki\u0173 spalva gali \u0161iek tiek skirtis<\/p>","protected":false},"featured_media":5172,"comment_status":"open","ping_status":"closed","template":"","meta":[],"product_brand":[],"product_cat":[15,916],"product_tag":[],"giftcard-category":[],"class_list":{"0":"post-5171","1":"product","2":"type-product","3":"status-publish","4":"has-post-thumbnail","6":"product_cat-be-kategorijos","7":"product_cat-kitos-priemones","9":"first","10":"instock","11":"taxable","12":"shipping-taxable","13":"purchasable","14":"product-type-simple"},"_links":{"self":[{"href":"https:\/\/bitessiulai.lt\/et\/wp-json\/wp\/v2\/product\/5171","targetHints":{"allow":["GET"]}}],"collection":[{"href":"https:\/\/bitessiulai.lt\/et\/wp-json\/wp\/v2\/product"}],"about":[{"href":"https:\/\/bitessiulai.lt\/et\/wp-json\/wp\/v2\/types\/product"}],"replies":[{"embeddable":true,"href":"https:\/\/bitessiulai.lt\/et\/wp-json\/wp\/v2\/comments?post=5171"}],"version-history":[{"count":1,"href":"https:\/\/bitessiulai.lt\/et\/wp-json\/wp\/v2\/product\/5171\/revisions"}],"predecessor-version":[{"id":21677,"href":"https:\/\/bitessiulai.lt\/et\/wp-json\/wp\/v2\/product\/5171\/revisions\/21677"}],"wp:featuredmedia":[{"embeddable":true,"href":"https:\/\/bitessiulai.lt\/et\/wp-json\/wp\/v2\/media\/5172"}],"wp:attachment":[{"href":"https:\/\/bitessiulai.lt\/et\/wp-json\/wp\/v2\/media?parent=5171"}],"wp:term":[{"taxonomy":"product_brand","embeddable":true,"href":"https:\/\/bitessiulai.lt\/et\/wp-json\/wp\/v2\/product_brand?post=5171"},{"taxonomy":"product_cat","embeddable":true,"href":"https:\/\/bitessiulai.lt\/et\/wp-json\/wp\/v2\/product_cat?post=5171"},{"taxonomy":"product_tag","embeddable":true,"href":"https:\/\/bitessiulai.lt\/et\/wp-json\/wp\/v2\/product_tag?post=5171"},{"taxonomy":"giftcard-category","embeddable":true,"href":"https:\/\/bitessiulai.lt\/et\/wp-json\/wp\/v2\/giftcard-category?post=5171"}],"curies":[{"name":"wp","href":"https:\/\/api.w.org\/{rel}","templated":true}]}}