{"id":5076,"date":"2025-02-07T12:08:03","date_gmt":"2025-02-07T10:08:03","guid":{"rendered":"https:\/\/bitessiulai.lt\/?post_type=product&#038;p=5076"},"modified":"2025-07-13T19:07:41","modified_gmt":"2025-07-13T16:07:41","slug":"lykke-indigo-ilgu-prisukamu-virbalu-rinkinys","status":"publish","type":"product","link":"https:\/\/bitessiulai.lt\/et\/toode\/lykke-indigo-ilgu-prisukamu-virbalu-rinkinys\/","title":{"rendered":"LYKKE INDIGO pikkade keeratavate kudumisvardade komplekt"},"content":{"rendered":"<h6><strong>LYKKE INDIGO pikkade keeratavate kudumisvardade komplekt:<\/strong><\/h6>\n<ul>\n<li><strong>9 tk keeratavaid pikki vardaid<\/strong> \u00a0(<strong>14 cm<\/strong>:<em>\u00a04,5 mm, 5,0 mm, 5,5 mm,\u00a0<strong>16,5 cm<\/strong>: 6,0 mm, 6,5 mm; 8,0 mm\u00a0<strong>19 cm:\u00a0<\/strong>9,0 mm, 10,00 mm, 12,00 mm.)<\/em><\/li>\n<li><strong>5 tk keeratavaid voolikuid<\/strong> (<em>1 tk x\u00a0<strong>98<\/strong>\u00a0cm, 1<\/em><em>tk x\u00a0<strong>118<\/strong>\u00a0cm, 2 tk x\u00a0<strong>136<\/strong>\u00a0cm, 1 tk x\u00a0<strong>169<\/strong> (cm)<\/em><\/li>\n<li><strong>2<\/strong>\u00a0liini\u00fchendused,\u00a0<strong>8<\/strong>\u00a0pidurid,\u00a0<strong>4<\/strong>\u00a0pingutusv\u00f5tmed.<\/li>\n<li><strong>3<\/strong> varraste otsikute komplektid, mis varraste otstesse kinnitades saab kududa nagu tavaliste varrastega (2 tk). Varraste pikkus: 3 paari \u2013 <strong>14 cm,\u00a0<\/strong>3 paari \u2013\u00a0<strong>16,5 cm,\u00a0<\/strong>3 paari \u2013<strong>\u00a019 cm.<\/strong><\/li>\n<\/ul>\n<p><img fetchpriority=\"high\" decoding=\"async\" class=\"alignnone size-medium wp-image-5068\" src=\"https:\/\/bitessiulai.lt\/wp-content\/uploads\/2025\/01\/d148a41fc541ffe7b18a2ba7fcc1b34c-300x300.jpg\" alt=\"\" width=\"300\" height=\"300\" srcset=\"https:\/\/bitessiulai.lt\/wp-content\/uploads\/2025\/01\/d148a41fc541ffe7b18a2ba7fcc1b34c-300x300.jpg 300w, https:\/\/bitessiulai.lt\/wp-content\/uploads\/2025\/01\/d148a41fc541ffe7b18a2ba7fcc1b34c-150x150.jpg 150w, https:\/\/bitessiulai.lt\/wp-content\/uploads\/2025\/01\/d148a41fc541ffe7b18a2ba7fcc1b34c-12x12.jpg 12w, https:\/\/bitessiulai.lt\/wp-content\/uploads\/2025\/01\/d148a41fc541ffe7b18a2ba7fcc1b34c-600x600.jpg 600w, https:\/\/bitessiulai.lt\/wp-content\/uploads\/2025\/01\/d148a41fc541ffe7b18a2ba7fcc1b34c-96x96.jpg 96w, https:\/\/bitessiulai.lt\/wp-content\/uploads\/2025\/01\/d148a41fc541ffe7b18a2ba7fcc1b34c.jpg 736w\" sizes=\"(max-width: 300px) 100vw, 300px\" \/><\/p>\n<p><b>LYKKE INDIGO <\/b>\u2013 need on k\u00e4sitsi valmistatud kvaliteetsed n\u00f5elad naturaalsest kasepuidust.<\/p>\n<p>N\u00f5eltel on oma ainulaadne v\u00e4rvitoon, seega v\u00f5ib iga komplektis olev n\u00f5el veidi erineda.<\/p>\n<p><span class=\"weight900\">LYKKE-l<\/span> N\u00f5elte suurused on graveeritud, komplekt on pakendatud kaunisse \u00f6konahast taskutega \u00fcmbrisesse, igal t\u00f6\u00f6riistal on oma koht, seega on tellimus t\u00f5esti garanteeritud \ud83d\ude42<\/p>","protected":false},"excerpt":{"rendered":"<p>LYKKE INDIGO ilg\u0173 prisukam\u0173 virbal\u0173 rinkinys: 9vnt. prisukam\u0173 ilg\u0173 virbal\u0173 \u00a0(14cm:\u00a04.5 mm, 5.0 mm, 5.5 mm,\u00a016.5cm: 6.0 mm, 6.5 mm; 8.0mm,\u00a019cm:\u00a09.0mm, 10.00mm, 12.00mm.) 5vnt. prisukam\u0173 val\u0173 (1vnt. x\u00a098\u00a0cm, 1vnt. x\u00a0118\u00a0cm, 2vnt. x\u00a0136\u00a0cm, 1vnt. x\u00a0169 cm.) 2\u00a0val\u0173 jungtys,\u00a08\u00a0stabd\u017eiukai,\u00a04\u00a0priver\u017eimo rakteliai. 3 rinkiniai virbal\u0173 antgali\u0173, kuriuos prisukus prie virbal\u0173 gal\u0173, gal\u0117site megzti kaip su paprastais virbalais (2vnt.). Virbal\u0173 ilgis: 3 poros \u2013 14cm,\u00a03 poros \u2013\u00a016,5cm,\u00a03 poros \u2013\u00a019cm. LYKKE INDIGO \u2013 tai rank\u0173 darbo, auk\u0161tos kokyb\u0117s virbalai, pagaminti i\u0161 nat\u016bralios ber\u017eo medienos. Virbalai pasi\u017eymi savo unikaliu spalvos atpalviu, tod\u0117l kiekvienas virbalas rinkinyje gali \u0161iektiek skirtis. Ant LYKKE virbal\u0173 yra i\u0161graviruoti dyd\u017eiai, rinkinys pateiktas gra\u017eiame eko odos d\u0117kle su ki\u0161en\u0117liais, kiekviena priemon\u0117 turi savo viet\u0105, tod\u0117l tvarka tikrai garantuota \ud83d\ude42<\/p>","protected":false},"featured_media":5077,"comment_status":"open","ping_status":"closed","template":"","meta":[],"product_brand":[],"product_cat":[2124,180,181],"product_tag":[],"giftcard-category":[],"class_list":{"0":"post-5076","1":"product","2":"type-product","3":"status-publish","4":"has-post-thumbnail","6":"product_cat-lykke","7":"product_cat-mezgimo-priemones","8":"product_cat-virbalu-rinkiniai","10":"first","11":"instock","12":"taxable","13":"shipping-taxable","14":"purchasable","15":"product-type-simple"},"_links":{"self":[{"href":"https:\/\/bitessiulai.lt\/et\/wp-json\/wp\/v2\/product\/5076","targetHints":{"allow":["GET"]}}],"collection":[{"href":"https:\/\/bitessiulai.lt\/et\/wp-json\/wp\/v2\/product"}],"about":[{"href":"https:\/\/bitessiulai.lt\/et\/wp-json\/wp\/v2\/types\/product"}],"replies":[{"embeddable":true,"href":"https:\/\/bitessiulai.lt\/et\/wp-json\/wp\/v2\/comments?post=5076"}],"version-history":[{"count":0,"href":"https:\/\/bitessiulai.lt\/et\/wp-json\/wp\/v2\/product\/5076\/revisions"}],"wp:featuredmedia":[{"embeddable":true,"href":"https:\/\/bitessiulai.lt\/et\/wp-json\/wp\/v2\/media\/5077"}],"wp:attachment":[{"href":"https:\/\/bitessiulai.lt\/et\/wp-json\/wp\/v2\/media?parent=5076"}],"wp:term":[{"taxonomy":"product_brand","embeddable":true,"href":"https:\/\/bitessiulai.lt\/et\/wp-json\/wp\/v2\/product_brand?post=5076"},{"taxonomy":"product_cat","embeddable":true,"href":"https:\/\/bitessiulai.lt\/et\/wp-json\/wp\/v2\/product_cat?post=5076"},{"taxonomy":"product_tag","embeddable":true,"href":"https:\/\/bitessiulai.lt\/et\/wp-json\/wp\/v2\/product_tag?post=5076"},{"taxonomy":"giftcard-category","embeddable":true,"href":"https:\/\/bitessiulai.lt\/et\/wp-json\/wp\/v2\/giftcard-category?post=5076"}],"curies":[{"name":"wp","href":"https:\/\/api.w.org\/{rel}","templated":true}]}}