{"id":5052,"date":"2025-02-07T11:52:22","date_gmt":"2025-02-07T09:52:22","guid":{"rendered":"https:\/\/bitessiulai.lt\/?post_type=product&#038;p=5052"},"modified":"2025-04-28T13:28:30","modified_gmt":"2025-04-28T10:28:30","slug":"115cm-lykke-grove-prisukamu-bambukiniu-virbalu-rinkinys-2","status":"publish","type":"product","link":"https:\/\/bitessiulai.lt\/et\/toode\/115cm-lykke-grove-prisukamu-bambukiniu-virbalu-rinkinys-2\/","title":{"rendered":"11,5 cm. LYKKE GROVE keeratavate bambusvarraste komplekt"},"content":{"rendered":"<h6>LYKKE GROVE keeratavate bambusvarraste komplekt:<\/h6>\n<ul>\n<li><strong>12 keeratavat varrast<\/strong> (<em>3,25 mm, 3,5 mm, 3,75 mm, 4,0 mm, 4,5 mm, 5,0 mm, 5,5 mm, 6,0 mm, 6,5 mm, 8,0 mm, 9,0 mm, 10,0 mm.)<\/em><\/li>\n<li><strong>5 tk keeratavaid voolikuid<\/strong> ( <em>2 tk x 60 cm, 2 tk x 80 cm, 1 tk x 100 cm)<\/em><\/li>\n<li><strong>2<\/strong>\u00a0liini\u00fchendused,\u00a0<strong>8<\/strong>\u00a0pidurid,\u00a0<strong>4<\/strong> pingutusv\u00f5tmed. Tihvtide pikkus: <strong>11,5 cm.<\/strong><\/li>\n<\/ul>\n<p>&nbsp;<\/p>\n<p><img fetchpriority=\"high\" decoding=\"async\" class=\"alignnone size-medium wp-image-5044\" src=\"https:\/\/bitessiulai.lt\/wp-content\/uploads\/2025\/01\/eaf92d2930a190ffb1067a3c79b02f99-300x289.jpg\" alt=\"\" width=\"300\" height=\"289\" srcset=\"https:\/\/bitessiulai.lt\/wp-content\/uploads\/2025\/01\/eaf92d2930a190ffb1067a3c79b02f99-300x289.jpg 300w, https:\/\/bitessiulai.lt\/wp-content\/uploads\/2025\/01\/eaf92d2930a190ffb1067a3c79b02f99-12x12.jpg 12w, https:\/\/bitessiulai.lt\/wp-content\/uploads\/2025\/01\/eaf92d2930a190ffb1067a3c79b02f99-600x578.jpg 600w, https:\/\/bitessiulai.lt\/wp-content\/uploads\/2025\/01\/eaf92d2930a190ffb1067a3c79b02f99-150x144.jpg 150w, https:\/\/bitessiulai.lt\/wp-content\/uploads\/2025\/01\/eaf92d2930a190ffb1067a3c79b02f99.jpg 736w\" sizes=\"(max-width: 300px) 100vw, 300px\" \/> <img decoding=\"async\" class=\"alignnone size-medium wp-image-5043\" src=\"https:\/\/bitessiulai.lt\/wp-content\/uploads\/2025\/01\/92ff03d0082b3b9cd41cffa8ad9d78be-300x292.jpg\" alt=\"\" width=\"300\" height=\"292\" srcset=\"https:\/\/bitessiulai.lt\/wp-content\/uploads\/2025\/01\/92ff03d0082b3b9cd41cffa8ad9d78be-300x292.jpg 300w, https:\/\/bitessiulai.lt\/wp-content\/uploads\/2025\/01\/92ff03d0082b3b9cd41cffa8ad9d78be-12x12.jpg 12w, https:\/\/bitessiulai.lt\/wp-content\/uploads\/2025\/01\/92ff03d0082b3b9cd41cffa8ad9d78be-600x585.jpg 600w, https:\/\/bitessiulai.lt\/wp-content\/uploads\/2025\/01\/92ff03d0082b3b9cd41cffa8ad9d78be-150x146.jpg 150w, https:\/\/bitessiulai.lt\/wp-content\/uploads\/2025\/01\/92ff03d0082b3b9cd41cffa8ad9d78be.jpg 736w\" sizes=\"(max-width: 300px) 100vw, 300px\" \/><\/p>\n<p><b>LYKKE GROVE <\/b>\u2013 need on k\u00e4sitsi valmistatud kvaliteetsed vardad naturaalsest bambuspuidust.<\/p>\n<p>N\u00f5eltel on oma ainulaadne v\u00e4rvitoon, seega v\u00f5ib iga komplektis olev n\u00f5el veidi erineda.<\/p>\n<p><span class=\"weight900\">LYKKE-l<\/span> N\u00f5elte suurused on graveeritud, komplekt on pakendatud kaunisse \u00f6konahast taskutega \u00fcmbrisesse, igal t\u00f6\u00f6riistal on oma koht, seega on tellimus t\u00f5esti garanteeritud \ud83d\ude42<\/p>","protected":false},"excerpt":{"rendered":"<p>LYKKE GROVE prisukam\u0173 bambukini\u0173 virbal\u0173 rinkinys: 12vnt. prisukam\u0173 virbal\u0173 (3.25 mm, 3,5 mm, 3.75 mm, 4.0 mm, 4.5 mm, 5.0 mm, 5.5 mm, 6.0 mm, 6.5 mm, 8.0mm, 9.0mm, 10.0mm.) 5vnt. prisukam\u0173 val\u0173 ( 2vnt. x 60 cm, 2vnt. x 80 cm, 1vnt. x 100 cm) 2\u00a0val\u0173 jungtys,\u00a08\u00a0stabd\u017eiukai,\u00a04 priver\u017eimo rakteliai. Virbal\u0173 ilgis: 11,5cm. &nbsp; LYKKE GROVE \u2013 \u00a0tai rank\u0173 darbo, auk\u0161tos kokyb\u0117s virbalai, pagaminti i\u0161 nat\u016bralios bambuko medienos. Virbalai pasi\u017eymi savo unikaliu spalvos atpalviu, tod\u0117l kiekvienas virbalas rinkinyje gali \u0161iektiek skirtis. Ant LYKKE virbal\u0173 yra i\u0161graviruoti dyd\u017eiai, rinkinys pateiktas gra\u017eiame eko odos d\u0117kle su ki\u0161en\u0117liais, kiekviena priemon\u0117 turi savo viet\u0105, tod\u0117l tvarka tikrai garantuota \ud83d\ude42<\/p>","protected":false},"featured_media":5053,"comment_status":"open","ping_status":"closed","template":"","meta":[],"product_brand":[],"product_cat":[2124,180,181],"product_tag":[],"giftcard-category":[],"class_list":{"0":"post-5052","1":"product","2":"type-product","3":"status-publish","4":"has-post-thumbnail","6":"product_cat-lykke","7":"product_cat-mezgimo-priemones","8":"product_cat-virbalu-rinkiniai","10":"first","11":"instock","12":"taxable","13":"shipping-taxable","14":"purchasable","15":"product-type-simple"},"_links":{"self":[{"href":"https:\/\/bitessiulai.lt\/et\/wp-json\/wp\/v2\/product\/5052","targetHints":{"allow":["GET"]}}],"collection":[{"href":"https:\/\/bitessiulai.lt\/et\/wp-json\/wp\/v2\/product"}],"about":[{"href":"https:\/\/bitessiulai.lt\/et\/wp-json\/wp\/v2\/types\/product"}],"replies":[{"embeddable":true,"href":"https:\/\/bitessiulai.lt\/et\/wp-json\/wp\/v2\/comments?post=5052"}],"version-history":[{"count":0,"href":"https:\/\/bitessiulai.lt\/et\/wp-json\/wp\/v2\/product\/5052\/revisions"}],"wp:featuredmedia":[{"embeddable":true,"href":"https:\/\/bitessiulai.lt\/et\/wp-json\/wp\/v2\/media\/5053"}],"wp:attachment":[{"href":"https:\/\/bitessiulai.lt\/et\/wp-json\/wp\/v2\/media?parent=5052"}],"wp:term":[{"taxonomy":"product_brand","embeddable":true,"href":"https:\/\/bitessiulai.lt\/et\/wp-json\/wp\/v2\/product_brand?post=5052"},{"taxonomy":"product_cat","embeddable":true,"href":"https:\/\/bitessiulai.lt\/et\/wp-json\/wp\/v2\/product_cat?post=5052"},{"taxonomy":"product_tag","embeddable":true,"href":"https:\/\/bitessiulai.lt\/et\/wp-json\/wp\/v2\/product_tag?post=5052"},{"taxonomy":"giftcard-category","embeddable":true,"href":"https:\/\/bitessiulai.lt\/et\/wp-json\/wp\/v2\/giftcard-category?post=5052"}],"curies":[{"name":"wp","href":"https:\/\/api.w.org\/{rel}","templated":true}]}}