{"id":4271,"date":"2024-12-19T11:26:06","date_gmt":"2024-12-19T09:26:06","guid":{"rendered":"https:\/\/bitessiulai.lt\/?post_type=product&#038;p=4271"},"modified":"2026-01-16T15:53:32","modified_gmt":"2026-01-16T13:53:32","slug":"15cm-koshitsu-seeknit-curve-bambuko-prisukamu-virbalu-rinkinys","status":"publish","type":"product","link":"https:\/\/bitessiulai.lt\/et\/toode\/15cm-koshitsu-seeknit-curve-bambuko-prisukamu-virbalu-rinkinys\/","title":{"rendered":"15 cm. Koshitsu Seeknit CURVE bambusest kruvivarraste komplekt"},"content":{"rendered":"<h6><strong>15 cm. Koshitsu Seeknit CURVE bambusest kruvivarraste komplekt<\/strong><\/h6>\n<p id=\"tw-target-text\" class=\"tw-data-text tw-text-large tw-ta\" dir=\"ltr\" data-placeholder=\"Vertimas\" data-ved=\"2ahUKEwj16fbpw52LAxW8R_EDHRD_ECsQ3ewLegQICBAV\" aria-label=\"T\u00f5lgitud tekst: Seeknit on Jaapani vanim bambusest kudumisvardade tootja. See on vana pereettev\u00f5te, millel on uhked k\u00e4sit\u00f6\u00f6 ja kvaliteedi traditsioonid. Kasutatakse ainult hoolikalt valitud tugevat Jaapani bambust Nara piirkonna spetsiaalsetest istandustest. Koshitshu on iidne taimevann ja kuumt\u00f6\u00f6tlus, mis muudab tugeva bambuse veelgi tugevamaks. Koshitsu annab k\u00f5vema ja vastupidavama pinna, millel on samal ajal bambuse loomulik pehme tunne.\"><span class=\"Y2IQFc\" lang=\"lt\"><strong>Seeknit<\/strong> on Jaapani vanim bambusest kudumisvardade tootja. See on vana pereettev\u00f5te, mis on tugev nii k\u00e4sit\u00f6\u00f6 kui ka kvaliteedi poolest. Kasutatakse ainult hoolikalt valitud tugevat Jaapani bambust Nara piirkonna spetsiaalsetest istandustest. <\/span><\/p>\n<p class=\"tw-data-text tw-text-large tw-ta\" dir=\"ltr\" data-placeholder=\"Vertimas\" data-ved=\"2ahUKEwj16fbpw52LAxW8R_EDHRD_ECsQ3ewLegQICBAV\" aria-label=\"T\u00f5lgitud tekst: Seeknit on Jaapani vanim bambusest kudumisvardade tootja. See on vana pereettev\u00f5te, millel on uhked k\u00e4sit\u00f6\u00f6 ja kvaliteedi traditsioonid. Kasutatakse ainult hoolikalt valitud tugevat Jaapani bambust Nara piirkonna spetsiaalsetest istandustest. Koshitshu on iidne taimevann ja kuumt\u00f6\u00f6tlus, mis muudab tugeva bambuse veelgi tugevamaks. Koshitsu annab k\u00f5vema ja vastupidavama pinna, millel on samal ajal bambuse loomulik pehme tunne.\"><span class=\"Y2IQFc\" lang=\"lt\"><strong>Koshitshu<\/strong> on iidne \u00fcrdivann ja kuumt\u00f6\u00f6tlus, mis muudab tugeva bambuse veelgi tugevamaks. Koshitsu annab k\u00f5vema ja vastupidavama pinna, millel on samal ajal bambuse loomulik pehme tunne.<\/span><\/p>\n<p><strong>Seekniti k\u00f5ver<\/strong> \u2013 see on viimistletud ja uuendatud kollektsioon, mis sobib ideaalselt ka Seekniti tavalise kudumisvarraste kollektsiooni kruvitavate aksessuaaridega.<\/p>\n<p>Uus <strong>Seekniti k\u00f5ver<\/strong> Kollektsiooni iseloomustab erakordselt sujuv \u00fcleminek vardalt joonele. Varraste sile, vormitud ja sile kuju v\u00f5imaldab l\u00f5ngal varraste pinnal h\u00f5lpsalt libiseda, muutes niigi nauditava kudumise veelgi nauditavamaks.<\/p>\n<p><strong>S-suuruse komplekti kuuluvad:<\/strong><\/p>\n<ul>\n<li>6 cm pikkused 4 keeratavat bambusvarda \u2013 (M1.8 t\u00fc\u00fcp 2.50 mm, 2.75 mm, 3.00 mm, 3.25 mm)<\/li>\n<li>3 tk keermega kinnitatavat voolikut (M1,8 t\u00fc\u00fcp 35 cm, 50 cm, 70 cm)<\/li>\n<li>1 tk pistikut<\/li>\n<li>2 tk pidureid<\/li>\n<\/ul>\n<p><strong>M-suuruse komplekt sisaldab:<\/strong><\/p>\n<ul>\n<li>15 cm pikkused 4 keeratavat bambusvarrast \u2013 (M2 t\u00fc\u00fcpi 3,50 mm, 4,00 mm, 4,50 mm, 5,00 mm)<\/li>\n<li>3 tk keeratavat voolikut (M2 t\u00fc\u00fcp 35 cm, 50 cm, 70 cm)<\/li>\n<li>1 tk pistikut<\/li>\n<li>2 tk pidureid<\/li>\n<\/ul>\n<p><img fetchpriority=\"high\" decoding=\"async\" class=\"alignnone size-medium wp-image-4048\" src=\"https:\/\/bitessiulai.lt\/wp-content\/uploads\/2024\/12\/Seeknit-Curve-Koshitsu-IC-Needle-Tips-10-cm-4inch_Small-768x551-1-300x215.jpg\" alt=\"\" width=\"300\" height=\"215\" srcset=\"https:\/\/bitessiulai.lt\/wp-content\/uploads\/2024\/12\/Seeknit-Curve-Koshitsu-IC-Needle-Tips-10-cm-4inch_Small-768x551-1-300x215.jpg 300w, https:\/\/bitessiulai.lt\/wp-content\/uploads\/2024\/12\/Seeknit-Curve-Koshitsu-IC-Needle-Tips-10-cm-4inch_Small-768x551-1-18x12.jpg 18w, https:\/\/bitessiulai.lt\/wp-content\/uploads\/2024\/12\/Seeknit-Curve-Koshitsu-IC-Needle-Tips-10-cm-4inch_Small-768x551-1-600x430.jpg 600w, https:\/\/bitessiulai.lt\/wp-content\/uploads\/2024\/12\/Seeknit-Curve-Koshitsu-IC-Needle-Tips-10-cm-4inch_Small-768x551-1-150x108.jpg 150w, https:\/\/bitessiulai.lt\/wp-content\/uploads\/2024\/12\/Seeknit-Curve-Koshitsu-IC-Needle-Tips-10-cm-4inch_Small-768x551-1.jpg 768w\" sizes=\"(max-width: 300px) 100vw, 300px\" \/><\/p>\n<p><img decoding=\"async\" class=\"alignnone size-medium wp-image-4050\" src=\"https:\/\/bitessiulai.lt\/wp-content\/uploads\/2024\/12\/Seeknit-Curve-Koshitsu_IC-Needles-and-Stoppers_Image-300x200.jpg\" alt=\"\" width=\"300\" height=\"200\" srcset=\"https:\/\/bitessiulai.lt\/wp-content\/uploads\/2024\/12\/Seeknit-Curve-Koshitsu_IC-Needles-and-Stoppers_Image-300x200.jpg 300w, https:\/\/bitessiulai.lt\/wp-content\/uploads\/2024\/12\/Seeknit-Curve-Koshitsu_IC-Needles-and-Stoppers_Image-1024x682.jpg 1024w, https:\/\/bitessiulai.lt\/wp-content\/uploads\/2024\/12\/Seeknit-Curve-Koshitsu_IC-Needles-and-Stoppers_Image-768x512.jpg 768w, https:\/\/bitessiulai.lt\/wp-content\/uploads\/2024\/12\/Seeknit-Curve-Koshitsu_IC-Needles-and-Stoppers_Image-1536x1024.jpg 1536w, https:\/\/bitessiulai.lt\/wp-content\/uploads\/2024\/12\/Seeknit-Curve-Koshitsu_IC-Needles-and-Stoppers_Image-18x12.jpg 18w, https:\/\/bitessiulai.lt\/wp-content\/uploads\/2024\/12\/Seeknit-Curve-Koshitsu_IC-Needles-and-Stoppers_Image-600x400.jpg 600w, https:\/\/bitessiulai.lt\/wp-content\/uploads\/2024\/12\/Seeknit-Curve-Koshitsu_IC-Needles-and-Stoppers_Image-150x100.jpg 150w, https:\/\/bitessiulai.lt\/wp-content\/uploads\/2024\/12\/Seeknit-Curve-Koshitsu_IC-Needles-and-Stoppers_Image.jpg 2000w\" sizes=\"(max-width: 300px) 100vw, 300px\" \/><\/p>","protected":false},"excerpt":{"rendered":"<p>15cm. Koshitsu Seeknit CURVE bambuko prisukam\u0173 virbal\u0173 rinkinys Seeknit yra seniausias Japonijos bambuko mezgimo virbal\u0173 gamintojas. Tai sena \u0161eimai priklausanti gamykla, stiprus meistri\u0161kumas ir kokyb\u0117. Naudojamas tik kruop\u0161\u010diai atrinktas stiprus japoni\u0161kas bambukas i\u0161 speciali\u0173 plantacij\u0173 Naros apylink\u0117se. Koshitshu yra senovin\u0117 \u017eoleli\u0173 vonia ir terminis apdorojimas, d\u0117l kurio stiprus bambukas tampa dar stipresnis. Koshitsu suteikia kietesn\u012f ir tvirtesn\u012f pavir\u0161i\u0173, kuris tuo pat metu turi nat\u016bral\u0173 mink\u0161t\u0105 bambuko poj\u016bt\u012f. Seeknit Curve \u2013 tai i\u0161tobulinta ir atnaujinta kolekcija, kuri puikiai tiks ir prie \u012fprastos Seeknit virbal\u0173 kolekcijos prisukam\u0173 pried\u0173. Naujoji Seeknit Curve kolekcija pasi\u017eymi ypatingai \u0161velniu per\u0117jimu nuo virbalo link valo. Aptaki, i\u0161formuota, i\u0161gludinta virbal\u0173 forma leid\u017eia lengvai si\u016blams slysti virbal\u0173 pavir\u0161iumi, o ir taip malonus mezgimas tampa dar malonesnis. S dyd\u017eio rinkin\u012f sudaro: 6cm. ilgio 4 prisukami bambuko virbalai &#8211; (M1.8 tipo 2.50mm., 2.75mm., 3.00mm., 3.25mm.) 3 vnt. prisukami valai (M1.8 tipo 35cm., 50cm., 70cm.) 1 vnt. sujung\u0117jas 2 vnt. stabd\u017eiukai M dyd\u017eio rink\u012f sudaro: 15cm. ilgio 4 prisukami bambuko virbalai &#8211; (M2 tipo 3.50mm., 4.00mm., 4.50mm., 5.00mm.) 3 vnt. prisukami valai (M2 tipo 35cm., 50cm., 70cm.) 1 vnt. sujung\u0117jas 2 vnt. stabd\u017eiukai<\/p>","protected":false},"featured_media":4056,"comment_status":"open","ping_status":"closed","template":"","meta":[],"product_brand":[],"product_cat":[180,2439,181],"product_tag":[],"giftcard-category":[],"class_list":{"0":"post-4271","1":"product","2":"type-product","3":"status-publish","4":"has-post-thumbnail","6":"product_cat-mezgimo-priemones","7":"product_cat-seeknit-mezgimo-priemoniu-gamintojai","8":"product_cat-virbalu-rinkiniai","10":"first","11":"instock","12":"taxable","13":"shipping-taxable","14":"purchasable","15":"product-type-variable"},"_links":{"self":[{"href":"https:\/\/bitessiulai.lt\/et\/wp-json\/wp\/v2\/product\/4271","targetHints":{"allow":["GET"]}}],"collection":[{"href":"https:\/\/bitessiulai.lt\/et\/wp-json\/wp\/v2\/product"}],"about":[{"href":"https:\/\/bitessiulai.lt\/et\/wp-json\/wp\/v2\/types\/product"}],"replies":[{"embeddable":true,"href":"https:\/\/bitessiulai.lt\/et\/wp-json\/wp\/v2\/comments?post=4271"}],"version-history":[{"count":1,"href":"https:\/\/bitessiulai.lt\/et\/wp-json\/wp\/v2\/product\/4271\/revisions"}],"predecessor-version":[{"id":21687,"href":"https:\/\/bitessiulai.lt\/et\/wp-json\/wp\/v2\/product\/4271\/revisions\/21687"}],"wp:featuredmedia":[{"embeddable":true,"href":"https:\/\/bitessiulai.lt\/et\/wp-json\/wp\/v2\/media\/4056"}],"wp:attachment":[{"href":"https:\/\/bitessiulai.lt\/et\/wp-json\/wp\/v2\/media?parent=4271"}],"wp:term":[{"taxonomy":"product_brand","embeddable":true,"href":"https:\/\/bitessiulai.lt\/et\/wp-json\/wp\/v2\/product_brand?post=4271"},{"taxonomy":"product_cat","embeddable":true,"href":"https:\/\/bitessiulai.lt\/et\/wp-json\/wp\/v2\/product_cat?post=4271"},{"taxonomy":"product_tag","embeddable":true,"href":"https:\/\/bitessiulai.lt\/et\/wp-json\/wp\/v2\/product_tag?post=4271"},{"taxonomy":"giftcard-category","embeddable":true,"href":"https:\/\/bitessiulai.lt\/et\/wp-json\/wp\/v2\/giftcard-category?post=4271"}],"curies":[{"name":"wp","href":"https:\/\/api.w.org\/{rel}","templated":true}]}}