{"id":4139,"date":"2024-12-18T19:00:43","date_gmt":"2024-12-18T17:00:43","guid":{"rendered":"https:\/\/bitessiulai.lt\/?post_type=product&#038;p=4139"},"modified":"2026-03-19T22:34:58","modified_gmt":"2026-03-19T20:34:58","slug":"yarnart-fable-fur","status":"publish","type":"product","link":"https:\/\/bitessiulai.lt\/et\/toode\/yarnart-fable-fur\/","title":{"rendered":"YarnArt Fable Fur"},"content":{"rendered":"<p><strong>YarnArt Fable Fur<\/strong> \u2013 pehme, nagu karusnahk, v\u00e4ga pehme l\u00f5ng. See kunstkarusnahast, kohev kudumisl\u00f5ng sobib ideaalselt m\u00e4nguasjade, tekkide, kampsunite, sallide, m\u00fctside, kinnaste jms kudumiseks.<\/p>\n<p><img fetchpriority=\"high\" decoding=\"async\" class=\"alignnone size-medium wp-image-4120\" src=\"https:\/\/bitessiulai.lt\/wp-content\/uploads\/2024\/12\/FABLEFUR_Yarnart4436_SITE-300x300.jpg\" alt=\"\" width=\"300\" height=\"300\" srcset=\"https:\/\/bitessiulai.lt\/wp-content\/uploads\/2024\/12\/FABLEFUR_Yarnart4436_SITE-300x300.jpg 300w, https:\/\/bitessiulai.lt\/wp-content\/uploads\/2024\/12\/FABLEFUR_Yarnart4436_SITE-1024x1024.jpg 1024w, https:\/\/bitessiulai.lt\/wp-content\/uploads\/2024\/12\/FABLEFUR_Yarnart4436_SITE-150x150.jpg 150w, https:\/\/bitessiulai.lt\/wp-content\/uploads\/2024\/12\/FABLEFUR_Yarnart4436_SITE-768x768.jpg 768w, https:\/\/bitessiulai.lt\/wp-content\/uploads\/2024\/12\/FABLEFUR_Yarnart4436_SITE-1536x1536.jpg 1536w, https:\/\/bitessiulai.lt\/wp-content\/uploads\/2024\/12\/FABLEFUR_Yarnart4436_SITE-12x12.jpg 12w, https:\/\/bitessiulai.lt\/wp-content\/uploads\/2024\/12\/FABLEFUR_Yarnart4436_SITE-600x600.jpg 600w, https:\/\/bitessiulai.lt\/wp-content\/uploads\/2024\/12\/FABLEFUR_Yarnart4436_SITE-96x96.jpg 96w, https:\/\/bitessiulai.lt\/wp-content\/uploads\/2024\/12\/FABLEFUR_Yarnart4436_SITE.jpg 2000w\" sizes=\"(max-width: 300px) 100vw, 300px\" \/> <img decoding=\"async\" class=\"alignnone size-medium wp-image-4119\" src=\"https:\/\/bitessiulai.lt\/wp-content\/uploads\/2024\/12\/Fable_Fur_Yarnart_241739-300x300.jpg\" alt=\"\" width=\"300\" height=\"300\" srcset=\"https:\/\/bitessiulai.lt\/wp-content\/uploads\/2024\/12\/Fable_Fur_Yarnart_241739-300x300.jpg 300w, https:\/\/bitessiulai.lt\/wp-content\/uploads\/2024\/12\/Fable_Fur_Yarnart_241739-1024x1024.jpg 1024w, https:\/\/bitessiulai.lt\/wp-content\/uploads\/2024\/12\/Fable_Fur_Yarnart_241739-150x150.jpg 150w, https:\/\/bitessiulai.lt\/wp-content\/uploads\/2024\/12\/Fable_Fur_Yarnart_241739-768x768.jpg 768w, https:\/\/bitessiulai.lt\/wp-content\/uploads\/2024\/12\/Fable_Fur_Yarnart_241739-1536x1536.jpg 1536w, https:\/\/bitessiulai.lt\/wp-content\/uploads\/2024\/12\/Fable_Fur_Yarnart_241739-12x12.jpg 12w, https:\/\/bitessiulai.lt\/wp-content\/uploads\/2024\/12\/Fable_Fur_Yarnart_241739-600x600.jpg 600w, https:\/\/bitessiulai.lt\/wp-content\/uploads\/2024\/12\/Fable_Fur_Yarnart_241739-96x96.jpg 96w, https:\/\/bitessiulai.lt\/wp-content\/uploads\/2024\/12\/Fable_Fur_Yarnart_241739.jpg 2000w\" sizes=\"(max-width: 300px) 100vw, 300px\" \/><\/p>\n<p>*Ekraanil kuvatavad v\u00e4rvid v\u00f5ivad tegelikust niidiv\u00e4rvist veidi erineda.<\/p>","protected":false},"excerpt":{"rendered":"<p>Koostis: 100% pol\u00fcester<\/p>\n<p>Kaal\/pikkus: 100 g = umbes 100 m.<\/p>\n<p>Soovitatav kudumisvarda suurus: 7 mm.<\/p>\n<p>Soovitatav varda suurus: 6,5 mm.<\/p>","protected":false},"featured_media":4118,"comment_status":"open","ping_status":"closed","template":"","meta":[],"product_brand":[],"product_cat":[915,3319,177,178,328,173,174,175,255],"product_tag":[],"giftcard-category":[],"class_list":{"0":"post-4139","1":"product","2":"type-product","3":"status-publish","4":"has-post-thumbnail","6":"product_cat-dekoratyviniai-siulai","7":"product_cat-fable-fur","8":"product_cat-mezgimo-siulai","9":"product_cat-nerimo-siulai","10":"product_cat-poliesteris","11":"product_cat-siulai","12":"product_cat-siulu-gamintojai","13":"product_cat-siulu-pluostai","14":"product_cat-yarnart","16":"first","17":"instock","18":"taxable","19":"shipping-taxable","20":"purchasable","21":"product-type-variable"},"_links":{"self":[{"href":"https:\/\/bitessiulai.lt\/et\/wp-json\/wp\/v2\/product\/4139","targetHints":{"allow":["GET"]}}],"collection":[{"href":"https:\/\/bitessiulai.lt\/et\/wp-json\/wp\/v2\/product"}],"about":[{"href":"https:\/\/bitessiulai.lt\/et\/wp-json\/wp\/v2\/types\/product"}],"replies":[{"embeddable":true,"href":"https:\/\/bitessiulai.lt\/et\/wp-json\/wp\/v2\/comments?post=4139"}],"version-history":[{"count":0,"href":"https:\/\/bitessiulai.lt\/et\/wp-json\/wp\/v2\/product\/4139\/revisions"}],"wp:featuredmedia":[{"embeddable":true,"href":"https:\/\/bitessiulai.lt\/et\/wp-json\/wp\/v2\/media\/4118"}],"wp:attachment":[{"href":"https:\/\/bitessiulai.lt\/et\/wp-json\/wp\/v2\/media?parent=4139"}],"wp:term":[{"taxonomy":"product_brand","embeddable":true,"href":"https:\/\/bitessiulai.lt\/et\/wp-json\/wp\/v2\/product_brand?post=4139"},{"taxonomy":"product_cat","embeddable":true,"href":"https:\/\/bitessiulai.lt\/et\/wp-json\/wp\/v2\/product_cat?post=4139"},{"taxonomy":"product_tag","embeddable":true,"href":"https:\/\/bitessiulai.lt\/et\/wp-json\/wp\/v2\/product_tag?post=4139"},{"taxonomy":"giftcard-category","embeddable":true,"href":"https:\/\/bitessiulai.lt\/et\/wp-json\/wp\/v2\/giftcard-category?post=4139"}],"curies":[{"name":"wp","href":"https:\/\/api.w.org\/{rel}","templated":true}]}}