{"id":3997,"date":"2024-12-18T15:01:24","date_gmt":"2024-12-18T13:01:24","guid":{"rendered":"https:\/\/bitessiulai.lt\/?post_type=product&#038;p=3997"},"modified":"2026-02-13T06:58:50","modified_gmt":"2026-02-13T04:58:50","slug":"yarnart-harmony","status":"publish","type":"product","link":"https:\/\/bitessiulai.lt\/et\/toode\/yarnart-harmony\/","title":{"rendered":"YarnArt Harmony"},"content":{"rendered":"<p id=\"tw-target-text\" class=\"tw-data-text tw-text-large tw-ta\" dir=\"ltr\" data-placeholder=\"Vertimas\" data-ved=\"2ahUKEwj6tt3UjJuLAxWMSPEDHS1INrIQ3ewLegQICBAV\" aria-label=\"T\u00f5lgitud tekst: See j\u00e4me l\u00f5ng \u00fchendab endas parima m\u00f5lemast maailmast rikkaliku 60 % villa ja 40 % akr\u00fc\u00fcli seguga, tagades stiilse, kuid praktilise viimistluse. Ere kirju muster saab olla erinevates v\u00e4rvitoonides, muutes iga piste ainulaadseks. See on ideaalne valik nii hubaste r\u00f5ivaste kui ka moodsate aksessuaaride jaoks! Mugavust silmas pidades loodud see masinpestav l\u00f5ng lisab teie loomingule elegantsi ilma erilise hoolduseta. Luksuslik s\u00f5\u00f5rikukuju tagab h\u00f5lpsa k\u00e4sitsemise, muutes teie meisterdamise kogemuse imelihtsaks!\"><span class=\"Y2IQFc\" lang=\"lt\"><strong>YarnArt Harmony<\/strong> \u2013 tagab stiilse ja samas praktilise viimistluse. Erksav\u00e4rviline muster, mis muudab iga piste ainulaadseks. Ideaalne valik nii r\u00f5ivaste kui ka aksessuaaride valmistamiseks!<\/span><\/p>\n<p><img fetchpriority=\"high\" decoding=\"async\" class=\"alignnone size-medium wp-image-3982\" src=\"https:\/\/bitessiulai.lt\/wp-content\/uploads\/2024\/12\/HARMONY-300x300.jpg\" alt=\"\" width=\"300\" height=\"300\" srcset=\"https:\/\/bitessiulai.lt\/wp-content\/uploads\/2024\/12\/HARMONY-300x300.jpg 300w, https:\/\/bitessiulai.lt\/wp-content\/uploads\/2024\/12\/HARMONY-150x150.jpg 150w, https:\/\/bitessiulai.lt\/wp-content\/uploads\/2024\/12\/HARMONY-768x768.jpg 768w, https:\/\/bitessiulai.lt\/wp-content\/uploads\/2024\/12\/HARMONY-12x12.jpg 12w, https:\/\/bitessiulai.lt\/wp-content\/uploads\/2024\/12\/HARMONY-600x600.jpg 600w, https:\/\/bitessiulai.lt\/wp-content\/uploads\/2024\/12\/HARMONY-96x96.jpg 96w, https:\/\/bitessiulai.lt\/wp-content\/uploads\/2024\/12\/HARMONY.jpg 1000w\" sizes=\"(max-width: 300px) 100vw, 300px\" \/> <img decoding=\"async\" class=\"alignnone size-medium wp-image-3983\" src=\"https:\/\/bitessiulai.lt\/wp-content\/uploads\/2024\/12\/HARMONY_Yarnart4600_SITE-300x300.jpg\" alt=\"\" width=\"300\" height=\"300\" srcset=\"https:\/\/bitessiulai.lt\/wp-content\/uploads\/2024\/12\/HARMONY_Yarnart4600_SITE-300x300.jpg 300w, https:\/\/bitessiulai.lt\/wp-content\/uploads\/2024\/12\/HARMONY_Yarnart4600_SITE-1024x1024.jpg 1024w, https:\/\/bitessiulai.lt\/wp-content\/uploads\/2024\/12\/HARMONY_Yarnart4600_SITE-150x150.jpg 150w, https:\/\/bitessiulai.lt\/wp-content\/uploads\/2024\/12\/HARMONY_Yarnart4600_SITE-768x768.jpg 768w, https:\/\/bitessiulai.lt\/wp-content\/uploads\/2024\/12\/HARMONY_Yarnart4600_SITE-1536x1536.jpg 1536w, https:\/\/bitessiulai.lt\/wp-content\/uploads\/2024\/12\/HARMONY_Yarnart4600_SITE-12x12.jpg 12w, https:\/\/bitessiulai.lt\/wp-content\/uploads\/2024\/12\/HARMONY_Yarnart4600_SITE-600x600.jpg 600w, https:\/\/bitessiulai.lt\/wp-content\/uploads\/2024\/12\/HARMONY_Yarnart4600_SITE-96x96.jpg 96w, https:\/\/bitessiulai.lt\/wp-content\/uploads\/2024\/12\/HARMONY_Yarnart4600_SITE.jpg 2000w\" sizes=\"(max-width: 300px) 100vw, 300px\" \/> <img decoding=\"async\" class=\"alignnone size-medium wp-image-3984\" src=\"https:\/\/bitessiulai.lt\/wp-content\/uploads\/2024\/12\/HARMONY_Yarnart4894_SITE-300x300.jpg\" alt=\"\" width=\"300\" height=\"300\" srcset=\"https:\/\/bitessiulai.lt\/wp-content\/uploads\/2024\/12\/HARMONY_Yarnart4894_SITE-300x300.jpg 300w, https:\/\/bitessiulai.lt\/wp-content\/uploads\/2024\/12\/HARMONY_Yarnart4894_SITE-1024x1024.jpg 1024w, https:\/\/bitessiulai.lt\/wp-content\/uploads\/2024\/12\/HARMONY_Yarnart4894_SITE-150x150.jpg 150w, https:\/\/bitessiulai.lt\/wp-content\/uploads\/2024\/12\/HARMONY_Yarnart4894_SITE-768x768.jpg 768w, https:\/\/bitessiulai.lt\/wp-content\/uploads\/2024\/12\/HARMONY_Yarnart4894_SITE-1536x1536.jpg 1536w, https:\/\/bitessiulai.lt\/wp-content\/uploads\/2024\/12\/HARMONY_Yarnart4894_SITE-12x12.jpg 12w, https:\/\/bitessiulai.lt\/wp-content\/uploads\/2024\/12\/HARMONY_Yarnart4894_SITE-600x600.jpg 600w, https:\/\/bitessiulai.lt\/wp-content\/uploads\/2024\/12\/HARMONY_Yarnart4894_SITE-96x96.jpg 96w, https:\/\/bitessiulai.lt\/wp-content\/uploads\/2024\/12\/HARMONY_Yarnart4894_SITE.jpg 2000w\" sizes=\"(max-width: 300px) 100vw, 300px\" \/><\/p>\n<p>*Ekraanil kuvatavad v\u00e4rvid v\u00f5ivad tegelikust niidiv\u00e4rvist veidi erineda.<\/p>","protected":false},"excerpt":{"rendered":"<p>Koostis: 60% vill, 40% akr\u00fc\u00fcl<\/p>\n<p>Kaal\/pikkus: 50 g = umbes 80 m.<\/p>\n<p>Soovitatav varda suurus: 5,5 mm.<\/p>\n<p>Soovitatav varda suurus: 6,5 mm.<\/p>","protected":false},"featured_media":3981,"comment_status":"open","ping_status":"closed","template":"","meta":[],"product_brand":[],"product_cat":[326,3316,177,178,173,174,175,410,255],"product_tag":[],"giftcard-category":[],"class_list":{"0":"post-3997","1":"product","2":"type-product","3":"status-publish","4":"has-post-thumbnail","6":"product_cat-akrilas","7":"product_cat-harmony","8":"product_cat-mezgimo-siulai","9":"product_cat-nerimo-siulai","10":"product_cat-siulai","11":"product_cat-siulu-gamintojai","12":"product_cat-siulu-pluostai","13":"product_cat-vilna","14":"product_cat-yarnart","16":"first","17":"instock","18":"taxable","19":"shipping-taxable","20":"purchasable","21":"product-type-variable"},"_links":{"self":[{"href":"https:\/\/bitessiulai.lt\/et\/wp-json\/wp\/v2\/product\/3997","targetHints":{"allow":["GET"]}}],"collection":[{"href":"https:\/\/bitessiulai.lt\/et\/wp-json\/wp\/v2\/product"}],"about":[{"href":"https:\/\/bitessiulai.lt\/et\/wp-json\/wp\/v2\/types\/product"}],"replies":[{"embeddable":true,"href":"https:\/\/bitessiulai.lt\/et\/wp-json\/wp\/v2\/comments?post=3997"}],"version-history":[{"count":0,"href":"https:\/\/bitessiulai.lt\/et\/wp-json\/wp\/v2\/product\/3997\/revisions"}],"wp:featuredmedia":[{"embeddable":true,"href":"https:\/\/bitessiulai.lt\/et\/wp-json\/wp\/v2\/media\/3981"}],"wp:attachment":[{"href":"https:\/\/bitessiulai.lt\/et\/wp-json\/wp\/v2\/media?parent=3997"}],"wp:term":[{"taxonomy":"product_brand","embeddable":true,"href":"https:\/\/bitessiulai.lt\/et\/wp-json\/wp\/v2\/product_brand?post=3997"},{"taxonomy":"product_cat","embeddable":true,"href":"https:\/\/bitessiulai.lt\/et\/wp-json\/wp\/v2\/product_cat?post=3997"},{"taxonomy":"product_tag","embeddable":true,"href":"https:\/\/bitessiulai.lt\/et\/wp-json\/wp\/v2\/product_tag?post=3997"},{"taxonomy":"giftcard-category","embeddable":true,"href":"https:\/\/bitessiulai.lt\/et\/wp-json\/wp\/v2\/giftcard-category?post=3997"}],"curies":[{"name":"wp","href":"https:\/\/api.w.org\/{rel}","templated":true}]}}