{"id":3741,"date":"2024-12-17T17:56:44","date_gmt":"2024-12-17T15:56:44","guid":{"rendered":"https:\/\/bitessiulai.lt\/?post_type=product&#038;p=3741"},"modified":"2026-04-16T09:33:36","modified_gmt":"2026-04-16T06:33:36","slug":"20cm-seeknit-koshitsu-virbalai-kojinems","status":"publish","type":"product","link":"https:\/\/bitessiulai.lt\/et\/toode\/20cm-seeknit-koshitsu-virbalai-kojinems\/","title":{"rendered":"20 cm. Seeknit Koshitsu sokivardad"},"content":{"rendered":"<h6>20 cm. Seeknit Koshitsu sokivardad<\/h6>\n<p id=\"tw-target-text\" class=\"tw-data-text tw-text-large tw-ta\" dir=\"ltr\" data-placeholder=\"Vertimas\" data-ved=\"2ahUKEwj16fbpw52LAxW8R_EDHRD_ECsQ3ewLegQICBAV\" aria-label=\"T\u00f5lgitud tekst: Seeknit on Jaapani vanim bambusest kudumisvardade tootja. See on vana pereettev\u00f5te, millel on uhked k\u00e4sit\u00f6\u00f6 ja kvaliteedi traditsioonid. Kasutatakse ainult hoolikalt valitud tugevat Jaapani bambust Nara piirkonna spetsiaalsetest istandustest. Koshitshu on iidne taimevann ja kuumt\u00f6\u00f6tlus, mis muudab tugeva bambuse veelgi tugevamaks. Koshitsu annab k\u00f5vema ja vastupidavama pinna, millel on samal ajal bambuse loomulik pehme tunne.\"><span class=\"Y2IQFc\" lang=\"lt\"><strong>Seeknit<\/strong> on Jaapani vanim bambusest kudumisvardade tootja. See on vana pereettev\u00f5te, mis on tugev nii k\u00e4sit\u00f6\u00f6 kui ka kvaliteedi poolest. Kasutatakse ainult hoolikalt valitud tugevat Jaapani bambust Nara piirkonna spetsiaalsetest istandustest. <\/span><\/p>\n<p class=\"tw-data-text tw-text-large tw-ta\" dir=\"ltr\" data-placeholder=\"Vertimas\" data-ved=\"2ahUKEwj16fbpw52LAxW8R_EDHRD_ECsQ3ewLegQICBAV\" aria-label=\"T\u00f5lgitud tekst: Seeknit on Jaapani vanim bambusest kudumisvardade tootja. See on vana pereettev\u00f5te, millel on uhked k\u00e4sit\u00f6\u00f6 ja kvaliteedi traditsioonid. Kasutatakse ainult hoolikalt valitud tugevat Jaapani bambust Nara piirkonna spetsiaalsetest istandustest. Koshitshu on iidne taimevann ja kuumt\u00f6\u00f6tlus, mis muudab tugeva bambuse veelgi tugevamaks. Koshitsu annab k\u00f5vema ja vastupidavama pinna, millel on samal ajal bambuse loomulik pehme tunne.\"><span class=\"Y2IQFc\" lang=\"lt\"><strong>Koshitshu<\/strong> on iidne \u00fcrdivann ja kuumt\u00f6\u00f6tlus, mis muudab tugeva bambuse veelgi tugevamaks. Koshitsu annab k\u00f5vema ja vastupidavama pinna, millel on samal ajal bambuse loomulik pehme tunne.<\/span><\/p>\n<p><img fetchpriority=\"high\" decoding=\"async\" class=\"alignnone size-medium wp-image-3702\" src=\"https:\/\/bitessiulai.lt\/wp-content\/uploads\/2024\/12\/Koshitsu_im-600x600-1-300x300.jpg\" alt=\"\" width=\"300\" height=\"300\" srcset=\"https:\/\/bitessiulai.lt\/wp-content\/uploads\/2024\/12\/Koshitsu_im-600x600-1-300x300.jpg 300w, https:\/\/bitessiulai.lt\/wp-content\/uploads\/2024\/12\/Koshitsu_im-600x600-1-150x150.jpg 150w, https:\/\/bitessiulai.lt\/wp-content\/uploads\/2024\/12\/Koshitsu_im-600x600-1-12x12.jpg 12w, https:\/\/bitessiulai.lt\/wp-content\/uploads\/2024\/12\/Koshitsu_im-600x600-1-96x96.jpg 96w, https:\/\/bitessiulai.lt\/wp-content\/uploads\/2024\/12\/Koshitsu_im-600x600-1.jpg 600w\" sizes=\"(max-width: 300px) 100vw, 300px\" \/><\/p>","protected":false},"excerpt":{"rendered":"<p>20cm. Seeknit Koshitsu virbalai kojin\u0117ms Seeknit yra seniausias Japonijos bambuko mezgimo virbal\u0173 gamintojas. Tai sena \u0161eimai priklausanti gamykla, stiprus meistri\u0161kumas ir kokyb\u0117. Naudojamas tik kruop\u0161\u010diai atrinktas stiprus japoni\u0161kas bambukas i\u0161 speciali\u0173 plantacij\u0173 Naros apylink\u0117se. Koshitshu yra senovin\u0117 \u017eoleli\u0173 vonia ir terminis apdorojimas, d\u0117l kurio stiprus bambukas tampa dar stipresnis. Koshitsu suteikia kietesn\u012f ir tvirtesn\u012f pavir\u0161i\u0173, kuris tuo pat metu turi nat\u016bral\u0173 mink\u0161t\u0105 bambuko poj\u016bt\u012f.<\/p>","protected":false},"featured_media":3703,"comment_status":"open","ping_status":"closed","template":"","meta":[],"product_brand":[],"product_cat":[180,2439,186],"product_tag":[],"giftcard-category":[],"class_list":{"0":"post-3741","1":"product","2":"type-product","3":"status-publish","4":"has-post-thumbnail","6":"product_cat-mezgimo-priemones","7":"product_cat-seeknit-mezgimo-priemoniu-gamintojai","8":"product_cat-virbalai-kojinems","10":"first","11":"instock","12":"taxable","13":"shipping-taxable","14":"purchasable","15":"product-type-variable"},"_links":{"self":[{"href":"https:\/\/bitessiulai.lt\/et\/wp-json\/wp\/v2\/product\/3741","targetHints":{"allow":["GET"]}}],"collection":[{"href":"https:\/\/bitessiulai.lt\/et\/wp-json\/wp\/v2\/product"}],"about":[{"href":"https:\/\/bitessiulai.lt\/et\/wp-json\/wp\/v2\/types\/product"}],"replies":[{"embeddable":true,"href":"https:\/\/bitessiulai.lt\/et\/wp-json\/wp\/v2\/comments?post=3741"}],"version-history":[{"count":1,"href":"https:\/\/bitessiulai.lt\/et\/wp-json\/wp\/v2\/product\/3741\/revisions"}],"predecessor-version":[{"id":21395,"href":"https:\/\/bitessiulai.lt\/et\/wp-json\/wp\/v2\/product\/3741\/revisions\/21395"}],"wp:featuredmedia":[{"embeddable":true,"href":"https:\/\/bitessiulai.lt\/et\/wp-json\/wp\/v2\/media\/3703"}],"wp:attachment":[{"href":"https:\/\/bitessiulai.lt\/et\/wp-json\/wp\/v2\/media?parent=3741"}],"wp:term":[{"taxonomy":"product_brand","embeddable":true,"href":"https:\/\/bitessiulai.lt\/et\/wp-json\/wp\/v2\/product_brand?post=3741"},{"taxonomy":"product_cat","embeddable":true,"href":"https:\/\/bitessiulai.lt\/et\/wp-json\/wp\/v2\/product_cat?post=3741"},{"taxonomy":"product_tag","embeddable":true,"href":"https:\/\/bitessiulai.lt\/et\/wp-json\/wp\/v2\/product_tag?post=3741"},{"taxonomy":"giftcard-category","embeddable":true,"href":"https:\/\/bitessiulai.lt\/et\/wp-json\/wp\/v2\/giftcard-category?post=3741"}],"curies":[{"name":"wp","href":"https:\/\/api.w.org\/{rel}","templated":true}]}}