{"id":3625,"date":"2024-12-16T11:35:07","date_gmt":"2024-12-16T09:35:07","guid":{"rendered":"https:\/\/bitessiulai.lt\/?post_type=product&#038;p=3625"},"modified":"2026-05-07T23:06:07","modified_gmt":"2026-05-07T20:06:07","slug":"yarnart-olimpia","status":"publish","type":"product","link":"https:\/\/bitessiulai.lt\/et\/toode\/yarnart-olimpia\/","title":{"rendered":"YarnArt Olympia"},"content":{"rendered":"<p id=\"tw-target-text\" class=\"tw-data-text tw-text-large tw-ta\" dir=\"ltr\" data-placeholder=\"Vertimas\" data-ved=\"2ahUKEwi1x7iw7pqLAxXcSvEDHeBsL-UQ3ewLegQICBAV\" aria-label=\"T\u00f5lgitud tekst: YarnArt Olimpia l\u00f5ng on villa ja akr\u00fc\u00fcli segu. L\u00f5ngal on v\u00e4ga huvitav kudum, mis on \u00f5rnalt m\u00e4hitud musta kiuga. L\u00f5ng on kohev, kergelt keerdunud ja mitmev\u00e4rviline. Sellest l\u00f5ngast valmistatud projektid on v\u00e4ga originaalsed ja ainulaadsed. Sobib ideaalselt m\u00fctside, sallide v\u00f5i paksude kampsunite jaoks. M-suuruses kampsuni jaoks on vaja umbes 500 g (5 tokki) l\u00f5nga.\"><span class=\"Y2IQFc\" lang=\"lt\"><strong>YarnArt Olympia <\/strong>\u2013 villa ja akr\u00fc\u00fcli segu. L\u00f5ngal on v\u00e4ga huvitav kudumisviis. L\u00f5ng on kohev, kergelt keerdunud ja mitmev\u00e4rviline. Nendest l\u00f5ngadest valmistatud projektid on v\u00e4ga originaalsed ja ainulaadsed. Sobib ideaalselt m\u00fctside v\u00f5i paksude kampsunite jaoks.<\/span><\/p>\n<p><img fetchpriority=\"high\" decoding=\"async\" class=\"alignnone size-medium wp-image-3624\" src=\"https:\/\/bitessiulai.lt\/wp-content\/uploads\/2024\/12\/OLIMPIA_Yarnart4136_SITE-300x300.jpg\" alt=\"\" width=\"300\" height=\"300\" srcset=\"https:\/\/bitessiulai.lt\/wp-content\/uploads\/2024\/12\/OLIMPIA_Yarnart4136_SITE-300x300.jpg 300w, https:\/\/bitessiulai.lt\/wp-content\/uploads\/2024\/12\/OLIMPIA_Yarnart4136_SITE-1024x1024.jpg 1024w, https:\/\/bitessiulai.lt\/wp-content\/uploads\/2024\/12\/OLIMPIA_Yarnart4136_SITE-150x150.jpg 150w, https:\/\/bitessiulai.lt\/wp-content\/uploads\/2024\/12\/OLIMPIA_Yarnart4136_SITE-768x768.jpg 768w, https:\/\/bitessiulai.lt\/wp-content\/uploads\/2024\/12\/OLIMPIA_Yarnart4136_SITE-1536x1536.jpg 1536w, https:\/\/bitessiulai.lt\/wp-content\/uploads\/2024\/12\/OLIMPIA_Yarnart4136_SITE-12x12.jpg 12w, https:\/\/bitessiulai.lt\/wp-content\/uploads\/2024\/12\/OLIMPIA_Yarnart4136_SITE-600x600.jpg 600w, https:\/\/bitessiulai.lt\/wp-content\/uploads\/2024\/12\/OLIMPIA_Yarnart4136_SITE-96x96.jpg 96w, https:\/\/bitessiulai.lt\/wp-content\/uploads\/2024\/12\/OLIMPIA_Yarnart4136_SITE.jpg 2000w\" sizes=\"(max-width: 300px) 100vw, 300px\" \/> <img decoding=\"async\" class=\"alignnone size-medium wp-image-3623\" src=\"https:\/\/bitessiulai.lt\/wp-content\/uploads\/2024\/12\/Olimpia_Yarnart_241934-300x300.jpg\" alt=\"\" width=\"300\" height=\"300\" srcset=\"https:\/\/bitessiulai.lt\/wp-content\/uploads\/2024\/12\/Olimpia_Yarnart_241934-300x300.jpg 300w, https:\/\/bitessiulai.lt\/wp-content\/uploads\/2024\/12\/Olimpia_Yarnart_241934-1024x1024.jpg 1024w, https:\/\/bitessiulai.lt\/wp-content\/uploads\/2024\/12\/Olimpia_Yarnart_241934-150x150.jpg 150w, https:\/\/bitessiulai.lt\/wp-content\/uploads\/2024\/12\/Olimpia_Yarnart_241934-768x768.jpg 768w, https:\/\/bitessiulai.lt\/wp-content\/uploads\/2024\/12\/Olimpia_Yarnart_241934-1536x1536.jpg 1536w, https:\/\/bitessiulai.lt\/wp-content\/uploads\/2024\/12\/Olimpia_Yarnart_241934-12x12.jpg 12w, https:\/\/bitessiulai.lt\/wp-content\/uploads\/2024\/12\/Olimpia_Yarnart_241934-600x600.jpg 600w, https:\/\/bitessiulai.lt\/wp-content\/uploads\/2024\/12\/Olimpia_Yarnart_241934-96x96.jpg 96w, https:\/\/bitessiulai.lt\/wp-content\/uploads\/2024\/12\/Olimpia_Yarnart_241934.jpg 2000w\" sizes=\"(max-width: 300px) 100vw, 300px\" \/> <img decoding=\"async\" class=\"alignnone size-medium wp-image-3622\" src=\"https:\/\/bitessiulai.lt\/wp-content\/uploads\/2024\/12\/Olimpia_Yarnart_241931-300x300.jpg\" alt=\"\" width=\"300\" height=\"300\" srcset=\"https:\/\/bitessiulai.lt\/wp-content\/uploads\/2024\/12\/Olimpia_Yarnart_241931-300x300.jpg 300w, https:\/\/bitessiulai.lt\/wp-content\/uploads\/2024\/12\/Olimpia_Yarnart_241931-1024x1024.jpg 1024w, https:\/\/bitessiulai.lt\/wp-content\/uploads\/2024\/12\/Olimpia_Yarnart_241931-150x150.jpg 150w, https:\/\/bitessiulai.lt\/wp-content\/uploads\/2024\/12\/Olimpia_Yarnart_241931-768x768.jpg 768w, https:\/\/bitessiulai.lt\/wp-content\/uploads\/2024\/12\/Olimpia_Yarnart_241931-1536x1536.jpg 1536w, https:\/\/bitessiulai.lt\/wp-content\/uploads\/2024\/12\/Olimpia_Yarnart_241931-12x12.jpg 12w, https:\/\/bitessiulai.lt\/wp-content\/uploads\/2024\/12\/Olimpia_Yarnart_241931-600x600.jpg 600w, https:\/\/bitessiulai.lt\/wp-content\/uploads\/2024\/12\/Olimpia_Yarnart_241931-96x96.jpg 96w, https:\/\/bitessiulai.lt\/wp-content\/uploads\/2024\/12\/Olimpia_Yarnart_241931.jpg 2000w\" sizes=\"(max-width: 300px) 100vw, 300px\" \/> <img loading=\"lazy\" decoding=\"async\" class=\"alignnone size-medium wp-image-3621\" src=\"https:\/\/bitessiulai.lt\/wp-content\/uploads\/2024\/12\/olimpia_20232164-300x300.jpg\" alt=\"\" width=\"300\" height=\"300\" srcset=\"https:\/\/bitessiulai.lt\/wp-content\/uploads\/2024\/12\/olimpia_20232164-300x300.jpg 300w, https:\/\/bitessiulai.lt\/wp-content\/uploads\/2024\/12\/olimpia_20232164-1024x1024.jpg 1024w, https:\/\/bitessiulai.lt\/wp-content\/uploads\/2024\/12\/olimpia_20232164-150x150.jpg 150w, https:\/\/bitessiulai.lt\/wp-content\/uploads\/2024\/12\/olimpia_20232164-768x768.jpg 768w, https:\/\/bitessiulai.lt\/wp-content\/uploads\/2024\/12\/olimpia_20232164-1536x1536.jpg 1536w, https:\/\/bitessiulai.lt\/wp-content\/uploads\/2024\/12\/olimpia_20232164-12x12.jpg 12w, https:\/\/bitessiulai.lt\/wp-content\/uploads\/2024\/12\/olimpia_20232164-600x600.jpg 600w, https:\/\/bitessiulai.lt\/wp-content\/uploads\/2024\/12\/olimpia_20232164-96x96.jpg 96w, https:\/\/bitessiulai.lt\/wp-content\/uploads\/2024\/12\/olimpia_20232164.jpg 2000w\" sizes=\"(max-width: 300px) 100vw, 300px\" \/> <img loading=\"lazy\" decoding=\"async\" class=\"alignnone size-medium wp-image-3603\" src=\"https:\/\/bitessiulai.lt\/wp-content\/uploads\/2024\/12\/Olympia._20233011jpg-600x600-1-300x300.jpg\" alt=\"\" width=\"300\" height=\"300\" srcset=\"https:\/\/bitessiulai.lt\/wp-content\/uploads\/2024\/12\/Olympia._20233011jpg-600x600-1-300x300.jpg 300w, https:\/\/bitessiulai.lt\/wp-content\/uploads\/2024\/12\/Olympia._20233011jpg-600x600-1-150x150.jpg 150w, https:\/\/bitessiulai.lt\/wp-content\/uploads\/2024\/12\/Olympia._20233011jpg-600x600-1-12x12.jpg 12w, https:\/\/bitessiulai.lt\/wp-content\/uploads\/2024\/12\/Olympia._20233011jpg-600x600-1-96x96.jpg 96w, https:\/\/bitessiulai.lt\/wp-content\/uploads\/2024\/12\/Olympia._20233011jpg-600x600-1.jpg 600w\" sizes=\"(max-width: 300px) 100vw, 300px\" \/><\/p>\n<p>*Ekraanil kuvatavad v\u00e4rvid v\u00f5ivad tegelikust niidiv\u00e4rvist veidi erineda.<\/p>","protected":false},"excerpt":{"rendered":"<p>Koostis: 20% vill, 80% akr\u00fc\u00fcl<\/p>\n<p>Kaal\/pikkus: 100 g = umbes 100 m.<\/p>\n<p>Soovitatav kudumisvarda suurus: 7 mm.<\/p>\n<p>Soovitatav helme suurus: 8 mm<\/p>","protected":false},"featured_media":3605,"comment_status":"open","ping_status":"closed","template":"","meta":[],"product_brand":[],"product_cat":[326,217,177,178,3311,173,174,175,410,255,4845],"product_tag":[],"giftcard-category":[],"class_list":{"0":"post-3625","1":"product","2":"type-product","3":"status-publish","4":"has-post-thumbnail","6":"product_cat-akrilas","7":"product_cat-isparduotuve","8":"product_cat-mezgimo-siulai","9":"product_cat-nerimo-siulai","10":"product_cat-olimpia","11":"product_cat-siulai","12":"product_cat-siulu-gamintojai","13":"product_cat-siulu-pluostai","14":"product_cat-vilna","15":"product_cat-yarnart","16":"product_cat-yarnart-nuolaida","18":"first","19":"instock","20":"sale","21":"taxable","22":"shipping-taxable","23":"purchasable","24":"product-type-variable"},"_links":{"self":[{"href":"https:\/\/bitessiulai.lt\/et\/wp-json\/wp\/v2\/product\/3625","targetHints":{"allow":["GET"]}}],"collection":[{"href":"https:\/\/bitessiulai.lt\/et\/wp-json\/wp\/v2\/product"}],"about":[{"href":"https:\/\/bitessiulai.lt\/et\/wp-json\/wp\/v2\/types\/product"}],"replies":[{"embeddable":true,"href":"https:\/\/bitessiulai.lt\/et\/wp-json\/wp\/v2\/comments?post=3625"}],"version-history":[{"count":1,"href":"https:\/\/bitessiulai.lt\/et\/wp-json\/wp\/v2\/product\/3625\/revisions"}],"predecessor-version":[{"id":25932,"href":"https:\/\/bitessiulai.lt\/et\/wp-json\/wp\/v2\/product\/3625\/revisions\/25932"}],"wp:featuredmedia":[{"embeddable":true,"href":"https:\/\/bitessiulai.lt\/et\/wp-json\/wp\/v2\/media\/3605"}],"wp:attachment":[{"href":"https:\/\/bitessiulai.lt\/et\/wp-json\/wp\/v2\/media?parent=3625"}],"wp:term":[{"taxonomy":"product_brand","embeddable":true,"href":"https:\/\/bitessiulai.lt\/et\/wp-json\/wp\/v2\/product_brand?post=3625"},{"taxonomy":"product_cat","embeddable":true,"href":"https:\/\/bitessiulai.lt\/et\/wp-json\/wp\/v2\/product_cat?post=3625"},{"taxonomy":"product_tag","embeddable":true,"href":"https:\/\/bitessiulai.lt\/et\/wp-json\/wp\/v2\/product_tag?post=3625"},{"taxonomy":"giftcard-category","embeddable":true,"href":"https:\/\/bitessiulai.lt\/et\/wp-json\/wp\/v2\/giftcard-category?post=3625"}],"curies":[{"name":"wp","href":"https:\/\/api.w.org\/{rel}","templated":true}]}}