{"id":3044,"date":"2024-12-13T19:16:46","date_gmt":"2024-12-13T17:16:46","guid":{"rendered":"https:\/\/bitessiulai.lt\/?post_type=product&#038;p=3044"},"modified":"2026-02-24T09:42:24","modified_gmt":"2026-02-24T07:42:24","slug":"yarnart-alpine-alpaca","status":"publish","type":"product","link":"https:\/\/bitessiulai.lt\/et\/toode\/yarnart-alpine-alpaca\/","title":{"rendered":"YarnArt Alpine Alpaca"},"content":{"rendered":"<p><strong>YarnArt Alpine Alpaca<\/strong> \u2013 paks kudumisl\u00f5ng, mis sobib ideaalselt m\u00fctside, sallide, moodsate kampsunite ja kardiganide kudumiseks.<\/p>\n<p><img fetchpriority=\"high\" decoding=\"async\" class=\"alignnone size-medium wp-image-5182\" src=\"https:\/\/bitessiulai.lt\/wp-content\/uploads\/2024\/12\/nuotrauka-2-300x175.jpg\" alt=\"\" width=\"300\" height=\"175\" srcset=\"https:\/\/bitessiulai.lt\/wp-content\/uploads\/2024\/12\/nuotrauka-2-300x175.jpg 300w, https:\/\/bitessiulai.lt\/wp-content\/uploads\/2024\/12\/nuotrauka-2-18x12.jpg 18w, https:\/\/bitessiulai.lt\/wp-content\/uploads\/2024\/12\/nuotrauka-2-600x350.jpg 600w, https:\/\/bitessiulai.lt\/wp-content\/uploads\/2024\/12\/nuotrauka-2-150x88.jpg 150w, https:\/\/bitessiulai.lt\/wp-content\/uploads\/2024\/12\/nuotrauka-2.jpg 711w\" sizes=\"(max-width: 300px) 100vw, 300px\" \/><\/p>\n<p>&nbsp;<\/p>\n<p><img decoding=\"async\" class=\"alignnone size-medium wp-image-2994\" src=\"https:\/\/bitessiulai.lt\/wp-content\/uploads\/2024\/12\/ALPINE_ALPACA_02-600x600-1-300x300.jpg\" alt=\"\" width=\"300\" height=\"300\" srcset=\"https:\/\/bitessiulai.lt\/wp-content\/uploads\/2024\/12\/ALPINE_ALPACA_02-600x600-1-300x300.jpg 300w, https:\/\/bitessiulai.lt\/wp-content\/uploads\/2024\/12\/ALPINE_ALPACA_02-600x600-1-150x150.jpg 150w, https:\/\/bitessiulai.lt\/wp-content\/uploads\/2024\/12\/ALPINE_ALPACA_02-600x600-1-12x12.jpg 12w, https:\/\/bitessiulai.lt\/wp-content\/uploads\/2024\/12\/ALPINE_ALPACA_02-600x600-1-96x96.jpg 96w, https:\/\/bitessiulai.lt\/wp-content\/uploads\/2024\/12\/ALPINE_ALPACA_02-600x600-1.jpg 600w\" sizes=\"(max-width: 300px) 100vw, 300px\" \/> <img decoding=\"async\" class=\"alignnone size-medium wp-image-2993\" src=\"https:\/\/bitessiulai.lt\/wp-content\/uploads\/2024\/12\/ALPINE_ALPACA_01-300x300.jpg\" alt=\"\" width=\"300\" height=\"300\" srcset=\"https:\/\/bitessiulai.lt\/wp-content\/uploads\/2024\/12\/ALPINE_ALPACA_01-300x300.jpg 300w, https:\/\/bitessiulai.lt\/wp-content\/uploads\/2024\/12\/ALPINE_ALPACA_01-150x150.jpg 150w, https:\/\/bitessiulai.lt\/wp-content\/uploads\/2024\/12\/ALPINE_ALPACA_01-768x768.jpg 768w, https:\/\/bitessiulai.lt\/wp-content\/uploads\/2024\/12\/ALPINE_ALPACA_01-12x12.jpg 12w, https:\/\/bitessiulai.lt\/wp-content\/uploads\/2024\/12\/ALPINE_ALPACA_01-600x600.jpg 600w, https:\/\/bitessiulai.lt\/wp-content\/uploads\/2024\/12\/ALPINE_ALPACA_01-96x96.jpg 96w, https:\/\/bitessiulai.lt\/wp-content\/uploads\/2024\/12\/ALPINE_ALPACA_01.jpg 1000w\" sizes=\"(max-width: 300px) 100vw, 300px\" \/> <img loading=\"lazy\" decoding=\"async\" class=\"alignnone size-medium wp-image-2995\" src=\"https:\/\/bitessiulai.lt\/wp-content\/uploads\/2024\/12\/Alpine_Alpaca_20232067-300x300.jpg\" alt=\"\" width=\"300\" height=\"300\" srcset=\"https:\/\/bitessiulai.lt\/wp-content\/uploads\/2024\/12\/Alpine_Alpaca_20232067-300x300.jpg 300w, https:\/\/bitessiulai.lt\/wp-content\/uploads\/2024\/12\/Alpine_Alpaca_20232067-1024x1024.jpg 1024w, https:\/\/bitessiulai.lt\/wp-content\/uploads\/2024\/12\/Alpine_Alpaca_20232067-150x150.jpg 150w, https:\/\/bitessiulai.lt\/wp-content\/uploads\/2024\/12\/Alpine_Alpaca_20232067-768x768.jpg 768w, https:\/\/bitessiulai.lt\/wp-content\/uploads\/2024\/12\/Alpine_Alpaca_20232067-1536x1536.jpg 1536w, https:\/\/bitessiulai.lt\/wp-content\/uploads\/2024\/12\/Alpine_Alpaca_20232067-12x12.jpg 12w, https:\/\/bitessiulai.lt\/wp-content\/uploads\/2024\/12\/Alpine_Alpaca_20232067-600x600.jpg 600w, https:\/\/bitessiulai.lt\/wp-content\/uploads\/2024\/12\/Alpine_Alpaca_20232067-96x96.jpg 96w, https:\/\/bitessiulai.lt\/wp-content\/uploads\/2024\/12\/Alpine_Alpaca_20232067.jpg 2000w\" sizes=\"(max-width: 300px) 100vw, 300px\" \/> <img loading=\"lazy\" decoding=\"async\" class=\"alignnone size-medium wp-image-2997\" src=\"https:\/\/bitessiulai.lt\/wp-content\/uploads\/2024\/12\/Alpine_Alpaca_Yarnart_241609-300x300.jpg\" alt=\"\" width=\"300\" height=\"300\" srcset=\"https:\/\/bitessiulai.lt\/wp-content\/uploads\/2024\/12\/Alpine_Alpaca_Yarnart_241609-300x300.jpg 300w, https:\/\/bitessiulai.lt\/wp-content\/uploads\/2024\/12\/Alpine_Alpaca_Yarnart_241609-1024x1024.jpg 1024w, https:\/\/bitessiulai.lt\/wp-content\/uploads\/2024\/12\/Alpine_Alpaca_Yarnart_241609-150x150.jpg 150w, https:\/\/bitessiulai.lt\/wp-content\/uploads\/2024\/12\/Alpine_Alpaca_Yarnart_241609-768x768.jpg 768w, https:\/\/bitessiulai.lt\/wp-content\/uploads\/2024\/12\/Alpine_Alpaca_Yarnart_241609-1536x1536.jpg 1536w, https:\/\/bitessiulai.lt\/wp-content\/uploads\/2024\/12\/Alpine_Alpaca_Yarnart_241609-12x12.jpg 12w, https:\/\/bitessiulai.lt\/wp-content\/uploads\/2024\/12\/Alpine_Alpaca_Yarnart_241609-600x600.jpg 600w, https:\/\/bitessiulai.lt\/wp-content\/uploads\/2024\/12\/Alpine_Alpaca_Yarnart_241609-96x96.jpg 96w, https:\/\/bitessiulai.lt\/wp-content\/uploads\/2024\/12\/Alpine_Alpaca_Yarnart_241609.jpg 2000w\" sizes=\"(max-width: 300px) 100vw, 300px\" \/> <img loading=\"lazy\" decoding=\"async\" class=\"alignnone size-medium wp-image-2996\" src=\"https:\/\/bitessiulai.lt\/wp-content\/uploads\/2024\/12\/Alpine_Alpaca_Yarnart_241601-300x300.jpg\" alt=\"\" width=\"300\" height=\"300\" srcset=\"https:\/\/bitessiulai.lt\/wp-content\/uploads\/2024\/12\/Alpine_Alpaca_Yarnart_241601-300x300.jpg 300w, https:\/\/bitessiulai.lt\/wp-content\/uploads\/2024\/12\/Alpine_Alpaca_Yarnart_241601-1024x1024.jpg 1024w, https:\/\/bitessiulai.lt\/wp-content\/uploads\/2024\/12\/Alpine_Alpaca_Yarnart_241601-150x150.jpg 150w, https:\/\/bitessiulai.lt\/wp-content\/uploads\/2024\/12\/Alpine_Alpaca_Yarnart_241601-768x768.jpg 768w, https:\/\/bitessiulai.lt\/wp-content\/uploads\/2024\/12\/Alpine_Alpaca_Yarnart_241601-1536x1536.jpg 1536w, https:\/\/bitessiulai.lt\/wp-content\/uploads\/2024\/12\/Alpine_Alpaca_Yarnart_241601-12x12.jpg 12w, https:\/\/bitessiulai.lt\/wp-content\/uploads\/2024\/12\/Alpine_Alpaca_Yarnart_241601-600x600.jpg 600w, https:\/\/bitessiulai.lt\/wp-content\/uploads\/2024\/12\/Alpine_Alpaca_Yarnart_241601-96x96.jpg 96w, https:\/\/bitessiulai.lt\/wp-content\/uploads\/2024\/12\/Alpine_Alpaca_Yarnart_241601.jpg 2000w\" sizes=\"(max-width: 300px) 100vw, 300px\" \/><\/p>\n<p>*Ekraanil kuvatavad v\u00e4rvid v\u00f5ivad tegelikust niidiv\u00e4rvist veidi erineda.<\/p>","protected":false},"excerpt":{"rendered":"<p>Koostis: 20% vill, 20% alpaka, 60% akr\u00fc\u00fcl<\/p>\n<p>Kaal\/pikkus: 150 g = umbes 120 m.<\/p>\n<p>Soovitatav kudumisvarda suurus: 9 mm.<\/p>\n<p>Soovitatav helmeste suurus: 9 mm.<\/p>","protected":false},"featured_media":2992,"comment_status":"open","ping_status":"closed","template":"","meta":[],"product_brand":[],"product_cat":[326,327,3334,177,178,175,410,255],"product_tag":[],"giftcard-category":[],"class_list":{"0":"post-3044","1":"product","2":"type-product","3":"status-publish","4":"has-post-thumbnail","6":"product_cat-akrilas","7":"product_cat-alpaka","8":"product_cat-alpine-alpaca","9":"product_cat-mezgimo-siulai","10":"product_cat-nerimo-siulai","11":"product_cat-siulu-pluostai","12":"product_cat-vilna","13":"product_cat-yarnart","15":"first","16":"instock","17":"taxable","18":"shipping-taxable","19":"purchasable","20":"product-type-variable"},"_links":{"self":[{"href":"https:\/\/bitessiulai.lt\/et\/wp-json\/wp\/v2\/product\/3044","targetHints":{"allow":["GET"]}}],"collection":[{"href":"https:\/\/bitessiulai.lt\/et\/wp-json\/wp\/v2\/product"}],"about":[{"href":"https:\/\/bitessiulai.lt\/et\/wp-json\/wp\/v2\/types\/product"}],"replies":[{"embeddable":true,"href":"https:\/\/bitessiulai.lt\/et\/wp-json\/wp\/v2\/comments?post=3044"}],"version-history":[{"count":1,"href":"https:\/\/bitessiulai.lt\/et\/wp-json\/wp\/v2\/product\/3044\/revisions"}],"predecessor-version":[{"id":23298,"href":"https:\/\/bitessiulai.lt\/et\/wp-json\/wp\/v2\/product\/3044\/revisions\/23298"}],"wp:featuredmedia":[{"embeddable":true,"href":"https:\/\/bitessiulai.lt\/et\/wp-json\/wp\/v2\/media\/2992"}],"wp:attachment":[{"href":"https:\/\/bitessiulai.lt\/et\/wp-json\/wp\/v2\/media?parent=3044"}],"wp:term":[{"taxonomy":"product_brand","embeddable":true,"href":"https:\/\/bitessiulai.lt\/et\/wp-json\/wp\/v2\/product_brand?post=3044"},{"taxonomy":"product_cat","embeddable":true,"href":"https:\/\/bitessiulai.lt\/et\/wp-json\/wp\/v2\/product_cat?post=3044"},{"taxonomy":"product_tag","embeddable":true,"href":"https:\/\/bitessiulai.lt\/et\/wp-json\/wp\/v2\/product_tag?post=3044"},{"taxonomy":"giftcard-category","embeddable":true,"href":"https:\/\/bitessiulai.lt\/et\/wp-json\/wp\/v2\/giftcard-category?post=3044"}],"curies":[{"name":"wp","href":"https:\/\/api.w.org\/{rel}","templated":true}]}}