{"id":24243,"date":"2026-03-26T15:32:01","date_gmt":"2026-03-26T13:32:01","guid":{"rendered":"https:\/\/bitessiulai.lt\/?post_type=product&#038;p=24243"},"modified":"2026-04-27T08:06:26","modified_gmt":"2026-04-27T05:06:26","slug":"drops-paris","status":"publish","type":"product","link":"https:\/\/bitessiulai.lt\/et\/toode\/drops-paris\/","title":{"rendered":"Drops Paris"},"content":{"rendered":"<p><strong>DROPS Paris<\/strong> &#8211; labai mink\u0161ti, 100% medviln\u0117s si\u016blai susukti i\u0161 dviej\u0173 gij\u0173. Kv\u0117puoja ir pasi\u017eymi dideliu sugeriamumu tod\u0117l drabu\u017eiai, pagaminti i\u0161 \u0161i\u0173 verpal\u0173, yra v\u0117s\u016bs, ta\u010diau \u0161ilti.<br \/>\nMink\u0161tas liesti. Drops Paris si\u016blai yra puikus pasirinkimas tiems, kurie ie\u0161ko tvirt\u0173, nat\u016brali\u0173 ir universalios paskirties si\u016bl\u0173 savo mezgimo ir n\u0117rimo projektams. Medviln\u0117 yra \u017einoma d\u0117l savo mink\u0161tumo, \u0161velnumo ir nat\u016bralumo, kuris padaro j\u0105 labai pageidautinu n\u0117rimo ir mezgimo rankdarbiuose. Su Drops Paris si\u016blais ne tik malonu dirbti, bet ir suteikia j\u016bs\u0173 mezginiams nat\u016bral\u0173 jausm\u0105 ir elegancij\u0105. Paris si\u016blai turi ypatingai didel\u0119 spalv\u0173 palet\u0119, leid\u017eian\u010di\u0105 jums i\u0161reik\u0161ti savo k\u016brybi\u0161kum\u0105 ir sukurti \u012fvairi\u0173 stili\u0173 mezginius.<\/p>\n<p><img fetchpriority=\"high\" decoding=\"async\" class=\"alignnone size-medium wp-image-24249\" src=\"http:\/\/bitessiulai.lt\/wp-content\/uploads\/2026\/03\/27-2-3-194x300.jpg\" alt=\"\" width=\"194\" height=\"300\" srcset=\"https:\/\/bitessiulai.lt\/wp-content\/uploads\/2026\/03\/27-2-3-194x300.jpg 194w, https:\/\/bitessiulai.lt\/wp-content\/uploads\/2026\/03\/27-2-3-8x12.jpg 8w, https:\/\/bitessiulai.lt\/wp-content\/uploads\/2026\/03\/27-2-3-97x150.jpg 97w, https:\/\/bitessiulai.lt\/wp-content\/uploads\/2026\/03\/27-2-3.jpg 458w\" sizes=\"(max-width: 194px) 100vw, 194px\" \/> <img decoding=\"async\" class=\"alignnone size-medium wp-image-24250\" src=\"http:\/\/bitessiulai.lt\/wp-content\/uploads\/2026\/03\/26-2-3-194x300.jpg\" alt=\"\" width=\"194\" height=\"300\" srcset=\"https:\/\/bitessiulai.lt\/wp-content\/uploads\/2026\/03\/26-2-3-194x300.jpg 194w, https:\/\/bitessiulai.lt\/wp-content\/uploads\/2026\/03\/26-2-3-8x12.jpg 8w, https:\/\/bitessiulai.lt\/wp-content\/uploads\/2026\/03\/26-2-3-97x150.jpg 97w, https:\/\/bitessiulai.lt\/wp-content\/uploads\/2026\/03\/26-2-3.jpg 458w\" sizes=\"(max-width: 194px) 100vw, 194px\" \/> <img decoding=\"async\" class=\"alignnone size-medium wp-image-24251\" src=\"http:\/\/bitessiulai.lt\/wp-content\/uploads\/2026\/03\/10-2-194x300.jpg\" alt=\"\" width=\"194\" height=\"300\" srcset=\"https:\/\/bitessiulai.lt\/wp-content\/uploads\/2026\/03\/10-2-194x300.jpg 194w, https:\/\/bitessiulai.lt\/wp-content\/uploads\/2026\/03\/10-2-8x12.jpg 8w, https:\/\/bitessiulai.lt\/wp-content\/uploads\/2026\/03\/10-2-97x150.jpg 97w, https:\/\/bitessiulai.lt\/wp-content\/uploads\/2026\/03\/10-2.jpg 458w\" sizes=\"(max-width: 194px) 100vw, 194px\" \/><\/p>\n<p>*Ekraanil kuvatavad v\u00e4rvid v\u00f5ivad tegelikust niidiv\u00e4rvist veidi erineda.<\/p>","protected":false},"excerpt":{"rendered":"<p>Koostis: 100% puuvill<\/p>\n<p>Kaal\/pikkus: 50 g = umbes 75 m.<\/p>\n<p>Soovitatav varda suurus: 5 mm.<\/p>","protected":false},"featured_media":24244,"comment_status":"open","ping_status":"closed","template":"","meta":[],"product_brand":[],"product_cat":[217,256,652,177,4557,173,174,175],"product_tag":[],"giftcard-category":[],"class_list":{"0":"post-24243","1":"product","2":"type-product","3":"status-publish","4":"has-post-thumbnail","6":"product_cat-isparduotuve","7":"product_cat-drops","8":"product_cat-medvilne","9":"product_cat-mezgimo-siulai","10":"product_cat-paris-drops","11":"product_cat-siulai","12":"product_cat-siulu-gamintojai","13":"product_cat-siulu-pluostai","15":"first","16":"instock","17":"sale","18":"taxable","19":"shipping-taxable","20":"purchasable","21":"product-type-variable"},"_links":{"self":[{"href":"https:\/\/bitessiulai.lt\/et\/wp-json\/wp\/v2\/product\/24243","targetHints":{"allow":["GET"]}}],"collection":[{"href":"https:\/\/bitessiulai.lt\/et\/wp-json\/wp\/v2\/product"}],"about":[{"href":"https:\/\/bitessiulai.lt\/et\/wp-json\/wp\/v2\/types\/product"}],"replies":[{"embeddable":true,"href":"https:\/\/bitessiulai.lt\/et\/wp-json\/wp\/v2\/comments?post=24243"}],"version-history":[{"count":2,"href":"https:\/\/bitessiulai.lt\/et\/wp-json\/wp\/v2\/product\/24243\/revisions"}],"predecessor-version":[{"id":24346,"href":"https:\/\/bitessiulai.lt\/et\/wp-json\/wp\/v2\/product\/24243\/revisions\/24346"}],"wp:featuredmedia":[{"embeddable":true,"href":"https:\/\/bitessiulai.lt\/et\/wp-json\/wp\/v2\/media\/24244"}],"wp:attachment":[{"href":"https:\/\/bitessiulai.lt\/et\/wp-json\/wp\/v2\/media?parent=24243"}],"wp:term":[{"taxonomy":"product_brand","embeddable":true,"href":"https:\/\/bitessiulai.lt\/et\/wp-json\/wp\/v2\/product_brand?post=24243"},{"taxonomy":"product_cat","embeddable":true,"href":"https:\/\/bitessiulai.lt\/et\/wp-json\/wp\/v2\/product_cat?post=24243"},{"taxonomy":"product_tag","embeddable":true,"href":"https:\/\/bitessiulai.lt\/et\/wp-json\/wp\/v2\/product_tag?post=24243"},{"taxonomy":"giftcard-category","embeddable":true,"href":"https:\/\/bitessiulai.lt\/et\/wp-json\/wp\/v2\/giftcard-category?post=24243"}],"curies":[{"name":"wp","href":"https:\/\/api.w.org\/{rel}","templated":true}]}}