{"id":24136,"date":"2026-03-26T14:24:17","date_gmt":"2026-03-26T12:24:17","guid":{"rendered":"https:\/\/bitessiulai.lt\/?post_type=product&#038;p=24136"},"modified":"2026-04-30T12:48:30","modified_gmt":"2026-04-30T09:48:30","slug":"drops-muskat","status":"publish","type":"product","link":"https:\/\/bitessiulai.lt\/et\/toode\/drops-muskat\/","title":{"rendered":"Drops Muskat"},"content":{"rendered":"<div class=\"elementor-element elementor-element-4a02e7d color-scheme-inherit text-left elementor-widget elementor-widget-text-editor\" data-id=\"4a02e7d\" data-element_type=\"widget\" data-e-type=\"widget\" data-widget_type=\"text-editor.default\">\n<p><strong>DROPS Muskat<\/strong> &#8211; spalvingi si\u016blai, pagaminti i\u0161 100% egiptieti\u0161kos merserizuotos medviln\u0117s, geriausio ilgo medviln\u0117s pluo\u0161to, kuriuo galite pasikliauti! Susuktas i\u0161 keli\u0173 plon\u0173 gij\u0173, d\u0117l kuri\u0173 yra itin tvirtas ir ilgaam\u017eis, \u0161ie si\u016blai \u0161velniai blizga ir puikiai i\u0161laiko form\u0105. <span style=\"letter-spacing: 0px;\">Muskat si\u016blai yra puikus pasirinkimas tiems, kurie ie\u0161ko auk\u0161tos kokyb\u0117s ir mading\u0173 si\u016bl\u0173 savo mezgimo ir n\u0117rimo projektams. Drops Muskat si\u016blai yra pasi\u017eymi \u012fvairi\u0173 spalv\u0173 palete, leid\u017eian\u010dia jums i\u0161reik\u0161ti savo k\u016brybi\u0161kum\u0105 ir sukurti unikalius dizainus.<\/span><\/p>\n<p><img fetchpriority=\"high\" decoding=\"async\" class=\"alignnone size-medium wp-image-24142\" src=\"http:\/\/bitessiulai.lt\/wp-content\/uploads\/2026\/03\/16-2-194x300.jpg\" alt=\"\" width=\"194\" height=\"300\" srcset=\"https:\/\/bitessiulai.lt\/wp-content\/uploads\/2026\/03\/16-2-194x300.jpg 194w, https:\/\/bitessiulai.lt\/wp-content\/uploads\/2026\/03\/16-2-8x12.jpg 8w, https:\/\/bitessiulai.lt\/wp-content\/uploads\/2026\/03\/16-2-97x150.jpg 97w, https:\/\/bitessiulai.lt\/wp-content\/uploads\/2026\/03\/16-2.jpg 458w\" sizes=\"(max-width: 194px) 100vw, 194px\" \/> <img decoding=\"async\" class=\"alignnone size-medium wp-image-24143\" src=\"http:\/\/bitessiulai.lt\/wp-content\/uploads\/2026\/03\/19-2-1-194x300.jpg\" alt=\"\" width=\"194\" height=\"300\" srcset=\"https:\/\/bitessiulai.lt\/wp-content\/uploads\/2026\/03\/19-2-1-194x300.jpg 194w, https:\/\/bitessiulai.lt\/wp-content\/uploads\/2026\/03\/19-2-1-8x12.jpg 8w, https:\/\/bitessiulai.lt\/wp-content\/uploads\/2026\/03\/19-2-1-97x150.jpg 97w, https:\/\/bitessiulai.lt\/wp-content\/uploads\/2026\/03\/19-2-1.jpg 458w\" sizes=\"(max-width: 194px) 100vw, 194px\" \/> <img decoding=\"async\" class=\"alignnone size-medium wp-image-24144\" src=\"http:\/\/bitessiulai.lt\/wp-content\/uploads\/2026\/03\/11-2-1-194x300.jpg\" alt=\"\" width=\"194\" height=\"300\" srcset=\"https:\/\/bitessiulai.lt\/wp-content\/uploads\/2026\/03\/11-2-1-194x300.jpg 194w, https:\/\/bitessiulai.lt\/wp-content\/uploads\/2026\/03\/11-2-1-8x12.jpg 8w, https:\/\/bitessiulai.lt\/wp-content\/uploads\/2026\/03\/11-2-1-97x150.jpg 97w, https:\/\/bitessiulai.lt\/wp-content\/uploads\/2026\/03\/11-2-1.jpg 458w\" sizes=\"(max-width: 194px) 100vw, 194px\" \/><\/p>\n<p>*Ekraanil kuvatavad v\u00e4rvid v\u00f5ivad tegelikust niidiv\u00e4rvist veidi erineda.<\/p>\n<\/div>","protected":false},"excerpt":{"rendered":"<p>Koostis: 100% puuvill<\/p>\n<p>Kaal\/pikkus: 50 g = umbes 100 m.<\/p>\n<p>Soovitatav varda suurus: 4 mm.<\/p>","protected":false},"featured_media":24137,"comment_status":"open","ping_status":"closed","template":"","meta":[],"product_brand":[],"product_cat":[217,256,652,177,4499,173,175],"product_tag":[],"giftcard-category":[],"class_list":{"0":"post-24136","1":"product","2":"type-product","3":"status-publish","4":"has-post-thumbnail","6":"product_cat-isparduotuve","7":"product_cat-drops","8":"product_cat-medvilne","9":"product_cat-mezgimo-siulai","10":"product_cat-muskat","11":"product_cat-siulai","12":"product_cat-siulu-pluostai","14":"first","15":"instock","16":"sale","17":"taxable","18":"shipping-taxable","19":"purchasable","20":"product-type-variable"},"_links":{"self":[{"href":"https:\/\/bitessiulai.lt\/et\/wp-json\/wp\/v2\/product\/24136","targetHints":{"allow":["GET"]}}],"collection":[{"href":"https:\/\/bitessiulai.lt\/et\/wp-json\/wp\/v2\/product"}],"about":[{"href":"https:\/\/bitessiulai.lt\/et\/wp-json\/wp\/v2\/types\/product"}],"replies":[{"embeddable":true,"href":"https:\/\/bitessiulai.lt\/et\/wp-json\/wp\/v2\/comments?post=24136"}],"version-history":[{"count":1,"href":"https:\/\/bitessiulai.lt\/et\/wp-json\/wp\/v2\/product\/24136\/revisions"}],"predecessor-version":[{"id":24184,"href":"https:\/\/bitessiulai.lt\/et\/wp-json\/wp\/v2\/product\/24136\/revisions\/24184"}],"wp:featuredmedia":[{"embeddable":true,"href":"https:\/\/bitessiulai.lt\/et\/wp-json\/wp\/v2\/media\/24137"}],"wp:attachment":[{"href":"https:\/\/bitessiulai.lt\/et\/wp-json\/wp\/v2\/media?parent=24136"}],"wp:term":[{"taxonomy":"product_brand","embeddable":true,"href":"https:\/\/bitessiulai.lt\/et\/wp-json\/wp\/v2\/product_brand?post=24136"},{"taxonomy":"product_cat","embeddable":true,"href":"https:\/\/bitessiulai.lt\/et\/wp-json\/wp\/v2\/product_cat?post=24136"},{"taxonomy":"product_tag","embeddable":true,"href":"https:\/\/bitessiulai.lt\/et\/wp-json\/wp\/v2\/product_tag?post=24136"},{"taxonomy":"giftcard-category","embeddable":true,"href":"https:\/\/bitessiulai.lt\/et\/wp-json\/wp\/v2\/giftcard-category?post=24136"}],"curies":[{"name":"wp","href":"https:\/\/api.w.org\/{rel}","templated":true}]}}