{"id":23823,"date":"2026-03-12T15:19:34","date_gmt":"2026-03-12T13:19:34","guid":{"rendered":"https:\/\/bitessiulai.lt\/?post_type=product&#038;p=23823"},"modified":"2026-03-12T15:19:35","modified_gmt":"2026-03-12T13:19:35","slug":"knitpro-karbonz-keiciamu-virbalu-rinkinys-midi-13-cm","status":"publish","type":"product","link":"https:\/\/bitessiulai.lt\/et\/toode\/knitpro-karbonz-keiciamu-virbalu-rinkinys-midi-13-cm\/","title":{"rendered":"KnitPro Karbonz kei\u010diam\u0173 virbal\u0173 rinkinys Midi, 13 cm"},"content":{"rendered":"<p><span dir=\"auto\"><strong>KnitPro Karbonz kei\u010diam\u0173 virbal\u0173 rinkinys Midi, 13 cm.<\/strong> Su \u0161iuo rinkiniu k\u016bryba bus dar malonesn\u0117. U\u017esukite virbal\u0173 galiukus ant norimo valo, tvirtai priver\u017ekite juos valo raktu ir esate pasiruo\u0161\u0119. Patvar\u016bs virbal\u0173 galiukai pagaminti i\u0161 auk\u0161tos kokyb\u0117s anglies pluo\u0161to su galvanizuoto \u017ealvario antgaliais ir jungtimis. D\u0117l a\u0161tri\u0173 ir palaipsniui smail\u0117jan\u010di\u0173 antgali\u0173 \u012fmanomi visi mezgimo projektai.<\/span><\/p>\n<p><span dir=\"auto\"> Kiekviename rinkinyje yra \u0161ie elementai:<\/span><\/p>\n<ul>\n<li><span dir=\"auto\">7 poros kei\u010diam\u0173 \u201eKnitPro Karbonz\u201c virbal\u0173 antgali\u0173, kuri\u0173 dyd\u017eiai: 3,00, 3,50, 4,00, 4,50, 5,00, 5,50 ir 6,00 mm<\/span><\/li>\n<li><span dir=\"auto\">4 x valai (1 x 60 cm, 2 x 80 cm ir 1 x 100 cm bendras ilgis, \u012fskaitant virbal\u0173 antgalius)<\/span><\/li>\n<li><span dir=\"auto\">8 x vardaotsa<\/span><\/li>\n<li><span dir=\"auto\">4 x liiniklahvi<\/span><\/li>\n<li><span dir=\"auto\">1 x valo jungtis<\/span><\/li>\n<\/ul>\n<p>&nbsp;<\/p>\n<p><span dir=\"auto\">Kiekvienas rinkinys supakuotas gra\u017eiame tamsiai pilko audinio mai\u0161elyje. D\u0117kle yra ma\u017ea dviej\u0173 avi\u0173 iliustracija.<\/span><\/p>\n<p><img fetchpriority=\"high\" decoding=\"async\" class=\"alignnone size-medium wp-image-23826\" src=\"http:\/\/bitessiulai.lt\/wp-content\/uploads\/2026\/03\/k41631-4-300x300.webp\" alt=\"\" width=\"300\" height=\"300\" srcset=\"https:\/\/bitessiulai.lt\/wp-content\/uploads\/2026\/03\/k41631-4-300x300.webp 300w, https:\/\/bitessiulai.lt\/wp-content\/uploads\/2026\/03\/k41631-4-150x150.webp 150w, https:\/\/bitessiulai.lt\/wp-content\/uploads\/2026\/03\/k41631-4-12x12.webp 12w, https:\/\/bitessiulai.lt\/wp-content\/uploads\/2026\/03\/k41631-4.webp 583w\" sizes=\"(max-width: 300px) 100vw, 300px\" \/> <img decoding=\"async\" class=\"alignnone size-medium wp-image-23827\" src=\"http:\/\/bitessiulai.lt\/wp-content\/uploads\/2026\/03\/k41631-3-300x300.webp\" alt=\"\" width=\"300\" height=\"300\" srcset=\"https:\/\/bitessiulai.lt\/wp-content\/uploads\/2026\/03\/k41631-3-300x300.webp 300w, https:\/\/bitessiulai.lt\/wp-content\/uploads\/2026\/03\/k41631-3-150x150.webp 150w, https:\/\/bitessiulai.lt\/wp-content\/uploads\/2026\/03\/k41631-3-12x12.webp 12w, https:\/\/bitessiulai.lt\/wp-content\/uploads\/2026\/03\/k41631-3.webp 583w\" sizes=\"(max-width: 300px) 100vw, 300px\" \/><\/p>","protected":false},"excerpt":{"rendered":"<p>KnitPro Karbonz kei\u010diam\u0173 virbal\u0173 rinkinys Midi, 13 cm. Su \u0161iuo rinkiniu k\u016bryba bus dar malonesn\u0117. U\u017esukite virbal\u0173 galiukus ant norimo valo, tvirtai priver\u017ekite juos valo raktu ir esate pasiruo\u0161\u0119. Patvar\u016bs virbal\u0173 galiukai pagaminti i\u0161 auk\u0161tos kokyb\u0117s anglies pluo\u0161to su galvanizuoto \u017ealvario antgaliais ir jungtimis. D\u0117l a\u0161tri\u0173 ir palaipsniui smail\u0117jan\u010di\u0173 antgali\u0173 \u012fmanomi visi mezgimo projektai. Kiekviename rinkinyje yra \u0161ie elementai: 7 poros kei\u010diam\u0173 \u201eKnitPro Karbonz\u201c virbal\u0173 antgali\u0173, kuri\u0173 dyd\u017eiai: 3,00, 3,50, 4,00, 4,50, 5,00, 5,50 ir 6,00 mm 4 x valai (1 x 60 cm, 2 x 80 cm ir 1 x 100 cm bendras ilgis, \u012fskaitant virbal\u0173 antgalius) 8 x virbal\u0173 galiukai 4 x valo raktai 1 x valo jungtis &nbsp; Kiekvienas rinkinys supakuotas gra\u017eiame tamsiai pilko audinio mai\u0161elyje. D\u0117kle yra ma\u017ea dviej\u0173 avi\u0173 iliustracija.<\/p>","protected":false},"featured_media":23824,"comment_status":"open","ping_status":"closed","template":"","meta":[],"product_brand":[],"product_cat":[2440,180,2123,181],"product_tag":[],"giftcard-category":[],"class_list":{"0":"post-23823","1":"product","2":"type-product","3":"status-publish","4":"has-post-thumbnail","6":"product_cat-knitpro","7":"product_cat-mezgimo-priemones","8":"product_cat-mezgimo-priemoniu-gamintojai","9":"product_cat-virbalu-rinkiniai","11":"first","12":"instock","13":"taxable","14":"shipping-taxable","15":"purchasable","16":"product-type-simple"},"_links":{"self":[{"href":"https:\/\/bitessiulai.lt\/et\/wp-json\/wp\/v2\/product\/23823","targetHints":{"allow":["GET"]}}],"collection":[{"href":"https:\/\/bitessiulai.lt\/et\/wp-json\/wp\/v2\/product"}],"about":[{"href":"https:\/\/bitessiulai.lt\/et\/wp-json\/wp\/v2\/types\/product"}],"replies":[{"embeddable":true,"href":"https:\/\/bitessiulai.lt\/et\/wp-json\/wp\/v2\/comments?post=23823"}],"version-history":[{"count":1,"href":"https:\/\/bitessiulai.lt\/et\/wp-json\/wp\/v2\/product\/23823\/revisions"}],"predecessor-version":[{"id":23828,"href":"https:\/\/bitessiulai.lt\/et\/wp-json\/wp\/v2\/product\/23823\/revisions\/23828"}],"wp:featuredmedia":[{"embeddable":true,"href":"https:\/\/bitessiulai.lt\/et\/wp-json\/wp\/v2\/media\/23824"}],"wp:attachment":[{"href":"https:\/\/bitessiulai.lt\/et\/wp-json\/wp\/v2\/media?parent=23823"}],"wp:term":[{"taxonomy":"product_brand","embeddable":true,"href":"https:\/\/bitessiulai.lt\/et\/wp-json\/wp\/v2\/product_brand?post=23823"},{"taxonomy":"product_cat","embeddable":true,"href":"https:\/\/bitessiulai.lt\/et\/wp-json\/wp\/v2\/product_cat?post=23823"},{"taxonomy":"product_tag","embeddable":true,"href":"https:\/\/bitessiulai.lt\/et\/wp-json\/wp\/v2\/product_tag?post=23823"},{"taxonomy":"giftcard-category","embeddable":true,"href":"https:\/\/bitessiulai.lt\/et\/wp-json\/wp\/v2\/giftcard-category?post=23823"}],"curies":[{"name":"wp","href":"https:\/\/api.w.org\/{rel}","templated":true}]}}