{"id":23778,"date":"2026-03-12T14:46:00","date_gmt":"2026-03-12T12:46:00","guid":{"rendered":"https:\/\/bitessiulai.lt\/?post_type=product&#038;p=23778"},"modified":"2026-03-12T14:51:28","modified_gmt":"2026-03-12T12:51:28","slug":"eucalan-skystas-skalbiklis-su-eukalipto-kvapu-100ml","status":"publish","type":"product","link":"https:\/\/bitessiulai.lt\/et\/toode\/eucalan-skystas-skalbiklis-su-eukalipto-kvapu-100ml\/","title":{"rendered":"Eucalan skystas skalbiklis su eukalipto kvapu 100ml"},"content":{"rendered":"<p>Eucalan skystas skalbiklis su eukalipto kvapu 100ml , kuris puikiai tinka vilnoniams drabu\u017eiams ir megztiems gaminiams. Tai nekenksminga aplinkai; jame n\u0117ra \u0161iurk\u0161\u010di\u0173, sintetini\u0173 ingredient\u0173. Palepinkite save ir tuo pa\u010diu savo mezginius, nertus \u017eaisliukus, k\u016bdiki\u0173 drabu\u017e\u0117lius \u0161ia skalbimo priemone, kuri suteikia gaivos ir atsinaujinimo poj\u016bt\u012f.<\/p>\n<p><img fetchpriority=\"high\" decoding=\"async\" class=\"alignnone size-medium wp-image-23787\" src=\"http:\/\/bitessiulai.lt\/wp-content\/uploads\/2026\/03\/esm100-2_1-1-300x300.webp\" alt=\"\" width=\"300\" height=\"300\" srcset=\"https:\/\/bitessiulai.lt\/wp-content\/uploads\/2026\/03\/esm100-2_1-1-300x300.webp 300w, https:\/\/bitessiulai.lt\/wp-content\/uploads\/2026\/03\/esm100-2_1-1-150x150.webp 150w, https:\/\/bitessiulai.lt\/wp-content\/uploads\/2026\/03\/esm100-2_1-1-12x12.webp 12w, https:\/\/bitessiulai.lt\/wp-content\/uploads\/2026\/03\/esm100-2_1-1-600x600.webp 600w, https:\/\/bitessiulai.lt\/wp-content\/uploads\/2026\/03\/esm100-2_1-1.webp 700w\" sizes=\"(max-width: 300px) 100vw, 300px\" \/> <img decoding=\"async\" class=\"alignnone size-medium wp-image-23788\" src=\"http:\/\/bitessiulai.lt\/wp-content\/uploads\/2026\/03\/config_2-1-300x300.webp\" alt=\"\" width=\"300\" height=\"300\" srcset=\"https:\/\/bitessiulai.lt\/wp-content\/uploads\/2026\/03\/config_2-1-300x300.webp 300w, https:\/\/bitessiulai.lt\/wp-content\/uploads\/2026\/03\/config_2-1-150x150.webp 150w, https:\/\/bitessiulai.lt\/wp-content\/uploads\/2026\/03\/config_2-1-12x12.webp 12w, https:\/\/bitessiulai.lt\/wp-content\/uploads\/2026\/03\/config_2-1-600x600.webp 600w, https:\/\/bitessiulai.lt\/wp-content\/uploads\/2026\/03\/config_2-1.webp 700w\" sizes=\"(max-width: 300px) 100vw, 300px\" \/><\/p>","protected":false},"excerpt":{"rendered":"<p>Eucalan skystas skalbiklis su eukalipto kvapu 100ml , kuris puikiai tinka vilnoniams drabu\u017eiams ir megztiems gaminiams. Tai nekenksminga aplinkai; jame n\u0117ra \u0161iurk\u0161\u010di\u0173, sintetini\u0173 ingredient\u0173. Palepinkite save ir tuo pa\u010diu savo mezginius, nertus \u017eaisliukus, k\u016bdiki\u0173 drabu\u017e\u0117lius \u0161ia skalbimo priemone, kuri suteikia gaivos ir atsinaujinimo poj\u016bt\u012f.<\/p>","protected":false},"featured_media":23783,"comment_status":"open","ping_status":"closed","template":"","meta":[],"product_brand":[],"product_cat":[203,192],"product_tag":[],"giftcard-category":[],"class_list":{"0":"post-23778","1":"product","2":"type-product","3":"status-publish","4":"has-post-thumbnail","6":"product_cat-mezginiu-prieziura","7":"product_cat-priedai-mezgimui","9":"first","10":"instock","11":"taxable","12":"shipping-taxable","13":"purchasable","14":"product-type-simple"},"_links":{"self":[{"href":"https:\/\/bitessiulai.lt\/et\/wp-json\/wp\/v2\/product\/23778","targetHints":{"allow":["GET"]}}],"collection":[{"href":"https:\/\/bitessiulai.lt\/et\/wp-json\/wp\/v2\/product"}],"about":[{"href":"https:\/\/bitessiulai.lt\/et\/wp-json\/wp\/v2\/types\/product"}],"replies":[{"embeddable":true,"href":"https:\/\/bitessiulai.lt\/et\/wp-json\/wp\/v2\/comments?post=23778"}],"version-history":[{"count":2,"href":"https:\/\/bitessiulai.lt\/et\/wp-json\/wp\/v2\/product\/23778\/revisions"}],"predecessor-version":[{"id":23804,"href":"https:\/\/bitessiulai.lt\/et\/wp-json\/wp\/v2\/product\/23778\/revisions\/23804"}],"wp:featuredmedia":[{"embeddable":true,"href":"https:\/\/bitessiulai.lt\/et\/wp-json\/wp\/v2\/media\/23783"}],"wp:attachment":[{"href":"https:\/\/bitessiulai.lt\/et\/wp-json\/wp\/v2\/media?parent=23778"}],"wp:term":[{"taxonomy":"product_brand","embeddable":true,"href":"https:\/\/bitessiulai.lt\/et\/wp-json\/wp\/v2\/product_brand?post=23778"},{"taxonomy":"product_cat","embeddable":true,"href":"https:\/\/bitessiulai.lt\/et\/wp-json\/wp\/v2\/product_cat?post=23778"},{"taxonomy":"product_tag","embeddable":true,"href":"https:\/\/bitessiulai.lt\/et\/wp-json\/wp\/v2\/product_tag?post=23778"},{"taxonomy":"giftcard-category","embeddable":true,"href":"https:\/\/bitessiulai.lt\/et\/wp-json\/wp\/v2\/giftcard-category?post=23778"}],"curies":[{"name":"wp","href":"https:\/\/api.w.org\/{rel}","templated":true}]}}