{"id":20590,"date":"2025-12-11T15:48:07","date_gmt":"2025-12-11T13:48:07","guid":{"rendered":"https:\/\/bitessiulai.lt\/?post_type=product&#038;p=20590"},"modified":"2026-04-22T09:20:57","modified_gmt":"2026-04-22T06:20:57","slug":"phildar-paradise","status":"publish","type":"product","link":"https:\/\/bitessiulai.lt\/et\/toode\/phildar-paradise\/","title":{"rendered":"Phildar Paradise"},"content":{"rendered":"<p><strong>Phildar Paradise<\/strong> &#8211; spalvingi, garbanoti bukl\u0117 si\u016blai su \u017evyneliais. \u012evairiaspalviai blizgu\u010diai J\u016bs\u0173 projektams suteiks i\u0161skirtin\u012f blizges\u012f.<\/p>\n<p>&nbsp;<\/p>\n<p><img fetchpriority=\"high\" decoding=\"async\" class=\"alignnone size-medium wp-image-20608\" src=\"http:\/\/bitessiulai.lt\/wp-content\/uploads\/2025\/12\/PINGO-PARADISE-1000x1000-1-300x300.png\" alt=\"\" width=\"300\" height=\"300\" srcset=\"https:\/\/bitessiulai.lt\/wp-content\/uploads\/2025\/12\/PINGO-PARADISE-1000x1000-1-300x300.png 300w, https:\/\/bitessiulai.lt\/wp-content\/uploads\/2025\/12\/PINGO-PARADISE-1000x1000-1-150x150.png 150w, https:\/\/bitessiulai.lt\/wp-content\/uploads\/2025\/12\/PINGO-PARADISE-1000x1000-1-768x768.png 768w, https:\/\/bitessiulai.lt\/wp-content\/uploads\/2025\/12\/PINGO-PARADISE-1000x1000-1-12x12.png 12w, https:\/\/bitessiulai.lt\/wp-content\/uploads\/2025\/12\/PINGO-PARADISE-1000x1000-1-600x600.png 600w, https:\/\/bitessiulai.lt\/wp-content\/uploads\/2025\/12\/PINGO-PARADISE-1000x1000-1-96x96.png 96w, https:\/\/bitessiulai.lt\/wp-content\/uploads\/2025\/12\/PINGO-PARADISE-1000x1000-1.png 1000w\" sizes=\"(max-width: 300px) 100vw, 300px\" \/> <img decoding=\"async\" class=\"alignnone size-medium wp-image-20609\" src=\"http:\/\/bitessiulai.lt\/wp-content\/uploads\/2025\/12\/PINGO-PARADISE-forest-siulu-dama-1000x1000-1-300x300.png\" alt=\"\" width=\"300\" height=\"300\" srcset=\"https:\/\/bitessiulai.lt\/wp-content\/uploads\/2025\/12\/PINGO-PARADISE-forest-siulu-dama-1000x1000-1-300x300.png 300w, https:\/\/bitessiulai.lt\/wp-content\/uploads\/2025\/12\/PINGO-PARADISE-forest-siulu-dama-1000x1000-1-150x150.png 150w, https:\/\/bitessiulai.lt\/wp-content\/uploads\/2025\/12\/PINGO-PARADISE-forest-siulu-dama-1000x1000-1-768x768.png 768w, https:\/\/bitessiulai.lt\/wp-content\/uploads\/2025\/12\/PINGO-PARADISE-forest-siulu-dama-1000x1000-1-12x12.png 12w, https:\/\/bitessiulai.lt\/wp-content\/uploads\/2025\/12\/PINGO-PARADISE-forest-siulu-dama-1000x1000-1-600x600.png 600w, https:\/\/bitessiulai.lt\/wp-content\/uploads\/2025\/12\/PINGO-PARADISE-forest-siulu-dama-1000x1000-1-96x96.png 96w, https:\/\/bitessiulai.lt\/wp-content\/uploads\/2025\/12\/PINGO-PARADISE-forest-siulu-dama-1000x1000-1.png 1000w\" sizes=\"(max-width: 300px) 100vw, 300px\" \/><\/p>\n<p>*Ekraanil kuvatavad v\u00e4rvid v\u00f5ivad tegelikust niidiv\u00e4rvist veidi erineda.<\/p>","protected":false},"excerpt":{"rendered":"<p>Sud\u0117tis: 62% medviln\u0117, 15% poliamidas, 12% akrilas, 11% poliesteris<\/p>\n<p>Kaal\/pikkus: 50 g = umbes 135 m.<\/p>\n<p>Rekomenduojamas virbal\u0173 dydis: 3,5\u00a0 mm.<\/p>","protected":false},"featured_media":20586,"comment_status":"open","ping_status":"closed","template":"","meta":[],"product_brand":[],"product_cat":[173,326,217,652,177,3718,178,4075,4064,324,328,174,175],"product_tag":[],"giftcard-category":[],"class_list":{"0":"post-20590","1":"product","2":"type-product","3":"status-publish","4":"has-post-thumbnail","6":"product_cat-siulai","7":"product_cat-akrilas","8":"product_cat-isparduotuve","9":"product_cat-medvilne","10":"product_cat-mezgimo-siulai","11":"product_cat-naujienos","12":"product_cat-nerimo-siulai","13":"product_cat-paradise","14":"product_cat-phildar","15":"product_cat-poliamidas","16":"product_cat-poliesteris","17":"product_cat-siulu-gamintojai","18":"product_cat-siulu-pluostai","20":"first","21":"instock","22":"sale","23":"taxable","24":"shipping-taxable","25":"purchasable","26":"product-type-variable"},"_links":{"self":[{"href":"https:\/\/bitessiulai.lt\/et\/wp-json\/wp\/v2\/product\/20590","targetHints":{"allow":["GET"]}}],"collection":[{"href":"https:\/\/bitessiulai.lt\/et\/wp-json\/wp\/v2\/product"}],"about":[{"href":"https:\/\/bitessiulai.lt\/et\/wp-json\/wp\/v2\/types\/product"}],"replies":[{"embeddable":true,"href":"https:\/\/bitessiulai.lt\/et\/wp-json\/wp\/v2\/comments?post=20590"}],"version-history":[{"count":1,"href":"https:\/\/bitessiulai.lt\/et\/wp-json\/wp\/v2\/product\/20590\/revisions"}],"predecessor-version":[{"id":20614,"href":"https:\/\/bitessiulai.lt\/et\/wp-json\/wp\/v2\/product\/20590\/revisions\/20614"}],"wp:featuredmedia":[{"embeddable":true,"href":"https:\/\/bitessiulai.lt\/et\/wp-json\/wp\/v2\/media\/20586"}],"wp:attachment":[{"href":"https:\/\/bitessiulai.lt\/et\/wp-json\/wp\/v2\/media?parent=20590"}],"wp:term":[{"taxonomy":"product_brand","embeddable":true,"href":"https:\/\/bitessiulai.lt\/et\/wp-json\/wp\/v2\/product_brand?post=20590"},{"taxonomy":"product_cat","embeddable":true,"href":"https:\/\/bitessiulai.lt\/et\/wp-json\/wp\/v2\/product_cat?post=20590"},{"taxonomy":"product_tag","embeddable":true,"href":"https:\/\/bitessiulai.lt\/et\/wp-json\/wp\/v2\/product_tag?post=20590"},{"taxonomy":"giftcard-category","embeddable":true,"href":"https:\/\/bitessiulai.lt\/et\/wp-json\/wp\/v2\/giftcard-category?post=20590"}],"curies":[{"name":"wp","href":"https:\/\/api.w.org\/{rel}","templated":true}]}}