{"id":20576,"date":"2025-12-11T15:48:39","date_gmt":"2025-12-11T13:48:39","guid":{"rendered":"https:\/\/bitessiulai.lt\/?post_type=product&#038;p=20576"},"modified":"2026-04-06T18:05:21","modified_gmt":"2026-04-06T15:05:21","slug":"phildar-splendor","status":"publish","type":"product","link":"https:\/\/bitessiulai.lt\/et\/toode\/phildar-splendor\/","title":{"rendered":"Phildar Splendor"},"content":{"rendered":"<p><strong> Phildar Splendor<\/strong> &#8211; puo\u0161n\u016bs, lengvi si\u016blai.Idealiai tinka megzti ar nerti. Subtilus blizgesys ir puo\u0161ni i\u0161vaizda Jums leiks sukurti itin dailius, spalvingus projektus: megztukus, palaidines, \u0161alikus ar kitus gaminius.<\/p>\n<p><img fetchpriority=\"high\" decoding=\"async\" class=\"alignnone size-medium wp-image-20577\" src=\"http:\/\/bitessiulai.lt\/wp-content\/uploads\/2025\/12\/phildar_dames_one_shoulder_top_haken_van_phil_splendor_241_m15_l-300x300.jpg\" alt=\"\" width=\"300\" height=\"300\" srcset=\"https:\/\/bitessiulai.lt\/wp-content\/uploads\/2025\/12\/phildar_dames_one_shoulder_top_haken_van_phil_splendor_241_m15_l-300x300.jpg 300w, https:\/\/bitessiulai.lt\/wp-content\/uploads\/2025\/12\/phildar_dames_one_shoulder_top_haken_van_phil_splendor_241_m15_l-150x150.jpg 150w, https:\/\/bitessiulai.lt\/wp-content\/uploads\/2025\/12\/phildar_dames_one_shoulder_top_haken_van_phil_splendor_241_m15_l-12x12.jpg 12w, https:\/\/bitessiulai.lt\/wp-content\/uploads\/2025\/12\/phildar_dames_one_shoulder_top_haken_van_phil_splendor_241_m15_l-96x96.jpg 96w, https:\/\/bitessiulai.lt\/wp-content\/uploads\/2025\/12\/phildar_dames_one_shoulder_top_haken_van_phil_splendor_241_m15_l.jpg 480w\" sizes=\"(max-width: 300px) 100vw, 300px\" \/><img decoding=\"async\" class=\"alignnone size-medium wp-image-20578\" src=\"http:\/\/bitessiulai.lt\/wp-content\/uploads\/2025\/12\/2AB68042-76BD-4D26-A946-E253F3837EF8-210x300.webp\" alt=\"\" width=\"210\" height=\"300\" srcset=\"https:\/\/bitessiulai.lt\/wp-content\/uploads\/2025\/12\/2AB68042-76BD-4D26-A946-E253F3837EF8-210x300.webp 210w, https:\/\/bitessiulai.lt\/wp-content\/uploads\/2025\/12\/2AB68042-76BD-4D26-A946-E253F3837EF8-715x1024.webp 715w, https:\/\/bitessiulai.lt\/wp-content\/uploads\/2025\/12\/2AB68042-76BD-4D26-A946-E253F3837EF8-768x1099.webp 768w, https:\/\/bitessiulai.lt\/wp-content\/uploads\/2025\/12\/2AB68042-76BD-4D26-A946-E253F3837EF8-8x12.webp 8w, https:\/\/bitessiulai.lt\/wp-content\/uploads\/2025\/12\/2AB68042-76BD-4D26-A946-E253F3837EF8-600x859.webp 600w, https:\/\/bitessiulai.lt\/wp-content\/uploads\/2025\/12\/2AB68042-76BD-4D26-A946-E253F3837EF8-105x150.webp 105w, https:\/\/bitessiulai.lt\/wp-content\/uploads\/2025\/12\/2AB68042-76BD-4D26-A946-E253F3837EF8.webp 818w\" sizes=\"(max-width: 210px) 100vw, 210px\" \/><img decoding=\"async\" class=\"alignnone size-medium wp-image-20579\" src=\"http:\/\/bitessiulai.lt\/wp-content\/uploads\/2025\/12\/6BC28F25-1B38-4EB6-839F-02CD5C81A6EA-242x300.webp\" alt=\"\" width=\"242\" height=\"300\" srcset=\"https:\/\/bitessiulai.lt\/wp-content\/uploads\/2025\/12\/6BC28F25-1B38-4EB6-839F-02CD5C81A6EA-242x300.webp 242w, https:\/\/bitessiulai.lt\/wp-content\/uploads\/2025\/12\/6BC28F25-1B38-4EB6-839F-02CD5C81A6EA-826x1024.webp 826w, https:\/\/bitessiulai.lt\/wp-content\/uploads\/2025\/12\/6BC28F25-1B38-4EB6-839F-02CD5C81A6EA-768x952.webp 768w, https:\/\/bitessiulai.lt\/wp-content\/uploads\/2025\/12\/6BC28F25-1B38-4EB6-839F-02CD5C81A6EA-10x12.webp 10w, https:\/\/bitessiulai.lt\/wp-content\/uploads\/2025\/12\/6BC28F25-1B38-4EB6-839F-02CD5C81A6EA-600x744.webp 600w, https:\/\/bitessiulai.lt\/wp-content\/uploads\/2025\/12\/6BC28F25-1B38-4EB6-839F-02CD5C81A6EA-121x150.webp 121w, https:\/\/bitessiulai.lt\/wp-content\/uploads\/2025\/12\/6BC28F25-1B38-4EB6-839F-02CD5C81A6EA.webp 968w\" sizes=\"(max-width: 242px) 100vw, 242px\" \/><\/p>\n<p>*Ekraanil kuvatavad v\u00e4rvid v\u00f5ivad tegelikust niidiv\u00e4rvist veidi erineda.<\/p>","protected":false},"excerpt":{"rendered":"<p>Sud\u0117tis: 62% medviln\u0117, 38% poliesteris<\/p>\n<p>Svoris\/ilgis: 50 g.= ma\u017edaug 155 m.<\/p>\n<p>Soovitatav varda suurus: 5 mm.<\/p>\n<p>&nbsp;<\/p>","protected":false},"featured_media":20580,"comment_status":"open","ping_status":"closed","template":"","meta":[],"product_brand":[],"product_cat":[173,217,652,177,3718,4064,328,175,4070],"product_tag":[],"giftcard-category":[],"class_list":{"0":"post-20576","1":"product","2":"type-product","3":"status-publish","4":"has-post-thumbnail","6":"product_cat-siulai","7":"product_cat-isparduotuve","8":"product_cat-medvilne","9":"product_cat-mezgimo-siulai","10":"product_cat-naujienos","11":"product_cat-phildar","12":"product_cat-poliesteris","13":"product_cat-siulu-pluostai","14":"product_cat-splendor","16":"first","17":"instock","18":"sale","19":"taxable","20":"shipping-taxable","21":"purchasable","22":"product-type-variable"},"_links":{"self":[{"href":"https:\/\/bitessiulai.lt\/et\/wp-json\/wp\/v2\/product\/20576","targetHints":{"allow":["GET"]}}],"collection":[{"href":"https:\/\/bitessiulai.lt\/et\/wp-json\/wp\/v2\/product"}],"about":[{"href":"https:\/\/bitessiulai.lt\/et\/wp-json\/wp\/v2\/types\/product"}],"replies":[{"embeddable":true,"href":"https:\/\/bitessiulai.lt\/et\/wp-json\/wp\/v2\/comments?post=20576"}],"version-history":[{"count":1,"href":"https:\/\/bitessiulai.lt\/et\/wp-json\/wp\/v2\/product\/20576\/revisions"}],"predecessor-version":[{"id":20585,"href":"https:\/\/bitessiulai.lt\/et\/wp-json\/wp\/v2\/product\/20576\/revisions\/20585"}],"wp:featuredmedia":[{"embeddable":true,"href":"https:\/\/bitessiulai.lt\/et\/wp-json\/wp\/v2\/media\/20580"}],"wp:attachment":[{"href":"https:\/\/bitessiulai.lt\/et\/wp-json\/wp\/v2\/media?parent=20576"}],"wp:term":[{"taxonomy":"product_brand","embeddable":true,"href":"https:\/\/bitessiulai.lt\/et\/wp-json\/wp\/v2\/product_brand?post=20576"},{"taxonomy":"product_cat","embeddable":true,"href":"https:\/\/bitessiulai.lt\/et\/wp-json\/wp\/v2\/product_cat?post=20576"},{"taxonomy":"product_tag","embeddable":true,"href":"https:\/\/bitessiulai.lt\/et\/wp-json\/wp\/v2\/product_tag?post=20576"},{"taxonomy":"giftcard-category","embeddable":true,"href":"https:\/\/bitessiulai.lt\/et\/wp-json\/wp\/v2\/giftcard-category?post=20576"}],"curies":[{"name":"wp","href":"https:\/\/api.w.org\/{rel}","templated":true}]}}