{"id":20109,"date":"2025-12-02T16:10:37","date_gmt":"2025-12-02T14:10:37","guid":{"rendered":"https:\/\/bitessiulai.lt\/?post_type=product&#038;p=20109"},"modified":"2026-03-06T09:29:19","modified_gmt":"2026-03-06T07:29:19","slug":"della-q-hat-box-mezgejos-krepsys","status":"publish","type":"product","link":"https:\/\/bitessiulai.lt\/et\/toode\/della-q-hat-box-mezgejos-krepsys\/","title":{"rendered":"Della Q Hat Box Mezg\u0117jos krep\u0161ys"},"content":{"rendered":"<p><span dir=\"auto\">Projekt\u0173 krep\u0161ys dar niekada neatrod\u0117 toks stilingas!\u00a0<\/span><b><span dir=\"auto\">\u201eDella Q Hat Box Mezg\u0117jos krep\u0161ys&#8221; <\/span><\/b><span dir=\"auto\">\u2013 tai labai stilingas b\u016bdas laikyti ir ne\u0161iotis rankdarbi\u0173 reikmenis. Lagaminas turi kiet\u0105 i\u0161or\u0119, aptraukt\u0105 tvirtu drob\u0117s audiniu. Vidin\u0117 dalis yra aptraukta nuostabiai mink\u0161tu tos pa\u010dios spalvos audiniu. Mezg\u0117jos krep\u0161yje yra \u017ealvario spalvos metalin\u0117s detal\u0117s, o ji u\u017esegama tvirta d\u0117\u017eut\u0117s sagtimi. Viduje yra keli skyriai, kuriuose yra pakankamai vietos matavimo juostai, siuvin\u0117jimo \u017eirkl\u0117ms, adymo adatoms, (kei\u010diamiems) virbalams ir priedams. Lagamine taip pat yra net du <\/span><i><span dir=\"auto\">si\u016bl\u0173 tiektuvai<\/span><\/i><span dir=\"auto\"> , leid\u017eiantys dirbti su keli\u0173 spalv\u0173 si\u016blais vienu metu, jiems nesusipainiojant. Della Q Hat Box Mezg\u0117jos krep\u0161ys turi tvirt\u0105 ranken\u0105 vir\u0161uje, krep\u0161io kojeles apa\u010dioje ir D formos \u017eiedus \u0161one dir\u017eeliui pritvirtinti. Matmenys \u2013 30,5 x 27,9 x 12,7 cm, galima rinktis tarp \u012fvairi\u0173 spalv\u0173.<\/span><\/p>\n<h4>Mezg\u0117jos krep\u0161yje rasite:<\/h4>\n<ul>\n<li>\u017dirklutes rankdarbiams<\/li>\n<li>Automatin\u0119 dekoratyvin\u0119 matavimo juost\u0105<\/li>\n<li>2 vnt metalini\u0173 adat\u0173 mezgini\u0173 susiuvimui<\/li>\n<li>Dekotaryvin\u012f tvirtos organzos mai\u0161el\u012f su spaud\u0117mis, saugiam si\u016bl\u0173 ir priemoni\u0173 laikymui<\/li>\n<li>Reguliuojamo ilgio ranken\u0105<\/li>\n<\/ul>\n<p>&nbsp;<\/p>\n<p><img fetchpriority=\"high\" decoding=\"async\" class=\"alignnone size-medium wp-image-20114\" src=\"http:\/\/bitessiulai.lt\/wp-content\/uploads\/2025\/12\/111177-2-300x300.webp\" alt=\"\" width=\"300\" height=\"300\" srcset=\"https:\/\/bitessiulai.lt\/wp-content\/uploads\/2025\/12\/111177-2-300x300.webp 300w, https:\/\/bitessiulai.lt\/wp-content\/uploads\/2025\/12\/111177-2-150x150.webp 150w, https:\/\/bitessiulai.lt\/wp-content\/uploads\/2025\/12\/111177-2-12x12.webp 12w, https:\/\/bitessiulai.lt\/wp-content\/uploads\/2025\/12\/111177-2-96x96.webp 96w, https:\/\/bitessiulai.lt\/wp-content\/uploads\/2025\/12\/111177-2.webp 583w\" sizes=\"(max-width: 300px) 100vw, 300px\" \/> <img decoding=\"async\" class=\"alignnone size-medium wp-image-20115\" src=\"http:\/\/bitessiulai.lt\/wp-content\/uploads\/2025\/12\/1111770-4-300x300.webp\" alt=\"\" width=\"300\" height=\"300\" srcset=\"https:\/\/bitessiulai.lt\/wp-content\/uploads\/2025\/12\/1111770-4-300x300.webp 300w, https:\/\/bitessiulai.lt\/wp-content\/uploads\/2025\/12\/1111770-4-150x150.webp 150w, https:\/\/bitessiulai.lt\/wp-content\/uploads\/2025\/12\/1111770-4-12x12.webp 12w, https:\/\/bitessiulai.lt\/wp-content\/uploads\/2025\/12\/1111770-4-600x600.webp 600w, https:\/\/bitessiulai.lt\/wp-content\/uploads\/2025\/12\/1111770-4-96x96.webp 96w, https:\/\/bitessiulai.lt\/wp-content\/uploads\/2025\/12\/1111770-4.webp 700w\" sizes=\"(max-width: 300px) 100vw, 300px\" \/> <img decoding=\"async\" class=\"alignnone size-medium wp-image-20116\" src=\"http:\/\/bitessiulai.lt\/wp-content\/uploads\/2025\/12\/111766-2-300x300.webp\" alt=\"\" width=\"300\" height=\"300\" srcset=\"https:\/\/bitessiulai.lt\/wp-content\/uploads\/2025\/12\/111766-2-300x300.webp 300w, https:\/\/bitessiulai.lt\/wp-content\/uploads\/2025\/12\/111766-2-150x150.webp 150w, https:\/\/bitessiulai.lt\/wp-content\/uploads\/2025\/12\/111766-2-12x12.webp 12w, https:\/\/bitessiulai.lt\/wp-content\/uploads\/2025\/12\/111766-2-96x96.webp 96w, https:\/\/bitessiulai.lt\/wp-content\/uploads\/2025\/12\/111766-2.webp 583w\" sizes=\"(max-width: 300px) 100vw, 300px\" \/> <img loading=\"lazy\" decoding=\"async\" class=\"alignnone size-medium wp-image-20117\" src=\"http:\/\/bitessiulai.lt\/wp-content\/uploads\/2025\/12\/1111770-3-300x300.webp\" alt=\"\" width=\"300\" height=\"300\" srcset=\"https:\/\/bitessiulai.lt\/wp-content\/uploads\/2025\/12\/1111770-3-300x300.webp 300w, https:\/\/bitessiulai.lt\/wp-content\/uploads\/2025\/12\/1111770-3-150x150.webp 150w, https:\/\/bitessiulai.lt\/wp-content\/uploads\/2025\/12\/1111770-3-12x12.webp 12w, https:\/\/bitessiulai.lt\/wp-content\/uploads\/2025\/12\/1111770-3-600x600.webp 600w, https:\/\/bitessiulai.lt\/wp-content\/uploads\/2025\/12\/1111770-3-96x96.webp 96w, https:\/\/bitessiulai.lt\/wp-content\/uploads\/2025\/12\/1111770-3.webp 700w\" sizes=\"(max-width: 300px) 100vw, 300px\" \/><\/p>\n<p>*Ekraanil n\u00e4htavad v\u00e4rvid v\u00f5ivad tegelikkusest veidi erineda.<\/p>","protected":false},"excerpt":{"rendered":"<h5><\/h5>","protected":false},"featured_media":20110,"comment_status":"open","ping_status":"closed","template":"","meta":[],"product_brand":[],"product_cat":[192,199,217,3718],"product_tag":[],"giftcard-category":[],"class_list":{"0":"post-20109","1":"product","2":"type-product","3":"status-publish","4":"has-post-thumbnail","6":"product_cat-priedai-mezgimui","7":"product_cat-deklai-krepsiai","8":"product_cat-isparduotuve","9":"product_cat-naujienos","11":"first","12":"instock","13":"sale","14":"taxable","15":"shipping-taxable","16":"purchasable","17":"product-type-variable"},"_links":{"self":[{"href":"https:\/\/bitessiulai.lt\/et\/wp-json\/wp\/v2\/product\/20109","targetHints":{"allow":["GET"]}}],"collection":[{"href":"https:\/\/bitessiulai.lt\/et\/wp-json\/wp\/v2\/product"}],"about":[{"href":"https:\/\/bitessiulai.lt\/et\/wp-json\/wp\/v2\/types\/product"}],"replies":[{"embeddable":true,"href":"https:\/\/bitessiulai.lt\/et\/wp-json\/wp\/v2\/comments?post=20109"}],"version-history":[{"count":0,"href":"https:\/\/bitessiulai.lt\/et\/wp-json\/wp\/v2\/product\/20109\/revisions"}],"wp:featuredmedia":[{"embeddable":true,"href":"https:\/\/bitessiulai.lt\/et\/wp-json\/wp\/v2\/media\/20110"}],"wp:attachment":[{"href":"https:\/\/bitessiulai.lt\/et\/wp-json\/wp\/v2\/media?parent=20109"}],"wp:term":[{"taxonomy":"product_brand","embeddable":true,"href":"https:\/\/bitessiulai.lt\/et\/wp-json\/wp\/v2\/product_brand?post=20109"},{"taxonomy":"product_cat","embeddable":true,"href":"https:\/\/bitessiulai.lt\/et\/wp-json\/wp\/v2\/product_cat?post=20109"},{"taxonomy":"product_tag","embeddable":true,"href":"https:\/\/bitessiulai.lt\/et\/wp-json\/wp\/v2\/product_tag?post=20109"},{"taxonomy":"giftcard-category","embeddable":true,"href":"https:\/\/bitessiulai.lt\/et\/wp-json\/wp\/v2\/giftcard-category?post=20109"}],"curies":[{"name":"wp","href":"https:\/\/api.w.org\/{rel}","templated":true}]}}