{"id":20063,"date":"2025-12-02T14:04:41","date_gmt":"2025-12-02T12:04:41","guid":{"rendered":"https:\/\/bitessiulai.lt\/?post_type=product&#038;p=20063"},"modified":"2026-04-12T20:05:56","modified_gmt":"2026-04-12T17:05:56","slug":"opry-matavimo-juosta-dezuteje-150cm","status":"publish","type":"product","link":"https:\/\/bitessiulai.lt\/et\/toode\/opry-matavimo-juosta-dezuteje-150cm\/","title":{"rendered":"Opry matavimo juosta d\u0117\u017eut\u0117je 150cm."},"content":{"rendered":"<p>Tvirtos \u201eOpry\u201c matavimo juostos yra b\u016btinas rankdarbi\u0173 \u012frankis. Kiekviena 150 cm ilgio matavimo juosta yra kompakti\u0161koje permatomoje d\u0117\u017eut\u0117je, skirtoje laikyti. Ji yra lanksti, nesitempianti ir u\u017etikrinanti tikslius matavimus! Viena pus\u0117 yra vientisai m\u0117lyna, o kita \u2013 m\u0117lynai balta. Tik metrin\u0117 skal\u0117.<\/p>","protected":false},"excerpt":{"rendered":"<p>Tvirtos \u201eOpry\u201c matavimo juostos yra b\u016btinas rankdarbi\u0173 \u012frankis. Kiekviena 150 cm ilgio matavimo juosta yra kompakti\u0161koje permatomoje d\u0117\u017eut\u0117je, skirtoje laikyti. Ji yra lanksti, nesitempianti ir u\u017etikrinanti tikslius matavimus! Viena pus\u0117 yra vientisai m\u0117lyna, o kita \u2013 m\u0117lynai balta. Tik metrin\u0117 skal\u0117.<\/p>","protected":false},"featured_media":20066,"comment_status":"open","ping_status":"closed","template":"","meta":[],"product_brand":[],"product_cat":[192,217,202,3718],"product_tag":[],"giftcard-category":[],"class_list":{"0":"post-20063","1":"product","2":"type-product","3":"status-publish","4":"has-post-thumbnail","6":"product_cat-priedai-mezgimui","7":"product_cat-isparduotuve","8":"product_cat-matavimo-priemones","9":"product_cat-naujienos","11":"first","12":"instock","13":"sale","14":"taxable","15":"shipping-taxable","16":"purchasable","17":"product-type-simple"},"_links":{"self":[{"href":"https:\/\/bitessiulai.lt\/et\/wp-json\/wp\/v2\/product\/20063","targetHints":{"allow":["GET"]}}],"collection":[{"href":"https:\/\/bitessiulai.lt\/et\/wp-json\/wp\/v2\/product"}],"about":[{"href":"https:\/\/bitessiulai.lt\/et\/wp-json\/wp\/v2\/types\/product"}],"replies":[{"embeddable":true,"href":"https:\/\/bitessiulai.lt\/et\/wp-json\/wp\/v2\/comments?post=20063"}],"version-history":[{"count":0,"href":"https:\/\/bitessiulai.lt\/et\/wp-json\/wp\/v2\/product\/20063\/revisions"}],"wp:featuredmedia":[{"embeddable":true,"href":"https:\/\/bitessiulai.lt\/et\/wp-json\/wp\/v2\/media\/20066"}],"wp:attachment":[{"href":"https:\/\/bitessiulai.lt\/et\/wp-json\/wp\/v2\/media?parent=20063"}],"wp:term":[{"taxonomy":"product_brand","embeddable":true,"href":"https:\/\/bitessiulai.lt\/et\/wp-json\/wp\/v2\/product_brand?post=20063"},{"taxonomy":"product_cat","embeddable":true,"href":"https:\/\/bitessiulai.lt\/et\/wp-json\/wp\/v2\/product_cat?post=20063"},{"taxonomy":"product_tag","embeddable":true,"href":"https:\/\/bitessiulai.lt\/et\/wp-json\/wp\/v2\/product_tag?post=20063"},{"taxonomy":"giftcard-category","embeddable":true,"href":"https:\/\/bitessiulai.lt\/et\/wp-json\/wp\/v2\/giftcard-category?post=20063"}],"curies":[{"name":"wp","href":"https:\/\/api.w.org\/{rel}","templated":true}]}}