{"id":19670,"date":"2025-11-27T10:34:23","date_gmt":"2025-11-27T08:34:23","guid":{"rendered":"https:\/\/bitessiulai.lt\/?post_type=product&#038;p=19670"},"modified":"2025-12-07T14:52:21","modified_gmt":"2025-12-07T12:52:21","slug":"yarnart-andes-denim","status":"publish","type":"product","link":"https:\/\/bitessiulai.lt\/et\/toode\/yarnart-andes-denim\/","title":{"rendered":"YarnArt Andes Denim"},"content":{"rendered":"<p><strong>YarnArt Andes Denim<\/strong>\u00a0\u2013 auk\u0161tos kokyb\u0117s\u00a0<strong>si\u016blai mezgimui ir n\u0117rimui<\/strong>, sujungiantys vilnos \u0161ilum\u0105 ir akrilo patvarum\u0105. Mink\u0161ti, vidutinio storumo si\u016blai idealiai tinka tiek kasdieniams, tiek i\u0161skirtiniams mezginiams. Kiekvienas gaminys atrodo modernus ir stilingas.<\/p>\n<p><img fetchpriority=\"high\" decoding=\"async\" class=\"alignnone size-medium wp-image-19671\" src=\"http:\/\/bitessiulai.lt\/wp-content\/uploads\/2025\/11\/Yarnart3468_ANDES_DENIM_WEB-600x600-1-300x300.jpg\" alt=\"\" width=\"300\" height=\"300\" srcset=\"https:\/\/bitessiulai.lt\/wp-content\/uploads\/2025\/11\/Yarnart3468_ANDES_DENIM_WEB-600x600-1-300x300.jpg 300w, https:\/\/bitessiulai.lt\/wp-content\/uploads\/2025\/11\/Yarnart3468_ANDES_DENIM_WEB-600x600-1-150x150.jpg 150w, https:\/\/bitessiulai.lt\/wp-content\/uploads\/2025\/11\/Yarnart3468_ANDES_DENIM_WEB-600x600-1-12x12.jpg 12w, https:\/\/bitessiulai.lt\/wp-content\/uploads\/2025\/11\/Yarnart3468_ANDES_DENIM_WEB-600x600-1-96x96.jpg 96w, https:\/\/bitessiulai.lt\/wp-content\/uploads\/2025\/11\/Yarnart3468_ANDES_DENIM_WEB-600x600-1.jpg 600w\" sizes=\"(max-width: 300px) 100vw, 300px\" \/><\/p>\n<p>*Ekraanil kuvatavad v\u00e4rvid v\u00f5ivad tegelikust niidiv\u00e4rvist veidi erineda.<\/p>","protected":false},"excerpt":{"rendered":"<p>Koostis: 20% vill, 80% akr\u00fc\u00fcl<\/p>\n<p>Svoris\/ilgis: 150 g.= ma\u017edaug 240 m.<\/p>\n<p>Soovitatav varda suurus: 5 mm.<\/p>\n<p>Soovitatav varda suurus: 5 mm.<\/p>","protected":false},"featured_media":19673,"comment_status":"open","ping_status":"closed","template":"","meta":[],"product_brand":[],"product_cat":[173,326,3906,177,3718,178,174,175,410,255],"product_tag":[],"giftcard-category":[],"class_list":{"0":"post-19670","1":"product","2":"type-product","3":"status-publish","4":"has-post-thumbnail","6":"product_cat-siulai","7":"product_cat-akrilas","8":"product_cat-andes-denim","9":"product_cat-mezgimo-siulai","10":"product_cat-naujienos","11":"product_cat-nerimo-siulai","12":"product_cat-siulu-gamintojai","13":"product_cat-siulu-pluostai","14":"product_cat-vilna","15":"product_cat-yarnart","17":"first","18":"instock","19":"taxable","20":"shipping-taxable","21":"purchasable","22":"product-type-variable"},"_links":{"self":[{"href":"https:\/\/bitessiulai.lt\/et\/wp-json\/wp\/v2\/product\/19670","targetHints":{"allow":["GET"]}}],"collection":[{"href":"https:\/\/bitessiulai.lt\/et\/wp-json\/wp\/v2\/product"}],"about":[{"href":"https:\/\/bitessiulai.lt\/et\/wp-json\/wp\/v2\/types\/product"}],"replies":[{"embeddable":true,"href":"https:\/\/bitessiulai.lt\/et\/wp-json\/wp\/v2\/comments?post=19670"}],"version-history":[{"count":0,"href":"https:\/\/bitessiulai.lt\/et\/wp-json\/wp\/v2\/product\/19670\/revisions"}],"wp:featuredmedia":[{"embeddable":true,"href":"https:\/\/bitessiulai.lt\/et\/wp-json\/wp\/v2\/media\/19673"}],"wp:attachment":[{"href":"https:\/\/bitessiulai.lt\/et\/wp-json\/wp\/v2\/media?parent=19670"}],"wp:term":[{"taxonomy":"product_brand","embeddable":true,"href":"https:\/\/bitessiulai.lt\/et\/wp-json\/wp\/v2\/product_brand?post=19670"},{"taxonomy":"product_cat","embeddable":true,"href":"https:\/\/bitessiulai.lt\/et\/wp-json\/wp\/v2\/product_cat?post=19670"},{"taxonomy":"product_tag","embeddable":true,"href":"https:\/\/bitessiulai.lt\/et\/wp-json\/wp\/v2\/product_tag?post=19670"},{"taxonomy":"giftcard-category","embeddable":true,"href":"https:\/\/bitessiulai.lt\/et\/wp-json\/wp\/v2\/giftcard-category?post=19670"}],"curies":[{"name":"wp","href":"https:\/\/api.w.org\/{rel}","templated":true}]}}