{"id":18219,"date":"2025-10-10T09:08:05","date_gmt":"2025-10-10T06:08:05","guid":{"rendered":"https:\/\/bitessiulai.lt\/?post_type=product&#038;p=18219"},"modified":"2026-01-12T16:40:20","modified_gmt":"2026-01-12T14:40:20","slug":"opry-nerudijancio-plieno-zirkliu-rinkinys","status":"publish","type":"product","link":"https:\/\/bitessiulai.lt\/et\/toode\/opry-nerudijancio-plieno-zirkliu-rinkinys\/","title":{"rendered":"Opry roostevabast terasest k\u00e4\u00e4ride komplekt"},"content":{"rendered":"<p><span dir=\"auto\">See <strong>Opry roostevabast terasest k\u00e4\u00e4ride komplekt<\/strong> See pakub head hinna ja kvaliteedi suhet ning on kohustuslik igale kudujale v\u00f5i muule k\u00e4sit\u00f6\u00f6huvilisele. <\/span><\/p>\n<p><strong><span dir=\"auto\">See komplekt sisaldab:<\/span><\/strong><\/p>\n<ul>\n<li><span dir=\"auto\">K\u00e4\u00e4rid, mis l\u00f5ikavad igat kangast, ka paksemat. Vormitud pehme k\u00e4epide tagab mugava ja kindla istuvuse k\u00e4es. K\u00e4\u00e4ride pikkus on 20 cm.<\/span><\/li>\n<li><span dir=\"auto\">V\u00e4ga \u00f5hukese otsa ja pehme k\u00e4epidemega k\u00e4\u00e4rid, mis v\u00f5imaldavad teil h\u00f5lpsalt ja puhtalt l\u00f5igata niite ja l\u00f5ngu kanga l\u00e4hedalt. Neid saab kasutada ka niidiotste l\u00f5ikamiseks, kanga l\u00f5ikamiseks ja n\u00f6\u00f6paugude avamiseks. K\u00e4\u00e4ride pikkus on 10 cm.<\/span><\/li>\n<li><span dir=\"auto\">\u00dcks niidil\u00f5ikur (tuntud ka kui niidil\u00f5ikek\u00e4\u00e4rid) pehme k\u00e4epidemega. Niidil\u00f5ikek\u00e4\u00e4rid sobivad ideaalselt niidi l\u00f5ikamiseks, kanga l\u00f5ikamiseks v\u00f5i niidiotste korrastamiseks t\u00f6\u00f6tamise ajal. See on 13 cm pikk ja varustatud kaitsekorgiga.<\/span><\/li>\n<li><span dir=\"auto\">\u00dcks paar 13 cm pikkuseid pehmete k\u00e4epidemetega k\u00e4\u00e4re. Teravate terade ja v\u00e4ga \u00f5hukeste otstega saab neid k\u00e4\u00e4re kasutada iga loomingulise projekti jaoks, mis n\u00f5uab \u00f5hukeste kangaste l\u00f5ikamist.<\/span><\/li>\n<li><span dir=\"auto\">9 cm pikkused toonekurekujulised k\u00e4\u00e4rid. Teravad terad ja peenike ots sobivad ideaalselt t\u00e4pseks l\u00f5ikamiseks ja niitide ning l\u00f5ngade l\u00f5ikamiseks kanga l\u00e4hedalt. Need pilkup\u00fc\u00fcdvad k\u00e4\u00e4rid on ka piisavalt v\u00e4ikesed, et need mahuksid kiiresti teie meisterdamiskomplekti ja v\u00f5taksid meisterdamise kaasa.<\/span><\/li>\n<\/ul>\n<p>&nbsp;<\/p>\n<p><img fetchpriority=\"high\" decoding=\"async\" class=\"alignnone size-medium wp-image-18226\" src=\"http:\/\/bitessiulai.lt\/wp-content\/uploads\/2025\/10\/65635-7-300x300.webp\" alt=\"\" width=\"300\" height=\"300\" srcset=\"https:\/\/bitessiulai.lt\/wp-content\/uploads\/2025\/10\/65635-7-300x300.webp 300w, https:\/\/bitessiulai.lt\/wp-content\/uploads\/2025\/10\/65635-7-150x150.webp 150w, https:\/\/bitessiulai.lt\/wp-content\/uploads\/2025\/10\/65635-7-768x768.webp 768w, https:\/\/bitessiulai.lt\/wp-content\/uploads\/2025\/10\/65635-7-12x12.webp 12w, https:\/\/bitessiulai.lt\/wp-content\/uploads\/2025\/10\/65635-7-600x600.webp 600w, https:\/\/bitessiulai.lt\/wp-content\/uploads\/2025\/10\/65635-7-96x96.webp 96w, https:\/\/bitessiulai.lt\/wp-content\/uploads\/2025\/10\/65635-7.webp 1000w\" sizes=\"(max-width: 300px) 100vw, 300px\" \/><\/p>","protected":false},"excerpt":{"rendered":"<p>\u0160is Opry ner\u016bdijan\u010dio plieno \u017eirkli\u0173 rinkinys pasi\u017eymi geru kainos ir kokyb\u0117s santykiu ir yra b\u016btinas kiekvienai mezg\u0117jai ar bet kuriam kitam rankdarbi\u0173 entuziastui. \u0160iame rinkinyje yra: \u017dirkl\u0117s, kurios kirps bet kok\u012f audin\u012f, \u012fskaitant ir sunkesnius. D\u0117l suformuotos, mink\u0161tos rankenos \u017eirkl\u0117s patogiai ir saugiai guli rankoje. \u017dirkli\u0173 ilgis yra 20 cm. \u017dirkl\u0117s su labai plonu galiuku ir mink\u0161ta rankena, leid\u017eian\u010dios lengvai ir \u0161variai nukirpti si\u016blus ir verpalus arti audinio. Jas taip pat galima naudoti si\u016bl\u0173 galams nukirpti, audiniui \u012fpjauti ir atviroms sag\u0173 kilpoms i\u0161kirpti. \u017dirkli\u0173 ilgis yra 10 cm. Vienas si\u016bl\u0173 kirptuvas (dar \u017einomas kaip si\u016bl\u0173 kirpimo \u017eirklut\u0117s) su mink\u0161ta rankena. Si\u016bl\u0173 kirpimo \u017eirklut\u0117s idealiai tinka si\u016blams kirpti, audiniui \u012fpjauti ar si\u016bl\u0173 galams nukirpti dirbant. Jos ilgis \u2013 13 cm, o pakuot\u0117je yra apsauginis dangtelis. Viena pora 13 cm ilgio\u00a0 \u017eirkli\u0173 su mink\u0161tomis rankenomis. D\u0117l a\u0161tri\u0173 a\u0161men\u0173 ir labai plono galiuko \u0161ios \u017eirkl\u0117s gali b\u016bti naudojamos bet kokiam k\u016brybiniam projektui, kuriam reikia kirpti plonesn\u012f audin\u012f. \u017dirkli\u0173 pora gandro formos, 9 cm ilgio. D\u0117l a\u0161tri\u0173 a\u0161men\u0173 su plonu galiuku jos puikiai tinka tiksliam kirpimui ir si\u016bl\u0173 bei verpal\u0173 kirpimui arti audinio. \u0160ios ak\u012f traukian\u010dios \u017eirkl\u0117s taip pat yra pakankamai ma\u017eos, kad jas b\u016bt\u0173 galima greitai \u012fsid\u0117ti \u012f rankdarbi\u0173 rinkin\u012f ir u\u017esiimti rankdarbiais kelyje. &nbsp;<\/p>","protected":false},"featured_media":18220,"comment_status":"open","ping_status":"closed","template":"","meta":[],"product_brand":[],"product_cat":[192,217,3718,215],"product_tag":[],"giftcard-category":[],"class_list":{"0":"post-18219","1":"product","2":"type-product","3":"status-publish","4":"has-post-thumbnail","6":"product_cat-priedai-mezgimui","7":"product_cat-isparduotuve","8":"product_cat-naujienos","9":"product_cat-zirkles","11":"first","12":"instock","13":"sale","14":"taxable","15":"shipping-taxable","16":"purchasable","17":"product-type-simple"},"_links":{"self":[{"href":"https:\/\/bitessiulai.lt\/et\/wp-json\/wp\/v2\/product\/18219","targetHints":{"allow":["GET"]}}],"collection":[{"href":"https:\/\/bitessiulai.lt\/et\/wp-json\/wp\/v2\/product"}],"about":[{"href":"https:\/\/bitessiulai.lt\/et\/wp-json\/wp\/v2\/types\/product"}],"replies":[{"embeddable":true,"href":"https:\/\/bitessiulai.lt\/et\/wp-json\/wp\/v2\/comments?post=18219"}],"version-history":[{"count":0,"href":"https:\/\/bitessiulai.lt\/et\/wp-json\/wp\/v2\/product\/18219\/revisions"}],"wp:featuredmedia":[{"embeddable":true,"href":"https:\/\/bitessiulai.lt\/et\/wp-json\/wp\/v2\/media\/18220"}],"wp:attachment":[{"href":"https:\/\/bitessiulai.lt\/et\/wp-json\/wp\/v2\/media?parent=18219"}],"wp:term":[{"taxonomy":"product_brand","embeddable":true,"href":"https:\/\/bitessiulai.lt\/et\/wp-json\/wp\/v2\/product_brand?post=18219"},{"taxonomy":"product_cat","embeddable":true,"href":"https:\/\/bitessiulai.lt\/et\/wp-json\/wp\/v2\/product_cat?post=18219"},{"taxonomy":"product_tag","embeddable":true,"href":"https:\/\/bitessiulai.lt\/et\/wp-json\/wp\/v2\/product_tag?post=18219"},{"taxonomy":"giftcard-category","embeddable":true,"href":"https:\/\/bitessiulai.lt\/et\/wp-json\/wp\/v2\/giftcard-category?post=18219"}],"curies":[{"name":"wp","href":"https:\/\/api.w.org\/{rel}","templated":true}]}}