{"id":18179,"date":"2025-10-09T16:15:42","date_gmt":"2025-10-09T13:15:42","guid":{"rendered":"https:\/\/bitessiulai.lt\/?post_type=product&#038;p=18179"},"modified":"2026-02-10T08:57:59","modified_gmt":"2026-02-10T06:57:59","slug":"knitpro-nova-virbalu-rinkinys-13cm-3-8mm-grande","status":"publish","type":"product","link":"https:\/\/bitessiulai.lt\/et\/toode\/knitpro-nova-virbalu-rinkinys-13cm-3-8mm-grande\/","title":{"rendered":"KnitPro Nova virbal\u0173 rinkinys 13cm 3-12mm Grande"},"content":{"rendered":"<p><span dir=\"auto\"><strong>KnitPro Nova virbal\u0173 rinkinys 13cm 3-12mm Grande<\/strong> \u2013 Vahetatavate n\u00f5elte komplekt on t\u00e4iskomplekt vahetatavate n\u00f5elaotsade ja tarvikutega. Selle komplekti n\u00f5elaotsad on valmistatud messingist ja neil on l\u00e4ikiv h\u00f5bedane pind. Kerged n\u00f5elaotsad tagavad sujuva kudumise ilma k\u00e4te v\u00e4simuseta. J\u00e4rk-j\u00e4rgult kitsenevate otstega saate kududa h\u00f5lpsalt ilma l\u00f5nga rebenemata. Lisaks tagavad n\u00f5elaotsad kauni pistete selguse. Tugev materjal muudab need n\u00f5elad \u00e4\u00e4rmiselt vastupidavaks. N\u00f5elaotsad saab terasest tamiiliga h\u00f5lpsalt \u00fchendada mugava kruvis\u00fcsteemi abil, mis on kaetud nailonkihiga. See muudab tamiili tugevaks ja samal ajal painduvaks, nii et silmad libisevad n\u00f5elaotstest tamiilile kergesti. Tamiilil on ka mugav p\u00f6\u00f6rds\u00fcsteem, mis v\u00f5imaldab otsikutel vabalt p\u00f6\u00f6relda. See hoiab \u00e4ra tamiili painutamise v\u00f5i keerdumise. N\u00f5elte otstes on augud tamiiliv\u00f5tme jaoks, mis kinnitab n\u00f5elaotsa tamiili k\u00fclge. Augud on kasulikud ka p\u00e4\u00e4stek\u00f6ie kudumisse sisestamiseks, et t\u00f6\u00f6 ohutult eemaldada v\u00f5i maha kukkunud silmuseid koguda. <\/span><\/p>\n<p><strong><span dir=\"auto\">KnitPro Nova Grande komplekt sisaldab j\u00e4rgmisi esemeid:<\/span><\/strong><\/p>\n<p>&nbsp;<\/p>\n<ul>\n<li><span dir=\"auto\">14 por\u0173 kei\u010diam\u0173 virbal\u0173, kuri\u0173 ilgis 13 cm, dyd\u017eiai: 3,00, 3,25, 3,50, 3,75, 4,00, 4,50, 5,00, 5,50, 6,00, 6,50, 8,00, 9,00, 10,00, 12,00mm.<\/span><\/li>\n<li><span dir=\"auto\">6 x p\u00f6\u00f6rlit (2 x 60 cm, 2 x 80 cm ja 2 x 100 cm; kogupikkus koos p\u00f6\u00f6rliotstega)<\/span><\/li>\n<li><span dir=\"auto\">8 x otsakorki<\/span><\/li>\n<li><span dir=\"auto\">4 x liiniklahvi<\/span><\/li>\n<li><span dir=\"auto\">1 x liinipistikute komplekt<\/span><\/li>\n<li><span dir=\"auto\">1 x k\u00e4\u00e4rid<\/span><\/li>\n<li><span dir=\"auto\">1 x m\u00f5\u00f5dulint<\/span><\/li>\n<li><span dir=\"auto\">2 x villan\u00f5ela<\/span><\/li>\n<li><span dir=\"auto\">10 lukustatavat pistemarkerit<\/span><\/li>\n<li><span dir=\"auto\">10 ringpistete markerit<\/span><\/li>\n<\/ul>\n<p>&nbsp;<\/p>\n<p><span dir=\"auto\">Komplekt on pakendatud kaunisse sinisesse lukuga riidest kotti.<\/span><\/p>\n<p>&nbsp;<\/p>\n<p><img fetchpriority=\"high\" decoding=\"async\" class=\"alignnone size-medium wp-image-18183\" src=\"http:\/\/bitessiulai.lt\/wp-content\/uploads\/2025\/10\/k10623-5-300x300.webp\" alt=\"\" width=\"300\" height=\"300\" srcset=\"https:\/\/bitessiulai.lt\/wp-content\/uploads\/2025\/10\/k10623-5-300x300.webp 300w, https:\/\/bitessiulai.lt\/wp-content\/uploads\/2025\/10\/k10623-5-150x150.webp 150w, https:\/\/bitessiulai.lt\/wp-content\/uploads\/2025\/10\/k10623-5-12x12.webp 12w, https:\/\/bitessiulai.lt\/wp-content\/uploads\/2025\/10\/k10623-5-96x96.webp 96w, https:\/\/bitessiulai.lt\/wp-content\/uploads\/2025\/10\/k10623-5.webp 583w\" sizes=\"(max-width: 300px) 100vw, 300px\" \/> <img decoding=\"async\" class=\"alignnone size-medium wp-image-18184\" src=\"http:\/\/bitessiulai.lt\/wp-content\/uploads\/2025\/10\/k10623-4-300x300.webp\" alt=\"\" width=\"300\" height=\"300\" srcset=\"https:\/\/bitessiulai.lt\/wp-content\/uploads\/2025\/10\/k10623-4-300x300.webp 300w, https:\/\/bitessiulai.lt\/wp-content\/uploads\/2025\/10\/k10623-4-150x150.webp 150w, https:\/\/bitessiulai.lt\/wp-content\/uploads\/2025\/10\/k10623-4-12x12.webp 12w, https:\/\/bitessiulai.lt\/wp-content\/uploads\/2025\/10\/k10623-4-96x96.webp 96w, https:\/\/bitessiulai.lt\/wp-content\/uploads\/2025\/10\/k10623-4.webp 583w\" sizes=\"(max-width: 300px) 100vw, 300px\" \/><\/p>","protected":false},"excerpt":{"rendered":"<p>KnitPro Nova virbal\u0173 rinkinys 13cm 3-12mm Grande &#8211; kei\u010diam\u0173 virbal\u0173 rinkinys yra pilnas rinkinys su kei\u010diamais virbal\u0173 antgaliais ir priedais. \u0160io rinkinio virbal\u0173 antgaliai pagaminti i\u0161 \u017ealvario ir turi blizgant\u012f, sidabro spalvos pavir\u0161i\u0173. Lengvi virbal\u0173 antgaliai garantuoja skland\u0173 mezgim\u0105 be rank\u0173 nuovargio. Su palaipsniui siaur\u0117jan\u010diais antgaliais galite lengvai megzti neperpl\u0117\u0161dami si\u016bl\u0173. Be to, virbal\u0173 antgaliai garantuoja gra\u017e\u0173 dygsnio ry\u0161kum\u0105. Tvirta med\u017eiaga daro \u0161iuos virbalus itin patvariais. Virbal\u0173 antgalius galima lengvai prijungti prie plieninio valo naudojant patogi\u0105 var\u017et\u0173 sistem\u0105, kuri padengta nailono sluoksniu. Tai daro val\u0105 tvirt\u0105 ir tuo pa\u010diu metu lankst\u0173, tod\u0117l akys lengvai slysta nuo virbal\u0173 antgali\u0173 ant valo. Valas taip pat turi patogi\u0105 pasukimo sistem\u0105, kuri leid\u017eia antgaliams laisvai suktis. Tai neleid\u017eia valui susilenkti ar susisukti. Virbal\u0173 galuose yra skylut\u0117s, skirtos valo raktui, kuris pritvirtina virbalo antgal\u012f prie valo. Skylut\u0117s taip pat naudingos norint \u012fki\u0161ti gelb\u0117jimo virv\u0119 \u012f mezgin\u012f, kad b\u016bt\u0173 galima saugiai i\u0161imti darb\u0105 arba surinkti i\u0161kritusius akis. \u201eKnitPro Nova Grande\u201c rinkin\u012f sudaro \u0161ie elementai: &nbsp; 14 por\u0173 kei\u010diam\u0173 virbal\u0173, kuri\u0173 ilgis 13 cm, dyd\u017eiai: 3,00, 3,25, 3,50, 3,75, 4,00, 4,50, 5,00, 5,50, 6,00, 6,50, 8,00, 9,00, 10,00, 12,00mm. 6 x pasukami valai (2 x 60 cm, 2 x 80 cm ir 2 x 100 cm; bendras ilgis, \u012fskaitant virabl\u0173 galiukus) 8 x galiniai kam\u0161\u010diai 4 x valo raktai 1 x val\u0173 jung\u010di\u0173 rinkinys 1 x \u017eirkl\u0117s 1 x matavimo juosta 2 x vilnon\u0117s adatos 10 u\u017erakinam\u0173 dygsni\u0173 \u017eymekli\u0173 10 \u017eiedini\u0173 dygsni\u0173 \u017eymekli\u0173 &nbsp; Rinkinys supakuotas gra\u017eiame m\u0117lyname med\u017eiaginiame mai\u0161elyje su u\u017etrauktuku. &nbsp;<\/p>","protected":false},"featured_media":18180,"comment_status":"open","ping_status":"closed","template":"","meta":[],"product_brand":[],"product_cat":[2123,2440,180,3718,181],"product_tag":[],"giftcard-category":[],"class_list":{"0":"post-18179","1":"product","2":"type-product","3":"status-publish","4":"has-post-thumbnail","6":"product_cat-mezgimo-priemoniu-gamintojai","7":"product_cat-knitpro","8":"product_cat-mezgimo-priemones","9":"product_cat-naujienos","10":"product_cat-virbalu-rinkiniai","12":"first","13":"instock","14":"taxable","15":"shipping-taxable","16":"purchasable","17":"product-type-simple"},"_links":{"self":[{"href":"https:\/\/bitessiulai.lt\/et\/wp-json\/wp\/v2\/product\/18179","targetHints":{"allow":["GET"]}}],"collection":[{"href":"https:\/\/bitessiulai.lt\/et\/wp-json\/wp\/v2\/product"}],"about":[{"href":"https:\/\/bitessiulai.lt\/et\/wp-json\/wp\/v2\/types\/product"}],"replies":[{"embeddable":true,"href":"https:\/\/bitessiulai.lt\/et\/wp-json\/wp\/v2\/comments?post=18179"}],"version-history":[{"count":4,"href":"https:\/\/bitessiulai.lt\/et\/wp-json\/wp\/v2\/product\/18179\/revisions"}],"predecessor-version":[{"id":22662,"href":"https:\/\/bitessiulai.lt\/et\/wp-json\/wp\/v2\/product\/18179\/revisions\/22662"}],"wp:featuredmedia":[{"embeddable":true,"href":"https:\/\/bitessiulai.lt\/et\/wp-json\/wp\/v2\/media\/18180"}],"wp:attachment":[{"href":"https:\/\/bitessiulai.lt\/et\/wp-json\/wp\/v2\/media?parent=18179"}],"wp:term":[{"taxonomy":"product_brand","embeddable":true,"href":"https:\/\/bitessiulai.lt\/et\/wp-json\/wp\/v2\/product_brand?post=18179"},{"taxonomy":"product_cat","embeddable":true,"href":"https:\/\/bitessiulai.lt\/et\/wp-json\/wp\/v2\/product_cat?post=18179"},{"taxonomy":"product_tag","embeddable":true,"href":"https:\/\/bitessiulai.lt\/et\/wp-json\/wp\/v2\/product_tag?post=18179"},{"taxonomy":"giftcard-category","embeddable":true,"href":"https:\/\/bitessiulai.lt\/et\/wp-json\/wp\/v2\/giftcard-category?post=18179"}],"curies":[{"name":"wp","href":"https:\/\/api.w.org\/{rel}","templated":true}]}}