{"id":18055,"date":"2025-10-08T11:11:03","date_gmt":"2025-10-08T08:11:03","guid":{"rendered":"https:\/\/bitessiulai.lt\/?post_type=product&#038;p=18055"},"modified":"2026-04-16T23:34:28","modified_gmt":"2026-04-16T20:34:28","slug":"yarnart-lana-fresco","status":"publish","type":"product","link":"https:\/\/bitessiulai.lt\/et\/toode\/yarnart-lana-fresco\/","title":{"rendered":"YarnArt Lana Fresco"},"content":{"rendered":"<p><strong>YarnArt Lana Fresco<\/strong> \u2013 kvaliteetsed l\u00f5ngad, mis lisavad teie toodetele hubasust ja soojust. Need on naturaalsed l\u00f5ngad, mille kirjud v\u00e4rvi\u00fcleminekud annavad kudumile ainulaadse disaini. Iga kudum muutub eriliseks \u2013 \u00f5rnadest aksessuaaridest stiilsete r\u00f5ivasteni.<\/p>\n<p><img fetchpriority=\"high\" decoding=\"async\" class=\"alignnone size-medium wp-image-18059\" src=\"http:\/\/bitessiulai.lt\/wp-content\/uploads\/2025\/10\/Yarnart2348_LANA_FRESCO_WEB-300x300.jpg\" alt=\"\" width=\"300\" height=\"300\" srcset=\"https:\/\/bitessiulai.lt\/wp-content\/uploads\/2025\/10\/Yarnart2348_LANA_FRESCO_WEB-300x300.jpg 300w, https:\/\/bitessiulai.lt\/wp-content\/uploads\/2025\/10\/Yarnart2348_LANA_FRESCO_WEB-1024x1024.jpg 1024w, https:\/\/bitessiulai.lt\/wp-content\/uploads\/2025\/10\/Yarnart2348_LANA_FRESCO_WEB-150x150.jpg 150w, https:\/\/bitessiulai.lt\/wp-content\/uploads\/2025\/10\/Yarnart2348_LANA_FRESCO_WEB-768x768.jpg 768w, https:\/\/bitessiulai.lt\/wp-content\/uploads\/2025\/10\/Yarnart2348_LANA_FRESCO_WEB-1536x1536.jpg 1536w, https:\/\/bitessiulai.lt\/wp-content\/uploads\/2025\/10\/Yarnart2348_LANA_FRESCO_WEB-12x12.jpg 12w, https:\/\/bitessiulai.lt\/wp-content\/uploads\/2025\/10\/Yarnart2348_LANA_FRESCO_WEB-600x600.jpg 600w, https:\/\/bitessiulai.lt\/wp-content\/uploads\/2025\/10\/Yarnart2348_LANA_FRESCO_WEB-96x96.jpg 96w, https:\/\/bitessiulai.lt\/wp-content\/uploads\/2025\/10\/Yarnart2348_LANA_FRESCO_WEB.jpg 2000w\" sizes=\"(max-width: 300px) 100vw, 300px\" \/> <img decoding=\"async\" class=\"alignnone size-medium wp-image-18060\" src=\"http:\/\/bitessiulai.lt\/wp-content\/uploads\/2025\/10\/Yarnart2354_LANA_FRESCO_WEB-300x300.jpg\" alt=\"\" width=\"300\" height=\"300\" srcset=\"https:\/\/bitessiulai.lt\/wp-content\/uploads\/2025\/10\/Yarnart2354_LANA_FRESCO_WEB-300x300.jpg 300w, https:\/\/bitessiulai.lt\/wp-content\/uploads\/2025\/10\/Yarnart2354_LANA_FRESCO_WEB-1024x1024.jpg 1024w, https:\/\/bitessiulai.lt\/wp-content\/uploads\/2025\/10\/Yarnart2354_LANA_FRESCO_WEB-150x150.jpg 150w, https:\/\/bitessiulai.lt\/wp-content\/uploads\/2025\/10\/Yarnart2354_LANA_FRESCO_WEB-768x768.jpg 768w, https:\/\/bitessiulai.lt\/wp-content\/uploads\/2025\/10\/Yarnart2354_LANA_FRESCO_WEB-1536x1536.jpg 1536w, https:\/\/bitessiulai.lt\/wp-content\/uploads\/2025\/10\/Yarnart2354_LANA_FRESCO_WEB-12x12.jpg 12w, https:\/\/bitessiulai.lt\/wp-content\/uploads\/2025\/10\/Yarnart2354_LANA_FRESCO_WEB-600x600.jpg 600w, https:\/\/bitessiulai.lt\/wp-content\/uploads\/2025\/10\/Yarnart2354_LANA_FRESCO_WEB-96x96.jpg 96w, https:\/\/bitessiulai.lt\/wp-content\/uploads\/2025\/10\/Yarnart2354_LANA_FRESCO_WEB.jpg 2000w\" sizes=\"(max-width: 300px) 100vw, 300px\" \/> <img decoding=\"async\" class=\"alignnone size-medium wp-image-18061\" src=\"http:\/\/bitessiulai.lt\/wp-content\/uploads\/2025\/10\/Yarnart2380_LANA_FRESCO_WEB-300x300.jpg\" alt=\"\" width=\"300\" height=\"300\" srcset=\"https:\/\/bitessiulai.lt\/wp-content\/uploads\/2025\/10\/Yarnart2380_LANA_FRESCO_WEB-300x300.jpg 300w, https:\/\/bitessiulai.lt\/wp-content\/uploads\/2025\/10\/Yarnart2380_LANA_FRESCO_WEB-1024x1024.jpg 1024w, https:\/\/bitessiulai.lt\/wp-content\/uploads\/2025\/10\/Yarnart2380_LANA_FRESCO_WEB-150x150.jpg 150w, https:\/\/bitessiulai.lt\/wp-content\/uploads\/2025\/10\/Yarnart2380_LANA_FRESCO_WEB-768x768.jpg 768w, https:\/\/bitessiulai.lt\/wp-content\/uploads\/2025\/10\/Yarnart2380_LANA_FRESCO_WEB-1536x1536.jpg 1536w, https:\/\/bitessiulai.lt\/wp-content\/uploads\/2025\/10\/Yarnart2380_LANA_FRESCO_WEB-12x12.jpg 12w, https:\/\/bitessiulai.lt\/wp-content\/uploads\/2025\/10\/Yarnart2380_LANA_FRESCO_WEB-600x600.jpg 600w, https:\/\/bitessiulai.lt\/wp-content\/uploads\/2025\/10\/Yarnart2380_LANA_FRESCO_WEB-96x96.jpg 96w, https:\/\/bitessiulai.lt\/wp-content\/uploads\/2025\/10\/Yarnart2380_LANA_FRESCO_WEB.jpg 2000w\" sizes=\"(max-width: 300px) 100vw, 300px\" \/> <img loading=\"lazy\" decoding=\"async\" class=\"alignnone size-medium wp-image-18062\" src=\"http:\/\/bitessiulai.lt\/wp-content\/uploads\/2025\/10\/Yarnart2421_LANA_FRESCO_WEB-600x600-1-300x300.jpg\" alt=\"\" width=\"300\" height=\"300\" srcset=\"https:\/\/bitessiulai.lt\/wp-content\/uploads\/2025\/10\/Yarnart2421_LANA_FRESCO_WEB-600x600-1-300x300.jpg 300w, https:\/\/bitessiulai.lt\/wp-content\/uploads\/2025\/10\/Yarnart2421_LANA_FRESCO_WEB-600x600-1-150x150.jpg 150w, https:\/\/bitessiulai.lt\/wp-content\/uploads\/2025\/10\/Yarnart2421_LANA_FRESCO_WEB-600x600-1-12x12.jpg 12w, https:\/\/bitessiulai.lt\/wp-content\/uploads\/2025\/10\/Yarnart2421_LANA_FRESCO_WEB-600x600-1-96x96.jpg 96w, https:\/\/bitessiulai.lt\/wp-content\/uploads\/2025\/10\/Yarnart2421_LANA_FRESCO_WEB-600x600-1.jpg 600w\" sizes=\"(max-width: 300px) 100vw, 300px\" \/><\/p>\n<p>*Ekraanil kuvatavad v\u00e4rvid v\u00f5ivad tegelikust niidiv\u00e4rvist veidi erineda.<\/p>","protected":false},"excerpt":{"rendered":"<p>Koostis: 100% vill<\/p>\n<p>Kaal\/pikkus: 100 g = ligikaudu 380 m.<\/p>\n<p>Soovitatav varda suurus: 3,5 mm.<\/p>\n<p>Soovitatav konksu suurus: 3,5 mm.<\/p>","protected":false},"featured_media":18056,"comment_status":"open","ping_status":"closed","template":"","meta":[],"product_brand":[],"product_cat":[173,3651,177,3718,178,174,175,410,255],"product_tag":[],"giftcard-category":[],"class_list":{"0":"post-18055","1":"product","2":"type-product","3":"status-publish","4":"has-post-thumbnail","6":"product_cat-siulai","7":"product_cat-lana-fresco","8":"product_cat-mezgimo-siulai","9":"product_cat-naujienos","10":"product_cat-nerimo-siulai","11":"product_cat-siulu-gamintojai","12":"product_cat-siulu-pluostai","13":"product_cat-vilna","14":"product_cat-yarnart","16":"first","17":"instock","18":"taxable","19":"shipping-taxable","20":"purchasable","21":"product-type-variable"},"_links":{"self":[{"href":"https:\/\/bitessiulai.lt\/et\/wp-json\/wp\/v2\/product\/18055","targetHints":{"allow":["GET"]}}],"collection":[{"href":"https:\/\/bitessiulai.lt\/et\/wp-json\/wp\/v2\/product"}],"about":[{"href":"https:\/\/bitessiulai.lt\/et\/wp-json\/wp\/v2\/types\/product"}],"replies":[{"embeddable":true,"href":"https:\/\/bitessiulai.lt\/et\/wp-json\/wp\/v2\/comments?post=18055"}],"version-history":[{"count":1,"href":"https:\/\/bitessiulai.lt\/et\/wp-json\/wp\/v2\/product\/18055\/revisions"}],"predecessor-version":[{"id":23277,"href":"https:\/\/bitessiulai.lt\/et\/wp-json\/wp\/v2\/product\/18055\/revisions\/23277"}],"wp:featuredmedia":[{"embeddable":true,"href":"https:\/\/bitessiulai.lt\/et\/wp-json\/wp\/v2\/media\/18056"}],"wp:attachment":[{"href":"https:\/\/bitessiulai.lt\/et\/wp-json\/wp\/v2\/media?parent=18055"}],"wp:term":[{"taxonomy":"product_brand","embeddable":true,"href":"https:\/\/bitessiulai.lt\/et\/wp-json\/wp\/v2\/product_brand?post=18055"},{"taxonomy":"product_cat","embeddable":true,"href":"https:\/\/bitessiulai.lt\/et\/wp-json\/wp\/v2\/product_cat?post=18055"},{"taxonomy":"product_tag","embeddable":true,"href":"https:\/\/bitessiulai.lt\/et\/wp-json\/wp\/v2\/product_tag?post=18055"},{"taxonomy":"giftcard-category","embeddable":true,"href":"https:\/\/bitessiulai.lt\/et\/wp-json\/wp\/v2\/giftcard-category?post=18055"}],"curies":[{"name":"wp","href":"https:\/\/api.w.org\/{rel}","templated":true}]}}