{"id":17183,"date":"2025-09-15T17:32:03","date_gmt":"2025-09-15T14:32:03","guid":{"rendered":"https:\/\/bitessiulai.lt\/?post_type=product&#038;p=17183"},"modified":"2025-09-15T17:32:04","modified_gmt":"2025-09-15T14:32:04","slug":"yarnart-siulu-rinkinukas-55","status":"publish","type":"product","link":"https:\/\/bitessiulai.lt\/et\/toode\/yarnart-siulu-rinkinukas-55\/","title":{"rendered":"YarnArt l\u00f5ngakomplekt"},"content":{"rendered":"<h5 dir=\"auto\"><strong>YarnArt l\u00f5ngakomplekt:<\/strong><\/h5>\n<ul>\n<li>YarnArt Moh\u00e4\u00e4r Trendikas 4tk.<\/li>\n<li>YarnArt Forza Forever 2tk.<\/li>\n<\/ul>\n<p><strong>YarnArt Moh\u00e4\u00e4r Trendikas<\/strong><\/p>\n<p><img fetchpriority=\"high\" decoding=\"async\" class=\"alignnone size-medium wp-image-17184\" src=\"http:\/\/bitessiulai.lt\/wp-content\/uploads\/2025\/09\/YARNART_MOHAIR_TRENDY_113_DETAY-1-600x600-2-300x300.jpg\" alt=\"\" width=\"300\" height=\"300\" srcset=\"https:\/\/bitessiulai.lt\/wp-content\/uploads\/2025\/09\/YARNART_MOHAIR_TRENDY_113_DETAY-1-600x600-2-300x300.jpg 300w, https:\/\/bitessiulai.lt\/wp-content\/uploads\/2025\/09\/YARNART_MOHAIR_TRENDY_113_DETAY-1-600x600-2-150x150.jpg 150w, https:\/\/bitessiulai.lt\/wp-content\/uploads\/2025\/09\/YARNART_MOHAIR_TRENDY_113_DETAY-1-600x600-2-12x12.jpg 12w, https:\/\/bitessiulai.lt\/wp-content\/uploads\/2025\/09\/YARNART_MOHAIR_TRENDY_113_DETAY-1-600x600-2-96x96.jpg 96w, https:\/\/bitessiulai.lt\/wp-content\/uploads\/2025\/09\/YARNART_MOHAIR_TRENDY_113_DETAY-1-600x600-2.jpg 600w\" sizes=\"(max-width: 300px) 100vw, 300px\" \/><\/p>\n<p>(V\u00e4rv: 113)<\/p>\n<ul>\n<li dir=\"auto\"><strong>Koostis:<\/strong> 50% moh\u00e4\u00e4r, 50% akr\u00fc\u00fcl<\/li>\n<li dir=\"auto\"><strong>Kaal\/pikkus:<\/strong> 100 aastat = umbes 220 aastat.<\/li>\n<li dir=\"auto\"><strong>Soovitatav kudumisvarda suurus:<\/strong> 5 mm.<\/li>\n<li dir=\"auto\"><strong>Vaasi soovituslik suurus:<\/strong> 5,5 mm.<\/li>\n<\/ul>\n<p>&nbsp;<\/p>\n<p><span class=\"html-span xexx8yu x4uap5 x18d9i69 xkhd6sd x1hl2dhg x16tdsg8 x1vvkbs x3nfvp2 x1j61x8r x1fcty0u xdj266r xat24cr xgzva0m xhhsvwb xxymvpz xlup9mm x1kky2od\"><img decoding=\"async\" class=\"xz74otr\" src=\"https:\/\/static.xx.fbcdn.net\/images\/emoji.php\/v9\/t2d\/1\/16\/1f4cd.png\" alt=\"\ud83d\udccd\" width=\"16\" height=\"16\" \/><\/span> <strong>Hind 4,20 \u20ac<\/strong><\/p>\n<p>&nbsp;<\/p>\n<p><strong>YarnArt Forza Forever\u00a0<\/strong><\/p>\n<p><img decoding=\"async\" class=\"alignnone size-medium wp-image-17185\" src=\"http:\/\/bitessiulai.lt\/wp-content\/uploads\/2025\/09\/FORZA_FOREVER_2713-300x300.jpg\" alt=\"\" width=\"300\" height=\"300\" srcset=\"https:\/\/bitessiulai.lt\/wp-content\/uploads\/2025\/09\/FORZA_FOREVER_2713-300x300.jpg 300w, https:\/\/bitessiulai.lt\/wp-content\/uploads\/2025\/09\/FORZA_FOREVER_2713-1024x1024.jpg 1024w, https:\/\/bitessiulai.lt\/wp-content\/uploads\/2025\/09\/FORZA_FOREVER_2713-150x150.jpg 150w, https:\/\/bitessiulai.lt\/wp-content\/uploads\/2025\/09\/FORZA_FOREVER_2713-768x768.jpg 768w, https:\/\/bitessiulai.lt\/wp-content\/uploads\/2025\/09\/FORZA_FOREVER_2713-1536x1536.jpg 1536w, https:\/\/bitessiulai.lt\/wp-content\/uploads\/2025\/09\/FORZA_FOREVER_2713-12x12.jpg 12w, https:\/\/bitessiulai.lt\/wp-content\/uploads\/2025\/09\/FORZA_FOREVER_2713-600x600.jpg 600w, https:\/\/bitessiulai.lt\/wp-content\/uploads\/2025\/09\/FORZA_FOREVER_2713-96x96.jpg 96w, https:\/\/bitessiulai.lt\/wp-content\/uploads\/2025\/09\/FORZA_FOREVER_2713.jpg 2000w\" sizes=\"(max-width: 300px) 100vw, 300px\" \/><\/p>\n<p>(V\u00e4rv: 2713)<\/p>\n<ul>\n<li><strong>Koostis:<\/strong> 75% vill, 25% pol\u00fcamiid<\/li>\n<li><strong>Kaal\/pikkus:<\/strong> 100 aastat = umbes 420 aastat.<\/li>\n<li><strong>Soovitatav kudumisvarda suurus: <\/strong>3 mm.<\/li>\n<li><strong>Soovitatav konksu suurus:<\/strong> 3 mm<\/li>\n<\/ul>\n<p>&nbsp;<\/p>\n<p><span class=\"html-span xexx8yu x4uap5 x18d9i69 xkhd6sd x1hl2dhg x16tdsg8 x1vvkbs x3nfvp2 x1j61x8r x1fcty0u xdj266r xat24cr xgzva0m xhhsvwb xxymvpz xlup9mm x1kky2od\"><img decoding=\"async\" class=\"xz74otr\" src=\"https:\/\/static.xx.fbcdn.net\/images\/emoji.php\/v9\/t2d\/1\/16\/1f4cd.png\" alt=\"\ud83d\udccd\" width=\"16\" height=\"16\" \/><\/span> <strong>Hind 3,59 \u20ac<\/strong><\/p>\n<p><span class=\"html-span xexx8yu x4uap5 x18d9i69 xkhd6sd x1hl2dhg x16tdsg8 x1vvkbs x3nfvp2 x1j61x8r x1fcty0u xdj266r xat24cr xgzva0m xhhsvwb xxymvpz xlup9mm x1kky2od\"><img decoding=\"async\" class=\"xz74otr\" src=\"https:\/\/static.xx.fbcdn.net\/images\/emoji.php\/v9\/t2d\/1\/16\/1f4cd.png\" alt=\"\ud83d\udccd\" width=\"16\" height=\"16\" \/>Kui komplekt pole saadaval v\u00f5i vajate suuremat kogust, v\u00f5tke meiega \u00fchendust. <img decoding=\"async\" class=\"xz74otr\" src=\"https:\/\/static.xx.fbcdn.net\/images\/emoji.php\/v9\/t2d\/1\/16\/1f4cd.png\" alt=\"\ud83d\udccd\" width=\"16\" height=\"16\" \/><\/span><\/p>\n<div class=\"item\">\n<ul>\n<li class=\"text\">+370 672 44443<\/li>\n<\/ul>\n<\/div>\n<div class=\"item\">\n<ul>\n<li class=\"text\">info@bitessiulai.lt<\/li>\n<\/ul>\n<\/div>\n<p>&nbsp;<\/p>\n<p>*Ekraanil kuvatavad v\u00e4rvid v\u00f5ivad tegelikust niidiv\u00e4rvist veidi erineda.<\/p>","protected":false},"excerpt":{"rendered":"<p>YarnArt si\u016bl\u0173 rinkinukas : YarnArt Mohair Trendy 4vnt. YarnArt Forza Forever 2vnt. YarnArt Mohair Trendy (Spalva: 113) Sud\u0117tis: 50% mohera, 50% akrilas Svoris\/ilgis: 100 g.= ma\u017edaug 220 m. Rekomenduojamas virbal\u0173 dydis: 5 mm. Rekomenduojamas va\u0161elio dydis: 5,5 mm. &nbsp; Kaina 4,20\u20ac &nbsp; YarnArt Forza Forever\u00a0 (Spalva: 2713) Sud\u0117tis: 75% vilna, 25% poliamidas Svoris\/ilgis: 100 g.= ma\u017edaug 420 m. Rekomenduojamas virbal\u0173 dydis: 3\u00a0mm. Rekomenduojamas v\u0105\u0161elio dydis: 3 mm &nbsp; Kaina 3,59\u20ac Jeigu prekyboje rinkinio n\u0117ra arba reikalingas didesnis kiekis, susiekite su Mumis +370 672 44443 info@bitessiulai.lt &nbsp; *Ekrane matomos spalvos gali \u0161iek tiek skirtis nuo tikrosios si\u016bl\u0173 spalvos.<\/p>","protected":false},"featured_media":17186,"comment_status":"open","ping_status":"closed","template":"","meta":[],"product_brand":[],"product_cat":[176,3564],"product_tag":[],"giftcard-category":[],"class_list":{"0":"post-17183","1":"product","2":"type-product","3":"status-publish","4":"has-post-thumbnail","6":"product_cat-siulu-rinkinukai","7":"product_cat-rinkinukai-su-yarnart-mohair-trendy","9":"first","10":"instock","11":"taxable","12":"shipping-taxable","13":"purchasable","14":"product-type-simple"},"_links":{"self":[{"href":"https:\/\/bitessiulai.lt\/et\/wp-json\/wp\/v2\/product\/17183","targetHints":{"allow":["GET"]}}],"collection":[{"href":"https:\/\/bitessiulai.lt\/et\/wp-json\/wp\/v2\/product"}],"about":[{"href":"https:\/\/bitessiulai.lt\/et\/wp-json\/wp\/v2\/types\/product"}],"replies":[{"embeddable":true,"href":"https:\/\/bitessiulai.lt\/et\/wp-json\/wp\/v2\/comments?post=17183"}],"version-history":[{"count":0,"href":"https:\/\/bitessiulai.lt\/et\/wp-json\/wp\/v2\/product\/17183\/revisions"}],"wp:featuredmedia":[{"embeddable":true,"href":"https:\/\/bitessiulai.lt\/et\/wp-json\/wp\/v2\/media\/17186"}],"wp:attachment":[{"href":"https:\/\/bitessiulai.lt\/et\/wp-json\/wp\/v2\/media?parent=17183"}],"wp:term":[{"taxonomy":"product_brand","embeddable":true,"href":"https:\/\/bitessiulai.lt\/et\/wp-json\/wp\/v2\/product_brand?post=17183"},{"taxonomy":"product_cat","embeddable":true,"href":"https:\/\/bitessiulai.lt\/et\/wp-json\/wp\/v2\/product_cat?post=17183"},{"taxonomy":"product_tag","embeddable":true,"href":"https:\/\/bitessiulai.lt\/et\/wp-json\/wp\/v2\/product_tag?post=17183"},{"taxonomy":"giftcard-category","embeddable":true,"href":"https:\/\/bitessiulai.lt\/et\/wp-json\/wp\/v2\/giftcard-category?post=17183"}],"curies":[{"name":"wp","href":"https:\/\/api.w.org\/{rel}","templated":true}]}}