{"id":16930,"date":"2025-09-12T09:27:57","date_gmt":"2025-09-12T06:27:57","guid":{"rendered":"https:\/\/bitessiulai.lt\/?post_type=product&#038;p=16930"},"modified":"2025-09-12T09:27:58","modified_gmt":"2025-09-12T06:27:58","slug":"yarnart-siulu-rinkinukas-35","status":"publish","type":"product","link":"https:\/\/bitessiulai.lt\/et\/toode\/yarnart-siulu-rinkinukas-35\/","title":{"rendered":"YarnArt l\u00f5ngakomplekt"},"content":{"rendered":"<h5 dir=\"auto\"><strong>YarnArt l\u00f5ngakomplekt:<\/strong><\/h5>\n<ul>\n<li>YarnArt Cloud 5 tk.<\/li>\n<li>YarnArt Puma 2tk.<\/li>\n<\/ul>\n<p><strong>YarnArt Cloud<\/strong><\/p>\n<p><img fetchpriority=\"high\" decoding=\"async\" class=\"alignnone size-medium wp-image-16931\" src=\"http:\/\/bitessiulai.lt\/wp-content\/uploads\/2025\/09\/YARNART_CLOUD_5308--300x300.jpg\" alt=\"\" width=\"300\" height=\"300\" srcset=\"https:\/\/bitessiulai.lt\/wp-content\/uploads\/2025\/09\/YARNART_CLOUD_5308--300x300.jpg 300w, https:\/\/bitessiulai.lt\/wp-content\/uploads\/2025\/09\/YARNART_CLOUD_5308--1024x1024.jpg 1024w, https:\/\/bitessiulai.lt\/wp-content\/uploads\/2025\/09\/YARNART_CLOUD_5308--150x150.jpg 150w, https:\/\/bitessiulai.lt\/wp-content\/uploads\/2025\/09\/YARNART_CLOUD_5308--768x768.jpg 768w, https:\/\/bitessiulai.lt\/wp-content\/uploads\/2025\/09\/YARNART_CLOUD_5308--1536x1536.jpg 1536w, https:\/\/bitessiulai.lt\/wp-content\/uploads\/2025\/09\/YARNART_CLOUD_5308--12x12.jpg 12w, https:\/\/bitessiulai.lt\/wp-content\/uploads\/2025\/09\/YARNART_CLOUD_5308--600x600.jpg 600w, https:\/\/bitessiulai.lt\/wp-content\/uploads\/2025\/09\/YARNART_CLOUD_5308--96x96.jpg 96w, https:\/\/bitessiulai.lt\/wp-content\/uploads\/2025\/09\/YARNART_CLOUD_5308-.jpg 2000w\" sizes=\"(max-width: 300px) 100vw, 300px\" \/><\/p>\n<p>(V\u00e4rv: 5308)<\/p>\n<ul>\n<li dir=\"auto\"><strong>Koostis:<\/strong> 25% vill, 75% akr\u00fc\u00fcl<\/li>\n<li dir=\"auto\"><strong>Kaal\/pikkus:<\/strong> 100 aastat = umbes 230 aastat.<\/li>\n<li dir=\"auto\"><strong>Soovitatav kudumisvarda suurus:<\/strong> 4,5 mm.<\/li>\n<li dir=\"auto\"><strong>Vaasi soovituslik suurus:<\/strong> 5 mm.<\/li>\n<\/ul>\n<p>&nbsp;<\/p>\n<p><span class=\"html-span xexx8yu x4uap5 x18d9i69 xkhd6sd x1hl2dhg x16tdsg8 x1vvkbs x3nfvp2 x1j61x8r x1fcty0u xdj266r xat24cr xgzva0m xhhsvwb xxymvpz xlup9mm x1kky2od\"><img decoding=\"async\" class=\"xz74otr\" src=\"https:\/\/static.xx.fbcdn.net\/images\/emoji.php\/v9\/t2d\/1\/16\/1f4cd.png\" alt=\"\ud83d\udccd\" width=\"16\" height=\"16\" \/><\/span> <strong>Hind 3,00 \u20ac<\/strong><\/p>\n<p>&nbsp;<\/p>\n<p><strong>YarnArt Puma<\/strong><\/p>\n<p><img decoding=\"async\" class=\"alignnone size-medium wp-image-16932\" src=\"http:\/\/bitessiulai.lt\/wp-content\/uploads\/2025\/09\/YARNART_PIUMA_4419_DETAY-300x300.jpg\" alt=\"\" width=\"300\" height=\"300\" srcset=\"https:\/\/bitessiulai.lt\/wp-content\/uploads\/2025\/09\/YARNART_PIUMA_4419_DETAY-300x300.jpg 300w, https:\/\/bitessiulai.lt\/wp-content\/uploads\/2025\/09\/YARNART_PIUMA_4419_DETAY-1024x1024.jpg 1024w, https:\/\/bitessiulai.lt\/wp-content\/uploads\/2025\/09\/YARNART_PIUMA_4419_DETAY-150x150.jpg 150w, https:\/\/bitessiulai.lt\/wp-content\/uploads\/2025\/09\/YARNART_PIUMA_4419_DETAY-768x768.jpg 768w, https:\/\/bitessiulai.lt\/wp-content\/uploads\/2025\/09\/YARNART_PIUMA_4419_DETAY-1536x1536.jpg 1536w, https:\/\/bitessiulai.lt\/wp-content\/uploads\/2025\/09\/YARNART_PIUMA_4419_DETAY-12x12.jpg 12w, https:\/\/bitessiulai.lt\/wp-content\/uploads\/2025\/09\/YARNART_PIUMA_4419_DETAY-600x600.jpg 600w, https:\/\/bitessiulai.lt\/wp-content\/uploads\/2025\/09\/YARNART_PIUMA_4419_DETAY-96x96.jpg 96w, https:\/\/bitessiulai.lt\/wp-content\/uploads\/2025\/09\/YARNART_PIUMA_4419_DETAY.jpg 2000w\" sizes=\"(max-width: 300px) 100vw, 300px\" \/><\/p>\n<p>(V\u00e4rv: 4419)<\/p>\n<ul>\n<li><strong>Koostis:<\/strong> 100% pol\u00fcester<\/li>\n<li><strong>Kaal\/pikkus:<\/strong> 50 aastat = umbes 100 aastat.<\/li>\n<li><strong>Soovitatav kudumisvarda suurus: <\/strong>5 mm.<\/li>\n<li><strong>Soovitatav konksu suurus:<\/strong> 5 mm<\/li>\n<\/ul>\n<p>&nbsp;<\/p>\n<p><span class=\"html-span xexx8yu x4uap5 x18d9i69 xkhd6sd x1hl2dhg x16tdsg8 x1vvkbs x3nfvp2 x1j61x8r x1fcty0u xdj266r xat24cr xgzva0m xhhsvwb xxymvpz xlup9mm x1kky2od\"><img decoding=\"async\" class=\"xz74otr\" src=\"https:\/\/static.xx.fbcdn.net\/images\/emoji.php\/v9\/t2d\/1\/16\/1f4cd.png\" alt=\"\ud83d\udccd\" width=\"16\" height=\"16\" \/><\/span> <strong>Hind 1,50 \u20ac<\/strong><\/p>\n<p><span class=\"html-span xexx8yu x4uap5 x18d9i69 xkhd6sd x1hl2dhg x16tdsg8 x1vvkbs x3nfvp2 x1j61x8r x1fcty0u xdj266r xat24cr xgzva0m xhhsvwb xxymvpz xlup9mm x1kky2od\"><img decoding=\"async\" class=\"xz74otr\" src=\"https:\/\/static.xx.fbcdn.net\/images\/emoji.php\/v9\/t2d\/1\/16\/1f4cd.png\" alt=\"\ud83d\udccd\" width=\"16\" height=\"16\" \/>Kui komplekt pole saadaval v\u00f5i vajate suuremat kogust, v\u00f5tke meiega \u00fchendust. <img decoding=\"async\" class=\"xz74otr\" src=\"https:\/\/static.xx.fbcdn.net\/images\/emoji.php\/v9\/t2d\/1\/16\/1f4cd.png\" alt=\"\ud83d\udccd\" width=\"16\" height=\"16\" \/><\/span><\/p>\n<div class=\"item\">\n<ul>\n<li class=\"text\">+370 672 44443<\/li>\n<\/ul>\n<\/div>\n<div class=\"item\">\n<ul>\n<li class=\"text\">info@bitessiulai.lt<\/li>\n<\/ul>\n<\/div>\n<p>&nbsp;<\/p>\n<p>*Ekraanil kuvatavad v\u00e4rvid v\u00f5ivad tegelikust niidiv\u00e4rvist veidi erineda.<\/p>","protected":false},"excerpt":{"rendered":"<p>YarnArt si\u016bl\u0173 rinkinukas : YarnArt Cloud 5vnt. YarnArt Piuma 2vnt. YarnArt Cloud (Spalva: 5308) Sud\u0117tis: 25% vilna, 75% akrilas Svoris\/ilgis: 100 g.= ma\u017edaug 230 m. Rekomenduojamas virbal\u0173 dydis: 4,5 mm. Rekomenduojamas va\u0161elio dydis: 5 mm. &nbsp; Kaina 3,00\u20ac &nbsp; YarnArt Piuma (Spalva: 4419) Sud\u0117tis: 100% poliesteris Svoris\/ilgis: 50 g.= ma\u017edaug 100 m. Rekomenduojamas virbal\u0173 dydis: 5\u00a0mm. Rekomenduojamas v\u0105\u0161elio dydis: 5 mm &nbsp; Kaina 1,50\u20ac Jeigu prekyboje rinkinio n\u0117ra arba reikalingas didesnis kiekis, susiekite su Mumis +370 672 44443 info@bitessiulai.lt &nbsp; *Ekrane matomos spalvos gali \u0161iek tiek skirtis nuo tikrosios si\u016bl\u0173 spalvos.<\/p>","protected":false},"featured_media":16933,"comment_status":"open","ping_status":"closed","template":"","meta":[],"product_brand":[],"product_cat":[176,3555],"product_tag":[],"giftcard-category":[],"class_list":{"0":"post-16930","1":"product","2":"type-product","3":"status-publish","4":"has-post-thumbnail","6":"product_cat-siulu-rinkinukai","7":"product_cat-rinkinukai-su-yarnart-cloud","9":"first","10":"instock","11":"taxable","12":"shipping-taxable","13":"purchasable","14":"product-type-simple"},"_links":{"self":[{"href":"https:\/\/bitessiulai.lt\/et\/wp-json\/wp\/v2\/product\/16930","targetHints":{"allow":["GET"]}}],"collection":[{"href":"https:\/\/bitessiulai.lt\/et\/wp-json\/wp\/v2\/product"}],"about":[{"href":"https:\/\/bitessiulai.lt\/et\/wp-json\/wp\/v2\/types\/product"}],"replies":[{"embeddable":true,"href":"https:\/\/bitessiulai.lt\/et\/wp-json\/wp\/v2\/comments?post=16930"}],"version-history":[{"count":0,"href":"https:\/\/bitessiulai.lt\/et\/wp-json\/wp\/v2\/product\/16930\/revisions"}],"wp:featuredmedia":[{"embeddable":true,"href":"https:\/\/bitessiulai.lt\/et\/wp-json\/wp\/v2\/media\/16933"}],"wp:attachment":[{"href":"https:\/\/bitessiulai.lt\/et\/wp-json\/wp\/v2\/media?parent=16930"}],"wp:term":[{"taxonomy":"product_brand","embeddable":true,"href":"https:\/\/bitessiulai.lt\/et\/wp-json\/wp\/v2\/product_brand?post=16930"},{"taxonomy":"product_cat","embeddable":true,"href":"https:\/\/bitessiulai.lt\/et\/wp-json\/wp\/v2\/product_cat?post=16930"},{"taxonomy":"product_tag","embeddable":true,"href":"https:\/\/bitessiulai.lt\/et\/wp-json\/wp\/v2\/product_tag?post=16930"},{"taxonomy":"giftcard-category","embeddable":true,"href":"https:\/\/bitessiulai.lt\/et\/wp-json\/wp\/v2\/giftcard-category?post=16930"}],"curies":[{"name":"wp","href":"https:\/\/api.w.org\/{rel}","templated":true}]}}