{"id":16882,"date":"2025-09-11T17:14:31","date_gmt":"2025-09-11T14:14:31","guid":{"rendered":"https:\/\/bitessiulai.lt\/?post_type=product&#038;p=16882"},"modified":"2026-05-04T22:05:51","modified_gmt":"2026-05-04T19:05:51","slug":"yarnart-forza-solid","status":"publish","type":"product","link":"https:\/\/bitessiulai.lt\/et\/toode\/yarnart-forza-solid\/","title":{"rendered":"YarnArt Forza Solid"},"content":{"rendered":"<p><strong>YarnArt Forza Solid <\/strong>\u2013 suurep\u00e4rane valik neile, kes hindavad kvaliteetseid kootud materjale ja soovivad luua sooje, mugavaid ja stiilseid riideid. T\u00e4nu k\u00f5rgele villasisaldusele <strong>Yarnart Forza Solid<\/strong> L\u00f5ng pakub suurep\u00e4rast soojusisolatsiooni ja mugavust. See on ideaalne valik talvekampsunite, sallide, m\u00fctside, sokkide ja muude soojade riiete jaoks.<\/p>\n<p><img fetchpriority=\"high\" decoding=\"async\" class=\"alignnone size-medium wp-image-16887\" src=\"http:\/\/bitessiulai.lt\/wp-content\/uploads\/2025\/09\/Forza_Solid_Yarnart_241486-300x300.jpg\" alt=\"\" width=\"300\" height=\"300\" srcset=\"https:\/\/bitessiulai.lt\/wp-content\/uploads\/2025\/09\/Forza_Solid_Yarnart_241486-300x300.jpg 300w, https:\/\/bitessiulai.lt\/wp-content\/uploads\/2025\/09\/Forza_Solid_Yarnart_241486-1024x1024.jpg 1024w, https:\/\/bitessiulai.lt\/wp-content\/uploads\/2025\/09\/Forza_Solid_Yarnart_241486-150x150.jpg 150w, https:\/\/bitessiulai.lt\/wp-content\/uploads\/2025\/09\/Forza_Solid_Yarnart_241486-768x768.jpg 768w, https:\/\/bitessiulai.lt\/wp-content\/uploads\/2025\/09\/Forza_Solid_Yarnart_241486-1536x1536.jpg 1536w, https:\/\/bitessiulai.lt\/wp-content\/uploads\/2025\/09\/Forza_Solid_Yarnart_241486-12x12.jpg 12w, https:\/\/bitessiulai.lt\/wp-content\/uploads\/2025\/09\/Forza_Solid_Yarnart_241486-600x600.jpg 600w, https:\/\/bitessiulai.lt\/wp-content\/uploads\/2025\/09\/Forza_Solid_Yarnart_241486-96x96.jpg 96w, https:\/\/bitessiulai.lt\/wp-content\/uploads\/2025\/09\/Forza_Solid_Yarnart_241486.jpg 2000w\" sizes=\"(max-width: 300px) 100vw, 300px\" \/> <img decoding=\"async\" class=\"alignnone size-medium wp-image-16888\" src=\"http:\/\/bitessiulai.lt\/wp-content\/uploads\/2025\/09\/Forza_Solid_Yarnart_241491-300x300.jpg\" alt=\"\" width=\"300\" height=\"300\" srcset=\"https:\/\/bitessiulai.lt\/wp-content\/uploads\/2025\/09\/Forza_Solid_Yarnart_241491-300x300.jpg 300w, https:\/\/bitessiulai.lt\/wp-content\/uploads\/2025\/09\/Forza_Solid_Yarnart_241491-1024x1024.jpg 1024w, https:\/\/bitessiulai.lt\/wp-content\/uploads\/2025\/09\/Forza_Solid_Yarnart_241491-150x150.jpg 150w, https:\/\/bitessiulai.lt\/wp-content\/uploads\/2025\/09\/Forza_Solid_Yarnart_241491-768x768.jpg 768w, https:\/\/bitessiulai.lt\/wp-content\/uploads\/2025\/09\/Forza_Solid_Yarnart_241491-1536x1536.jpg 1536w, https:\/\/bitessiulai.lt\/wp-content\/uploads\/2025\/09\/Forza_Solid_Yarnart_241491-12x12.jpg 12w, https:\/\/bitessiulai.lt\/wp-content\/uploads\/2025\/09\/Forza_Solid_Yarnart_241491-600x600.jpg 600w, https:\/\/bitessiulai.lt\/wp-content\/uploads\/2025\/09\/Forza_Solid_Yarnart_241491-96x96.jpg 96w, https:\/\/bitessiulai.lt\/wp-content\/uploads\/2025\/09\/Forza_Solid_Yarnart_241491.jpg 2000w\" sizes=\"(max-width: 300px) 100vw, 300px\" \/> <img decoding=\"async\" class=\"alignnone size-medium wp-image-16889\" src=\"http:\/\/bitessiulai.lt\/wp-content\/uploads\/2025\/09\/Forza_Solid_Yarnart_241501-300x300.jpg\" alt=\"\" width=\"300\" height=\"300\" srcset=\"https:\/\/bitessiulai.lt\/wp-content\/uploads\/2025\/09\/Forza_Solid_Yarnart_241501-300x300.jpg 300w, https:\/\/bitessiulai.lt\/wp-content\/uploads\/2025\/09\/Forza_Solid_Yarnart_241501-1024x1024.jpg 1024w, https:\/\/bitessiulai.lt\/wp-content\/uploads\/2025\/09\/Forza_Solid_Yarnart_241501-150x150.jpg 150w, https:\/\/bitessiulai.lt\/wp-content\/uploads\/2025\/09\/Forza_Solid_Yarnart_241501-768x768.jpg 768w, https:\/\/bitessiulai.lt\/wp-content\/uploads\/2025\/09\/Forza_Solid_Yarnart_241501-1536x1536.jpg 1536w, https:\/\/bitessiulai.lt\/wp-content\/uploads\/2025\/09\/Forza_Solid_Yarnart_241501-12x12.jpg 12w, https:\/\/bitessiulai.lt\/wp-content\/uploads\/2025\/09\/Forza_Solid_Yarnart_241501-600x600.jpg 600w, https:\/\/bitessiulai.lt\/wp-content\/uploads\/2025\/09\/Forza_Solid_Yarnart_241501-96x96.jpg 96w, https:\/\/bitessiulai.lt\/wp-content\/uploads\/2025\/09\/Forza_Solid_Yarnart_241501.jpg 2000w\" sizes=\"(max-width: 300px) 100vw, 300px\" \/> <img loading=\"lazy\" decoding=\"async\" class=\"alignnone size-medium wp-image-16890\" src=\"http:\/\/bitessiulai.lt\/wp-content\/uploads\/2025\/09\/Yarnart3364_FORZA_SOLID_WEB-600x600-1-300x300.jpg\" alt=\"\" width=\"300\" height=\"300\" srcset=\"https:\/\/bitessiulai.lt\/wp-content\/uploads\/2025\/09\/Yarnart3364_FORZA_SOLID_WEB-600x600-1-300x300.jpg 300w, https:\/\/bitessiulai.lt\/wp-content\/uploads\/2025\/09\/Yarnart3364_FORZA_SOLID_WEB-600x600-1-150x150.jpg 150w, https:\/\/bitessiulai.lt\/wp-content\/uploads\/2025\/09\/Yarnart3364_FORZA_SOLID_WEB-600x600-1-12x12.jpg 12w, https:\/\/bitessiulai.lt\/wp-content\/uploads\/2025\/09\/Yarnart3364_FORZA_SOLID_WEB-600x600-1-96x96.jpg 96w, https:\/\/bitessiulai.lt\/wp-content\/uploads\/2025\/09\/Yarnart3364_FORZA_SOLID_WEB-600x600-1.jpg 600w\" sizes=\"(max-width: 300px) 100vw, 300px\" \/><\/p>\n<p>*Ekraanil kuvatavad v\u00e4rvid v\u00f5ivad tegelikust niidiv\u00e4rvist veidi erineda.<\/p>\n<p>&nbsp;<\/p>","protected":false},"excerpt":{"rendered":"<p>Koostis: 75% vill, 25% pol\u00fcamiid<\/p>\n<p>Kaal\/pikkus: 100 g = ligikaudu 420 m.<\/p>\n<p>Soovitatav varda suurus: 3 mm.<\/p>\n<p>Soovitatav varda suurus: 3 mm.<\/p>","protected":false},"featured_media":16884,"comment_status":"open","ping_status":"closed","template":"","meta":[],"product_brand":[],"product_cat":[173,3554,177,3718,178,324,3345,174,175,410,255],"product_tag":[],"giftcard-category":[],"class_list":{"0":"post-16882","1":"product","2":"type-product","3":"status-publish","4":"has-post-thumbnail","6":"product_cat-siulai","7":"product_cat-forza-solid","8":"product_cat-mezgimo-siulai","9":"product_cat-naujienos","10":"product_cat-nerimo-siulai","11":"product_cat-poliamidas","12":"product_cat-siulai-kojinems","13":"product_cat-siulu-gamintojai","14":"product_cat-siulu-pluostai","15":"product_cat-vilna","16":"product_cat-yarnart","18":"first","19":"instock","20":"taxable","21":"shipping-taxable","22":"purchasable","23":"product-type-variable"},"_links":{"self":[{"href":"https:\/\/bitessiulai.lt\/et\/wp-json\/wp\/v2\/product\/16882","targetHints":{"allow":["GET"]}}],"collection":[{"href":"https:\/\/bitessiulai.lt\/et\/wp-json\/wp\/v2\/product"}],"about":[{"href":"https:\/\/bitessiulai.lt\/et\/wp-json\/wp\/v2\/types\/product"}],"replies":[{"embeddable":true,"href":"https:\/\/bitessiulai.lt\/et\/wp-json\/wp\/v2\/comments?post=16882"}],"version-history":[{"count":0,"href":"https:\/\/bitessiulai.lt\/et\/wp-json\/wp\/v2\/product\/16882\/revisions"}],"wp:featuredmedia":[{"embeddable":true,"href":"https:\/\/bitessiulai.lt\/et\/wp-json\/wp\/v2\/media\/16884"}],"wp:attachment":[{"href":"https:\/\/bitessiulai.lt\/et\/wp-json\/wp\/v2\/media?parent=16882"}],"wp:term":[{"taxonomy":"product_brand","embeddable":true,"href":"https:\/\/bitessiulai.lt\/et\/wp-json\/wp\/v2\/product_brand?post=16882"},{"taxonomy":"product_cat","embeddable":true,"href":"https:\/\/bitessiulai.lt\/et\/wp-json\/wp\/v2\/product_cat?post=16882"},{"taxonomy":"product_tag","embeddable":true,"href":"https:\/\/bitessiulai.lt\/et\/wp-json\/wp\/v2\/product_tag?post=16882"},{"taxonomy":"giftcard-category","embeddable":true,"href":"https:\/\/bitessiulai.lt\/et\/wp-json\/wp\/v2\/giftcard-category?post=16882"}],"curies":[{"name":"wp","href":"https:\/\/api.w.org\/{rel}","templated":true}]}}