{"id":16441,"date":"2025-09-09T16:51:24","date_gmt":"2025-09-09T13:51:24","guid":{"rendered":"https:\/\/bitessiulai.lt\/?post_type=product&#038;p=16441"},"modified":"2026-04-10T17:49:31","modified_gmt":"2026-04-10T14:49:31","slug":"yarnart-dolce","status":"publish","type":"product","link":"https:\/\/bitessiulai.lt\/et\/toode\/yarnart-dolce\/","title":{"rendered":"YarnArt Dolce"},"content":{"rendered":"<p><strong>YarnArt Dolce<\/strong> \u2013 on erakordselt kvaliteetne ja pehme mikropol\u00fcester heegell\u00f5ng, mis v\u00f5lub mitte ainult oma pehmuse, vaid ka suurep\u00e4rase disainiga. Need l\u00f5ngad on oma pehme tunde poolest v\u00e4ga ainulaadsed. <strong>YarnArt Dolce<\/strong> Niidid on valmistatud kvaliteetsest mikropol\u00fcestrist, mis annab neile lisaks erakordsele pehmusele ka vastupidavuse. Nende paksem kiud muudab \u00f5rnade ja elegantsete mustrite ja tekstuuride loomise teie k\u00e4sit\u00f6\u00f6 jaoks lihtsaks.<\/p>\n<p><img fetchpriority=\"high\" decoding=\"async\" class=\"alignnone size-medium wp-image-16444\" src=\"http:\/\/bitessiulai.lt\/wp-content\/uploads\/2025\/09\/DOLCE_CLN8440-1-300x300.jpg\" alt=\"\" width=\"300\" height=\"300\" srcset=\"https:\/\/bitessiulai.lt\/wp-content\/uploads\/2025\/09\/DOLCE_CLN8440-1-300x300.jpg 300w, https:\/\/bitessiulai.lt\/wp-content\/uploads\/2025\/09\/DOLCE_CLN8440-1-1024x1024.jpg 1024w, https:\/\/bitessiulai.lt\/wp-content\/uploads\/2025\/09\/DOLCE_CLN8440-1-150x150.jpg 150w, https:\/\/bitessiulai.lt\/wp-content\/uploads\/2025\/09\/DOLCE_CLN8440-1-768x768.jpg 768w, https:\/\/bitessiulai.lt\/wp-content\/uploads\/2025\/09\/DOLCE_CLN8440-1-1536x1536.jpg 1536w, https:\/\/bitessiulai.lt\/wp-content\/uploads\/2025\/09\/DOLCE_CLN8440-1-12x12.jpg 12w, https:\/\/bitessiulai.lt\/wp-content\/uploads\/2025\/09\/DOLCE_CLN8440-1-600x600.jpg 600w, https:\/\/bitessiulai.lt\/wp-content\/uploads\/2025\/09\/DOLCE_CLN8440-1-96x96.jpg 96w, https:\/\/bitessiulai.lt\/wp-content\/uploads\/2025\/09\/DOLCE_CLN8440-1.jpg 2000w\" sizes=\"(max-width: 300px) 100vw, 300px\" \/> <img decoding=\"async\" class=\"alignnone size-medium wp-image-16445\" src=\"http:\/\/bitessiulai.lt\/wp-content\/uploads\/2025\/09\/DOLCE_DOLCE_BABY_PANDUF-300x300.jpg\" alt=\"\" width=\"300\" height=\"300\" srcset=\"https:\/\/bitessiulai.lt\/wp-content\/uploads\/2025\/09\/DOLCE_DOLCE_BABY_PANDUF-300x300.jpg 300w, https:\/\/bitessiulai.lt\/wp-content\/uploads\/2025\/09\/DOLCE_DOLCE_BABY_PANDUF-1024x1024.jpg 1024w, https:\/\/bitessiulai.lt\/wp-content\/uploads\/2025\/09\/DOLCE_DOLCE_BABY_PANDUF-150x150.jpg 150w, https:\/\/bitessiulai.lt\/wp-content\/uploads\/2025\/09\/DOLCE_DOLCE_BABY_PANDUF-768x768.jpg 768w, https:\/\/bitessiulai.lt\/wp-content\/uploads\/2025\/09\/DOLCE_DOLCE_BABY_PANDUF-1536x1536.jpg 1536w, https:\/\/bitessiulai.lt\/wp-content\/uploads\/2025\/09\/DOLCE_DOLCE_BABY_PANDUF-12x12.jpg 12w, https:\/\/bitessiulai.lt\/wp-content\/uploads\/2025\/09\/DOLCE_DOLCE_BABY_PANDUF-600x600.jpg 600w, https:\/\/bitessiulai.lt\/wp-content\/uploads\/2025\/09\/DOLCE_DOLCE_BABY_PANDUF-96x96.jpg 96w, https:\/\/bitessiulai.lt\/wp-content\/uploads\/2025\/09\/DOLCE_DOLCE_BABY_PANDUF.jpg 2000w\" sizes=\"(max-width: 300px) 100vw, 300px\" \/> <img decoding=\"async\" class=\"alignnone size-medium wp-image-16446\" src=\"http:\/\/bitessiulai.lt\/wp-content\/uploads\/2025\/09\/DOLCE_Yarnart4928_SITE-300x300.jpg\" alt=\"\" width=\"300\" height=\"300\" srcset=\"https:\/\/bitessiulai.lt\/wp-content\/uploads\/2025\/09\/DOLCE_Yarnart4928_SITE-300x300.jpg 300w, https:\/\/bitessiulai.lt\/wp-content\/uploads\/2025\/09\/DOLCE_Yarnart4928_SITE-1024x1024.jpg 1024w, https:\/\/bitessiulai.lt\/wp-content\/uploads\/2025\/09\/DOLCE_Yarnart4928_SITE-150x150.jpg 150w, https:\/\/bitessiulai.lt\/wp-content\/uploads\/2025\/09\/DOLCE_Yarnart4928_SITE-768x768.jpg 768w, https:\/\/bitessiulai.lt\/wp-content\/uploads\/2025\/09\/DOLCE_Yarnart4928_SITE-1536x1536.jpg 1536w, https:\/\/bitessiulai.lt\/wp-content\/uploads\/2025\/09\/DOLCE_Yarnart4928_SITE-12x12.jpg 12w, https:\/\/bitessiulai.lt\/wp-content\/uploads\/2025\/09\/DOLCE_Yarnart4928_SITE-600x600.jpg 600w, https:\/\/bitessiulai.lt\/wp-content\/uploads\/2025\/09\/DOLCE_Yarnart4928_SITE-96x96.jpg 96w, https:\/\/bitessiulai.lt\/wp-content\/uploads\/2025\/09\/DOLCE_Yarnart4928_SITE.jpg 2000w\" sizes=\"(max-width: 300px) 100vw, 300px\" \/> <img loading=\"lazy\" decoding=\"async\" class=\"alignnone size-medium wp-image-16447\" src=\"http:\/\/bitessiulai.lt\/wp-content\/uploads\/2025\/09\/DOLCE_Yarnart4913_SITE-300x300.jpg\" alt=\"\" width=\"300\" height=\"300\" srcset=\"https:\/\/bitessiulai.lt\/wp-content\/uploads\/2025\/09\/DOLCE_Yarnart4913_SITE-300x300.jpg 300w, https:\/\/bitessiulai.lt\/wp-content\/uploads\/2025\/09\/DOLCE_Yarnart4913_SITE-1024x1024.jpg 1024w, https:\/\/bitessiulai.lt\/wp-content\/uploads\/2025\/09\/DOLCE_Yarnart4913_SITE-150x150.jpg 150w, https:\/\/bitessiulai.lt\/wp-content\/uploads\/2025\/09\/DOLCE_Yarnart4913_SITE-768x768.jpg 768w, https:\/\/bitessiulai.lt\/wp-content\/uploads\/2025\/09\/DOLCE_Yarnart4913_SITE-1536x1536.jpg 1536w, https:\/\/bitessiulai.lt\/wp-content\/uploads\/2025\/09\/DOLCE_Yarnart4913_SITE-12x12.jpg 12w, https:\/\/bitessiulai.lt\/wp-content\/uploads\/2025\/09\/DOLCE_Yarnart4913_SITE-600x600.jpg 600w, https:\/\/bitessiulai.lt\/wp-content\/uploads\/2025\/09\/DOLCE_Yarnart4913_SITE-96x96.jpg 96w, https:\/\/bitessiulai.lt\/wp-content\/uploads\/2025\/09\/DOLCE_Yarnart4913_SITE.jpg 2000w\" sizes=\"(max-width: 300px) 100vw, 300px\" \/><\/p>\n<p>*Ekraanil kuvatavad v\u00e4rvid v\u00f5ivad tegelikust niidiv\u00e4rvist veidi erineda.<\/p>","protected":false},"excerpt":{"rendered":"<p>Koostis: 100% mikropol\u00fcester<\/p>\n<p>Kaal\/pikkus: 100 g = umbes 120 m.<\/p>\n<p>Soovitatav varda suurus: 4,5 mm.<\/p>\n<p>Soovitatav helmeste suurus: 7 mm.<\/p>","protected":false},"featured_media":16448,"comment_status":"open","ping_status":"closed","template":"","meta":[],"product_brand":[],"product_cat":[173,915,3430,177,3718,178,328,174,175,255],"product_tag":[],"giftcard-category":[],"class_list":{"0":"post-16441","1":"product","2":"type-product","3":"status-publish","4":"has-post-thumbnail","6":"product_cat-siulai","7":"product_cat-dekoratyviniai-siulai","8":"product_cat-dolce","9":"product_cat-mezgimo-siulai","10":"product_cat-naujienos","11":"product_cat-nerimo-siulai","12":"product_cat-poliesteris","13":"product_cat-siulu-gamintojai","14":"product_cat-siulu-pluostai","15":"product_cat-yarnart","17":"first","18":"instock","19":"taxable","20":"shipping-taxable","21":"purchasable","22":"product-type-variable"},"_links":{"self":[{"href":"https:\/\/bitessiulai.lt\/et\/wp-json\/wp\/v2\/product\/16441","targetHints":{"allow":["GET"]}}],"collection":[{"href":"https:\/\/bitessiulai.lt\/et\/wp-json\/wp\/v2\/product"}],"about":[{"href":"https:\/\/bitessiulai.lt\/et\/wp-json\/wp\/v2\/types\/product"}],"replies":[{"embeddable":true,"href":"https:\/\/bitessiulai.lt\/et\/wp-json\/wp\/v2\/comments?post=16441"}],"version-history":[{"count":1,"href":"https:\/\/bitessiulai.lt\/et\/wp-json\/wp\/v2\/product\/16441\/revisions"}],"predecessor-version":[{"id":23709,"href":"https:\/\/bitessiulai.lt\/et\/wp-json\/wp\/v2\/product\/16441\/revisions\/23709"}],"wp:featuredmedia":[{"embeddable":true,"href":"https:\/\/bitessiulai.lt\/et\/wp-json\/wp\/v2\/media\/16448"}],"wp:attachment":[{"href":"https:\/\/bitessiulai.lt\/et\/wp-json\/wp\/v2\/media?parent=16441"}],"wp:term":[{"taxonomy":"product_brand","embeddable":true,"href":"https:\/\/bitessiulai.lt\/et\/wp-json\/wp\/v2\/product_brand?post=16441"},{"taxonomy":"product_cat","embeddable":true,"href":"https:\/\/bitessiulai.lt\/et\/wp-json\/wp\/v2\/product_cat?post=16441"},{"taxonomy":"product_tag","embeddable":true,"href":"https:\/\/bitessiulai.lt\/et\/wp-json\/wp\/v2\/product_tag?post=16441"},{"taxonomy":"giftcard-category","embeddable":true,"href":"https:\/\/bitessiulai.lt\/et\/wp-json\/wp\/v2\/giftcard-category?post=16441"}],"curies":[{"name":"wp","href":"https:\/\/api.w.org\/{rel}","templated":true}]}}