{"id":16136,"date":"2025-09-06T12:27:18","date_gmt":"2025-09-06T09:27:18","guid":{"rendered":"https:\/\/bitessiulai.lt\/?post_type=product&#038;p=16136"},"modified":"2026-02-16T13:24:57","modified_gmt":"2026-02-16T11:24:57","slug":"gleener-swift-audiniu-prieziuros-priemone","status":"publish","type":"product","link":"https:\/\/bitessiulai.lt\/et\/toode\/gleener-swift-audiniu-prieziuros-priemone\/","title":{"rendered":"Gleener Swift kangahooldusvahend"},"content":{"rendered":"<p>Gleener Swift kangahooldusvahend \u2013<span style=\"letter-spacing: 0px;\"> Tagab, et teie riided, m\u00f6\u00f6bel ja kodutarvikud kestavad kauem, n\u00e4evad paremad v\u00e4lja ja pakuvad teile kauem r\u00f5\u00f5mu. See kaitseb s\u00fcnteetilisi, puuvillaseid ja villaseid kangaid ebeme eest. H\u00f5\u00f5rdumine, pesemine v\u00f5i kulumine v\u00f5ivad p\u00f5hjustada kanga pillimist. See katab kogu pinna ebemetega, muutes kanga \u00e4kitselt vanaks ja kulunuks. Selle kangahooldusvahendiga on ebemed peagi minevik.<\/span><\/p>\n<p><span dir=\"auto\">Gleener Swifti k\u00e4epide on valmistatud taaskasutatud plastist ja t\u00e4nu ergonoomilisele disainile on seda mugav k\u00e4es hoida. T\u00f6\u00f6riistal on kaks erinevat otsa, mille saab kinnitada \u00fchte otsa:<\/span><\/p>\n<ul>\n<li><span dir=\"auto\">\u00c4\u00e4r 1: sobib paksudele villa- ja s\u00fcnteetilistele kangastele<\/span><\/li>\n<li><span dir=\"auto\">\u00c4\u00e4r 2: sobib keskmise k\u00f5vadusega kangastele, n\u00e4iteks ka\u0161miir, meriinovill ja muud peenemad villad<\/span><\/li>\n<\/ul>\n<p><span dir=\"auto\">Tarvikute vahetamine on v\u00e4ga lihtne. Iga tarviku saab nupuvajutusega eemaldada ja j\u00e4rgmise lihtsalt tagasi panna. Kasutamata tarvikut saab mugavalt k\u00e4epidemes hoida. Gleener Swift kangahooldusvahend ei vaja vooluv\u00f5rku ega patareisid, mist\u00f5ttu on see v\u00e4ga keskkonnas\u00f5bralik. Iga pakend sisaldab Gleener Swift kangahooldusvahendit ja 2 tarvikut.<\/span><\/p>\n<p><img fetchpriority=\"high\" decoding=\"async\" class=\"alignnone size-medium wp-image-16139\" src=\"http:\/\/bitessiulai.lt\/wp-content\/uploads\/2025\/09\/SWIFT-CT-INT-9-300x300.webp\" alt=\"\" width=\"300\" height=\"300\" srcset=\"https:\/\/bitessiulai.lt\/wp-content\/uploads\/2025\/09\/SWIFT-CT-INT-9-300x300.webp 300w, https:\/\/bitessiulai.lt\/wp-content\/uploads\/2025\/09\/SWIFT-CT-INT-9-150x150.webp 150w, https:\/\/bitessiulai.lt\/wp-content\/uploads\/2025\/09\/SWIFT-CT-INT-9-12x12.webp 12w, https:\/\/bitessiulai.lt\/wp-content\/uploads\/2025\/09\/SWIFT-CT-INT-9-600x600.webp 600w, https:\/\/bitessiulai.lt\/wp-content\/uploads\/2025\/09\/SWIFT-CT-INT-9-96x96.webp 96w, https:\/\/bitessiulai.lt\/wp-content\/uploads\/2025\/09\/SWIFT-CT-INT-9.webp 700w\" sizes=\"(max-width: 300px) 100vw, 300px\" \/> <img decoding=\"async\" class=\"alignnone size-medium wp-image-16140\" src=\"http:\/\/bitessiulai.lt\/wp-content\/uploads\/2025\/09\/SWIFT-CT-INT-8-300x300.webp\" alt=\"\" width=\"300\" height=\"300\" srcset=\"https:\/\/bitessiulai.lt\/wp-content\/uploads\/2025\/09\/SWIFT-CT-INT-8-300x300.webp 300w, https:\/\/bitessiulai.lt\/wp-content\/uploads\/2025\/09\/SWIFT-CT-INT-8-150x150.webp 150w, https:\/\/bitessiulai.lt\/wp-content\/uploads\/2025\/09\/SWIFT-CT-INT-8-12x12.webp 12w, https:\/\/bitessiulai.lt\/wp-content\/uploads\/2025\/09\/SWIFT-CT-INT-8-600x600.webp 600w, https:\/\/bitessiulai.lt\/wp-content\/uploads\/2025\/09\/SWIFT-CT-INT-8-96x96.webp 96w, https:\/\/bitessiulai.lt\/wp-content\/uploads\/2025\/09\/SWIFT-CT-INT-8.webp 700w\" sizes=\"(max-width: 300px) 100vw, 300px\" \/> <img decoding=\"async\" class=\"alignnone size-medium wp-image-16141\" src=\"http:\/\/bitessiulai.lt\/wp-content\/uploads\/2025\/09\/SWIFT-CT-INT-6-300x300.webp\" alt=\"\" width=\"300\" height=\"300\" srcset=\"https:\/\/bitessiulai.lt\/wp-content\/uploads\/2025\/09\/SWIFT-CT-INT-6-300x300.webp 300w, https:\/\/bitessiulai.lt\/wp-content\/uploads\/2025\/09\/SWIFT-CT-INT-6-150x150.webp 150w, https:\/\/bitessiulai.lt\/wp-content\/uploads\/2025\/09\/SWIFT-CT-INT-6-12x12.webp 12w, https:\/\/bitessiulai.lt\/wp-content\/uploads\/2025\/09\/SWIFT-CT-INT-6-600x600.webp 600w, https:\/\/bitessiulai.lt\/wp-content\/uploads\/2025\/09\/SWIFT-CT-INT-6-96x96.webp 96w, https:\/\/bitessiulai.lt\/wp-content\/uploads\/2025\/09\/SWIFT-CT-INT-6.webp 700w\" sizes=\"(max-width: 300px) 100vw, 300px\" \/> <img loading=\"lazy\" decoding=\"async\" class=\"alignnone size-medium wp-image-16142\" src=\"http:\/\/bitessiulai.lt\/wp-content\/uploads\/2025\/09\/SWIFT-CT-INT-5-300x300.webp\" alt=\"\" width=\"300\" height=\"300\" srcset=\"https:\/\/bitessiulai.lt\/wp-content\/uploads\/2025\/09\/SWIFT-CT-INT-5-300x300.webp 300w, https:\/\/bitessiulai.lt\/wp-content\/uploads\/2025\/09\/SWIFT-CT-INT-5-150x150.webp 150w, https:\/\/bitessiulai.lt\/wp-content\/uploads\/2025\/09\/SWIFT-CT-INT-5-12x12.webp 12w, https:\/\/bitessiulai.lt\/wp-content\/uploads\/2025\/09\/SWIFT-CT-INT-5-600x600.webp 600w, https:\/\/bitessiulai.lt\/wp-content\/uploads\/2025\/09\/SWIFT-CT-INT-5-96x96.webp 96w, https:\/\/bitessiulai.lt\/wp-content\/uploads\/2025\/09\/SWIFT-CT-INT-5.webp 700w\" sizes=\"(max-width: 300px) 100vw, 300px\" \/> <img loading=\"lazy\" decoding=\"async\" class=\"alignnone size-medium wp-image-16143\" src=\"http:\/\/bitessiulai.lt\/wp-content\/uploads\/2025\/09\/SWIFT-CT-INT-4-300x300.webp\" alt=\"\" width=\"300\" height=\"300\" srcset=\"https:\/\/bitessiulai.lt\/wp-content\/uploads\/2025\/09\/SWIFT-CT-INT-4-300x300.webp 300w, https:\/\/bitessiulai.lt\/wp-content\/uploads\/2025\/09\/SWIFT-CT-INT-4-150x150.webp 150w, https:\/\/bitessiulai.lt\/wp-content\/uploads\/2025\/09\/SWIFT-CT-INT-4-12x12.webp 12w, https:\/\/bitessiulai.lt\/wp-content\/uploads\/2025\/09\/SWIFT-CT-INT-4-600x600.webp 600w, https:\/\/bitessiulai.lt\/wp-content\/uploads\/2025\/09\/SWIFT-CT-INT-4-96x96.webp 96w, https:\/\/bitessiulai.lt\/wp-content\/uploads\/2025\/09\/SWIFT-CT-INT-4.webp 700w\" sizes=\"(max-width: 300px) 100vw, 300px\" \/> <img loading=\"lazy\" decoding=\"async\" class=\"alignnone size-medium wp-image-16144\" src=\"http:\/\/bitessiulai.lt\/wp-content\/uploads\/2025\/09\/SWIFT-CT-INT-2-300x300.webp\" alt=\"\" width=\"300\" height=\"300\" srcset=\"https:\/\/bitessiulai.lt\/wp-content\/uploads\/2025\/09\/SWIFT-CT-INT-2-300x300.webp 300w, https:\/\/bitessiulai.lt\/wp-content\/uploads\/2025\/09\/SWIFT-CT-INT-2-150x150.webp 150w, https:\/\/bitessiulai.lt\/wp-content\/uploads\/2025\/09\/SWIFT-CT-INT-2-12x12.webp 12w, https:\/\/bitessiulai.lt\/wp-content\/uploads\/2025\/09\/SWIFT-CT-INT-2-600x600.webp 600w, https:\/\/bitessiulai.lt\/wp-content\/uploads\/2025\/09\/SWIFT-CT-INT-2-96x96.webp 96w, https:\/\/bitessiulai.lt\/wp-content\/uploads\/2025\/09\/SWIFT-CT-INT-2.webp 700w\" sizes=\"(max-width: 300px) 100vw, 300px\" \/><\/p>","protected":false},"excerpt":{"rendered":"<p>Gleener Swift audini\u0173 prie\u017ei\u016bros priemon\u0117 &#8211; u\u017etikrina, kad j\u016bs\u0173 drabu\u017eiai, baldai ir nam\u0173 aksesuarai tarnaut\u0173 ilgiau, atrodyt\u0173 geriau, kad gal\u0117tum\u0117te jais ilgiau d\u017eiaugtis. Jis apsaugo sintetinius, medvilninius ir vilnonius audinius nuo p\u016bkeli\u0173. Trintis, skalbimas ar d\u0117v\u0117jimas gali sukelti audinio pumpuravim\u0105. D\u0117l to visas pavir\u0161ius pasidengia p\u016bkeliais, tod\u0117l audinys staiga atrodo senas ir susid\u0117v\u0117j\u0119s. Su \u0161iuo audini\u0173 prie\u017ei\u016bros priemone p\u016bkeliai netrukus taps praeitimi. \u201eGleener Swift\u201c rankena pagaminta i\u0161 perdirbto plastiko ir yra patogi laikyti d\u0117l ergonomi\u0161ko dizaino. \u0160is \u012frankis tiekiamas su dviem skirtingais priedais, kuriuos galima u\u017ed\u0117ti viename gale: 1 kra\u0161tas: tinka sunkiems vilnos ir storiems sintetiniams audiniams 2 kra\u0161tas: tinka vidutinio kietumo audiniams, tokioms med\u017eiagoms kaip ka\u0161myras, merino vilna ir kitos smulkesn\u0117s vilnos r\u016b\u0161ys Priedus keisti labai paprasta. Kiekvien\u0105 pried\u0105 galima nuimti vienu mygtuko paspaudimu, o kit\u0105 tiesiog \u012fstatyti atgal. Nenaudojam\u0105 pried\u0105 galima patogiai laikyti rankenoje. Norint naudoti Gleener Swift audini\u0173 prie\u017ei\u016bros priemon\u0119 , nereikia elektros tinklo ar baterij\u0173, tod\u0117l jis labai draugi\u0161kas aplinkai. Kiekvienoje pakuot\u0117je yra Gleener Swift audini\u0173 prie\u017ei\u016bros priemon\u0117 ir 2 priedai.<\/p>","protected":false},"featured_media":16137,"comment_status":"open","ping_status":"closed","template":"","meta":[],"product_brand":[],"product_cat":[192,203,3718],"product_tag":[],"giftcard-category":[],"class_list":{"0":"post-16136","1":"product","2":"type-product","3":"status-publish","4":"has-post-thumbnail","6":"product_cat-priedai-mezgimui","7":"product_cat-mezginiu-prieziura","8":"product_cat-naujienos","10":"first","11":"instock","12":"taxable","13":"shipping-taxable","14":"purchasable","15":"product-type-simple"},"_links":{"self":[{"href":"https:\/\/bitessiulai.lt\/et\/wp-json\/wp\/v2\/product\/16136","targetHints":{"allow":["GET"]}}],"collection":[{"href":"https:\/\/bitessiulai.lt\/et\/wp-json\/wp\/v2\/product"}],"about":[{"href":"https:\/\/bitessiulai.lt\/et\/wp-json\/wp\/v2\/types\/product"}],"replies":[{"embeddable":true,"href":"https:\/\/bitessiulai.lt\/et\/wp-json\/wp\/v2\/comments?post=16136"}],"version-history":[{"count":1,"href":"https:\/\/bitessiulai.lt\/et\/wp-json\/wp\/v2\/product\/16136\/revisions"}],"predecessor-version":[{"id":21000,"href":"https:\/\/bitessiulai.lt\/et\/wp-json\/wp\/v2\/product\/16136\/revisions\/21000"}],"wp:featuredmedia":[{"embeddable":true,"href":"https:\/\/bitessiulai.lt\/et\/wp-json\/wp\/v2\/media\/16137"}],"wp:attachment":[{"href":"https:\/\/bitessiulai.lt\/et\/wp-json\/wp\/v2\/media?parent=16136"}],"wp:term":[{"taxonomy":"product_brand","embeddable":true,"href":"https:\/\/bitessiulai.lt\/et\/wp-json\/wp\/v2\/product_brand?post=16136"},{"taxonomy":"product_cat","embeddable":true,"href":"https:\/\/bitessiulai.lt\/et\/wp-json\/wp\/v2\/product_cat?post=16136"},{"taxonomy":"product_tag","embeddable":true,"href":"https:\/\/bitessiulai.lt\/et\/wp-json\/wp\/v2\/product_tag?post=16136"},{"taxonomy":"giftcard-category","embeddable":true,"href":"https:\/\/bitessiulai.lt\/et\/wp-json\/wp\/v2\/giftcard-category?post=16136"}],"curies":[{"name":"wp","href":"https:\/\/api.w.org\/{rel}","templated":true}]}}