{"id":14570,"date":"2025-07-31T13:28:59","date_gmt":"2025-07-31T10:28:59","guid":{"rendered":"https:\/\/bitessiulai.lt\/?post_type=product&#038;p=14570"},"modified":"2026-04-10T13:44:39","modified_gmt":"2026-04-10T10:44:39","slug":"midara-silk-mohair","status":"publish","type":"product","link":"https:\/\/bitessiulai.lt\/et\/toode\/midara-silk-mohair\/","title":{"rendered":"Midara siidist moh\u00e4\u00e4r"},"content":{"rendered":"<p>Midara Silk Mohair on v\u00e4ga populaarne \u00f5huke ja kohev l\u00f5ng, mis sobib mitmesugusteks projektideks ja lisab veidi v\u00f5lu. V\u00e4ga pehme, seda saab kududa \u00fcksi ja see sobib kombineerimiseks teiste l\u00f5ngadega. Sellel on lai v\u00e4rvivalik.<\/p>\n<p>&nbsp;<\/p>\n<p>*Ekraanil kuvatavad v\u00e4rvid v\u00f5ivad tegelikust niidiv\u00e4rvist veidi erineda.<\/p>","protected":false},"excerpt":{"rendered":"<p>Koostis: 72% kid moh\u00e4\u00e4r, 28% mooruspuu siid<\/p>\n<p>Kaal\/pikkus: 25 g = ligikaudu 210 m.<\/p>\n<p>Soovitatav varda suurus: 1,5\u20134 mm.<\/p>","protected":false},"featured_media":14571,"comment_status":"open","ping_status":"closed","template":"","meta":[],"product_brand":[],"product_cat":[173,177,3096,362,3342,1283,174,175],"product_tag":[],"giftcard-category":[],"class_list":{"0":"post-14570","1":"product","2":"type-product","3":"status-publish","4":"has-post-thumbnail","6":"product_cat-siulai","7":"product_cat-mezgimo-siulai","8":"product_cat-midara","9":"product_cat-mohera","10":"product_cat-silk-mohair","11":"product_cat-silkas","12":"product_cat-siulu-gamintojai","13":"product_cat-siulu-pluostai","15":"first","16":"instock","17":"taxable","18":"shipping-taxable","19":"purchasable","20":"product-type-variable"},"_links":{"self":[{"href":"https:\/\/bitessiulai.lt\/et\/wp-json\/wp\/v2\/product\/14570","targetHints":{"allow":["GET"]}}],"collection":[{"href":"https:\/\/bitessiulai.lt\/et\/wp-json\/wp\/v2\/product"}],"about":[{"href":"https:\/\/bitessiulai.lt\/et\/wp-json\/wp\/v2\/types\/product"}],"replies":[{"embeddable":true,"href":"https:\/\/bitessiulai.lt\/et\/wp-json\/wp\/v2\/comments?post=14570"}],"version-history":[{"count":0,"href":"https:\/\/bitessiulai.lt\/et\/wp-json\/wp\/v2\/product\/14570\/revisions"}],"wp:featuredmedia":[{"embeddable":true,"href":"https:\/\/bitessiulai.lt\/et\/wp-json\/wp\/v2\/media\/14571"}],"wp:attachment":[{"href":"https:\/\/bitessiulai.lt\/et\/wp-json\/wp\/v2\/media?parent=14570"}],"wp:term":[{"taxonomy":"product_brand","embeddable":true,"href":"https:\/\/bitessiulai.lt\/et\/wp-json\/wp\/v2\/product_brand?post=14570"},{"taxonomy":"product_cat","embeddable":true,"href":"https:\/\/bitessiulai.lt\/et\/wp-json\/wp\/v2\/product_cat?post=14570"},{"taxonomy":"product_tag","embeddable":true,"href":"https:\/\/bitessiulai.lt\/et\/wp-json\/wp\/v2\/product_tag?post=14570"},{"taxonomy":"giftcard-category","embeddable":true,"href":"https:\/\/bitessiulai.lt\/et\/wp-json\/wp\/v2\/giftcard-category?post=14570"}],"curies":[{"name":"wp","href":"https:\/\/api.w.org\/{rel}","templated":true}]}}